{"id":28678,"date":"2025-09-09T09:15:02","date_gmt":"2025-09-09T09:15:02","guid":{"rendered":"https:\/\/orotech.lt\/sildanti-antklode-glovii-gb2g\/"},"modified":"2025-09-10T06:45:49","modified_gmt":"2025-09-10T06:45:49","slug":"sildanti-antklode-glovii-gb2g","status":"publish","type":"product","link":"https:\/\/orotech.lt\/en\/sildanti-antklode-glovii-gb2g\/","title":{"rendered":"\u0160ildanti antklod\u0117 Glovii GB2G"},"content":{"rendered":"<p style=\"text-align: justify;\">Kas gali b\u016bti geriau u\u017e jauki\u0105 \u0161ilum\u0105 nakties metu? Nuo \u0161iol J\u016bs\u0173 \u0161ilum\u0105 ir jaukum\u0105 miego metu palaikys \u0161ildanti antklod\u0117 Glovii GB2G!&nbsp;<\/p>\n<p style=\"text-align: justify;\"><strong>Efektyvi ir maloni \u0161iluma miego metu<\/strong><\/p>\n<p style=\"text-align: justify;\">\u0160ildanti antklod\u0117 Glovii GB2G&nbsp;turi tris skirtingus \u0161ildymo lygius&nbsp;(LO, MED, HI) ir speciali\u0105 ki\u0161en\u0117l\u0119 maitinimo blokeliui laikyti. Mink\u0161to ir \u0161velnaus audinio anklod\u0117 Glovii GB2G turi 9W&nbsp;anglies pluo\u0161to \u0161ildymo element\u0105, kurio skleid\u017eiamos infraraudon\u0173j\u0173 spinduli\u0173 bangos u\u017etikrins maloni\u0105 \u0161ilum\u0105, patikim\u0105 naudojim\u0105 ir ilgaam\u017ei\u0161kum\u0105. \u0160iluma gal\u0117site m\u0117gautis net iki ~4h!<\/p>\n<p style=\"text-align: justify;\">Tai gali b\u016bti puiki Kal\u0117d\u0173 ar kitos progos dovanos id\u0117ja, su\u0161ildanti kiekvien\u0105!<\/p>\n<p style=\"text-align: justify;\"><span style=\"color:#f00;\"><em><strong>D\u0117mesio:&nbsp;i\u0161orin\u0117 baterija (powerbank) su 2A USB \u012f komplektacij\u0105 ne\u012feina!<\/strong><\/em><\/span><\/p>\n<p style=\"text-align: justify;\"><strong>Technical characteristics:<\/strong><\/p>\n<ul>\n<li>\n\t\tBaterija: i\u0161orin\u0117 baterija (powerbank) su 2A USB (\u012f komplektacij\u0105 ne\u012feina);<\/li>\n<li>\n\t\tKaitinimo elementas: 9W &#8211; anglies pluo\u0161tas;<\/li>\n<li>\n\t\tVeikimo&nbsp;re\u017eimai: 33% (LO\/34&deg;C\/93&deg;F), 66% (MED\/39&deg;C\/102&deg;F), 100% (HI\/44&deg;C\/111&deg;F);<\/li>\n<li>\n\t\tVeikimo laikas: su 10000mAh maitinimo blokeliu&nbsp;&#8211; 4h;<\/li>\n<li>\n\t\tAudinys: 100% poliesteris;<\/li>\n<li>\n\t\tDyd\u017eiai: 140x80cm;<\/li>\n<li>\n\t\tSpalva: pilka;<\/li>\n<li>\n\t\tSvoris be baterijos: 1150g.<\/li>\n<\/ul>\n<p style=\"text-align: center;\"><img decoding=\"async\" alt=\"\" src=\"\/images\/Userfiles\/www.rubisolis.lt_sildanti_anklod_glovii_gb2g_6.jpg\" style=\"width: 600px; height: 150px;\" title=\"\"><\/p>\n<p><strong>\u012e komplekt\u0105 \u012feina:<\/strong><\/p>\n<ul>\n<li>\n\t\t\u0160ildanti anklod\u0117 Glovii GB2G.<\/li>\n<\/ul>\n<p style=\"text-align: justify;\"><a class=\"catalogue\" href=\"\/en\/images\/Userfiles\/www.rubisolis.lt_sildanti_anklod_glovii_gb2g.pdf\/\" target=\"blank\">Download product manual <\/a><\/p>","protected":false},"excerpt":{"rendered":"<p>Kas gali b\u016bti geriau u\u017e jauki\u0105 \u0161ilum\u0105 nakties metu? Nuo \u0161iol J\u016bs\u0173 \u0161ilum\u0105 ir jaukum\u0105 miego metu palaikys \u0161ildanti antklod\u0117<\/p>","protected":false},"featured_media":28680,"comment_status":"closed","ping_status":"open","template":"","meta":[],"product_brand":[],"product_cat":[23],"product_tag":[535],"class_list":{"0":"post-28678","1":"product","2":"type-product","3":"status-publish","4":"has-post-thumbnail","6":"product_cat-be-kategorijos","7":"product_tag-naujiena","9":"first","10":"onbackorder","11":"taxable","12":"shipping-taxable","13":"product-type-variable"},"_links":{"self":[{"href":"https:\/\/orotech.lt\/en\/wp-json\/wp\/v2\/product\/28678","targetHints":{"allow":["GET"]}}],"collection":[{"href":"https:\/\/orotech.lt\/en\/wp-json\/wp\/v2\/product"}],"about":[{"href":"https:\/\/orotech.lt\/en\/wp-json\/wp\/v2\/types\/product"}],"replies":[{"embeddable":true,"href":"https:\/\/orotech.lt\/en\/wp-json\/wp\/v2\/comments?post=28678"}],"version-history":[{"count":1,"href":"https:\/\/orotech.lt\/en\/wp-json\/wp\/v2\/product\/28678\/revisions"}],"predecessor-version":[{"id":28679,"href":"https:\/\/orotech.lt\/en\/wp-json\/wp\/v2\/product\/28678\/revisions\/28679"}],"wp:featuredmedia":[{"embeddable":true,"href":"https:\/\/orotech.lt\/en\/wp-json\/wp\/v2\/media\/28680"}],"wp:attachment":[{"href":"https:\/\/orotech.lt\/en\/wp-json\/wp\/v2\/media?parent=28678"}],"wp:term":[{"taxonomy":"product_brand","embeddable":true,"href":"https:\/\/orotech.lt\/en\/wp-json\/wp\/v2\/product_brand?post=28678"},{"taxonomy":"product_cat","embeddable":true,"href":"https:\/\/orotech.lt\/en\/wp-json\/wp\/v2\/product_cat?post=28678"},{"taxonomy":"product_tag","embeddable":true,"href":"https:\/\/orotech.lt\/en\/wp-json\/wp\/v2\/product_tag?post=28678"}],"curies":[{"name":"wp","href":"https:\/\/api.w.org\/{rel}","templated":true}]}}