{"id":28692,"date":"2025-09-09T09:15:02","date_gmt":"2025-09-09T09:15:02","guid":{"rendered":"https:\/\/orotech.lt\/sildantis-gultas-gyvunams-glovii-gpeth-mazas\/"},"modified":"2025-09-10T06:45:53","modified_gmt":"2025-09-10T06:45:53","slug":"sildantis-gultas-gyvunams-glovii-gpeth-mazas","status":"publish","type":"product","link":"https:\/\/orotech.lt\/en\/sildantis-gultas-gyvunams-glovii-gpeth-mazas\/","title":{"rendered":"\u0160ildantis gultas gyv\u016bnams Glovii GPETH, ma\u017eas"},"content":{"rendered":"<p style=\"text-align: justify;\">Nuo \u0161iol apie J\u016bs\u0173 augintini\u0173 \u0161ilum\u0105 taip pat pagalvota! Kas gali b\u016bti geriau J\u016bs\u0173 augintiniui u\u017e tai, kuomet \u0161alt\u0105 rudens ar \u017eiemos dien\u0105 patogiai \u012fsitaisys \u0161ildomam gulte?&nbsp;Glovii \u0161ildomi gaminiai &ndash; tai unikalus sprendimas, leid\u017eiantis j\u016bs\u0173 augintiniui i\u0161laikyti \u0161ilumin\u012f komfort\u0105 net \u0161al\u010diausiomis met\u0173 dienomis. Pilkos spalvos Glovii&nbsp;GPETH&nbsp;\u0161ildoma augintinio lova sukurta kaip saugi ir patvari &ndash;&nbsp;su dvigubais temperat\u016bros jutikliais ir saugiu maitinimo laidu. Taip pat, lengvai gal\u0117site i\u0161laikyti \u0161var\u0105, nes kaitinimo pagalv\u0117l\u0119 galima nuimti ir skalbti skalbimo ma\u0161inoje. Anglies pluo\u0161to \u0161ildymo elemento skleid\u017eiamos infraraudon\u0173j\u0173 spinduli\u0173 bangos u\u017etikrins maloni\u0105 \u0161ilum\u0105, patikim\u0105 naudojim\u0105 ir ilgaam\u017ei\u0161kum\u0105.&nbsp;<\/p>\n<p style=\"text-align: justify;\"><strong>Technical characteristics:<\/strong><\/p>\n<ul>\n<li>\n\t\tMaitinimas: 220V-240V \/ 50-60Hz;<\/li>\n<li>\n\t\tMaitinimo laido ilgis: 170 cm;<\/li>\n<li>\n\t\t\u0160ildymo galia: 20W;<\/li>\n<li>\n\t\t\u0160ildymo temperat\u016bra: 35&deg;C-39&deg;C;<\/li>\n<li>\n\t\tApsauga: du temperat\u016bros jutikliai;&nbsp;<\/li>\n<li>\n\t\tDydis: 60x50cm;<\/li>\n<li>\n\t\tGulimos dalies dydis:&nbsp;40x30cm;<\/li>\n<li>\n\t\tSpalva: pilka.<\/li>\n<\/ul>\n<p><strong>\u012e komplekt\u0105 \u012feina:<\/strong><\/p>\n<ul>\n<li>\n\t\t\u0160ildantis gultas gyv\u016bnams Glovii GPETH, ma\u017eas.<\/li>\n<\/ul>\n<p style=\"text-align: justify;\"><a class=\"catalogue\" href=\"\/en\/images\/Userfiles\/www.rubisolis.lt_Sildantis_gultas_gyvnams_Glovii_GPETB_didelis.pdf\/\" target=\"blank\">Download product manual <\/a><\/p>","protected":false},"excerpt":{"rendered":"<p>Nuo \u0161iol apie J\u016bs\u0173 augintini\u0173 \u0161ilum\u0105 taip pat pagalvota! Kas gali b\u016bti geriau J\u016bs\u0173 augintiniui u\u017e tai, kuomet \u0161alt\u0105 rudens<\/p>","protected":false},"featured_media":28694,"comment_status":"closed","ping_status":"open","template":"","meta":[],"product_brand":[],"product_cat":[23],"product_tag":[535],"class_list":{"0":"post-28692","1":"product","2":"type-product","3":"status-publish","4":"has-post-thumbnail","6":"product_cat-be-kategorijos","7":"product_tag-naujiena","9":"first","10":"onbackorder","11":"taxable","12":"shipping-taxable","13":"product-type-variable"},"_links":{"self":[{"href":"https:\/\/orotech.lt\/en\/wp-json\/wp\/v2\/product\/28692","targetHints":{"allow":["GET"]}}],"collection":[{"href":"https:\/\/orotech.lt\/en\/wp-json\/wp\/v2\/product"}],"about":[{"href":"https:\/\/orotech.lt\/en\/wp-json\/wp\/v2\/types\/product"}],"replies":[{"embeddable":true,"href":"https:\/\/orotech.lt\/en\/wp-json\/wp\/v2\/comments?post=28692"}],"version-history":[{"count":1,"href":"https:\/\/orotech.lt\/en\/wp-json\/wp\/v2\/product\/28692\/revisions"}],"predecessor-version":[{"id":28693,"href":"https:\/\/orotech.lt\/en\/wp-json\/wp\/v2\/product\/28692\/revisions\/28693"}],"wp:featuredmedia":[{"embeddable":true,"href":"https:\/\/orotech.lt\/en\/wp-json\/wp\/v2\/media\/28694"}],"wp:attachment":[{"href":"https:\/\/orotech.lt\/en\/wp-json\/wp\/v2\/media?parent=28692"}],"wp:term":[{"taxonomy":"product_brand","embeddable":true,"href":"https:\/\/orotech.lt\/en\/wp-json\/wp\/v2\/product_brand?post=28692"},{"taxonomy":"product_cat","embeddable":true,"href":"https:\/\/orotech.lt\/en\/wp-json\/wp\/v2\/product_cat?post=28692"},{"taxonomy":"product_tag","embeddable":true,"href":"https:\/\/orotech.lt\/en\/wp-json\/wp\/v2\/product_tag?post=28692"}],"curies":[{"name":"wp","href":"https:\/\/api.w.org\/{rel}","templated":true}]}}