{"id":28698,"date":"2025-09-09T09:15:02","date_gmt":"2025-09-09T09:15:02","guid":{"rendered":"https:\/\/orotech.lt\/laikikliai-pirstinems-glovii-gshn-2-vnt\/"},"modified":"2025-09-10T06:45:54","modified_gmt":"2025-09-10T06:45:54","slug":"laikikliai-pirstinems-glovii-gshn-2-vnt","status":"publish","type":"product","link":"https:\/\/orotech.lt\/en\/laikikliai-pirstinems-glovii-gshn-2-vnt\/","title":{"rendered":"Laikikliai pir\u0161tin\u0117ms Glovii GSHN, 2 vnt."},"content":{"rendered":"<p style=\"text-align: justify;\"><img decoding=\"async\" alt=\"\" src=\"\/images\/Userfiles\/Glovii_baner.jpg\" style=\"width: 1000px; height: 324px;\" title=\"\"><\/p>\n<p style=\"text-align: justify;\">Patenkinkite savo rank\u0173 \u0161ilumos poreikius su pir\u0161tini\u0173 laikikliais Glovii GSHN (2 vnt.). \u0160ie auk\u0161tos kokyb\u0117s elastingi pir\u0161tini\u0173 laikikliai Glovii GSHN yra puikus pasirinkimas tiems, kurie \u0161altuoju met\u0173 laiku vienu metu ie\u0161ko ir patogumo, ir prakti\u0161kumo: d\u0117ka elastingos juodos spalvos apyrank\u0117s ir saugaus tvirtinimo dir\u017eelio gal\u0117site greitai ir patogiai nusiimti pir\u0161tines, taip j\u0173 nepametant. Tai ypa\u010d pravers \u017eiemos sporto gerb\u0117jams, \u017evejams ar tiesiog ramaus pasivaik\u0161\u010diojimo metu gamtoje.<\/p>\n<p style=\"text-align: justify;\">D\u0117l elastingos apyrank\u0117s, \u0161ie pir\u0161tini\u0173 laikikliai tiks tiek vyri\u0161koms, tiek moteri\u0161koms pir\u0161tin\u0117ms, tod\u0117l gal\u0117site d\u017eiaugtis \u0161iluma ir komfortu d\u0117vint bet kokio dyd\u017eio pir\u0161tines.<\/p>\n<p style=\"text-align: justify;\"><strong>Advantages:<\/strong><\/p>\n<ul>\n<li>\n\t\tUniversalaus dyd\u017eio apyrank\u0117 su laikikliu leid\u017eia laikyti Glovii gamintojo pir\u0161tines visada \u0161alia;<\/li>\n<li>\n\t\tElastin\u0117 apyrank\u0117 tinka visoms rankoms, taip pat gali b\u016bti derinama su \u017eiemine striuke;<\/li>\n<li>\n\t\tRinkin\u012f sudaro 2 vnt. pir\u0161tini\u0173 laikikliai (pora);<\/li>\n<li>\n\t\tPir\u0161tini\u0173 laikikliai tinka visoms Glovii gamintojo pir\u0161tin\u0117ms.&nbsp;<\/li>\n<\/ul>\n<p><strong>Technical characteristics:<\/strong><\/p>\n<ul>\n<li>\n\t\tDydis: universalus;<\/li>\n<li>\n\t\tSpalva: juoda, raudona, balta;<\/li>\n<li>\n\t\tPaskirtis: Glovii pir\u0161tin\u0117ms.&nbsp;<\/li>\n<\/ul>","protected":false},"excerpt":{"rendered":"<p>Patenkinkite savo rank\u0173 \u0161ilumos poreikius su pir\u0161tini\u0173 laikikliais Glovii GSHN (2 vnt.). \u0160ie auk\u0161tos kokyb\u0117s elastingi pir\u0161tini\u0173 laikikliai Glovii GSHN<\/p>","protected":false},"featured_media":28700,"comment_status":"closed","ping_status":"open","template":"","meta":[],"product_brand":[],"product_cat":[23],"product_tag":[535],"class_list":{"0":"post-28698","1":"product","2":"type-product","3":"status-publish","4":"has-post-thumbnail","6":"product_cat-be-kategorijos","7":"product_tag-naujiena","9":"first","10":"onbackorder","11":"taxable","12":"shipping-taxable","13":"product-type-variable"},"_links":{"self":[{"href":"https:\/\/orotech.lt\/en\/wp-json\/wp\/v2\/product\/28698","targetHints":{"allow":["GET"]}}],"collection":[{"href":"https:\/\/orotech.lt\/en\/wp-json\/wp\/v2\/product"}],"about":[{"href":"https:\/\/orotech.lt\/en\/wp-json\/wp\/v2\/types\/product"}],"replies":[{"embeddable":true,"href":"https:\/\/orotech.lt\/en\/wp-json\/wp\/v2\/comments?post=28698"}],"version-history":[{"count":1,"href":"https:\/\/orotech.lt\/en\/wp-json\/wp\/v2\/product\/28698\/revisions"}],"predecessor-version":[{"id":28699,"href":"https:\/\/orotech.lt\/en\/wp-json\/wp\/v2\/product\/28698\/revisions\/28699"}],"wp:featuredmedia":[{"embeddable":true,"href":"https:\/\/orotech.lt\/en\/wp-json\/wp\/v2\/media\/28700"}],"wp:attachment":[{"href":"https:\/\/orotech.lt\/en\/wp-json\/wp\/v2\/media?parent=28698"}],"wp:term":[{"taxonomy":"product_brand","embeddable":true,"href":"https:\/\/orotech.lt\/en\/wp-json\/wp\/v2\/product_brand?post=28698"},{"taxonomy":"product_cat","embeddable":true,"href":"https:\/\/orotech.lt\/en\/wp-json\/wp\/v2\/product_cat?post=28698"},{"taxonomy":"product_tag","embeddable":true,"href":"https:\/\/orotech.lt\/en\/wp-json\/wp\/v2\/product_tag?post=28698"}],"curies":[{"name":"wp","href":"https:\/\/api.w.org\/{rel}","templated":true}]}}