{"id":28704,"date":"2025-09-09T09:15:02","date_gmt":"2025-09-09T09:15:02","guid":{"rendered":"https:\/\/orotech.lt\/vandeniui-atspari-banglenciu-sporto-sildoma-liemene-glovii-gmv1\/"},"modified":"2025-09-10T06:45:55","modified_gmt":"2025-09-10T06:45:55","slug":"vandeniui-atspari-banglenciu-sporto-sildoma-liemene-glovii-gmv1","status":"publish","type":"product","link":"https:\/\/orotech.lt\/en\/vandeniui-atspari-banglenciu-sporto-sildoma-liemene-glovii-gmv1\/","title":{"rendered":"Vandeniui atspari banglen\u010di\u0173 sporto \u0161ildoma liemen\u0117 Glovii GMV1"},"content":{"rendered":"<p style=\"text-align: justify;\">Atraskite naujausi\u0105 Glovii inovacij\u0105 &ndash; vandeniui atspari banglen\u010di\u0173 sporto <strong>\u0161ildoma liemen\u0117<\/strong> GMV1, skirta ne tik banglen\u010di\u0173 sportui, bet ir nardymui, paie\u0161kos ir gelb\u0117jimo operacijoms, kariniam naudojimui ir dar daugiau. \u0160i liemen\u0117 sukurta tam, kad j\u016bs\u0173 vandens nuotykiai b\u016bt\u0173 dar malonesni, derindama pa\u017eangi\u0105 \u0161ildymo technologij\u0105 su auk\u0161\u010diausios kokyb\u0117s vandeniui atsparumu, u\u017etikrindama neprilygstam\u0105 komfort\u0105 vandenyje. Ji buvo testuota kartu su profesionaliais sportininkais, kad u\u017etikrint\u0173 nepriekai\u0161ting\u0105 na\u0161um\u0105 kiekvienos vandens veiklos metu.<\/p>\n<p style=\"text-align: justify;\">Nesvarbu, ar plaukiate bangomis, ar tyrin\u0117jate j\u016br\u0173 gilumas, Glovii<strong> \u0161ildoma liemen\u0117<\/strong>&nbsp;suteikia individualiai reguliuojam\u0105 \u0161ilum\u0105, kad gal\u0117tum\u0117te jaustis patogiai bet kokiomis s\u0105lygomis. \u0160i liemen\u0117 pasi\u017eymi ilgaam\u017ei\u0161kumu ir funkcionalumu, eleganti\u0161ku ir ergonomi\u0161ku pritaikymu, leid\u017eian\u010diu nevar\u017eomai jud\u0117ti. Pamir\u0161kite \u0161al\u010dio diskomfort\u0105 ir prailginkite vandens sporto seansus su vandeniui atsparia banglen\u010di\u0173 sporto \u0161ildoma liemen\u0117 Glovii GMV1.<\/p>\n<p style=\"text-align: justify;\">Pasiruo\u0161kite naujam nuotyki\u0173 lygmeniui su Glovii GMV1 \u0161ildoma vandeniui atsparia liemene &ndash; idealus pasirinkimas visiems, kurie nenori apriboti savo vandens veikl\u0173 d\u0117l \u0161al\u010dio!&nbsp;&nbsp;<\/p>\n<p style=\"text-align: justify;\"><strong>Advantages:<\/strong><\/p>\n<ul>\n<li style=\"text-align: justify;\">\n\t\tOptimalus jud\u0117jimas: specialus \u0161ildymo elementas priekyje ir gale, kartu su \u0161oniniu baterijos skyriumi, leid\u017eia nevar\u017eomai jud\u0117ti, u\u017etikrinant \u0161ilum\u0105 ir komfort\u0105, kai naviguojate bangomis ar nardote;<\/li>\n<li style=\"text-align: justify;\">\n\t\tPa\u017eangi \u0161ildymo technologija: naudojama i\u0161skirtin\u0117 anglies nanofibros \u0161ildymo technologija, kuri pagerina ilgaam\u017ei\u0161kum\u0105, \u0161ildymo efektyvum\u0105 ir suteikia ne\u012ftik\u0117tinus 32 vat\u0173 \u0161ildymo rezultatus;<\/li>\n<li style=\"text-align: justify;\">\n\t\tLengva naudojimo sistema: plug &amp; play dizainas leid\u017eia lengvai prijungti baterij\u0105 ir naudoti papildom\u0105 baterij\u0105, kad prailgintum\u0117te veikimo laik\u0105;<\/li>\n<li style=\"text-align: justify;\">\n\t\tUniversalus naudojimas: tinka sportui, kurio metu tiesiogiai kontaktuojama su vandeniu, \u012fskaitant banglen\u010di\u0173 sport\u0105, irklavim\u0105, buriavim\u0105, vandens motociklus, parasparnius, \u017evejyb\u0105 ir daug daugiau;<\/li>\n<li style=\"text-align: justify;\">\n\t\tPatogus valdymas: \u0161ildymas kontroliuojamas tiesiogiai i\u0161 baterijos mygtuko.<\/li>\n<\/ul>\n<p style=\"text-align: justify;\"><strong>Technical characteristics:<\/strong><\/p>\n<ul>\n<li style=\"text-align: justify;\">\n\t\tBaterija: 5000mAh, 11.1V;<\/li>\n<li style=\"text-align: justify;\">\n\t\tKaitinimo elementas: 32W &#8211; anglies pluo\u0161tas;<\/li>\n<li style=\"text-align: justify;\">\n\t\t\u0160ildomos vietos: priekis ir nugara;<\/li>\n<li style=\"text-align: justify;\">\n\t\tColor: black;<\/li>\n<li style=\"text-align: justify;\">\n\t\tDydis: M, L;<\/li>\n<li style=\"text-align: justify;\">\n\t\tVeikimo laikas: 115min;<\/li>\n<li style=\"text-align: justify;\">\n\t\tDarbinis gylis: 100m;<\/li>\n<li style=\"text-align: justify;\">\n\t\tMed\u017eiaga: neoprenas su p\u016bkeliu.<\/li>\n<\/ul>\n<p style=\"text-align: justify;\"><strong>The package includes:<\/strong><\/p>\n<ul>\n<li style=\"text-align: justify;\">\n\t\tVandeniui atspari banglen\u010di\u0173 sporto \u0161ildoma liemen\u0117 Glovii GMV1;<\/li>\n<li style=\"text-align: justify;\">\n\t\tPapildomas dir\u017eas liemen\u0117s dyd\u017eiui reguliuoti;<\/li>\n<li style=\"text-align: justify;\">\n\t\tBaterija;<\/li>\n<li style=\"text-align: justify;\">\n\t\tAkumuliatoriaus \u012fkroviklis;<\/li>\n<li style=\"text-align: justify;\">\n\t\tD\u0117klas.<\/li>\n<\/ul>\n<p style=\"text-align: justify;\"><a class=\"catalogue\" href=\"\/en\/images\/Userfiles\/Vandeniui_atspari_banglenci_sporto_sildoma_liemen_Glovii_GMV1.pdf\/\" target=\"blank\">Download product manual<\/a><\/p>","protected":false},"excerpt":{"rendered":"<p>Atraskite naujausi\u0105 Glovii inovacij\u0105 &ndash; vandeniui atspari banglen\u010di\u0173 sporto \u0161ildoma liemen\u0117 GMV1, skirta ne tik banglen\u010di\u0173 sportui, bet ir nardymui,<\/p>","protected":false},"featured_media":28706,"comment_status":"closed","ping_status":"open","template":"","meta":[],"product_brand":[],"product_cat":[23],"product_tag":[535],"class_list":{"0":"post-28704","1":"product","2":"type-product","3":"status-publish","4":"has-post-thumbnail","6":"product_cat-be-kategorijos","7":"product_tag-naujiena","9":"first","10":"onbackorder","11":"taxable","12":"shipping-taxable","13":"product-type-variable"},"_links":{"self":[{"href":"https:\/\/orotech.lt\/en\/wp-json\/wp\/v2\/product\/28704","targetHints":{"allow":["GET"]}}],"collection":[{"href":"https:\/\/orotech.lt\/en\/wp-json\/wp\/v2\/product"}],"about":[{"href":"https:\/\/orotech.lt\/en\/wp-json\/wp\/v2\/types\/product"}],"replies":[{"embeddable":true,"href":"https:\/\/orotech.lt\/en\/wp-json\/wp\/v2\/comments?post=28704"}],"version-history":[{"count":1,"href":"https:\/\/orotech.lt\/en\/wp-json\/wp\/v2\/product\/28704\/revisions"}],"predecessor-version":[{"id":28705,"href":"https:\/\/orotech.lt\/en\/wp-json\/wp\/v2\/product\/28704\/revisions\/28705"}],"wp:featuredmedia":[{"embeddable":true,"href":"https:\/\/orotech.lt\/en\/wp-json\/wp\/v2\/media\/28706"}],"wp:attachment":[{"href":"https:\/\/orotech.lt\/en\/wp-json\/wp\/v2\/media?parent=28704"}],"wp:term":[{"taxonomy":"product_brand","embeddable":true,"href":"https:\/\/orotech.lt\/en\/wp-json\/wp\/v2\/product_brand?post=28704"},{"taxonomy":"product_cat","embeddable":true,"href":"https:\/\/orotech.lt\/en\/wp-json\/wp\/v2\/product_cat?post=28704"},{"taxonomy":"product_tag","embeddable":true,"href":"https:\/\/orotech.lt\/en\/wp-json\/wp\/v2\/product_tag?post=28704"}],"curies":[{"name":"wp","href":"https:\/\/api.w.org\/{rel}","templated":true}]}}