{"id":28711,"date":"2025-09-09T09:20:03","date_gmt":"2025-09-09T09:20:03","guid":{"rendered":"https:\/\/orotech.lt\/halogeninis-infraraudonuju-spinduliu-sildytuvas-varma-wr2000-3\/"},"modified":"2025-09-10T06:45:56","modified_gmt":"2025-09-10T06:45:56","slug":"halogeninis-infraraudonuju-spinduliu-sildytuvas-varma-wr2000-3","status":"publish","type":"product","link":"https:\/\/orotech.lt\/en\/halogeninis-infraraudonuju-spinduliu-sildytuvas-varma-wr2000-3\/","title":{"rendered":"Halogen infrared heater Varma WR2000"},"content":{"rendered":"<p>&lt;p style=&quot;text-align: justify;&quot;&gt;&amp;Scaron;iuolaiki&amp;scaron;ki lauko infraraudon\u0173j\u0173 spinduli\u0173 &amp;scaron;ildytuvai&amp;nbsp;WR2000\/20 skirti &lt;strong&gt;for open areas&lt;\/strong&gt; ap&amp;scaron;ildyti: lauko kavin\u0117ms, restoran\u0173 terasoms, vie&amp;scaron;bu\u010diams, sand\u0117liams ar dirbtuv\u0117ms ir pan.&lt;\/p&gt;<br \/>\n&lt;p style=&quot;text-align: center;&quot;&gt;&lt;iframe src=&quot;https:\/\/www.youtube.com\/embed\/eUj-9i3Zsv8&quot; frameborder=&quot;0&quot; width=&quot;560&quot; height=&quot;315&quot;&gt;&lt;\/iframe&gt;&lt;\/p&gt;<br \/>\n&lt;p style=&quot;text-align: justify;&quot;&gt;&lt;span&gt;&lt;span&gt;&lt;br \/&gt;&amp;Scaron;ie &amp;scaron;ildytuvai yra &lt;strong&gt;rainproof&lt;\/strong&gt;, tod\u0117l puikiai veiks net lietuvi&amp;scaron;komis oro s\u0105lygomis. Patentuotas ir i&amp;scaron;skirtinai didelis j\u0173 reflektorius garantuoja &lt;strong&gt;even&lt;\/strong&gt; and effective required area &lt;strong&gt;&amp;scaron;ildym\u0105&lt;\/strong&gt;Properly combined will ensure a sense of comfort for you and your guests.&lt;\/span&gt;&lt;\/span&gt;&lt;br \/&gt;&amp;nbsp;&lt;\/p&gt;<\/p>","protected":false},"excerpt":{"rendered":"<p>&lt;p style=&quot;text-align: justify;&quot;&gt;&amp;Scaron;iuolaiki&amp;scaron;ki lauko infraraudon\u0173j\u0173 spinduli\u0173 &amp;scaron;ildytuvai&amp;nbsp;WR2000\/20 skirti &lt;strong&gt;for open areas&lt;\/strong&gt; ap&amp;scaron;ildyti: lauko kavin\u0117ms, restoran\u0173 terasoms, vie&amp;scaron;bu\u010diams, sand\u0117liams ar dirbtuv\u0117ms ir<\/p>","protected":false},"featured_media":28713,"comment_status":"closed","ping_status":"open","template":"","meta":[],"product_brand":[],"product_cat":[23],"product_tag":[535],"class_list":{"0":"post-28711","1":"product","2":"type-product","3":"status-publish","4":"has-post-thumbnail","6":"product_cat-be-kategorijos","7":"product_tag-naujiena","9":"first","10":"onbackorder","11":"taxable","12":"shipping-taxable","13":"product-type-variable"},"_links":{"self":[{"href":"https:\/\/orotech.lt\/en\/wp-json\/wp\/v2\/product\/28711","targetHints":{"allow":["GET"]}}],"collection":[{"href":"https:\/\/orotech.lt\/en\/wp-json\/wp\/v2\/product"}],"about":[{"href":"https:\/\/orotech.lt\/en\/wp-json\/wp\/v2\/types\/product"}],"replies":[{"embeddable":true,"href":"https:\/\/orotech.lt\/en\/wp-json\/wp\/v2\/comments?post=28711"}],"version-history":[{"count":1,"href":"https:\/\/orotech.lt\/en\/wp-json\/wp\/v2\/product\/28711\/revisions"}],"predecessor-version":[{"id":28712,"href":"https:\/\/orotech.lt\/en\/wp-json\/wp\/v2\/product\/28711\/revisions\/28712"}],"wp:featuredmedia":[{"embeddable":true,"href":"https:\/\/orotech.lt\/en\/wp-json\/wp\/v2\/media\/28713"}],"wp:attachment":[{"href":"https:\/\/orotech.lt\/en\/wp-json\/wp\/v2\/media?parent=28711"}],"wp:term":[{"taxonomy":"product_brand","embeddable":true,"href":"https:\/\/orotech.lt\/en\/wp-json\/wp\/v2\/product_brand?post=28711"},{"taxonomy":"product_cat","embeddable":true,"href":"https:\/\/orotech.lt\/en\/wp-json\/wp\/v2\/product_cat?post=28711"},{"taxonomy":"product_tag","embeddable":true,"href":"https:\/\/orotech.lt\/en\/wp-json\/wp\/v2\/product_tag?post=28711"}],"curies":[{"name":"wp","href":"https:\/\/api.w.org\/{rel}","templated":true}]}}