{"id":28714,"date":"2025-09-09T09:20:03","date_gmt":"2025-09-09T09:20:03","guid":{"rendered":"https:\/\/orotech.lt\/vandeniui-atspari-sildoma-nardymo-liemene-glovii-gmv2\/"},"modified":"2025-09-10T06:45:56","modified_gmt":"2025-09-10T06:45:56","slug":"vandeniui-atspari-sildoma-nardymo-liemene-glovii-gmv2","status":"publish","type":"product","link":"https:\/\/orotech.lt\/en\/vandeniui-atspari-sildoma-nardymo-liemene-glovii-gmv2\/","title":{"rendered":"Vandeniui atspari \u0161ildoma nardymo liemen\u0117 Glovii GMV2"},"content":{"rendered":"<p style=\"text-align: justify;\"><strong>Vandeniui atspari \u0161ildoma nardymo liemen\u0117 Glovii GMV2 kartu su dviem baterijomis ir valdymo pultu<\/strong><\/p>\n<p style=\"text-align: justify;\">Atraskite naujausi\u0105 Glovii technologij\u0173 pasiekim\u0105 &ndash; vandeniui atspari\u0105 \u0161ildom\u0105 nardymo liemen\u0119 GMV2. Sukurta specialiai tiems, kurie nori m\u0117gautis nardymu, banglen\u010di\u0173 sportu, paie\u0161kos ir gelb\u0117jimo operacijomis bei kariuomen\u0117s veiklomis. \u0160i&nbsp;<strong>\u0161ildoma liemen\u0117&nbsp;<\/strong>sujungia pa\u017eangi\u0105 \u0161ildymo technologij\u0105 su auk\u0161\u010diausios kokyb\u0117s vandeniui atsparumu, u\u017etikrindama neprilygstam\u0105 komfort\u0105 vandenyje. Testuota kartu su profesionaliais sportininkais, ji garantuoja i\u0161skirtin\u012f na\u0161um\u0105 kiekvienoje vandens veikloje.<\/p>\n<p style=\"text-align: justify;\">Ar plaukiate bangomis, ar tyrin\u0117jate j\u016br\u0173 gelmes, Glovii&nbsp;<strong>\u0161ildomos liemen\u0117s<\/strong>&nbsp;suteikia individualiai reguliuojam\u0105 \u0161ilum\u0105, kad gal\u0117tum\u0117te jaustis patogiai bet kokiomis s\u0105lygomis.&nbsp;\u0160i liemen\u0117 pasi\u017eymi ilgaam\u017ei\u0161kumu ir funkcionalumu, eleganti\u0161ku ir ergonomi\u0161ku pritaikymu, leid\u017eian\u010diu nevar\u017eomai jud\u0117ti. Pamir\u0161kite \u0161al\u010dio diskomfort\u0105 ir prailginkite vandens sporto seansus su vandeniui atsparia \u0161ildoma nardymo liemene Glovii GMV2.&nbsp;<\/p>\n<p style=\"text-align: justify;\"><strong>Advantages:<\/strong><\/p>\n<ul>\n<li style=\"text-align: justify;\">\n\t\tOptimalus jud\u0117jimas: specialus \u0161ildymo elementas priekyje ir gale, kartu su \u0161oniniu baterijos skyriumi, leid\u017eia nevar\u017eomai jud\u0117ti, u\u017etikrinant \u0161ilum\u0105 ir komfort\u0105, kai naviguojate bangomis ar nardote;<\/li>\n<li style=\"text-align: justify;\">\n\t\tPa\u017eangi \u0161ildymo technologija: naudojama i\u0161skirtin\u0117 anglies nanofibros \u0161ildymo technologija, kuri pagerina ilgaam\u017ei\u0161kum\u0105, \u0161ildymo efektyvum\u0105 ir suteikia ne\u012ftik\u0117tinus 32 vat\u0173 \u0161ildymo rezultatus;<\/li>\n<li style=\"text-align: justify;\">\n\t\tLengva naudojimo sistema: plug &amp; play dizainas su dviem baterijomis leid\u017eia prailginti veikimo laik\u0105 iki 360 minu\u010di\u0173, suteikiant patogum\u0105 ir ilgesn\u012f \u0161ildymo laik\u0105;<\/li>\n<li style=\"text-align: justify;\">\n\t\tKombinacija su drabu\u017eiais: puikiai tinka su wetsuit&#39;ais arba sausais kostiumais, su priekiniu ir galiniu \u0161ildymu bei dviem baterij\u0173 laikymo vietomis;<\/li>\n<li style=\"text-align: justify;\">\n\t\tPatogus valdymas: \u0161ildym\u0105 galima reguliuoti naudojant ant rie\u0161o tvirtinamu valdymu (apyrank\u0117), kuris suteikia tiek liemen\u0117s, tiek distancinio vibracijos atsak\u0105 prastai matomose s\u0105lygose.&nbsp;<\/li>\n<\/ul>\n<p style=\"text-align: justify;\">Ruo\u0161kit\u0117s naujiems nuotykiams su Glovii GMV2 &ndash; vandeniui atspari <strong>\u0161ildoma nardymo liemen\u0117<\/strong>, kuri suteiks jums \u0161ilum\u0105 ir komfort\u0105 bet kokiomis s\u0105lygomis!&nbsp;<\/p>\n<p style=\"text-align: justify;\"><strong>Technical characteristics:<\/strong><\/p>\n<ul>\n<li style=\"text-align: justify;\">\n\t\tBaterija: 2 vnt. 5000mAh, 11.1V;<\/li>\n<li style=\"text-align: justify;\">\n\t\tKaitinimo elementas: 32W &#8211; anglies pluo\u0161tas;<\/li>\n<li style=\"text-align: justify;\">\n\t\t\u0160ildomos vietos: priekis ir nugara;<\/li>\n<li style=\"text-align: justify;\">\n\t\t\u0160ildymo lygiai: 3;<\/li>\n<li style=\"text-align: justify;\">\n\t\tColor: black;<\/li>\n<li style=\"text-align: justify;\">\n\t\tDydis: M, L;<\/li>\n<li style=\"text-align: justify;\">\n\t\tVeikimo laikas: 360min;<\/li>\n<li style=\"text-align: justify;\">\n\t\tDarbinis gylis: 100m;<\/li>\n<li style=\"text-align: justify;\">\n\t\tMed\u017eiaga: neoprenas su p\u016bkeliu.<\/li>\n<\/ul>\n<p style=\"text-align: justify;\"><strong>The package includes:<\/strong><\/p>\n<ul>\n<li style=\"text-align: justify;\">\n\t\tVandeniui atspari <strong>\u0161ildoma nardymo liemen\u0117<\/strong> Glovii GMV2;<\/li>\n<li style=\"text-align: justify;\">\n\t\tPapildomas dir\u017eas liemen\u0117s dyd\u017eiui reguliuoti;<\/li>\n<li style=\"text-align: justify;\">\n\t\t2 vnt. baterij\u0173;<\/li>\n<li style=\"text-align: justify;\">\n\t\t\u012ekroviklis;<\/li>\n<li style=\"text-align: justify;\">\n\t\tLiemen\u0117s valdymo pultas &#8211; apyrank\u0117;<\/li>\n<li style=\"text-align: justify;\">\n\t\tD\u0117klas.<\/li>\n<\/ul>\n<p style=\"text-align: justify;\"><a class=\"catalogue\" href=\"\/en\/images\/Userfiles\/Vandeniui_atspari_banglenci_sporto_sildoma_liemen_Glovii_GMV1.pdf\/\" target=\"blank\">Download product manual<\/a><\/p>","protected":false},"excerpt":{"rendered":"<p>Vandeniui atspari \u0161ildoma nardymo liemen\u0117 Glovii GMV2 kartu su dviem baterijomis ir valdymo pultu Atraskite naujausi\u0105 Glovii technologij\u0173 pasiekim\u0105 &ndash;<\/p>","protected":false},"featured_media":28716,"comment_status":"closed","ping_status":"open","template":"","meta":[],"product_brand":[],"product_cat":[23],"product_tag":[535],"class_list":{"0":"post-28714","1":"product","2":"type-product","3":"status-publish","4":"has-post-thumbnail","6":"product_cat-be-kategorijos","7":"product_tag-naujiena","9":"first","10":"onbackorder","11":"taxable","12":"shipping-taxable","13":"product-type-variable"},"_links":{"self":[{"href":"https:\/\/orotech.lt\/en\/wp-json\/wp\/v2\/product\/28714","targetHints":{"allow":["GET"]}}],"collection":[{"href":"https:\/\/orotech.lt\/en\/wp-json\/wp\/v2\/product"}],"about":[{"href":"https:\/\/orotech.lt\/en\/wp-json\/wp\/v2\/types\/product"}],"replies":[{"embeddable":true,"href":"https:\/\/orotech.lt\/en\/wp-json\/wp\/v2\/comments?post=28714"}],"version-history":[{"count":1,"href":"https:\/\/orotech.lt\/en\/wp-json\/wp\/v2\/product\/28714\/revisions"}],"predecessor-version":[{"id":28715,"href":"https:\/\/orotech.lt\/en\/wp-json\/wp\/v2\/product\/28714\/revisions\/28715"}],"wp:featuredmedia":[{"embeddable":true,"href":"https:\/\/orotech.lt\/en\/wp-json\/wp\/v2\/media\/28716"}],"wp:attachment":[{"href":"https:\/\/orotech.lt\/en\/wp-json\/wp\/v2\/media?parent=28714"}],"wp:term":[{"taxonomy":"product_brand","embeddable":true,"href":"https:\/\/orotech.lt\/en\/wp-json\/wp\/v2\/product_brand?post=28714"},{"taxonomy":"product_cat","embeddable":true,"href":"https:\/\/orotech.lt\/en\/wp-json\/wp\/v2\/product_cat?post=28714"},{"taxonomy":"product_tag","embeddable":true,"href":"https:\/\/orotech.lt\/en\/wp-json\/wp\/v2\/product_tag?post=28714"}],"curies":[{"name":"wp","href":"https:\/\/api.w.org\/{rel}","templated":true}]}}