{"id":28721,"date":"2025-09-09T09:20:03","date_gmt":"2025-09-09T09:20:03","guid":{"rendered":"https:\/\/orotech.lt\/sildomos-izoliuotos-ir-vejui-atsparios-pirstines-glovii-glw\/"},"modified":"2025-09-10T06:45:57","modified_gmt":"2025-09-10T06:45:57","slug":"sildomos-izoliuotos-ir-vejui-atsparios-pirstines-glovii-glw","status":"publish","type":"product","link":"https:\/\/orotech.lt\/en\/sildomos-izoliuotos-ir-vejui-atsparios-pirstines-glovii-glw\/","title":{"rendered":"\u0160ildomos izoliuotos ir v\u0117jui atsparios pir\u0161tin\u0117s Glovii GLW"},"content":{"rendered":"<p style=\"text-align: justify;\"><img decoding=\"async\" alt=\"\" src=\"\/images\/Userfiles\/Glovii_baner.jpg\" style=\"width: 1000px; height: 324px;\" title=\"\"><\/p>\n<p style=\"text-align: justify;\">\u0160ildomos pir\u0161tin\u0117s Glovii GLW &ndash; idealus sprendimas ie\u0161kantiems kaip apsaugoti rankas nuo \u0161al\u010dio tiek sporto metu, tiek kasdienai! Tai i\u0161skirtinis, komfort\u0105 ir \u0161ilum\u0105 u\u017etikrinantis sprendimas, kuris patiks \u017eiemos sporto entuziastams, slidininkams, \u017eygeiviams ar pagyvenusiems \u017emon\u0117ms.&nbsp;Glovii GLW \u0161ildan\u010dios pir\u0161tin\u0117s &ndash; tai nauja ir patobulinta perkamiausio modelio versija, suteikianti dar didesn\u012f komfort\u0105 ir apsaug\u0105. D\u0117l papildomos termoizoliacijos ir apsaugos nuo v\u0117jo j\u016bs\u0173 rankos liks \u0161iltos ir apsaugotos bet kokioje situacijoje. Delno srityje esantys elementai padidina sukibim\u0105, o nyk\u0161\u010dio ir smiliaus zonose \u012fsiuta speciali med\u017eiaga, leid\u017eianti valdyti lie\u010diamuosius ekranus. Tai daro pir\u0161tines itin prakti\u0161kas kasdieniam naudojimui.&nbsp;&nbsp;<\/p>\n<p style=\"text-align: justify;\"><strong>Patikimas ir ilgaam\u017eis naudojimas su Li-Poly akumuliatoriumi<\/strong><\/p>\n<p style=\"text-align: justify;\">\u0160ildomos pir\u0161tin\u0117s Glovii GLW turi 8W \u0161ildymo element\u0105, pagamint\u0105 i\u0161 anglies pluo\u0161to, tod\u0117l infraraudon\u0173j\u0173 spinduli\u0173 bangos J\u016bs\u0173 rankoms u\u017etikrins maloni\u0105 \u0161ilum\u0105, patikim\u0105 naudojim\u0105 ir ilgaam\u017ei\u0161kum\u0105, o efektyvi 2100 mAh Li-Poly baterija leis \u0161iluma m\u0117gautis net iki 6h! \u0160ildymo elementas pir\u0161tin\u0117je i\u0161sid\u0117st\u0119s aplink visus pir\u0161tus, kas maksimaliai u\u017etikrina rank\u0173 \u0161ilum\u0105. \u0160ildomos pir\u0161tin\u0117s Glovii GLW turi speciali\u0105 akumuliatoriaus u\u017esegam\u0105 ki\u0161en\u0117l\u0119 pir\u0161tin\u0117s viduje, kuri leid\u017eia greitai ir patogiai nustatyti vien\u0105 i\u0161 trij\u0173 skirting\u0173 \u0161ilumos lygi\u0173 (LO, MED, HI).&nbsp;<\/p>\n<p style=\"text-align: justify;\"><strong>Advantages:<\/strong><\/p>\n<ul>\n<li style=\"text-align: justify;\">\n\t\t<strong>Lankstus ir patvarus \u0161ildymo elementas:<\/strong>&nbsp;pir\u0161tin\u0117se naudojamas anglies pluo\u0161to \u0161ildymo elementas u\u017etikrina nuolatin\u0119 ir ilgalaik\u0119 \u0161ilum\u0105, net esant \u017eemai temperat\u016brai.<\/li>\n<li style=\"text-align: justify;\">\n\t\t<strong>Daugiafunkci\u0161kumas:<\/strong>&nbsp;\u0161ias pir\u0161tines galima naudoti kaip vidines pir\u0161tines &ndash; jos puikiai tinka d\u0117v\u0117ti po darbo pir\u0161tin\u0117mis, slidin\u0117jimo pir\u0161tin\u0117mis, sodo pir\u0161tin\u0117mis ir daugeliu kit\u0173 atvej\u0173.<\/li>\n<li style=\"text-align: justify;\">\n\t\t<strong>Patogus baterijos naudojimas:<\/strong>&nbsp;pridedamas baterijos prailginimo kabelis leid\u017eia patogiai \u012fd\u0117ti baterij\u0105 \u012f vidin\u0119 striuk\u0117s ki\u0161en\u0119, padidinant komfort\u0105 ir jud\u0117jimo laisv\u0119.<\/li>\n<li style=\"text-align: justify;\">\n\t\t<strong>Apsauga nuo v\u0117jo ir termoizoliacija:<\/strong>&nbsp;special\u016bs apsauginiai sluoksniai apsaugo nuo v\u0117jo ir \u0161al\u010dio, i\u0161laikydami j\u016bs\u0173 rankas \u0161iltas bet kokiu oru.<\/li>\n<li style=\"text-align: justify;\">\n\t\t<strong>Lie\u010diamojo ekrano suderinamumas:<\/strong>&nbsp;d\u0117l speciali\u0173 zon\u0173 ant nyk\u0161\u010dio ir smiliaus galite naudotis i\u0161maniaisiais telefonais nenusimov\u0119 pir\u0161tini\u0173.&nbsp;<\/li>\n<\/ul>\n<p style=\"text-align: justify;\">Glovii GLW \u0161ildan\u010dios pir\u0161tin\u0117s ne tik apsaugo nuo \u0161al\u010dio, bet ir yra svarbi pagalba kasdieniame gyvenime \u017emon\u0117ms, ken\u010diantiems nuo lig\u0173 ar kit\u0173 s\u0105lyg\u0173, kurios sukelia diskomfort\u0105 rankose \u0161altomis dienomis. Su \u0161iomis pir\u0161tin\u0117mis gal\u0117site m\u0117gautis visi\u0161ka jud\u0117jimo laisve ir komfortu, nepriklausomai nuo oro s\u0105lyg\u0173.&nbsp;<\/p>\n<p><strong>Kod\u0117l verta rinktis Glovii GLW?<\/strong><\/p>\n<p style=\"text-align: justify;\">Glovii GLW \u0161ildan\u010dios pir\u0161tin\u0117s sukurtos tam, kad suteikt\u0173 maksimali\u0105 apsaug\u0105 ir \u0161ilum\u0105 net at\u0161iauriausiomis oro s\u0105lygomis. Derinant modernias technologijas su prakti\u0161ku dizainu, jos puikiai tinka tiek kasdieniam naudojimui, tiek specialioms veikloms, kur reikia papildomos \u0161ilumos. \u012esigykite Glovii GLW ir m\u0117gaukit\u0117s \u0161iluma vis\u0105 dien\u0105!&nbsp;<\/p>\n<p style=\"text-align: justify;\"><strong>Technical characteristics:<\/strong><\/p>\n<ul>\n<li>\n\t\tBaterija:&nbsp;2100mAh, Li-Poly;<\/li>\n<li>\n\t\tKaitinimo elementas: 8W &#8211; anglies pluo\u0161tas;<\/li>\n<li>\n\t\t\u012ekrovimas: 7.4V;<\/li>\n<li>\n\t\tVeikimo&nbsp;re\u017eimai: HI &#8211; 44&deg;C, MID &#8211; 39&deg;C, LOW &#8211; 34&deg;C;<\/li>\n<li>\n\t\tVeikimo laikas: 6h (LO), 4h (MED), 2h (HI);<\/li>\n<li>\n\t\tDyd\u017eiai: XXS-XS, S-M, L-XL;<\/li>\n<li>\n\t\tColor: black.<\/li>\n<\/ul>\n<p><strong>\u012e komplekt\u0105 \u012feina:<\/strong><\/p>\n<ul>\n<li>\n\t\t\u0160ildomos pir\u0161tin\u0117s Glovii GLW su reguliuojamu \u0161ildymo lygiu;<\/li>\n<li>\n\t\tDvi 7.4V, 2100mAh Li-Poly baterijos, u\u017etikrinan\u010dios ilgalaik\u012f \u0161ildym\u0105;<\/li>\n<li>\n\t\tDu baterij\u0173 prailginimo kabeliai, leid\u017eiantys baterijas \u012fd\u0117ti \u012f vidin\u0119 striuk\u0117s ki\u0161en\u0119;<\/li>\n<li>\n\t\tUSB \u012fkroviklis, skirtas vienu metu \u012fkrauti dvi baterijas;<\/li>\n<li>\n\t\tPatogus d\u0117klas, skirtas pir\u0161tin\u0117ms ir priedams laikyti.&nbsp;<\/li>\n<\/ul>","protected":false},"excerpt":{"rendered":"<p>\u0160ildomos pir\u0161tin\u0117s Glovii GLW &ndash; idealus sprendimas ie\u0161kantiems kaip apsaugoti rankas nuo \u0161al\u010dio tiek sporto metu, tiek kasdienai! Tai i\u0161skirtinis,<\/p>","protected":false},"featured_media":28723,"comment_status":"closed","ping_status":"open","template":"","meta":[],"product_brand":[],"product_cat":[23],"product_tag":[535],"class_list":{"0":"post-28721","1":"product","2":"type-product","3":"status-publish","4":"has-post-thumbnail","6":"product_cat-be-kategorijos","7":"product_tag-naujiena","9":"first","10":"onbackorder","11":"taxable","12":"shipping-taxable","13":"product-type-variable"},"_links":{"self":[{"href":"https:\/\/orotech.lt\/en\/wp-json\/wp\/v2\/product\/28721","targetHints":{"allow":["GET"]}}],"collection":[{"href":"https:\/\/orotech.lt\/en\/wp-json\/wp\/v2\/product"}],"about":[{"href":"https:\/\/orotech.lt\/en\/wp-json\/wp\/v2\/types\/product"}],"replies":[{"embeddable":true,"href":"https:\/\/orotech.lt\/en\/wp-json\/wp\/v2\/comments?post=28721"}],"version-history":[{"count":1,"href":"https:\/\/orotech.lt\/en\/wp-json\/wp\/v2\/product\/28721\/revisions"}],"predecessor-version":[{"id":28722,"href":"https:\/\/orotech.lt\/en\/wp-json\/wp\/v2\/product\/28721\/revisions\/28722"}],"wp:featuredmedia":[{"embeddable":true,"href":"https:\/\/orotech.lt\/en\/wp-json\/wp\/v2\/media\/28723"}],"wp:attachment":[{"href":"https:\/\/orotech.lt\/en\/wp-json\/wp\/v2\/media?parent=28721"}],"wp:term":[{"taxonomy":"product_brand","embeddable":true,"href":"https:\/\/orotech.lt\/en\/wp-json\/wp\/v2\/product_brand?post=28721"},{"taxonomy":"product_cat","embeddable":true,"href":"https:\/\/orotech.lt\/en\/wp-json\/wp\/v2\/product_cat?post=28721"},{"taxonomy":"product_tag","embeddable":true,"href":"https:\/\/orotech.lt\/en\/wp-json\/wp\/v2\/product_tag?post=28721"}],"curies":[{"name":"wp","href":"https:\/\/api.w.org\/{rel}","templated":true}]}}