{"id":28733,"date":"2025-09-09T09:20:03","date_gmt":"2025-09-09T09:20:03","guid":{"rendered":"https:\/\/orotech.lt\/sildomos-odines-pirstines-glovii-gi2b\/"},"modified":"2025-09-10T06:45:58","modified_gmt":"2025-09-10T06:45:58","slug":"sildomos-odines-pirstines-glovii-gi2b","status":"publish","type":"product","link":"https:\/\/orotech.lt\/en\/sildomos-odines-pirstines-glovii-gi2b\/","title":{"rendered":"\u0160ildomos odin\u0117s pir\u0161tin\u0117s Glovii GI2B"},"content":{"rendered":"<p style=\"text-align: justify;\"><img decoding=\"async\" alt=\"\" src=\"\/images\/Userfiles\/Glovii_baner.jpg\" style=\"width: 1000px; height: 324px;\" title=\"\"><\/p>\n<p style=\"text-align: justify;\">Jei j\u016bs\u0173 rankos \u0161\u0105la \u017eiem\u0105, turime jums puik\u0173 sprendim\u0105 &ndash; <strong>Glovii GI2B \u0161ildan\u010dios odin\u0117s pir\u0161tin\u0117s<\/strong>. \u0160ios pir\u0161tin\u0117s sujungia stili\u0173 ir funkcionalum\u0105, tod\u0117l \u0161altos dienos taps kur kas malonesn\u0117s. Pagamintos i\u0161 nat\u016bralios karv\u0117s odos, jos ne tik atrodo puikiai, bet ir yra itin patvarios, tod\u0117l puikiai tinka kasdieniam d\u0117v\u0117jimui. Universalus kirpimas leid\u017eia jas derinti prie bet kokios aprangos &ndash; nuo kasdien\u0117s iki eleganti\u0161kos.&nbsp;<\/p>\n<p style=\"text-align: justify;\"><strong>Patikimas ir ilgaam\u017eis naudojimas su Li-Poly akumuliatoriumi<\/strong><\/p>\n<p style=\"text-align: justify;\"><strong>\u0160ildomos pir\u0161tin\u0117s Glovii GI2B<\/strong>&nbsp;turi 8W \u0161ildymo element\u0105, pagamint\u0105 i\u0161 anglies pluo\u0161to, tod\u0117l infraraudon\u0173j\u0173 spinduli\u0173 bangos J\u016bs\u0173 rankoms u\u017etikrins maloni\u0105 \u0161ilum\u0105, patikim\u0105 naudojim\u0105 ir ilgaam\u017ei\u0161kum\u0105, o efektyvi 2100 mAh Li-Poly baterija leis \u0161iluma m\u0117gautis net iki 6h! \u0160ildymo elementas pir\u0161tin\u0117je i\u0161sid\u0117st\u0119s aplink visus pir\u0161tus, kas maksimaliai u\u017etikrina rank\u0173 \u0161ilum\u0105. \u0160ildomos pir\u0161tin\u0117s Glovii GI2B&nbsp;turi speciali\u0105 akumuliatoriaus u\u017esegam\u0105 ki\u0161en\u0117l\u0119 pir\u0161tin\u0117s viduje, kuri leid\u017eia greitai ir patogiai nustatyti vien\u0105 i\u0161 trij\u0173 skirting\u0173 \u0161ilumos lygi\u0173 (LO, MED, HI).&nbsp;<\/p>\n<p style=\"text-align: justify;\"><strong>Advantages:<\/strong><\/p>\n<ul>\n<li style=\"text-align: justify;\">\n\t\t<strong>Stilius ir kokyb\u0117:<\/strong> pagamintos i\u0161 nat\u016bralios karv\u0117s odos, pir\u0161tin\u0117s atrodo prabangiai ir yra patvarios, tod\u0117l tinka tiek kasdieniam naudojimui, tiek ypatingoms progoms.<\/li>\n<li style=\"text-align: justify;\">\n\t\t<strong>Trij\u0173 lygi\u0173 \u0161ilumos reguliavimas:<\/strong> Glovii pir\u0161tin\u0117s leid\u017eia jums pritaikyti \u0161ilumos lyg\u012f pagal savo poreikius. Auk\u0161\u010diausiu re\u017eimu jos suteikia \u0161ilum\u0105 daugiau nei 2 valandas, o \u017eemiausiu &ndash; daugiau nei 6 valandas.<\/li>\n<li style=\"text-align: justify;\">\n\t\t<strong>Visapusis \u0161ilumos poj\u016btis:<\/strong>&nbsp;\u0161ildymo elementas tolygiai paskirsto \u0161ilum\u0105 per visus pir\u0161tus, u\u017etikrinant komfort\u0105 nepriklausomai nuo oro s\u0105lyg\u0173.<\/li>\n<li style=\"text-align: justify;\">\n\t\t<strong>Lankstus ir patikimas \u0161ildymo elementas:<\/strong>&nbsp;naudojamas lankstus anglies pluo\u0161tas suteikia pir\u0161tin\u0117ms patikimumo ir patogumo, tod\u0117l jos idealiai tinka tiek kasdieniams i\u0161\u0117jimams, tiek \u017eiemos veikloms.&nbsp;<\/li>\n<\/ul>\n<p style=\"text-align: justify;\">Su Glovii GI2B \u0161ildan\u010diomis pir\u0161tin\u0117mis gal\u0117site m\u0117gautis \u0161iluma ir komfortu bet kokioje situacijoje &ndash; nuo vaik\u0161\u010diojimo mieste iki aktyvi\u0173 \u017eiemos pramog\u0173. \u0160ios pir\u0161tin\u0117s tiks tiek kasdieniam naudojimui keliaujant \u012f darb\u0105, tiek ilgoms \u017eiemos kelion\u0117ms. \u0160altis nebe problema &ndash; su Glovii GI2B pir\u0161tin\u0117mis gal\u0117site m\u0117gautis \u017eiemos malonumais visu paj\u0117gumu!&nbsp;<\/p>\n<p style=\"text-align: justify;\"><strong>Kod\u0117l verta rinktis Glovii GI2B pir\u0161tines?<br \/>\n\t<\/strong><\/p>\n<ul>\n<li style=\"text-align: justify;\">\n\t\t<strong>Nat\u016brali karv\u0117s oda:<\/strong>&nbsp;itin patvari ir eleganti\u0161ka, su universaliu dizainu, kuris dera prie \u012fvairios aprangos.<\/li>\n<li style=\"text-align: justify;\">\n\t\t<strong>Patogus \u0161ildymo reguliavimas:<\/strong>&nbsp;trij\u0173 lygi\u0173 \u0161ilumos nustatymai leid\u017eia pasirinkti optimal\u0173 \u0161ilumos re\u017eim\u0105 bet kokiam orui.<\/li>\n<li style=\"text-align: justify;\">\n\t\t<strong>Ilgalaik\u0117 \u0161iluma:<\/strong>&nbsp;auk\u0161\u010diausiame lygyje \u0161iluma i\u0161lieka daugiau nei 2 valandas, o \u017eemiausiame &ndash; daugiau nei 6 valandas.<\/li>\n<li style=\"text-align: justify;\">\n\t\t<strong>Tinkamos \u012fvairiai veiklai:<\/strong>&nbsp;idealiai tinka tiek kasdieniam naudojimui, tiek aktyviems u\u017esi\u0117mimams \u017eiem\u0105.&nbsp;<\/li>\n<\/ul>\n<p style=\"text-align: justify;\"><strong>Technical characteristics:<\/strong><\/p>\n<ul>\n<li>\n\t\tBaterija:&nbsp;2100mAh, Li-Poly;<\/li>\n<li>\n\t\tKaitinimo elementas: 8W &#8211; anglies pluo\u0161tas;<\/li>\n<li>\n\t\t\u012ekrovimas: 7.4V;<\/li>\n<li>\n\t\tVeikimo&nbsp;re\u017eimai: HI &#8211; 44&deg;C, MID &#8211; 39&deg;C, LOW &#8211; 34&deg;C;<\/li>\n<li>\n\t\tVeikimo laikas: 6h (LO), 4h (MED), 2h (HI);<\/li>\n<li>\n\t\tDyd\u017eiai: L, XL;<\/li>\n<li>\n\t\tColor: black.<\/li>\n<\/ul>\n<p><strong>\u012e komplekt\u0105 \u012feina:<\/strong><\/p>\n<ul>\n<li>\n\t\t\u0160ildomos pir\u0161tin\u0117s Glovii GI2B&nbsp;su reguliuojamu \u0161ildymo lygiu;<\/li>\n<li>\n\t\tDvi 7.4V, 2100mAh Li-Poly baterijos, u\u017etikrinan\u010dios ilgalaik\u012f \u0161ildym\u0105;<\/li>\n<li>\n\t\tUSB \u012fkroviklis, skirtas vienu metu \u012fkrauti dvi baterijas;<\/li>\n<li>\n\t\tPatogus d\u0117klas, skirtas pir\u0161tin\u0117ms ir priedams laikyti.&nbsp;<\/li>\n<\/ul>","protected":false},"excerpt":{"rendered":"<p>Jei j\u016bs\u0173 rankos \u0161\u0105la \u017eiem\u0105, turime jums puik\u0173 sprendim\u0105 &ndash; Glovii GI2B \u0161ildan\u010dios odin\u0117s pir\u0161tin\u0117s. \u0160ios pir\u0161tin\u0117s sujungia stili\u0173 ir<\/p>","protected":false},"featured_media":28735,"comment_status":"closed","ping_status":"open","template":"","meta":[],"product_brand":[],"product_cat":[23],"product_tag":[535],"class_list":{"0":"post-28733","1":"product","2":"type-product","3":"status-publish","4":"has-post-thumbnail","6":"product_cat-be-kategorijos","7":"product_tag-naujiena","9":"first","10":"onbackorder","11":"taxable","12":"shipping-taxable","13":"product-type-variable"},"_links":{"self":[{"href":"https:\/\/orotech.lt\/en\/wp-json\/wp\/v2\/product\/28733","targetHints":{"allow":["GET"]}}],"collection":[{"href":"https:\/\/orotech.lt\/en\/wp-json\/wp\/v2\/product"}],"about":[{"href":"https:\/\/orotech.lt\/en\/wp-json\/wp\/v2\/types\/product"}],"replies":[{"embeddable":true,"href":"https:\/\/orotech.lt\/en\/wp-json\/wp\/v2\/comments?post=28733"}],"version-history":[{"count":1,"href":"https:\/\/orotech.lt\/en\/wp-json\/wp\/v2\/product\/28733\/revisions"}],"predecessor-version":[{"id":28734,"href":"https:\/\/orotech.lt\/en\/wp-json\/wp\/v2\/product\/28733\/revisions\/28734"}],"wp:featuredmedia":[{"embeddable":true,"href":"https:\/\/orotech.lt\/en\/wp-json\/wp\/v2\/media\/28735"}],"wp:attachment":[{"href":"https:\/\/orotech.lt\/en\/wp-json\/wp\/v2\/media?parent=28733"}],"wp:term":[{"taxonomy":"product_brand","embeddable":true,"href":"https:\/\/orotech.lt\/en\/wp-json\/wp\/v2\/product_brand?post=28733"},{"taxonomy":"product_cat","embeddable":true,"href":"https:\/\/orotech.lt\/en\/wp-json\/wp\/v2\/product_cat?post=28733"},{"taxonomy":"product_tag","embeddable":true,"href":"https:\/\/orotech.lt\/en\/wp-json\/wp\/v2\/product_tag?post=28733"}],"curies":[{"name":"wp","href":"https:\/\/api.w.org\/{rel}","templated":true}]}}