{"id":28750,"date":"2025-09-09T09:30:04","date_gmt":"2025-09-09T09:30:04","guid":{"rendered":"https:\/\/orotech.lt\/sildantys-vidpadziai-su-nuotolinio-valdymo-pulteliu-glovii-gw3\/"},"modified":"2025-09-10T06:46:00","modified_gmt":"2025-09-10T06:46:00","slug":"sildantys-vidpadziai-su-nuotolinio-valdymo-pulteliu-glovii-gw3","status":"publish","type":"product","link":"https:\/\/orotech.lt\/en\/sildantys-vidpadziai-su-nuotolinio-valdymo-pulteliu-glovii-gw3\/","title":{"rendered":"\u0160ildantys vidpad\u017eiai su nuotolinio valdymo pulteliu Glovii GW3"},"content":{"rendered":"<p>&lt;p style=&quot;text-align: justify;&quot;&gt;&lt;strong&gt;&amp;Scaron;ildantys vidpad\u017eiai su nuotoliniu valdymu ir belaid\u017eiu pakrovimu Glovii GW3&lt;\/strong&gt;&amp;nbsp;&lt;strong&gt;&amp;ndash; maksimalus komfortas ir &amp;scaron;iluma j\u016bs\u0173 kojoms.&lt;\/strong&gt;&lt;\/p&gt;<br \/>\n&lt;p style=&quot;text-align: justify;&quot;&gt;Su Glovii GW3 &amp;scaron;ildan\u010diais vidpad\u017eiais &amp;scaron;altos dienos nebus baisios. &amp;Scaron;i\u0173 vidpad\u017ei\u0173 i&amp;scaron;skirtin\u0117 savyb\u0117 &amp;ndash; belaidis \u012fkrovimas, leid\u017eiantis lengvai \u012fkrauti juos nei&amp;scaron;imant i&amp;scaron; bat\u0173. Pamir&amp;scaron;kite laidus ir nuolatin\u012f vidpad\u017ei\u0173 i&amp;scaron;\u0117mim\u0105 &amp;ndash; dabar gal\u0117site m\u0117gautis nuolatine &amp;scaron;iluma be jokio vargo. Tai prakti&amp;scaron;kas ir patogus sprendimas, suteikiantis &amp;scaron;ilum\u0105 bet kokiomis s\u0105lygomis.&lt;\/p&gt;<br \/>\n&lt;p style=&quot;text-align: justify;&quot;&gt;&lt;strong&gt;Main features:&lt;\/strong&gt;&lt;\/p&gt;<br \/>\n&lt;ul&gt;<br \/>\n&lt;li style=&quot;text-align: justify;&quot;&gt;&lt;strong&gt;Belaidis \u012fkrovimas:&lt;\/strong&gt; pagrindin\u0117 &amp;scaron;i\u0173 &amp;scaron;ildan\u010di\u0173 vidpad\u017ei\u0173 savyb\u0117 yra patogus belaidis \u012fkrovimas. Daugiau nereik\u0117s vargti su laidais ar nuolat i&amp;scaron;imti vidpad\u017ei\u0173 i&amp;scaron; bat\u0173 &amp;ndash; tiesiog \u012fkraukite ir m\u0117gaukit\u0117s &amp;scaron;iluma.&lt;\/li&gt;<br \/>\n&lt;li style=&quot;text-align: justify;&quot;&gt;&lt;strong&gt;Nuotolinis valdymas ir mobilioji program\u0117l\u0117:&lt;\/strong&gt; Glovii GW3 vidpad\u017eius galima valdyti tiek nuotolinio valdymo pulteliu, tiek mobiliaja program\u0117le, leid\u017eian\u010dia lanks\u010diai reguliuoti &amp;scaron;ilumos lyg\u012f pagal j\u016bs\u0173 poreikius.&lt;\/li&gt;<br \/>\n&lt;li style=&quot;text-align: justify;&quot;&gt;&lt;strong&gt;Trys &amp;scaron;ilumos lygiai:&lt;\/strong&gt; pasirinkite i&amp;scaron; trij\u0173 skirting\u0173 &amp;scaron;ildymo lygi\u0173, kad rastum\u0117te optimal\u0173 komfort\u0105, nepriklausomai nuo to, ar esate patalpose, ar lauke.&lt;\/li&gt;<br \/>\n&lt;li style=&quot;text-align: justify;&quot;&gt;&lt;strong&gt;Universalus dizainas ir pritaikymas:&lt;\/strong&gt;&amp;nbsp;&lt;strong&gt;&amp;scaron;ildantys vidpad\u017eiai Glovii GW3&lt;\/strong&gt;&amp;nbsp;gali b\u016bti lengvai pritaikyti pagal j\u016bs\u0173 bat\u0173 dyd\u012f. Nesvarbu, ar juos naudosite darbo batuose, sportiniuose bateliuose, ar \u017eieminiuose batuose &amp;ndash; Glovii GW3 u\u017etikrins tobul\u0105 prigludim\u0105 ir komfort\u0105.&lt;\/li&gt;<br \/>\n&lt;\/ul&gt;<br \/>\n&lt;p style=&quot;text-align: justify;&quot;&gt;&lt;strong&gt;Tobulas sprendimas kasdieniam naudojimui ir lauko veikloms&lt;\/strong&gt;&lt;\/p&gt;<br \/>\n&lt;p style=&quot;text-align: justify;&quot;&gt;Su Glovii GW3 &amp;scaron;ildan\u010diais vidpad\u017eiais j\u016bs\u0173 kojos visada bus &amp;scaron;iltos ir komforti&amp;scaron;kos. &amp;Scaron;ie vidpad\u017eiai puikiai tinka tiek kasdieniam naudojimui, tiek \u012fvairioms lauko veikloms &amp;ndash; nuo \u017eygi\u0173 iki darbo lauke ar tiesiog pasivaik&amp;scaron;\u010diojim\u0173 \u017eiem\u0105. Lankstus &amp;scaron;ilumos valdymas ir belaidis \u012fkrovimas u\u017etikrina, kad j\u016bs\u0173 kojos bus &amp;scaron;iltos be papildomo vargo.&lt;\/p&gt;<br \/>\n&lt;p style=&quot;text-align: justify;&quot;&gt;&lt;strong&gt;Kod\u0117l verta rinktis Glovii GW3?&lt;\/strong&gt;&lt;\/p&gt;<br \/>\n&lt;ul&gt;<br \/>\n&lt;li style=&quot;text-align: justify;&quot;&gt;&lt;strong&gt;Patogumas be laid\u0173:&lt;\/strong&gt; belaidis \u012fkrovimas suteikia ne\u012ftik\u0117tin\u0105 patogum\u0105, nes nebereikia r\u016bpintis laidais ar i&amp;scaron;\u0117mimu i&amp;scaron; bat\u0173.&lt;\/li&gt;<br \/>\n&lt;li style=&quot;text-align: justify;&quot;&gt;&lt;strong&gt;Lengvas &amp;scaron;ilumos reguliavimas:&lt;\/strong&gt; valdykite &amp;scaron;ilum\u0105 per nuotolinio valdymo pultel\u012f ar program\u0117l\u0119 ir pasirinkite vien\u0105 i&amp;scaron; trij\u0173 &amp;scaron;ildymo lygi\u0173.&lt;\/li&gt;<br \/>\n&lt;li style=&quot;text-align: justify;&quot;&gt;&lt;strong&gt;Pritaikymas \u012fvairiems batams:&lt;\/strong&gt;&amp;nbsp;universalus dizainas, kuris gali b\u016bti apkarpomas, leid\u017eia lengvai pritaikyti vidpad\u017eius bet kokiems batams.&lt;\/li&gt;<br \/>\n&lt;li style=&quot;text-align: justify;&quot;&gt;&lt;strong&gt;Tinka visoms situacijoms:&lt;\/strong&gt;&amp;nbsp;puikus pasirinkimas bet kokiai veiklai, nesvarbu, ar planuojate \u017eygius, darb\u0105 lauke, ar tiesiog ie&amp;scaron;kote papildomo komforto kasdienai.&lt;\/li&gt;<br \/>\n&lt;\/ul&gt;<br \/>\n&lt;p style=&quot;text-align: justify;&quot;&gt;&lt;strong&gt;Glovii GW3 &amp;scaron;ildantys vidpad\u017eiai&lt;\/strong&gt; su belaid\u017eiu \u012fkrovimu ir nuotolinio valdymo funkcija u\u017etikrina, kad j\u016bs\u0173 kojos visada bus &amp;scaron;iltos ir patogios. Tai j\u016bs\u0173 idealus kompanionas &amp;scaron;altoms dienoms, leid\u017eiantis m\u0117gautis &amp;scaron;iluma be jokio vargo. \u012esigykite dabar ir patirkite tikr\u0105 komfort\u0105 &amp;scaron;altu oru!&amp;nbsp;&lt;\/p&gt;<br \/>\n&lt;p style=&quot;text-align: justify;&quot;&gt;&lt;strong&gt;Technical characteristics:&lt;\/strong&gt;&lt;\/p&gt;<br \/>\n&lt;ul&gt;<br \/>\n&lt;li&gt;Baterija: 1800mAh (6.66Wh), Li-Poly;&lt;\/li&gt;<br \/>\n&lt;li&gt;Kaitinimo elementas: 2.22W &#8211; anglies pluo&amp;scaron;tas;&lt;\/li&gt;<br \/>\n&lt;li&gt;\u012ekrovimas:&amp;nbsp;5V, 1A;&lt;\/li&gt;<br \/>\n&lt;li&gt;Veikimo&amp;nbsp;re\u017eimai: 33% (LO\/34&amp;deg;C\/93&amp;deg;F), 66% (MED\/39&amp;deg;C\/102&amp;deg;F), 100% (HI\/44&amp;deg;C\/111&amp;deg;F);&lt;\/li&gt;<br \/>\n&lt;li&gt;Veikimo laikas: 9h (LO), 5h (MED), 3h (HI);&lt;\/li&gt;<br \/>\n&lt;li&gt;Audinys: i&amp;scaron;or\u0117je 100% poliesteris;&lt;\/li&gt;<br \/>\n&lt;li&gt;Dyd\u017eiai: M (35-40&amp;nbsp;dydis), L (41-46);&lt;\/li&gt;<br \/>\n&lt;li&gt;Spalva: juoda\/raudona;&lt;\/li&gt;<br \/>\n&lt;li&gt;Svoris su baterija: 220g.&lt;\/li&gt;<br \/>\n&lt;\/ul&gt;<br \/>\n&lt;p&gt;&lt;strong&gt;\u012e komplekt\u0105 \u012feina:&lt;\/strong&gt;&lt;\/p&gt;<br \/>\n&lt;ul&gt;<br \/>\n&lt;li&gt;&lt;strong&gt;&amp;Scaron;ildantys vidpad\u017eiai su nuotolinio valdymo pulteliu Glovii GW3&lt;\/strong&gt;;&lt;\/li&gt;<br \/>\n&lt;li&gt;\u012ekroviklis su belaid\u017eio \u012fkrovimo funkcija;&lt;\/li&gt;<br \/>\n&lt;li&gt;Nuotolinio valdymo pultas;&lt;\/li&gt;<br \/>\n&lt;li&gt;Patogus d\u0117klas.&lt;\/li&gt;<br \/>\n&lt;\/ul&gt;<\/p>","protected":false},"excerpt":{"rendered":"<p>&lt;p style=&quot;text-align: justify;&quot;&gt;&lt;strong&gt;&amp;Scaron;ildantys vidpad\u017eiai su nuotoliniu valdymu ir belaid\u017eiu pakrovimu Glovii GW3&lt;\/strong&gt;&amp;nbsp;&lt;strong&gt;&amp;ndash; maksimalus komfortas ir &amp;scaron;iluma j\u016bs\u0173 kojoms.&lt;\/strong&gt;&lt;\/p&gt; &lt;p<\/p>","protected":false},"featured_media":28752,"comment_status":"closed","ping_status":"open","template":"","meta":[],"product_brand":[],"product_cat":[23],"product_tag":[535],"class_list":{"0":"post-28750","1":"product","2":"type-product","3":"status-publish","4":"has-post-thumbnail","6":"product_cat-be-kategorijos","7":"product_tag-naujiena","9":"first","10":"onbackorder","11":"taxable","12":"shipping-taxable","13":"product-type-variable"},"_links":{"self":[{"href":"https:\/\/orotech.lt\/en\/wp-json\/wp\/v2\/product\/28750","targetHints":{"allow":["GET"]}}],"collection":[{"href":"https:\/\/orotech.lt\/en\/wp-json\/wp\/v2\/product"}],"about":[{"href":"https:\/\/orotech.lt\/en\/wp-json\/wp\/v2\/types\/product"}],"replies":[{"embeddable":true,"href":"https:\/\/orotech.lt\/en\/wp-json\/wp\/v2\/comments?post=28750"}],"version-history":[{"count":1,"href":"https:\/\/orotech.lt\/en\/wp-json\/wp\/v2\/product\/28750\/revisions"}],"predecessor-version":[{"id":28751,"href":"https:\/\/orotech.lt\/en\/wp-json\/wp\/v2\/product\/28750\/revisions\/28751"}],"wp:featuredmedia":[{"embeddable":true,"href":"https:\/\/orotech.lt\/en\/wp-json\/wp\/v2\/media\/28752"}],"wp:attachment":[{"href":"https:\/\/orotech.lt\/en\/wp-json\/wp\/v2\/media?parent=28750"}],"wp:term":[{"taxonomy":"product_brand","embeddable":true,"href":"https:\/\/orotech.lt\/en\/wp-json\/wp\/v2\/product_brand?post=28750"},{"taxonomy":"product_cat","embeddable":true,"href":"https:\/\/orotech.lt\/en\/wp-json\/wp\/v2\/product_cat?post=28750"},{"taxonomy":"product_tag","embeddable":true,"href":"https:\/\/orotech.lt\/en\/wp-json\/wp\/v2\/product_tag?post=28750"}],"curies":[{"name":"wp","href":"https:\/\/api.w.org\/{rel}","templated":true}]}}