{"id":28770,"date":"2025-09-09T09:30:04","date_gmt":"2025-09-09T09:30:04","guid":{"rendered":"https:\/\/orotech.lt\/batu-dziovintuvas-glovii-gg20\/"},"modified":"2025-09-10T06:46:03","modified_gmt":"2025-09-10T06:46:03","slug":"batu-dziovintuvas-glovii-gg20","status":"publish","type":"product","link":"https:\/\/orotech.lt\/en\/batu-dziovintuvas-glovii-gg20\/","title":{"rendered":"Bat\u0173 d\u017eiovintuvas Glovii GG20"},"content":{"rendered":"<p>&lt;p style=&quot;text-align: justify;&quot;&gt;&lt;strong&gt;Bat\u0173 d\u017eiovintuvas Glovii GG20 &amp;ndash; &amp;scaron;var\u016bs, sausi ir gaiviai kvepiantys batai kiekvien\u0105 dien\u0105&lt;\/strong&gt;&lt;\/p&gt;<br \/>\n&lt;p style=&quot;text-align: justify;&quot;&gt;&lt;strong&gt;Glovii GG20 bat\u0173 d\u017eiovintuvas &lt;\/strong&gt;sukurtas tam, kad j\u016bs\u0173 batai b\u016bt\u0173 visada sausi, &amp;scaron;var\u016bs ir patog\u016bs. Naudodami vos vien\u0105 mygtuko paspaudim\u0105, lengvai atsikratysite dr\u0117gm\u0117s bei u\u017etikrinsite malon\u0173 ir &amp;scaron;vie\u017ei\u0105 bat\u0173 kvap\u0105. D\u0117l veiksmingo &amp;scaron;ildymo proceso Glovii GG20 ne tik i&amp;scaron;d\u017eiovina batus, bet ir pa&amp;scaron;alina daugum\u0105 bakterij\u0173 ir virus\u0173, tod\u0117l j\u016bs\u0173 batai i&amp;scaron;lieka &amp;scaron;var\u016bs ir higieni&amp;scaron;ki.&lt;\/p&gt;<br \/>\n&lt;p style=&quot;text-align: justify;&quot;&gt;&lt;strong&gt;Main features:&lt;\/strong&gt;&lt;\/p&gt;<br \/>\n&lt;ul&gt;<br \/>\n&lt;li style=&quot;text-align: justify;&quot;&gt;&lt;strong&gt;Sausi ir patog\u016bs batai:&lt;\/strong&gt;&amp;nbsp;d\u017eiovintuvo skleid\u017eiama &amp;scaron;iluma veiksmingai pa&amp;scaron;alina dr\u0117gm\u0119, u\u017etikrindama, kad j\u016bs\u0173 batai b\u016bt\u0173 sausi ir patog\u016bs d\u0117v\u0117ti bet kokiu oru.&lt;\/li&gt;<br \/>\n&lt;li style=&quot;text-align: justify;&quot;&gt;&lt;strong&gt;Higiena ir &amp;scaron;vara:&lt;\/strong&gt;&amp;nbsp;&amp;scaron;ilumos technologija padeda naikinti bakterijas ir virusus, tod\u0117l j\u016bs\u0173 batai ne tik i&amp;scaron;d\u017ei\u016bsta, bet ir lieka &amp;scaron;var\u016bs bei gaiviai kvepiantys.&lt;\/li&gt;<br \/>\n&lt;li style=&quot;text-align: justify;&quot;&gt;&lt;strong&gt;Paprasta ir patogu naudoti:&lt;\/strong&gt;&amp;nbsp;lengvai valdomas d\u017eiovintuvas turi laiko nustatymo funkcij\u0105, tod\u0117l jis gali b\u016bti pritaikytas \u012fvairi\u0173 tip\u0173 batams &amp;ndash; nuo sportba\u010di\u0173 iki \u017eiemini\u0173 ir slidin\u0117jimo bat\u0173.&lt;\/li&gt;<br \/>\n&lt;li style=&quot;text-align: justify;&quot;&gt;&lt;strong&gt;Universalus naudojimas:&lt;\/strong&gt; &lt;strong&gt;Glovii GG20 bat\u0173 d\u017eiovintuvas&lt;\/strong&gt; puikiai tinka naudoti visus metus, nepriklausomai nuo sezono ar bat\u0173 tipo.&lt;\/li&gt;<br \/>\n&lt;\/ul&gt;<br \/>\n&lt;p style=&quot;text-align: justify;&quot;&gt;&lt;strong&gt;Kod\u0117l verta rinktis Glovii GG20?&lt;\/strong&gt;&lt;\/p&gt;<br \/>\n&lt;ul&gt;<br \/>\n&lt;li style=&quot;text-align: justify;&quot;&gt;&lt;strong&gt;Greitas ir efektyvus d\u017eiovinimas:&lt;\/strong&gt;&amp;nbsp;atsisveikinkite su ilgai d\u017ei\u016bstan\u010diais batais &amp;ndash; &amp;scaron;is d\u017eiovintuvas greitai pa&amp;scaron;alins dr\u0117gm\u0119, kad gal\u0117tum\u0117te d\u0117v\u0117ti batus jau po keli\u0173 valand\u0173.&lt;\/li&gt;<br \/>\n&lt;li style=&quot;text-align: justify;&quot;&gt;&lt;strong&gt;Higieni&amp;scaron;kumas ir &amp;scaron;vie\u017eumas:&lt;\/strong&gt; Glovii GG20 ne tik d\u017eiovina batus, bet ir naikina mikroorganizmus, padedan\u010dius atsirasti nemaloniam kvapui. &amp;Scaron;iluma u\u017etikrina, kad j\u016bs\u0173 batai visada kvep\u0117t\u0173 gaiviai ir b\u016bt\u0173 saug\u016bs d\u0117v\u0117ti.&lt;\/li&gt;<br \/>\n&lt;li style=&quot;text-align: justify;&quot;&gt;&lt;strong&gt;Tinka vis\u0173 tip\u0173 batams:&lt;\/strong&gt; d\u0117l paprastos naudojimo sistemos galite reguliuoti d\u017eiovinimo laik\u0105 ir pritaikyti d\u017eiovintuv\u0105 bet kokio tipo batams &amp;ndash; sportiniams, kasdieniams, \u017eieminiams ar slidin\u0117jimo.&lt;\/li&gt;<br \/>\n&lt;li style=&quot;text-align: justify;&quot;&gt;&lt;strong&gt;Lengvas valdymas:&lt;\/strong&gt;&amp;nbsp;d\u017eiovintuvo valdymas labai paprastas &amp;ndash; tereikia nustatyti laik\u0105 ir m\u0117gautis sausais, &amp;scaron;variais batais.&lt;\/li&gt;<br \/>\n&lt;\/ul&gt;<br \/>\n&lt;p style=&quot;text-align: justify;&quot;&gt;&lt;strong&gt;Glovii GG20 bat\u0173 d\u017eiovintuvas &lt;\/strong&gt;yra nepakei\u010diamas \u012frankis kiekvienam, siekian\u010diam u\u017etikrinti auk&amp;scaron;\u010diausi\u0105 komfort\u0105 ir higien\u0105 savo kasdienyb\u0117je. Nesvarbu, ar gyvenate lietingu klimatu, ar m\u0117gstate \u017eiemos sport\u0105, &amp;scaron;is d\u017eiovintuvas garantuos, kad j\u016bs\u0173 batai b\u016bt\u0173 pasiruo&amp;scaron;\u0119 naudoti kiekvien\u0105 dien\u0105. D\u017eiovintuv\u0105 galite naudoti namuose, biure ar keliaudami, nes jis kompakti&amp;scaron;kas ir lengvai transportuojamas.&lt;\/p&gt;<br \/>\n&lt;p style=&quot;text-align: justify;&quot;&gt;&lt;strong&gt;Technical characteristics:&lt;\/strong&gt;&lt;\/p&gt;<br \/>\n&lt;ul&gt;<br \/>\n&lt;li&gt;Galia: 20 W;&lt;\/li&gt;<br \/>\n&lt;li&gt;Maitinimas: 220-240 V \/ 50 Hz;&lt;\/li&gt;<br \/>\n&lt;li&gt;Veikimo lygiai: 3;&lt;\/li&gt;<br \/>\n&lt;li&gt;Veikimo laikas: 3h, 6h, 9h;&lt;\/li&gt;<br \/>\n&lt;li&gt;Spalva: balta.&lt;\/li&gt;<br \/>\n&lt;\/ul&gt;<br \/>\n&lt;p&gt;&lt;strong&gt;\u012e komplektacij\u0105 \u012feina:&lt;\/strong&gt;&lt;\/p&gt;<br \/>\n&lt;ul&gt;<br \/>\n&lt;li&gt;Glovii GG20 bat\u0173 d\u017eiovintuvas;&lt;\/li&gt;<br \/>\n&lt;li&gt;Valdymo blokelis.&lt;\/li&gt;<br \/>\n&lt;\/ul&gt;<br \/>\n&lt;p style=&quot;text-align: justify;&quot;&gt;&lt;a class=&quot;catalogue&quot; href=&quot;\/en\/images\/Userfiles\/www.rubisolis.lt_Bat_dziovintuvas_Glovii_GG20.pdf\/&quot; target=&quot;blank&quot;&gt;Download product manual&lt;\/a&gt;&lt;\/p&gt;<\/p>","protected":false},"excerpt":{"rendered":"<p>&lt;p style=&quot;text-align: justify;&quot;&gt;&lt;strong&gt;Bat\u0173 d\u017eiovintuvas Glovii GG20 &amp;ndash; &amp;scaron;var\u016bs, sausi ir gaiviai kvepiantys batai kiekvien\u0105 dien\u0105&lt;\/strong&gt;&lt;\/p&gt; &lt;p style=&quot;text-align: justify;&quot;&gt;&lt;strong&gt;Glovii GG20 bat\u0173<\/p>","protected":false},"featured_media":28772,"comment_status":"closed","ping_status":"open","template":"","meta":[],"product_brand":[],"product_cat":[23],"product_tag":[535],"class_list":{"0":"post-28770","1":"product","2":"type-product","3":"status-publish","4":"has-post-thumbnail","6":"product_cat-be-kategorijos","7":"product_tag-naujiena","9":"first","10":"onbackorder","11":"taxable","12":"shipping-taxable","13":"product-type-variable"},"_links":{"self":[{"href":"https:\/\/orotech.lt\/en\/wp-json\/wp\/v2\/product\/28770","targetHints":{"allow":["GET"]}}],"collection":[{"href":"https:\/\/orotech.lt\/en\/wp-json\/wp\/v2\/product"}],"about":[{"href":"https:\/\/orotech.lt\/en\/wp-json\/wp\/v2\/types\/product"}],"replies":[{"embeddable":true,"href":"https:\/\/orotech.lt\/en\/wp-json\/wp\/v2\/comments?post=28770"}],"version-history":[{"count":1,"href":"https:\/\/orotech.lt\/en\/wp-json\/wp\/v2\/product\/28770\/revisions"}],"predecessor-version":[{"id":28771,"href":"https:\/\/orotech.lt\/en\/wp-json\/wp\/v2\/product\/28770\/revisions\/28771"}],"wp:featuredmedia":[{"embeddable":true,"href":"https:\/\/orotech.lt\/en\/wp-json\/wp\/v2\/media\/28772"}],"wp:attachment":[{"href":"https:\/\/orotech.lt\/en\/wp-json\/wp\/v2\/media?parent=28770"}],"wp:term":[{"taxonomy":"product_brand","embeddable":true,"href":"https:\/\/orotech.lt\/en\/wp-json\/wp\/v2\/product_brand?post=28770"},{"taxonomy":"product_cat","embeddable":true,"href":"https:\/\/orotech.lt\/en\/wp-json\/wp\/v2\/product_cat?post=28770"},{"taxonomy":"product_tag","embeddable":true,"href":"https:\/\/orotech.lt\/en\/wp-json\/wp\/v2\/product_tag?post=28770"}],"curies":[{"name":"wp","href":"https:\/\/api.w.org\/{rel}","templated":true}]}}