{"id":28791,"date":"2025-09-09T09:35:03","date_gmt":"2025-09-09T09:35:03","guid":{"rendered":"https:\/\/orotech.lt\/speedcomfort-trio-sistema\/"},"modified":"2025-09-10T06:50:04","modified_gmt":"2025-09-10T06:50:04","slug":"speedcomfort-trio-sistema","status":"publish","type":"product","link":"https:\/\/orotech.lt\/en\/speedcomfort-trio-sistema\/","title":{"rendered":"SpeedComfort Trio sistema"},"content":{"rendered":"<p style=\"text-align: justify;\"><em><strong>M\u0117gaukit\u0117s maloniu klimatu namuose kartu su SpeedComfort Trio sistema<br \/>\n\t<\/strong><\/em><\/p>\n<p style=\"text-align: justify;\">Ie\u0161kote sprendimo, kaip efektyvinti \u0161ildymo sistemos veikl\u0105 savo namuose? Nuo \u0161iol tai patik\u0117ti galite \u0161ilumos taupymo sistemai SpeedComfort Trio! Tai puikus j\u016bs\u0173 radiatori\u0173 ar konvekcin\u0117s \u0161ildymo sistemos priedas, kuris paskirstys \u0161ilum\u0105 kambaryje, taip u\u017etikrindamas malon\u0173 klimat\u0105 ir ma\u017eas energijos s\u0105naudas.&nbsp;<\/p>\n<p style=\"text-align: justify;\"><img decoding=\"async\" alt=\"\" src=\"\/images\/Userfiles\/www.rubisolis.lt_Speedcomfort_mono_silumos_taupymo_sistema3.png\" style=\"width: 1000px; height: 287px;\" title=\"\"><\/p>\n<p style=\"text-align: justify;\"><strong>I\u0161manus \u0161ilumos paskirstymas kartu su SpeedComfort Trio<br \/>\n\t<\/strong><\/p>\n<p style=\"text-align: justify;\">\u0160ilumos taupymo sistema SpeedComfort Trio &ndash; tai&nbsp;moderni ir efektyvi sistema, gerinanti j\u016bs\u0173 \u0161ildymo sistemos veikim\u0105. SpeedComfort Trio veikia \u0161iuolaikin\u0117s technologijos principu, kuri u\u017etikrina tolyg\u0173 \u0161ilumos pasiskirstym\u0105 ir efektyv\u0173 energijos naudojim\u0105. Tai ne tik padeda u\u017etikrinti pastovi\u0105 maloni\u0105 temperat\u016br\u0105 patalpoje, bet ir suma\u017eina \u0161ildymo laik\u0105 bei taupo energij\u0105.<\/p>\n<p style=\"text-align: justify;\">Vienas i\u0161 reik\u0161ming\u0173 SpeedComfort Trio privalum\u0173 yra jo patogus naudojimas ir lengvas montavimas. \u0160i sistema lengvai pritvirtinama prie radiatori\u0173 ir tyliai, nepastebimai veikia. Taip pat, tinka visiems standartiniams radiatori\u0173 tipams, tod\u0117l galite b\u016bti tikri, kad \u0161ilumos taupymo sistema SpeedComfort Trio puikiai der\u0117s j\u016bs\u0173 namuose ar biure.<\/p>\n<p><strong>Advantages:<\/strong><\/p>\n<ul>\n<li style=\"text-align: justify;\">\n\t\t<strong>Efektyvus \u0161ilumos paskirstymas.<\/strong> SpeedComfort Trio sistema veikia naudodama galingus ventiliatorius, kurie \u0161ilum\u0105 intensyviai cirkuliuoja visoje patalpoje.&nbsp;<\/li>\n<li style=\"text-align: justify;\">\n\t\t<strong>Energijos sutaupymas.<\/strong> \u0160i \u0161ildymo sistemos modernizacija padeda sutaupyti energij\u0105. Panaudojant ventiliatorius, \u0161iluma pasiskirsto efektyviau, o tai leid\u017eia suma\u017einti \u0161ildymo laik\u0105 ir taupyti energij\u0105 iki 22%. Tai ne tik pad\u0117s jums suma\u017einti s\u0105skaitas, bet ir prisid\u0117s prie aplinkos tausojimo.&nbsp;Taip pat, sistemos SpeedComfort Trio ventiliatoriai kambar\u012f \u012f\u0161ildo dvigubai grei\u010diau, o tai rei\u0161kia, kad galite 1-2 laipsniais suma\u017einti termostato temperat\u016br\u0105, o kambaryje i\u0161liks toks pat malonus klimatas. &nbsp;<\/li>\n<li style=\"text-align: justify;\">\n\t\t<strong>Quiet operation.<\/strong> SpeedComfort Trio sistema veikia tyliai ir nepastebimai. Tai ypa\u010d svarbu, jei norite tur\u0117ti rami\u0105 ir jauki\u0105 kambario atmosfer\u0105 be jokio triuk\u0161mo.<\/li>\n<li style=\"text-align: justify;\">\n\t\t<strong>Paprastas montavimas.<\/strong>&nbsp;Ventiliatoriai yra lengvai pritvirtinami prie radiatori\u0173. Jums nereik\u0117s sudaryti sud\u0117ting\u0173 montavimo darb\u0173 ar keisti \u0161ildymo sistemos strukt\u016bros. Tai yra patogus ir greitas b\u016bdas pagerinti j\u016bs\u0173 \u0161ildymo sistemos efektyvum\u0105.<\/li>\n<li style=\"text-align: justify;\">\n\t\t<strong>Dizainas.<\/strong>&nbsp;I\u0161skirtinio dizaino SpeedComfort Trio sistema puikiai dera su bet kokiu radiatori\u0173 stiliumi, tod\u0117l esteti\u0161kai atitiks j\u016bs\u0173 kambario interjer\u0105.<\/li>\n<\/ul>\n<p style=\"text-align: center;\"><iframe allow=\"accelerometer; autoplay; clipboard-write; encrypted-media; gyroscope; picture-in-picture; web-share\" allowfullscreen=\"\" frameborder=\"0\" height=\"315\" src=\"https:\/\/www.youtube.com\/embed\/DlptoKMCKzE?si=1Tu7IdhgHXe69EQ5&amp;start=10\" title=\"YouTube video player\" width=\"560\"><\/iframe><\/p>\n<p style=\"text-align: justify;\"><strong>Technical characteristics:<\/strong><\/p>\n<ul>\n<li>\n\t\tGalia: 0,55 W;<\/li>\n<li>\n\t\tMetinis energijos suvartojimas &lt; 1 kWh;<\/li>\n<li>\n\t\tTriuk\u0161mo lygis: &lt; 20 dB(A);<\/li>\n<li>\n\t\tOro srautas: 30 m&sup3;\/val.;<\/li>\n<li>\n\t\tMatmenys: 7 x 34 cm (1 vnt.);<\/li>\n<li>\n\t\tMaitinimo laidas: 12 V\/DC (1.8 m ilgio);<\/li>\n<li>\n\t\tMaitinimas: 100-240 V; 0,25 A 230 V kintamoji srov\u0117;<\/li>\n<li>\n\t\tDarbin\u0117s temperat\u016bros diapazonas: -20&deg;C iki +85&deg;C;<\/li>\n<li>\n\t\tLaikymo temperat\u016bros diapazonas nuo -40 &deg;C iki +85 &deg;C;<\/li>\n<li>\n\t\tSantykin\u0117 dr\u0117gm\u0117 naudojimo ir sand\u0117liavimo metu: maks. 80 % (nekondensuojantis);<\/li>\n<li>\n\t\tNaudojimas: radiatoriams ir konvektoriams nuo 120 cm.<\/li>\n<\/ul>\n<p style=\"text-align: justify;\"><strong>The package includes:<\/strong><\/p>\n<ul>\n<li>\n\t\tI\u0161manusis radiatori\u0173 ventiliatorius, 3 vnt.;<\/li>\n<li>\n\t\t12V maitinimo laidas (laido ilgis 1.8 m), 1 vnt.;<\/li>\n<li>\n\t\tMagnetinis jungiklis&nbsp;su termostatu (laido ilgis 60 cm), 1 vnt.;<\/li>\n<li>\n\t\tJungiamasis laidas (laido ilgis 30 cm), 2 vnt.<\/li>\n<\/ul>\n<p><a class=\"catalogue\" href=\"\/en\/images\/Userfiles\/www.rubisolis.lt_Speedcomfort_silumos_taupymo_sistema_instrukcija.pdf\/\" style=\"text-align: justify;\" target=\"blank\">Download product manual<\/a><\/p>","protected":false},"excerpt":{"rendered":"<p>M\u0117gaukit\u0117s maloniu klimatu namuose kartu su SpeedComfort Trio sistema Ie\u0161kote sprendimo, kaip efektyvinti \u0161ildymo sistemos veikl\u0105 savo namuose? Nuo \u0161iol<\/p>","protected":false},"featured_media":28793,"comment_status":"closed","ping_status":"open","template":"","meta":[],"product_brand":[],"product_cat":[23],"product_tag":[535],"class_list":{"0":"post-28791","1":"product","2":"type-product","3":"status-publish","4":"has-post-thumbnail","6":"product_cat-be-kategorijos","7":"product_tag-naujiena","9":"first","10":"onbackorder","11":"taxable","12":"shipping-taxable","13":"product-type-variable"},"_links":{"self":[{"href":"https:\/\/orotech.lt\/en\/wp-json\/wp\/v2\/product\/28791","targetHints":{"allow":["GET"]}}],"collection":[{"href":"https:\/\/orotech.lt\/en\/wp-json\/wp\/v2\/product"}],"about":[{"href":"https:\/\/orotech.lt\/en\/wp-json\/wp\/v2\/types\/product"}],"replies":[{"embeddable":true,"href":"https:\/\/orotech.lt\/en\/wp-json\/wp\/v2\/comments?post=28791"}],"version-history":[{"count":1,"href":"https:\/\/orotech.lt\/en\/wp-json\/wp\/v2\/product\/28791\/revisions"}],"predecessor-version":[{"id":28792,"href":"https:\/\/orotech.lt\/en\/wp-json\/wp\/v2\/product\/28791\/revisions\/28792"}],"wp:featuredmedia":[{"embeddable":true,"href":"https:\/\/orotech.lt\/en\/wp-json\/wp\/v2\/media\/28793"}],"wp:attachment":[{"href":"https:\/\/orotech.lt\/en\/wp-json\/wp\/v2\/media?parent=28791"}],"wp:term":[{"taxonomy":"product_brand","embeddable":true,"href":"https:\/\/orotech.lt\/en\/wp-json\/wp\/v2\/product_brand?post=28791"},{"taxonomy":"product_cat","embeddable":true,"href":"https:\/\/orotech.lt\/en\/wp-json\/wp\/v2\/product_cat?post=28791"},{"taxonomy":"product_tag","embeddable":true,"href":"https:\/\/orotech.lt\/en\/wp-json\/wp\/v2\/product_tag?post=28791"}],"curies":[{"name":"wp","href":"https:\/\/api.w.org\/{rel}","templated":true}]}}