{"id":28803,"date":"2025-09-09T09:35:03","date_gmt":"2025-09-09T09:35:03","guid":{"rendered":"https:\/\/orotech.lt\/ismanusis-elektrinis-uzuolaidu-begelis-5-2m-feelspot-fs-cm05w-5w-wifi-tuya\/"},"modified":"2025-09-10T06:50:06","modified_gmt":"2025-09-10T06:50:06","slug":"ismanusis-elektrinis-uzuolaidu-begelis-5-2m-feelspot-fs-cm05w-5w-wifi-tuya","status":"publish","type":"product","link":"https:\/\/orotech.lt\/en\/ismanusis-elektrinis-uzuolaidu-begelis-5-2m-feelspot-fs-cm05w-5w-wifi-tuya\/","title":{"rendered":"I\u0161manusis elektrinis u\u017euolaid\u0173 b\u0117gelis (5.2m) Feelspot FS-CM05W-5W WiFi, Tuya"},"content":{"rendered":"<p>&lt;p style=&quot;text-align: justify;&quot;&gt;&lt;img src=&quot;https:\/\/rubisolis.multishop.lt\/images\/editor\/683ee3bd43ec2.jpg&quot; alt=&quot;&quot; width=&quot;800&quot; height=&quot;160&quot; \/&gt;&lt;\/p&gt;<br \/>\n&lt;p style=&quot;text-align: justify;&quot;&gt;Feelspot FS-CM05W-5W i&amp;scaron;manusis elektrinis karnizas u\u017euolaidoms, sukurtas suteikti jums paprast\u0105 ir patog\u0173 b\u016bd\u0105 valdyti savo u\u017euolaidas. &amp;Scaron;is i&amp;scaron;manus u\u017euolaid\u0173 b\u0117gelis naudoja naujausi\u0105 technologij\u0105, kurios d\u0117ka savo u\u017euolaidas gal\u0117site valdyti nuotoliniu b\u016bdu telefonu arba balsu, u\u017etikrinant komfort\u0105 ir efektyv\u0173 nam\u0173 automatizavim\u0105. Tinka tiek dienin\u0117ms, tiek naktin\u0117ms u\u017euolaidoms.&amp;nbsp;&lt;\/p&gt;<br \/>\n&lt;p style=&quot;text-align: justify;&quot;&gt;Svarbus &amp;scaron;io rinkinio bruo\u017eas yra i&amp;scaron;manioji program\u0117l\u0117 Tuya, kuri yra palaikoma Android ir iOS operacin\u0117se sistemose. \u012esidiegus &amp;scaron;i\u0105 program\u0117l\u0119 \u012f savo i&amp;scaron;man\u0173j\u012f telefon\u0105, gal\u0117site valdyti u\u017euolaidas nuotoliniu b\u016bdu. Program\u0117l\u0117je rasite patogius valdymo funkcijas, kurios leis jums atidaryti, u\u017edaryti arba sustabdyti u\u017euolaidas, taip pat nustatyti automatin\u012f valdymo re\u017eim\u0105, priklausomai nuo j\u016bs\u0173 poreiki\u0173.&amp;nbsp;&lt;\/p&gt;<br \/>\n&lt;p style=&quot;text-align: justify;&quot;&gt;&lt;strong&gt;Features and benefits:&lt;\/strong&gt;&lt;\/p&gt;<br \/>\n&lt;ul&gt;<br \/>\n&lt;li&gt;I&amp;scaron;manus u\u017euolaid\u0173 valdymas per Tuya aplikacij\u0105 (Android ir iOS);&lt;\/li&gt;<br \/>\n&lt;li&gt;Valdymas telefonu, plan&amp;scaron;ete arba balsu &amp;ndash; suderinamas su Alexa ir Google Home;&lt;\/li&gt;<br \/>\n&lt;li&gt;Automatinis u\u017euolaid\u0173 atidarymas ir u\u017edarymas nustatytu laiku;&lt;\/li&gt;<br \/>\n&lt;li&gt;Tylus veikimas &amp;ndash; iki 30 dB;&lt;\/li&gt;<br \/>\n&lt;li&gt;Galingas variklis &amp;ndash; paj\u0117gus judinti net iki 60 kg u\u017euolaidas;&lt;\/li&gt;<br \/>\n&lt;li&gt;Reguliuojamas b\u0117gelio ilgis iki 5.2 m &amp;ndash; tinka \u012fvairaus dyd\u017eio langams;&lt;\/li&gt;<br \/>\n&lt;li&gt;Lengvas montavimas &amp;ndash; tvirtinamas prie lub\u0173 ar sienos.&lt;\/li&gt;<br \/>\n&lt;\/ul&gt;<br \/>\n&lt;p style=&quot;text-align: justify;&quot;&gt;&amp;Scaron;is i&amp;scaron;manus u\u017euolaid\u0173 b\u0117gelis FS-CM05W-5W puikiai tinka tiek gyvenamosioms, tiek komercin\u0117ms patalpoms &amp;ndash; svetainei, miegamajam, biurui ar vie&amp;scaron;bu\u010diui. Valdymas vyksta per Tuya Smart aplikacij\u0105, kuri leid\u017eia planuoti veikimo laik\u0105, kurti scenarijus (pvz., &amp;bdquo;rytinis re\u017eimas&amp;ldquo;) ir valdyti visas funkcijas i&amp;scaron; bet kurios pasaulio vietos.&amp;nbsp;&lt;\/p&gt;<br \/>\n&lt;p style=&quot;text-align: justify;&quot;&gt;&lt;strong&gt;Technical characteristics:&lt;\/strong&gt;&lt;\/p&gt;<br \/>\n&lt;ul&gt;<br \/>\n&lt;li&gt;Modelis: Feelspot FS-CM05W-5W;&lt;\/li&gt;<br \/>\n&lt;li&gt;Maitinimas: AC100V-240 50\/60Hz;&lt;\/li&gt;<br \/>\n&lt;li&gt;Maksimali galia: 80W;&lt;\/li&gt;<br \/>\n&lt;li&gt;Maksimali apkrova: 60 kg;&lt;\/li&gt;<br \/>\n&lt;li&gt;Greitis: 18cm\/s;&lt;\/li&gt;<br \/>\n&lt;li&gt;Veikimo triuk&amp;scaron;mas 30dB;&lt;\/li&gt;<br \/>\n&lt;li&gt;Matmenys:&amp;nbsp;275 x 72 x 51 mm;&lt;\/li&gt;<br \/>\n&lt;li&gt;Apsaugos klas\u0117: IP41;&lt;\/li&gt;<br \/>\n&lt;li&gt;Galimas valdymas balsu su alexa ir google home.&lt;\/li&gt;<br \/>\n&lt;\/ul&gt;<br \/>\n&lt;p&gt;&lt;strong&gt;The package includes:&lt;\/strong&gt;&lt;\/p&gt;<br \/>\n&lt;ol&gt;<br \/>\n&lt;li&gt;U\u017euolaid\u0173 variklis;&lt;\/li&gt;<br \/>\n&lt;li&gt;Pavaros blokas;&lt;\/li&gt;<br \/>\n&lt;li&gt;Slankiklis;&lt;\/li&gt;<br \/>\n&lt;li&gt;B\u0117gelis;&lt;\/li&gt;<br \/>\n&lt;li&gt;Pagrindinis ve\u017eim\u0117lis;&lt;\/li&gt;<br \/>\n&lt;li&gt;Jungtis;&lt;\/li&gt;<br \/>\n&lt;li&gt;Dir\u017eas;&lt;\/li&gt;<br \/>\n&lt;li&gt;Tvirtinimo laikiklis;&lt;\/li&gt;<br \/>\n&lt;li&gt;Kilpos fiksatorius;&lt;\/li&gt;<br \/>\n&lt;li&gt;\u012etempiklio blokas (arba laisvosios eigos blokas).&lt;\/li&gt;<br \/>\n&lt;\/ol&gt;<br \/>\n&lt;p style=&quot;text-align: center;&quot;&gt;&lt;iframe src=&quot;https:\/\/www.youtube.com\/embed\/SHe8aVqKKeg?si=ij5PFpZ9ZbWujFZw&quot; frameborder=&quot;0&quot; width=&quot;560&quot; height=&quot;315&quot;&gt;&lt;\/iframe&gt;&lt;\/p&gt;<br \/>\n&lt;p&gt;&amp;nbsp;&lt;\/p&gt;<br \/>\n&lt;p&gt;&lt;em style=&quot;text-align: justify;&quot;&gt;&lt;strong&gt;Atsisi\u0173skite&amp;nbsp;&amp;bdquo;Tuya&amp;ldquo;&amp;nbsp;arba &amp;bdquo;Smart Life&amp;ldquo; program\u0117l\u0119 Android operacinei sistemai:&lt;\/strong&gt;&lt;\/em&gt;&lt;\/p&gt;<br \/>\n&lt;p style=&quot;text-align: justify;&quot;&gt;&lt;a href=&quot;https:\/\/play.google.com\/store\/apps\/details?id=com.tuya.smart&amp;amp;hl=lt&amp;amp;gl=US&quot; target=&quot;_blank&quot; rel=&quot;noopener&quot;&gt;&lt;img style=&quot;width: 80px; height: 80px;&quot; src=&quot;\/images\/Userfiles\/www.rubisolis.lt_tuya_app.png&quot; alt=&quot;&quot; \/&gt;&lt;\/a&gt;&amp;nbsp; &amp;nbsp;&lt;a href=&quot;https:\/\/play.google.com\/store\/apps\/details?id=com.tuya.smartlife&amp;amp;hl=lt&amp;amp;gl=US&amp;amp;pli=1&quot; target=&quot;_blank&quot; rel=&quot;noopener&quot;&gt;&lt;img style=&quot;width: 80px; height: 80px;&quot; src=&quot;\/images\/Userfiles\/www.rubisolis.lt_smart_life_app.png&quot; alt=&quot;&quot; \/&gt;&lt;\/a&gt;&lt;\/p&gt;<br \/>\n&lt;p style=&quot;text-align: justify;&quot;&gt;&lt;em&gt;&lt;strong&gt;Atsisi\u0173skite &amp;bdquo;Tuya&amp;ldquo; arba &amp;bdquo;Smart Life&amp;ldquo; program\u0117l\u0119 iOS operacinei sistemai:&amp;nbsp;&lt;\/strong&gt;&lt;\/em&gt;&lt;\/p&gt;<br \/>\n&lt;p style=&quot;text-align: justify;&quot;&gt;&lt;a href=&quot;https:\/\/apps.apple.com\/us\/app\/tuya-smart\/id1034649547&quot; target=&quot;_blank&quot; rel=&quot;noopener&quot;&gt;&lt;img style=&quot;width: 80px; height: 80px;&quot; src=&quot;\/images\/Userfiles\/www.rubisolis.lt_tuya_app.png&quot; alt=&quot;&quot; \/&gt;&lt;\/a&gt;&amp;nbsp; &amp;nbsp;&lt;a href=&quot;https:\/\/apps.apple.com\/us\/app\/smart-life-smart-living\/id1115101477&quot; target=&quot;_blank&quot; rel=&quot;noopener&quot;&gt;&lt;img style=&quot;width: 80px; height: 80px;&quot; src=&quot;\/images\/Userfiles\/www.rubisolis.lt_smart_life_app.png&quot; alt=&quot;&quot; \/&gt;&lt;\/a&gt;&lt;\/p&gt;<\/p>","protected":false},"excerpt":{"rendered":"<p>&lt;p style=&quot;text-align: justify;&quot;&gt;&lt;img src=&quot;https:\/\/rubisolis.multishop.lt\/images\/editor\/683ee3bd43ec2.jpg&quot; alt=&quot;&quot; width=&quot;800&quot; height=&quot;160&quot; \/&gt;&lt;\/p&gt; &lt;p style=&quot;text-align: justify;&quot;&gt;Feelspot FS-CM05W-5W i&amp;scaron;manusis elektrinis karnizas u\u017euolaidoms, sukurtas suteikti jums paprast\u0105<\/p>","protected":false},"featured_media":28805,"comment_status":"closed","ping_status":"open","template":"","meta":[],"product_brand":[],"product_cat":[23],"product_tag":[535],"class_list":{"0":"post-28803","1":"product","2":"type-product","3":"status-publish","4":"has-post-thumbnail","6":"product_cat-be-kategorijos","7":"product_tag-naujiena","9":"first","10":"onbackorder","11":"taxable","12":"shipping-taxable","13":"product-type-variable"},"_links":{"self":[{"href":"https:\/\/orotech.lt\/en\/wp-json\/wp\/v2\/product\/28803","targetHints":{"allow":["GET"]}}],"collection":[{"href":"https:\/\/orotech.lt\/en\/wp-json\/wp\/v2\/product"}],"about":[{"href":"https:\/\/orotech.lt\/en\/wp-json\/wp\/v2\/types\/product"}],"replies":[{"embeddable":true,"href":"https:\/\/orotech.lt\/en\/wp-json\/wp\/v2\/comments?post=28803"}],"version-history":[{"count":1,"href":"https:\/\/orotech.lt\/en\/wp-json\/wp\/v2\/product\/28803\/revisions"}],"predecessor-version":[{"id":28804,"href":"https:\/\/orotech.lt\/en\/wp-json\/wp\/v2\/product\/28803\/revisions\/28804"}],"wp:featuredmedia":[{"embeddable":true,"href":"https:\/\/orotech.lt\/en\/wp-json\/wp\/v2\/media\/28805"}],"wp:attachment":[{"href":"https:\/\/orotech.lt\/en\/wp-json\/wp\/v2\/media?parent=28803"}],"wp:term":[{"taxonomy":"product_brand","embeddable":true,"href":"https:\/\/orotech.lt\/en\/wp-json\/wp\/v2\/product_brand?post=28803"},{"taxonomy":"product_cat","embeddable":true,"href":"https:\/\/orotech.lt\/en\/wp-json\/wp\/v2\/product_cat?post=28803"},{"taxonomy":"product_tag","embeddable":true,"href":"https:\/\/orotech.lt\/en\/wp-json\/wp\/v2\/product_tag?post=28803"}],"curies":[{"name":"wp","href":"https:\/\/api.w.org\/{rel}","templated":true}]}}