{"id":28807,"date":"2025-09-09T09:35:03","date_gmt":"2025-09-09T09:35:03","guid":{"rendered":"https:\/\/orotech.lt\/standartines-naturalaus-sildymo-plokstes-ecosun-u\/"},"modified":"2025-09-10T06:50:07","modified_gmt":"2025-09-10T06:50:07","slug":"standartines-naturalaus-sildymo-plokstes-ecosun-u","status":"publish","type":"product","link":"https:\/\/orotech.lt\/en\/standartines-naturalaus-sildymo-plokstes-ecosun-u\/","title":{"rendered":"Standartin\u0117s nat\u016bralaus \u0161ildymo plok\u0161t\u0117s ECOSUN U"},"content":{"rendered":"<p>&lt;p style=&quot;text-align: justify;&quot;&gt;D\u0116MESIO! \u012e lubas \u012fleid\u017eiam\u0173 plok&amp;scaron;\u010di\u0173 ECOSUN U tvirtinimui yra reikalingas \u012fleid\u017eiamas r\u0117mas &lt;a href=&quot;https:\/\/www.rubisolis.lt\/aliumininis-remas-frame-skirtas-plokstems-ecosun-u&quot; target=&quot;_blank&quot; rel=&quot;noopener&quot;&gt;ECOSUN E&lt;\/a&gt;.&lt;\/p&gt;<br \/>\n&lt;p style=&quot;text-align: justify;&quot;&gt;&lt;span style=&quot;text-align: justify;&quot;&gt;Lubini\u0173 &amp;scaron;ildymo plok&amp;scaron;\u010di\u0173 ECOSUN &amp;scaron;iluma primena &amp;scaron;ilum\u0105, kuri\u0105 skleid\u017eia koklin\u0117 krosnis &amp;ndash; nat\u016braliai &amp;scaron;velnia, maloniai u\u017eliejan\u010dia infraraudon\u0173j\u0173 spinduli\u0173 &amp;scaron;iluma. Special\u016bs &lt;\/span&gt;&lt;strong style=&quot;text-align: justify;&quot;&gt;Thermoquartz ir Gravelly Snow&lt;\/strong&gt;&lt;span style=&quot;text-align: justify;&quot;&gt;* sluoksniai tolygiai paskirsto temperat\u016br\u0105 plok&amp;scaron;t\u0117s pavir&amp;scaron;iuje ir \u017eenkliai padidina &amp;scaron;ilumos atidavim\u0105 infraraudon\u0173j\u0173 spinduli\u0173 pavidalu.&lt;\/span&gt;&lt;\/p&gt;<br \/>\n&lt;p style=&quot;text-align: justify;&quot;&gt;&lt;span&gt;&lt;span&gt;&lt;span&gt;Nat\u016bralaus &amp;scaron;ildymo plok&amp;scaron;t\u0117s ECOSUN yra skirtos nam\u0173, but\u0173, biur\u0173, parduotuvi\u0173 bei kit\u0173 gyvenamosios ar visuomenin\u0117s paskirties patalp\u0173 &amp;scaron;ildymui. Jos taip pat gali su&amp;scaron;ildyti kasos kabinas ar suolus ba\u017eny\u010diose. Siekiant did\u017eiausio &amp;scaron;ildymo efektyvumo, &amp;scaron;ias plok&amp;scaron;tes rekomenduojama montuoti horizontalioje pad\u0117tyje, tiesiog &lt;\/span&gt;&lt;strong&gt;prie lub\u0173 arba integruojant \u012f &amp;bdquo;Armstrong&amp;ldquo; tipo pakabinam\u0173 lub\u0173 sistemas&lt;\/strong&gt;&lt;span&gt;. Be jokios abejon\u0117s, &amp;scaron;ias plok&amp;scaron;tes galima montuoti ir vertikaliai, tiesiai ant sien\u0173 &amp;ndash; i&amp;scaron;gauta energija n\u0117ra prarandama, ta\u010diau atsiranda daugiau konvekcijos.&lt;\/span&gt;&lt;\/span&gt;&lt;\/span&gt;&lt;\/p&gt;<br \/>\n&lt;p style=&quot;text-align: justify;&quot;&gt;&lt;br \/&gt;&lt;span&gt;&lt;span&gt;&lt;span&gt;Nat\u016bralaus &amp;scaron;ildymo plok&amp;scaron;t\u0117s ECOSUN gali b\u016bti \u012fvairi\u0173 dyd\u017ei\u0173, spalv\u0173, technini\u0173 versij\u0173 bei gali\u0173 (nuo 100 iki 1000 W).&amp;nbsp;&lt;\/span&gt;&lt;span&gt;Standarti&amp;scaron;kai &amp;scaron;ios plok&amp;scaron;t\u0117s yra baltos arba rudos spalvos. Kit\u0173 spalv\u0173 plok&amp;scaron;tes galima u\u017esisakyti pasirenkant i&amp;scaron; &lt;\/span&gt;&lt;u&gt;&lt;a href=&quot;http:\/\/www.fenixgroup.cz\/sites\/default\/files\/08_en_colour_ral_for_ecosun.pdf&quot;&gt;&lt;span&gt;gamintojo spalv\u0173 palet\u0117s&lt;\/span&gt;&lt;\/a&gt;&lt;\/u&gt;&lt;strong&gt;&lt;u&gt;&lt;span&gt;.&lt;\/span&gt;&lt;\/u&gt;&lt;span&gt;&amp;nbsp;&lt;\/span&gt;&lt;\/strong&gt;Laido ilgis: 1 m.&lt;\/span&gt;&lt;\/span&gt;&lt;br \/&gt;&amp;nbsp;&lt;\/p&gt;<br \/>\n&lt;p style=&quot;text-align: center;&quot;&gt;&lt;iframe src=&quot;https:\/\/www.youtube.com\/embed\/5OGSofTBPLk&quot; frameborder=&quot;0&quot; width=&quot;560&quot; height=&quot;315&quot;&gt;&lt;\/iframe&gt;&lt;\/p&gt;<br \/>\n&lt;p style=&quot;text-align: justify;&quot;&gt;&lt;strong&gt;ECOSUN U&lt;\/strong&gt; linijos plok&amp;scaron;t\u0117s yra universalios ir tinkamos montuoti prie lub\u0173 gyvenamosiose ir negyvenamosiose patalpose. Jas taip pat galima montuoti \u012f &amp;bdquo;Armstrong&amp;ldquo; tipo pakabinam\u0173 lub\u0173 sistemas.&amp;nbsp;&lt;strong&gt;&amp;nbsp;&lt;\/strong&gt;Garatija &amp;ndash; 5 metai.&lt;\/p&gt;<br \/>\n&lt;p style=&quot;text-align: justify;&quot;&gt;&lt;span&gt;&lt;span&gt;&lt;strong&gt;*&lt;\/strong&gt;&lt;strong&gt;Thermoquartz \/ Gravelly Snow&amp;nbsp;&lt;\/strong&gt;&lt;span&gt;&amp;ndash; registruotas prekinis \u017eenklas &amp;ndash; be anks\u010diau min\u0117to tolygaus temperat\u016bros paskirstymo ir \u017eenkliai padidinto &amp;scaron;ilumos atidavimo infraraudon\u0173j\u0173 spinduli\u0173 pavidalu, toks sluoksnis garantuoja produkto ilgaam\u017ei&amp;scaron;kum\u0105, technini\u0173 ir estetini\u0173 parametr\u0173 stabilum\u0105.&lt;\/span&gt;&lt;\/span&gt;&lt;\/span&gt;&lt;\/p&gt;<br \/>\n&lt;p style=&quot;text-align: justify;&quot;&gt;&lt;a class=&quot;catalogue&quot; href=&quot;\/en\/images\/Userfiles\/Naturalaus_sildymo_plosktes_U_ir_C_tipas.pdf\/&quot; target=&quot;blank&quot;&gt;Download product manual&lt;\/a&gt;&lt;\/p&gt;<\/p>","protected":false},"excerpt":{"rendered":"<p>&lt;p style=&quot;text-align: justify;&quot;&gt;D\u0116MESIO! \u012e lubas \u012fleid\u017eiam\u0173 plok&amp;scaron;\u010di\u0173 ECOSUN U tvirtinimui yra reikalingas \u012fleid\u017eiamas r\u0117mas &lt;a href=&quot;https:\/\/www.rubisolis.lt\/aliumininis-remas-frame-skirtas-plokstems-ecosun-u&quot; target=&quot;_blank&quot; rel=&quot;noopener&quot;&gt;ECOSUN E&lt;\/a&gt;.&lt;\/p&gt; &lt;p<\/p>","protected":false},"featured_media":28809,"comment_status":"closed","ping_status":"open","template":"","meta":[],"product_brand":[],"product_cat":[23],"product_tag":[535],"class_list":{"0":"post-28807","1":"product","2":"type-product","3":"status-publish","4":"has-post-thumbnail","6":"product_cat-be-kategorijos","7":"product_tag-naujiena","9":"first","10":"onbackorder","11":"taxable","12":"shipping-taxable","13":"product-type-variable"},"_links":{"self":[{"href":"https:\/\/orotech.lt\/en\/wp-json\/wp\/v2\/product\/28807","targetHints":{"allow":["GET"]}}],"collection":[{"href":"https:\/\/orotech.lt\/en\/wp-json\/wp\/v2\/product"}],"about":[{"href":"https:\/\/orotech.lt\/en\/wp-json\/wp\/v2\/types\/product"}],"replies":[{"embeddable":true,"href":"https:\/\/orotech.lt\/en\/wp-json\/wp\/v2\/comments?post=28807"}],"version-history":[{"count":1,"href":"https:\/\/orotech.lt\/en\/wp-json\/wp\/v2\/product\/28807\/revisions"}],"predecessor-version":[{"id":28808,"href":"https:\/\/orotech.lt\/en\/wp-json\/wp\/v2\/product\/28807\/revisions\/28808"}],"wp:featuredmedia":[{"embeddable":true,"href":"https:\/\/orotech.lt\/en\/wp-json\/wp\/v2\/media\/28809"}],"wp:attachment":[{"href":"https:\/\/orotech.lt\/en\/wp-json\/wp\/v2\/media?parent=28807"}],"wp:term":[{"taxonomy":"product_brand","embeddable":true,"href":"https:\/\/orotech.lt\/en\/wp-json\/wp\/v2\/product_brand?post=28807"},{"taxonomy":"product_cat","embeddable":true,"href":"https:\/\/orotech.lt\/en\/wp-json\/wp\/v2\/product_cat?post=28807"},{"taxonomy":"product_tag","embeddable":true,"href":"https:\/\/orotech.lt\/en\/wp-json\/wp\/v2\/product_tag?post=28807"}],"curies":[{"name":"wp","href":"https:\/\/api.w.org\/{rel}","templated":true}]}}