{"id":28827,"date":"2025-09-09T09:35:03","date_gmt":"2025-09-09T09:35:03","guid":{"rendered":"https:\/\/orotech.lt\/mobilus-oro-vesintuvas-trotec-pae-40-2\/"},"modified":"2025-09-10T06:50:09","modified_gmt":"2025-09-10T06:50:09","slug":"mobilus-oro-vesintuvas-trotec-pae-40-2","status":"publish","type":"product","link":"https:\/\/orotech.lt\/en\/mobilus-oro-vesintuvas-trotec-pae-40-2\/","title":{"rendered":"Mobile air cooler Trotec PAE 40"},"content":{"rendered":"<p>&lt;p style=&quot;text-align: justify;&quot;&gt;&lt;strong&gt;Oro v\u0117sintuvas Trotec PAE 40 &amp;ndash; keturi viename sprendimas visiems met\u0173 laikams&lt;br \/&gt;&lt;\/strong&gt;&lt;\/p&gt;<br \/>\n&lt;p style=&quot;text-align: justify;&quot;&gt;Ie&amp;scaron;kote efektyvaus b\u016bdo atsigaivinti kar&amp;scaron;tomis vasaros dienomis, pagerinti patalp\u0173 or\u0105 ar palaikyti tinkam\u0105 dr\u0117gm\u0117s lyg\u012f \u017eiem\u0105? &lt;strong&gt;Oro v\u0117sintuvas Trotec PAE 40&lt;\/strong&gt; &amp;ndash; tai 4-in-1 \u012frenginys, kuris vienu metu v\u0117sina, dr\u0117kina, gaivina bei valo or\u0105. Tai idealus pasirinkimas tiek namams, tiek biurui.&amp;nbsp;\u012erenginys efektyviai veikia iki 36 m&amp;sup2; arba 90 m&amp;sup3; ploto patalpose, o 370 m&amp;sup3;\/val. oro srautas ir 1.1 l\/val. garinimo na&amp;scaron;umas u\u017etikrina greit\u0105 v\u0117sinim\u0105 net ir kar&amp;scaron;\u010diausiomis dienomis.&amp;nbsp;&lt;\/p&gt;<br \/>\n&lt;p style=&quot;text-align: justify;&quot;&gt;&lt;strong&gt;V\u0117sina nat\u016braliai, be chemijos&lt;\/strong&gt;&lt;\/p&gt;<br \/>\n&lt;p style=&quot;text-align: justify;&quot;&gt;Skirtingai nei kondicionieriai, &amp;scaron;is &lt;strong&gt;air cooler&lt;\/strong&gt; nenaudoja joki\u0173 &amp;scaron;altne&amp;scaron;i\u0173 ar i&amp;scaron;metimo \u017earn\u0173. V\u0117sinimas vyksta nat\u016braliu garinimo b\u016bdu, kai &amp;scaron;iltas oras pereina per vandeniu prisotint\u0105 garinimo kilim\u0117l\u012f (medaus korio technologija). Rezultatas &amp;ndash; malonus, nat\u016bralus v\u0117sos poj\u016btis. Dar daugiau gaivos galima pasiekti naudojant ledo kubelius ar komplekte esan\u010dius ledo akumuliatorius.&lt;\/p&gt;<br \/>\n&lt;p style=&quot;text-align: justify;&quot;&gt;&lt;strong&gt;Oro dr\u0117kintuvas \u017eiemai&lt;\/strong&gt;&lt;\/p&gt;<br \/>\n&lt;p style=&quot;text-align: justify;&quot;&gt;&lt;strong&gt;Trotec PAE 40&lt;\/strong&gt; ne tik v\u0117sina, bet ir veikia kaip oro dr\u0117kintuvas, kuris ypa\u010d svarbus &amp;scaron;altuoju met\u0173 laiku. Dr\u0117kinant or\u0105 padedama apsaugoti kv\u0117pavimo takus, od\u0105 bei suma\u017einti virus\u0173 plitim\u0105. Optimali 40&amp;ndash;60 % oro dr\u0117gm\u0117 padeda palaikyti geresn\u0119 sveikat\u0105 ir savijaut\u0105.&lt;br \/&gt;Dvigubas oro valymas: filtras + jonizatorius&lt;\/p&gt;<br \/>\n&lt;p style=&quot;text-align: justify;&quot;&gt;&amp;Scaron;varus oras &amp;ndash; tai daugiau nei komfortas. Integruotas dulki\u0173 filtras sulaiko dulkes, plaukus, p\u016bkus, o \u012fjungiamas jonizatorius padeda suma\u017einti bakterij\u0173, virus\u0173, \u017eiedadulki\u0173 ir nemaloni\u0173 kvap\u0173 kiek\u012f ore. Tai ypa\u010d naudinga alergi&amp;scaron;kiems \u017emon\u0117ms ar &amp;scaron;eimoms su vaikais.&amp;nbsp;&lt;\/p&gt;<br \/>\n&lt;p style=&quot;text-align: justify;&quot;&gt;&lt;strong&gt;Advantages:&lt;\/strong&gt;&lt;\/p&gt;<br \/>\n&lt;ul&gt;<br \/>\n&lt;li&gt;4 ventiliatoriaus grei\u010diai &amp;ndash; pritaikykite oro sraut\u0105 pagal savo poreikius;&lt;\/li&gt;<br \/>\n&lt;li&gt;Automatin\u0117 horizontalioji ir vertikalioji s\u016bpyn\u0117 &amp;ndash; tolygiam oro paskirstymui visoje patalpoje;&lt;\/li&gt;<br \/>\n&lt;li&gt;Naktinis re\u017eimas &amp;ndash; tylus veikimas su palaipsniui ma\u017e\u0117jan\u010diu oro srautu, kad miegas b\u016bt\u0173 ramus;&lt;\/li&gt;<br \/>\n&lt;li&gt;Laikmatis iki 15 val. &amp;ndash; automatinis \u012fjungimas\/i&amp;scaron;jungimas taupant elektr\u0105;&lt;\/li&gt;<br \/>\n&lt;li&gt;Dvigubas oro valymas &amp;ndash; integruotas filtras ir jonizatorius;&lt;\/li&gt;<br \/>\n&lt;li&gt;LED ekranas, membranini\u0173 mygtuk\u0173 valdymas ir nuotolinio valdymo pultelis &amp;ndash; patogiam naudojimui i&amp;scaron; bet kur.&lt;\/li&gt;<br \/>\n&lt;\/ul&gt;<br \/>\n&lt;p style=&quot;text-align: justify;&quot;&gt;&lt;strong&gt;Technical characteristics:&lt;\/strong&gt;&lt;\/p&gt;<br \/>\n&lt;ul&gt;<br \/>\n&lt;li&gt;Tinka patalpoms iki: 36 m&amp;sup2; \/ 90 m&amp;sup3;;&lt;\/li&gt;<br \/>\n&lt;li&gt;Dr\u0117kinimo na&amp;scaron;umas: 1,1 l\/h;&lt;\/li&gt;<br \/>\n&lt;li&gt;Vandens rezervuaro talpa: 10 l;&amp;nbsp;&lt;\/li&gt;<br \/>\n&lt;li&gt;Oro srautas: 370&amp;nbsp;m&amp;sup3;\/h;&lt;\/li&gt;<br \/>\n&lt;li&gt;Ventiliatoriaus grei\u010diai: 4;&lt;\/li&gt;<br \/>\n&lt;li&gt;Oro srauto greitis: 8 m\/s;&lt;\/li&gt;<br \/>\n&lt;li&gt;\u012etampa: 220&amp;ndash;240 V \/ 50 Hz;&lt;\/li&gt;<br \/>\n&lt;li&gt;Energijos s\u0105naudos: 68 W;&lt;\/li&gt;<br \/>\n&lt;li&gt;Garso lygis 1 metro atstumu: 64 dB (A);&lt;\/li&gt;<br \/>\n&lt;li&gt;Temperat\u016bros veikimo ribos: nuo 5 &amp;deg;C iki 40 &amp;deg;C;&lt;\/li&gt;<br \/>\n&lt;li&gt;Matmenys: 380 x 310 x 760&amp;nbsp;mm;&lt;\/li&gt;<br \/>\n&lt;li&gt;Svoris: 10 kg;&lt;\/li&gt;<br \/>\n&lt;li&gt;Laido ilgis: 1,2 m.&lt;\/li&gt;<br \/>\n&lt;\/ul&gt;<br \/>\n&lt;p style=&quot;text-align: justify;&quot;&gt;&lt;a class=&quot;catalogue&quot; href=&quot;\/en\/images\/Userfiles\/www.rubisolis.lt_Mobilus_oro_vsintuvas_Trotec_PAE_40_instrukcija_air_cooler_Trotec_PAE_40_manual.pdf\/&quot; target=&quot;blank&quot;&gt;Download product manual&lt;\/a&gt;&lt;\/p&gt;<\/p>","protected":false},"excerpt":{"rendered":"<p>&lt;p style=&quot;text-align: justify;&quot;&gt;&lt;strong&gt;Oro v\u0117sintuvas Trotec PAE 40 &amp;ndash; keturi viename sprendimas visiems met\u0173 laikams&lt;br \/&gt;&lt;\/strong&gt;&lt;\/p&gt; &lt;p style=&quot;text-align: justify;&quot;&gt;Ie&amp;scaron;kote efektyvaus b\u016bdo<\/p>","protected":false},"featured_media":28829,"comment_status":"closed","ping_status":"open","template":"","meta":[],"product_brand":[],"product_cat":[23],"product_tag":[535],"class_list":{"0":"post-28827","1":"product","2":"type-product","3":"status-publish","4":"has-post-thumbnail","6":"product_cat-be-kategorijos","7":"product_tag-naujiena","9":"first","10":"onbackorder","11":"taxable","12":"shipping-taxable","13":"product-type-variable"},"_links":{"self":[{"href":"https:\/\/orotech.lt\/en\/wp-json\/wp\/v2\/product\/28827","targetHints":{"allow":["GET"]}}],"collection":[{"href":"https:\/\/orotech.lt\/en\/wp-json\/wp\/v2\/product"}],"about":[{"href":"https:\/\/orotech.lt\/en\/wp-json\/wp\/v2\/types\/product"}],"replies":[{"embeddable":true,"href":"https:\/\/orotech.lt\/en\/wp-json\/wp\/v2\/comments?post=28827"}],"version-history":[{"count":1,"href":"https:\/\/orotech.lt\/en\/wp-json\/wp\/v2\/product\/28827\/revisions"}],"predecessor-version":[{"id":28828,"href":"https:\/\/orotech.lt\/en\/wp-json\/wp\/v2\/product\/28827\/revisions\/28828"}],"wp:featuredmedia":[{"embeddable":true,"href":"https:\/\/orotech.lt\/en\/wp-json\/wp\/v2\/media\/28829"}],"wp:attachment":[{"href":"https:\/\/orotech.lt\/en\/wp-json\/wp\/v2\/media?parent=28827"}],"wp:term":[{"taxonomy":"product_brand","embeddable":true,"href":"https:\/\/orotech.lt\/en\/wp-json\/wp\/v2\/product_brand?post=28827"},{"taxonomy":"product_cat","embeddable":true,"href":"https:\/\/orotech.lt\/en\/wp-json\/wp\/v2\/product_cat?post=28827"},{"taxonomy":"product_tag","embeddable":true,"href":"https:\/\/orotech.lt\/en\/wp-json\/wp\/v2\/product_tag?post=28827"}],"curies":[{"name":"wp","href":"https:\/\/api.w.org\/{rel}","templated":true}]}}