{"id":28844,"date":"2025-09-09T09:35:03","date_gmt":"2025-09-09T09:35:03","guid":{"rendered":"https:\/\/orotech.lt\/tds-serijos-elektrinis-sildytuvas-trotec-tds-100\/"},"modified":"2025-09-10T06:50:11","modified_gmt":"2025-09-10T06:50:11","slug":"tds-serijos-elektrinis-sildytuvas-trotec-tds-100","status":"publish","type":"product","link":"https:\/\/orotech.lt\/en\/tds-serijos-elektrinis-sildytuvas-trotec-tds-100\/","title":{"rendered":"TDS serijos elektrinis \u0161ildytuvas Trotec TDS 100"},"content":{"rendered":"<p>&lt;p&gt;&lt;em&gt;Idealiai tinkantys stacionariam &amp;scaron;ildymui, pvz., statyb\u0173 pramon\u0117je, \u017eem\u0117s \u016bkyje ar atliekant da\u017eymo darbus.&lt;\/em&gt;&lt;\/p&gt;<br \/>\n&lt;p style=&quot;text-align: center;&quot;&gt;&lt;iframe src=&quot;https:\/\/www.youtube.com\/embed\/rXLTZMbt2hs&quot; frameborder=&quot;0&quot; width=&quot;560&quot; height=&quot;315&quot;&gt;&lt;\/iframe&gt;&lt;\/p&gt;<br \/>\n&lt;p&gt;&lt;strong&gt;TDS &amp;ndash; prakti&amp;scaron;ki elektriniai &amp;scaron;ildytuvai efektyviam &amp;scaron;ildymui&lt;\/strong&gt;&lt;br \/&gt;Prie&amp;scaron;ingai nei tiesioginiai dujiniai ar dyzeliniai &amp;scaron;ildymo prietaisai, elektriniai TDS serijos &amp;scaron;ildytuvai nenaudoja deguonies ir nei&amp;scaron;skiria &amp;scaron;alutini\u0173 degimo produkt\u0173, taigi gali b\u016bti naudojami prakti&amp;scaron;kai visur, o ypa\u010d tinka temperat\u016bros reguliavimui &amp;scaron;altose patalpose.&lt;br \/&gt;Galimyb\u0117 prietaisus montuoti ant sien\u0173 ar lub\u0173 leid\u017eia juos pla\u010diai taikyti, pvz., &amp;scaron;ildyti statyb\u0173 aik&amp;scaron;tel\u0117s gyvenam\u0105sias priekabas, b\u016bdeles, &amp;scaron;iltnamius, nedideles sales, gara\u017eus, dirbtuves, pastoges valtims ar tiesiog atliekant statybos darbus.&lt;br \/&gt;Integruoto termostato valdymo funkcijos d\u0117ka gaminam\u0105 &amp;scaron;ilto oro sraut\u0105 galima nuolatos pritaikyti norimai temperat\u016brai visuose TDS modeliuose.&lt;br \/&gt;TDS 10 modelyje termostato valdymo funkcijos d\u0117ka &amp;scaron;ildymo elementai \u012fjungiami veikti kartu su nuolatiniu ventiliatoriumi tik tuomet, kai to reikia.&lt;br \/&gt;Visi kiti TDS modeliai gali b\u016bti naudojami tik kaip ventiliatoriai be &amp;scaron;ildymo funkcijos. Jie gali i&amp;scaron;laikyti optimali\u0105 temperat\u016bros kontrol\u0119, i&amp;scaron;gaunam\u0105 d\u0117ka daugiapakop\u0117s elektros kontrol\u0117s, matuojant &amp;scaron;ilumos i&amp;scaron;eig\u0105 kartu su poreikiu.&lt;br \/&gt;&lt;em&gt;Trapecijos tipo ne&amp;scaron;imo rankenos leid\u017eia 400 V modelius u\u017ed\u0117ti vien\u0105 ant kito keliomis eil\u0117mis, ta\u010diau jie vis tiek i&amp;scaron;lieka stabil\u016bs. Kaip standartin\u0117 \u012franga montuojamas oro slopintuvas optimizuoja &amp;scaron;ilumos i&amp;scaron;leidim\u0105 ir garantuoja maksimal\u0173 na&amp;scaron;um\u0105. 100% Trotec, t.y. TDS serijos elektrinius &amp;scaron;ildytuvus galima \u012fsigyti tik i&amp;scaron; Trotec!&lt;\/em&gt;&lt;br \/&gt;&amp;nbsp;&lt;br \/&gt;&lt;strong&gt;Praktiniai priedai: &lt;\/strong&gt;lanks\u010diai naudojamus sien\u0173 ir lub\u0173 laikiklius galima papildomai \u012fsigyti visiems TDS modeliams.&lt;br \/&gt;&amp;nbsp;&lt;br \/&gt;&lt;strong&gt;Some practical features:&lt;\/strong&gt;&lt;\/p&gt;<br \/>\n&lt;ul&gt;<br \/>\n&lt;li&gt;Tobulinimas, dizainas ir gamyba &amp;ndash; 100&lt;em&gt;%&lt;\/em&gt; Trotec&lt;\/li&gt;<br \/>\n&lt;li&gt;Daugiapakop\u0117 temperat\u016bros kontrol\u0117 su iki trij\u0173 &amp;scaron;ildymo lygi\u0173&lt;\/li&gt;<br \/>\n&lt;li&gt;Integruotas termostatas nuolatinei &amp;scaron;ilto oro srovei&lt;\/li&gt;<br \/>\n&lt;li&gt;Apsauga nuo perkaitimo&lt;\/li&gt;<br \/>\n&lt;li&gt;Ventiliatoriaus motoras su &amp;scaron;ilumine apsauga&lt;\/li&gt;<br \/>\n&lt;li&gt;Nekondensuojama &amp;scaron;iluma &amp;ndash; jokio deguonies naudojimo; idealiai tinkami &amp;scaron;ildyti vidaus erdves&lt;\/li&gt;<br \/>\n&lt;li&gt;Ventiliatoriaus funkcija (i&amp;scaron;skyrus TDS 10 model\u012f)&lt;\/li&gt;<br \/>\n&lt;\/ul&gt;<br \/>\n&lt;p&gt;&amp;nbsp;&lt;br \/&gt;&lt;strong&gt;Special features:&lt;\/strong&gt;&lt;\/p&gt;<br \/>\n&lt;ul&gt;<br \/>\n&lt;li&gt;Tvirtinimo prie sien\u0173 ar lub\u0173 paruo&amp;scaron;imas&lt;\/li&gt;<br \/>\n&lt;li&gt;Viet\u0105 taupantis ir stabiliai pastatomas 400 V modelis&lt;\/li&gt;<br \/>\n&lt;li&gt;Oro slopintuvas kaip standartin\u0117 \u012franga&lt;\/li&gt;<br \/>\n&lt;li&gt;Valdikliai \u012fdubimuose &amp;ndash; d\u0117l apsaugos&lt;\/li&gt;<br \/>\n&lt;\/ul&gt;<br \/>\n&lt;p&gt;&amp;nbsp;&lt;br \/&gt;&lt;strong&gt;Patikimas &amp;scaron;ildymo sprendimas, pasi\u017eymintis optimaliu kainos ir kokyb\u0117s santykiu&lt;\/strong&gt;&lt;\/p&gt;<br \/>\n&lt;ul&gt;<br \/>\n&lt;li&gt;Statyb\u0173 aik&amp;scaron;teli\u0173 gyvenamosiose priekabose&lt;\/li&gt;<br \/>\n&lt;li&gt;&amp;Scaron;iltnamiuose&lt;\/li&gt;<br \/>\n&lt;li&gt;Val\u010di\u0173 pastog\u0117se&lt;\/li&gt;<br \/>\n&lt;li&gt;Gara\u017euose&lt;\/li&gt;<br \/>\n&lt;li&gt;B\u016bdel\u0117se&lt;\/li&gt;<br \/>\n&lt;li&gt;Dirbtuv\u0117se&lt;\/li&gt;<br \/>\n&lt;li&gt;Maitinimo \u012fstaigose&lt;\/li&gt;<br \/>\n&lt;li&gt;Sand\u0117liuose ir sal\u0117se&lt;\/li&gt;<br \/>\n&lt;li&gt;Laiv\u0173 statybos vietose&lt;\/li&gt;<br \/>\n&lt;\/ul&gt;<br \/>\n&lt;p&gt;&lt;img src=&quot;\/failai\/files\/images.png&quot; alt=&quot;&quot; \/&gt;&lt;\/p&gt;<\/p>","protected":false},"excerpt":{"rendered":"<p>&lt;p&gt;&lt;em&gt;Idealiai tinkantys stacionariam &amp;scaron;ildymui, pvz., statyb\u0173 pramon\u0117je, \u017eem\u0117s \u016bkyje ar atliekant da\u017eymo darbus.&lt;\/em&gt;&lt;\/p&gt; &lt;p style=&quot;text-align: center;&quot;&gt;&lt;iframe src=&quot;https:\/\/www.youtube.com\/embed\/rXLTZMbt2hs&quot; frameborder=&quot;0&quot; width=&quot;560&quot; height=&quot;315&quot;&gt;&lt;\/iframe&gt;&lt;\/p&gt;<\/p>","protected":false},"featured_media":28846,"comment_status":"closed","ping_status":"open","template":"","meta":[],"product_brand":[],"product_cat":[23],"product_tag":[535],"class_list":{"0":"post-28844","1":"product","2":"type-product","3":"status-publish","4":"has-post-thumbnail","6":"product_cat-be-kategorijos","7":"product_tag-naujiena","9":"first","10":"onbackorder","11":"taxable","12":"shipping-taxable","13":"product-type-variable"},"_links":{"self":[{"href":"https:\/\/orotech.lt\/en\/wp-json\/wp\/v2\/product\/28844","targetHints":{"allow":["GET"]}}],"collection":[{"href":"https:\/\/orotech.lt\/en\/wp-json\/wp\/v2\/product"}],"about":[{"href":"https:\/\/orotech.lt\/en\/wp-json\/wp\/v2\/types\/product"}],"replies":[{"embeddable":true,"href":"https:\/\/orotech.lt\/en\/wp-json\/wp\/v2\/comments?post=28844"}],"version-history":[{"count":1,"href":"https:\/\/orotech.lt\/en\/wp-json\/wp\/v2\/product\/28844\/revisions"}],"predecessor-version":[{"id":28845,"href":"https:\/\/orotech.lt\/en\/wp-json\/wp\/v2\/product\/28844\/revisions\/28845"}],"wp:featuredmedia":[{"embeddable":true,"href":"https:\/\/orotech.lt\/en\/wp-json\/wp\/v2\/media\/28846"}],"wp:attachment":[{"href":"https:\/\/orotech.lt\/en\/wp-json\/wp\/v2\/media?parent=28844"}],"wp:term":[{"taxonomy":"product_brand","embeddable":true,"href":"https:\/\/orotech.lt\/en\/wp-json\/wp\/v2\/product_brand?post=28844"},{"taxonomy":"product_cat","embeddable":true,"href":"https:\/\/orotech.lt\/en\/wp-json\/wp\/v2\/product_cat?post=28844"},{"taxonomy":"product_tag","embeddable":true,"href":"https:\/\/orotech.lt\/en\/wp-json\/wp\/v2\/product_tag?post=28844"}],"curies":[{"name":"wp","href":"https:\/\/api.w.org\/{rel}","templated":true}]}}