{"id":28853,"date":"2025-09-09T09:35:03","date_gmt":"2025-09-09T09:35:03","guid":{"rendered":"https:\/\/orotech.lt\/ventiliatorius-su-stovu-trotec-tve-25-s-2\/"},"modified":"2025-09-10T06:50:12","modified_gmt":"2025-09-10T06:50:12","slug":"ventiliatorius-su-stovu-trotec-tve-25-s-2","status":"publish","type":"product","link":"https:\/\/orotech.lt\/en\/ventiliatorius-su-stovu-trotec-tve-25-s-2\/","title":{"rendered":"Trotec TVE 25 S stand fan"},"content":{"rendered":"<p>&lt;p style=&quot;text-align: justify;&quot;&gt;&lt;strong&gt;Trotec TVE 25 S stand fan&lt;\/strong&gt; &ndash; an efficient, quiet and stylish cooling solution&lt;\/p&gt;<br \/>\n&lt;p style=&quot;text-align: justify;&quot;&gt;When temperatures start to rise in the spring or summer, it can become unbearably muggy at home and in the office. In such cases &lt;strong&gt;fan&lt;\/strong&gt; With the stand, the Trotec TVE 25 S becomes an indispensable assistant, ensuring a fresh air flow both day and night.&lt;\/p&gt;<br \/>\n&lt;p style=&quot;text-align: justify;&quot;&gt;&amp;Scaron;is auk&amp;scaron;tos kokyb\u0117s grindinis &lt;strong&gt;fan&lt;\/strong&gt; i&amp;scaron;siskiria ne tik moderniu dizainu, bet ir tyliu veikimu, galingu 40 W varikliu, reguliuojama&amp;nbsp;80&amp;deg;&amp;nbsp;kryptimi, 3 grei\u010dio lygiais, laikma\u010dio funkcija ir patogiu valdymu nuotoliniu pulteliu.&amp;nbsp;&lt;\/p&gt;<br \/>\n&lt;p style=&quot;text-align: justify;&quot;&gt;&lt;strong&gt;Fan &lt;\/strong&gt;Trotec TVE 25 S &amp;ndash; tai idealus pasirinkimas norintiems komforti&amp;scaron;ko, reguliuojamo ir ekonomi&amp;scaron;ko oro srauto tiek namuose, tiek darbo vietoje. Jis pasi\u017eymi puikiu kainos ir kokyb\u0117s santykiu, ilgaam\u017ei&amp;scaron;kumu bei ma\u017eomis eksploatacijos s\u0105naudomis.&amp;nbsp;&lt;\/p&gt;<br \/>\n&lt;p style=&quot;text-align: justify;&quot;&gt;&lt;strong&gt;Advantages:&lt;\/strong&gt;&lt;\/p&gt;<br \/>\n&lt;ul&gt;<br \/>\n&lt;li style=&quot;text-align: justify;&quot;&gt;Didelis oro srautas &amp;ndash; 40 cm skersmens ment\u0117s u\u017etikrina efektyvi\u0105 oro cirkuliacij\u0105 net didesn\u0117se patalpose;&lt;\/li&gt;<br \/>\n&lt;li style=&quot;text-align: justify;&quot;&gt;Tylus veikimas &amp;ndash; triuk&amp;scaron;mo lygis siekia tik iki 57 dB(A), tod\u0117l tinka naudoti net miegamajame;&lt;\/li&gt;<br \/>\n&lt;li style=&quot;text-align: justify;&quot;&gt;Reguliuojamas auk&amp;scaron;tis &amp;ndash; ventiliatoriaus auk&amp;scaron;tis reguliuojamas nuo 110 iki 130 cm;&lt;\/li&gt;<br \/>\n&lt;li style=&quot;text-align: justify;&quot;&gt;80&amp;deg; osciliacija &amp;ndash; automatinis horizontalaus sukimosi re\u017eimas vienodam oro paskirstymui;&lt;\/li&gt;<br \/>\n&lt;li style=&quot;text-align: justify;&quot;&gt;Laikma\u010dio funkcija &amp;ndash; galima nustatyti automatin\u012f i&amp;scaron;sijungim\u0105 po 1&amp;ndash;7 val;&lt;\/li&gt;<br \/>\n&lt;li style=&quot;text-align: justify;&quot;&gt;3 grei\u010dio re\u017eimai &amp;ndash; pasirinkite norim\u0105 v\u0117sinimo intensyvum\u0105;&lt;\/li&gt;<br \/>\n&lt;li style=&quot;text-align: justify;&quot;&gt;Nuotolinio valdymo pultas &amp;ndash; patogiam \u012fjungimui, grei\u010dio ir laikma\u010dio nustatymui;&lt;\/li&gt;<br \/>\n&lt;li style=&quot;text-align: justify;&quot;&gt;Reguliuojamas ventiliatoriaus kampas &amp;ndash; iki 30&amp;deg; pakreipimo;&lt;\/li&gt;<br \/>\n&lt;li style=&quot;text-align: justify;&quot;&gt;Lengvas transportuoti &amp;ndash; ventiliatorius sveria vos 5 kg ir turi patogi\u0105 ranken\u0105;&lt;\/li&gt;<br \/>\n&lt;li style=&quot;text-align: justify;&quot;&gt;Stilingas dizainas &amp;ndash; klasikin\u0117 balta spalva puikiai dera prie \u012fvairaus interjero.&amp;nbsp;&lt;\/li&gt;<br \/>\n&lt;\/ul&gt;<br \/>\n&lt;p style=&quot;text-align: justify;&quot;&gt;&lt;strong&gt;Technical characteristics:&lt;\/strong&gt;&lt;\/p&gt;<br \/>\n&lt;ul&gt;<br \/>\n&lt;li style=&quot;text-align: justify;&quot;&gt;Grei\u010dio lygiai: 3;&lt;\/li&gt;<br \/>\n&lt;li style=&quot;text-align: justify;&quot;&gt;Men\u010di\u0173 kiekis: 3;&lt;\/li&gt;<br \/>\n&lt;li style=&quot;text-align: justify;&quot;&gt;Menties skersmuo:&amp;nbsp;40 cm;&lt;\/li&gt;<br \/>\n&lt;li style=&quot;text-align: justify;&quot;&gt;Osciliacija (\u012f &amp;scaron;onus): 80&amp;deg;;&lt;\/li&gt;<br \/>\n&lt;li style=&quot;text-align: justify;&quot;&gt;Auk&amp;scaron;\u010dio reguliavimas: 110-130 cm;&lt;\/li&gt;<br \/>\n&lt;li style=&quot;text-align: justify;&quot;&gt;Galia: 40W;&lt;\/li&gt;<br \/>\n&lt;li style=&quot;text-align: justify;&quot;&gt;Laikmatis: iki 7 val.;&lt;\/li&gt;<br \/>\n&lt;li style=&quot;text-align: justify;&quot;&gt;Maitinimas:&amp;nbsp;220-240 V \/ 50 Hz;&lt;\/li&gt;<br \/>\n&lt;li style=&quot;text-align: justify;&quot;&gt;Maitinimo laido ilgis:&amp;nbsp;1,5 m;&lt;\/li&gt;<br \/>\n&lt;li style=&quot;text-align: justify;&quot;&gt;Garsas: 57 (dB(A));&lt;\/li&gt;<br \/>\n&lt;li style=&quot;text-align: justify;&quot;&gt;Svoris: 5,05 kg;&lt;\/li&gt;<br \/>\n&lt;li style=&quot;text-align: justify;&quot;&gt;Matmenys:435 x 435 x 1300 mm.&lt;\/li&gt;<br \/>\n&lt;\/ul&gt;<br \/>\n&lt;p&gt;&lt;a class=&quot;catalogue&quot; href=&quot;\/en\/images\/Userfiles\/Mobilus_ventiliatorius_Trotec_TVE_25_S_instrukcija.pdf\/&quot; target=&quot;blank&quot;&gt;Download product manual &lt;\/a&gt;&lt;\/p&gt;<\/p>","protected":false},"excerpt":{"rendered":"<p>&lt;p style=&quot;text-align: justify;&quot;&gt;&lt;strong&gt;Trotec TVE 25 S stand fan&lt;\/strong&gt; &ndash; an efficient, quiet and stylish cooling solution&lt;\/p&gt; &lt;p style=&quot;text-align: justify;&quot;&gt;Kai pavasar\u012f<\/p>","protected":false},"featured_media":28855,"comment_status":"closed","ping_status":"open","template":"","meta":[],"product_brand":[],"product_cat":[23],"product_tag":[535],"class_list":{"0":"post-28853","1":"product","2":"type-product","3":"status-publish","4":"has-post-thumbnail","6":"product_cat-be-kategorijos","7":"product_tag-naujiena","9":"first","10":"onbackorder","11":"taxable","12":"shipping-taxable","13":"product-type-variable"},"_links":{"self":[{"href":"https:\/\/orotech.lt\/en\/wp-json\/wp\/v2\/product\/28853","targetHints":{"allow":["GET"]}}],"collection":[{"href":"https:\/\/orotech.lt\/en\/wp-json\/wp\/v2\/product"}],"about":[{"href":"https:\/\/orotech.lt\/en\/wp-json\/wp\/v2\/types\/product"}],"replies":[{"embeddable":true,"href":"https:\/\/orotech.lt\/en\/wp-json\/wp\/v2\/comments?post=28853"}],"version-history":[{"count":1,"href":"https:\/\/orotech.lt\/en\/wp-json\/wp\/v2\/product\/28853\/revisions"}],"predecessor-version":[{"id":28854,"href":"https:\/\/orotech.lt\/en\/wp-json\/wp\/v2\/product\/28853\/revisions\/28854"}],"wp:featuredmedia":[{"embeddable":true,"href":"https:\/\/orotech.lt\/en\/wp-json\/wp\/v2\/media\/28855"}],"wp:attachment":[{"href":"https:\/\/orotech.lt\/en\/wp-json\/wp\/v2\/media?parent=28853"}],"wp:term":[{"taxonomy":"product_brand","embeddable":true,"href":"https:\/\/orotech.lt\/en\/wp-json\/wp\/v2\/product_brand?post=28853"},{"taxonomy":"product_cat","embeddable":true,"href":"https:\/\/orotech.lt\/en\/wp-json\/wp\/v2\/product_cat?post=28853"},{"taxonomy":"product_tag","embeddable":true,"href":"https:\/\/orotech.lt\/en\/wp-json\/wp\/v2\/product_tag?post=28853"}],"curies":[{"name":"wp","href":"https:\/\/api.w.org\/{rel}","templated":true}]}}