{"id":28886,"date":"2025-09-09T09:40:02","date_gmt":"2025-09-09T09:40:02","guid":{"rendered":"https:\/\/orotech.lt\/mobilus-oro-vesintuvas-brezza-fre10e\/"},"modified":"2025-09-10T06:50:16","modified_gmt":"2025-09-10T06:50:16","slug":"mobilus-oro-vesintuvas-brezza-fre10e","status":"publish","type":"product","link":"https:\/\/orotech.lt\/en\/mobilus-oro-vesintuvas-brezza-fre10e\/","title":{"rendered":"Mobilus oro v\u0117sintuvas BREZZA FRE10E"},"content":{"rendered":"<p>&lt;p style=&quot;text-align: justify;&quot;&gt;&lt;strong&gt;Efektyvus mobilus oro v\u0117sintuvas BREZZA FRE10E &amp;ndash; galingas sprendimas 100&amp;ndash;150 m&amp;sup2; patalpoms&lt;\/strong&gt;&lt;\/p&gt;<br \/>\n&lt;p style=&quot;text-align: justify;&quot;&gt;BREZZA FRE10E &amp;ndash; tai mobilus oro v\u0117sintuvas, sukurtas v\u0117sinti atviras ar pusiau atviras erdves be joki\u0173 papildom\u0173 montavimo darb\u0173. Galingas 10 000 m&amp;sup3;\/val. oro srautas ir 50 litr\u0173 talpos vandens bakas u\u017etikrina efektyv\u0173 veikim\u0105 net ir esant auk&amp;scaron;tai lauko temperat\u016brai. Idealiai tinka naudoti tiek viduje, tiek lauke &amp;ndash; nuo teras\u0173 iki gamybini\u0173 ar prekybini\u0173 patalp\u0173.&lt;\/p&gt;<br \/>\n&lt;p style=&quot;text-align: justify;&quot;&gt;&lt;strong&gt;Main advantages:&lt;\/strong&gt;&lt;\/p&gt;<br \/>\n&lt;ul&gt;<br \/>\n&lt;li style=&quot;text-align: justify;&quot;&gt;Didel\u0117 v\u0117sinimo zona &amp;ndash; 100&amp;ndash;150 m&amp;sup2;;&lt;\/li&gt;<br \/>\n&lt;li style=&quot;text-align: justify;&quot;&gt;Nereikalauja montavimo &amp;ndash; tiesiog pripildykite bak\u0105 vandeniu ir \u012fjunkite;&lt;\/li&gt;<br \/>\n&lt;li style=&quot;text-align: justify;&quot;&gt;Ekonomi&amp;scaron;kas &amp;ndash; tik 280 W suvartojamos galios;&lt;\/li&gt;<br \/>\n&lt;li style=&quot;text-align: justify;&quot;&gt;Tylus veikimas &amp;ndash; 60 dB &amp;ndash; tinka naudoti net &amp;scaron;alia klient\u0173 ar darbuotoj\u0173;&lt;\/li&gt;<br \/>\n&lt;li style=&quot;text-align: justify;&quot;&gt;Patogus mobilumas &amp;ndash; ratukai leid\u017eia lengvai perstumti \u012frengin\u012f;&lt;\/li&gt;<br \/>\n&lt;li style=&quot;text-align: justify;&quot;&gt;Sterilus oras &amp;ndash; UV lempa bakelyje naikina bakterijas ir pel\u0117sius;&lt;\/li&gt;<br \/>\n&lt;li style=&quot;text-align: justify;&quot;&gt;Apsauga nuo uod\u0173 &amp;ndash; ultragarsinis repelentas atbaido vabzd\u017eius;&lt;\/li&gt;<br \/>\n&lt;li style=&quot;text-align: justify;&quot;&gt;Nat\u016bralus v\u0117sinimas be freono ir i&amp;scaron;metimo \u017earn\u0173;&lt;\/li&gt;<br \/>\n&lt;li style=&quot;text-align: justify;&quot;&gt;Jutiklinis valdymo skydelis;&amp;nbsp;&lt;\/li&gt;<br \/>\n&lt;li style=&quot;text-align: justify;&quot;&gt;4 grei\u010diai: miego \/ auk&amp;scaron;tas \/ vidutinis \/ \u017eemas;&amp;nbsp;&lt;\/li&gt;<br \/>\n&lt;li style=&quot;text-align: justify;&quot;&gt;5 v\u0117sinimo plok&amp;scaron;t\u0117s;&lt;\/li&gt;<br \/>\n&lt;li style=&quot;text-align: justify;&quot;&gt;6 dulki\u0173 filtrai;&lt;\/li&gt;<br \/>\n&lt;li style=&quot;text-align: justify;&quot;&gt;Oro srauto reguliavimas &amp;ndash; horizontaliai, vertikaliai, de&amp;scaron;in\u0117n\/kair\u0117n;&lt;\/li&gt;<br \/>\n&lt;li style=&quot;text-align: justify;&quot;&gt;Laikmatis nuo 1 iki 24 val.&lt;\/li&gt;<br \/>\n&lt;\/ul&gt;<br \/>\n&lt;p style=&quot;text-align: justify;&quot;&gt;&lt;strong&gt;Kaip veikia BREZZA FRE10E?&lt;br \/&gt;&lt;\/strong&gt;&lt;\/p&gt;<br \/>\n&lt;p style=&quot;text-align: justify;&quot;&gt;BREZZA FRE10E veikia nat\u016bralaus i&amp;scaron;garinimo principu &amp;ndash; oras praeina pro dr\u0117gnas celiulioz\u0117s plok&amp;scaron;tes, kuriose kar&amp;scaron;tis absorbuojamas ir transformuojamas \u012f v\u0117s\u0105. &amp;Scaron;is procesas suma\u017eina jutimin\u0119 temperat\u016br\u0105 iki 5&amp;ndash;7 &amp;deg;C, sukurdamas gaiv\u0173, nat\u016bral\u0173 klimat\u0105. Be to, neigiam\u0173 jon\u0173 funkcija gerina oro kokyb\u0119 &amp;ndash; suma\u017e\u0117ja kvap\u0173, dulki\u0173 ir alergen\u0173 kiekis.&lt;\/p&gt;<br \/>\n&lt;p style=&quot;text-align: justify;&quot;&gt;&lt;strong&gt;Tinka naudoti:&lt;\/strong&gt;&lt;\/p&gt;<br \/>\n&lt;ul&gt;<br \/>\n&lt;li style=&quot;text-align: justify;&quot;&gt;Lauko kavin\u0117se ir restoranuose;&lt;\/li&gt;<br \/>\n&lt;li style=&quot;text-align: justify;&quot;&gt;Gamybin\u0117se patalpose ir sand\u0117liuose;&lt;\/li&gt;<br \/>\n&lt;li style=&quot;text-align: justify;&quot;&gt;Rengini\u0173 metu po palapin\u0117mis ar sk\u0117\u010diais;&lt;\/li&gt;<br \/>\n&lt;li style=&quot;text-align: justify;&quot;&gt;Sporto sal\u0117se, dirbtuv\u0117se ar prekybos vietose.&lt;\/li&gt;<br \/>\n&lt;\/ul&gt;<br \/>\n&lt;p style=&quot;text-align: justify;&quot;&gt;&lt;strong&gt;Patogus valdymas:&lt;\/strong&gt;&lt;\/p&gt;<br \/>\n&lt;p style=&quot;text-align: justify;&quot;&gt;Visas funkcijas galima reguliuoti skaitmeniniame ekrane arba su nuotolinio valdymo pultu, kuris \u012feina \u012f komplektacij\u0105. 12 ventiliatoriaus grei\u010di\u0173, temperat\u016bros jutiklis ir atminties funkcija leid\u017eia tiksliai pritaikyti v\u0117sinim\u0105 pagal poreik\u012f.&amp;nbsp;&lt;\/p&gt;<br \/>\n&lt;p style=&quot;text-align: justify;&quot;&gt;&lt;strong&gt;Technical information:&lt;\/strong&gt;&lt;\/p&gt;<br \/>\n&lt;ul&gt;<br \/>\n&lt;li style=&quot;text-align: justify;&quot;&gt;Tinkamas atvirose erdv\u0117se: 100-150 m&amp;sup2;;&lt;\/li&gt;<br \/>\n&lt;li style=&quot;text-align: justify;&quot;&gt;Maks. oro srautas: 10000 m&amp;sup3;\/val.;&lt;\/li&gt;<br \/>\n&lt;li style=&quot;text-align: justify;&quot;&gt;Vandens talpa: 50 l;&lt;\/li&gt;<br \/>\n&lt;li style=&quot;text-align: justify;&quot;&gt;Vandens s\u0105naudos: 2.8 l \/ h;&lt;\/li&gt;<br \/>\n&lt;li style=&quot;text-align: justify;&quot;&gt;Galia: 280 W;&lt;\/li&gt;<br \/>\n&lt;li style=&quot;text-align: justify;&quot;&gt;\u012etampa: 220-240 V;&lt;\/li&gt;<br \/>\n&lt;li style=&quot;text-align: justify;&quot;&gt;Garso lygis: 60 dB;&lt;\/li&gt;<br \/>\n&lt;li style=&quot;text-align: justify;&quot;&gt;\u012erenginio matmenys: 500 x 405 x 1500 mm;&lt;\/li&gt;<br \/>\n&lt;li style=&quot;text-align: justify;&quot;&gt;\u012erenginio svoris: 25 kg.&lt;\/li&gt;<br \/>\n&lt;\/ul&gt;<\/p>","protected":false},"excerpt":{"rendered":"<p>&lt;p style=&quot;text-align: justify;&quot;&gt;&lt;strong&gt;Efektyvus mobilus oro v\u0117sintuvas BREZZA FRE10E &amp;ndash; galingas sprendimas 100&amp;ndash;150 m&amp;sup2; patalpoms&lt;\/strong&gt;&lt;\/p&gt; &lt;p style=&quot;text-align: justify;&quot;&gt;BREZZA FRE10E &amp;ndash; tai<\/p>","protected":false},"featured_media":28888,"comment_status":"closed","ping_status":"open","template":"","meta":[],"product_brand":[],"product_cat":[23],"product_tag":[535],"class_list":{"0":"post-28886","1":"product","2":"type-product","3":"status-publish","4":"has-post-thumbnail","6":"product_cat-be-kategorijos","7":"product_tag-naujiena","9":"first","10":"onbackorder","11":"taxable","12":"shipping-taxable","13":"product-type-variable"},"_links":{"self":[{"href":"https:\/\/orotech.lt\/en\/wp-json\/wp\/v2\/product\/28886","targetHints":{"allow":["GET"]}}],"collection":[{"href":"https:\/\/orotech.lt\/en\/wp-json\/wp\/v2\/product"}],"about":[{"href":"https:\/\/orotech.lt\/en\/wp-json\/wp\/v2\/types\/product"}],"replies":[{"embeddable":true,"href":"https:\/\/orotech.lt\/en\/wp-json\/wp\/v2\/comments?post=28886"}],"version-history":[{"count":1,"href":"https:\/\/orotech.lt\/en\/wp-json\/wp\/v2\/product\/28886\/revisions"}],"predecessor-version":[{"id":28887,"href":"https:\/\/orotech.lt\/en\/wp-json\/wp\/v2\/product\/28886\/revisions\/28887"}],"wp:featuredmedia":[{"embeddable":true,"href":"https:\/\/orotech.lt\/en\/wp-json\/wp\/v2\/media\/28888"}],"wp:attachment":[{"href":"https:\/\/orotech.lt\/en\/wp-json\/wp\/v2\/media?parent=28886"}],"wp:term":[{"taxonomy":"product_brand","embeddable":true,"href":"https:\/\/orotech.lt\/en\/wp-json\/wp\/v2\/product_brand?post=28886"},{"taxonomy":"product_cat","embeddable":true,"href":"https:\/\/orotech.lt\/en\/wp-json\/wp\/v2\/product_cat?post=28886"},{"taxonomy":"product_tag","embeddable":true,"href":"https:\/\/orotech.lt\/en\/wp-json\/wp\/v2\/product_tag?post=28886"}],"curies":[{"name":"wp","href":"https:\/\/api.w.org\/{rel}","templated":true}]}}