{"id":28890,"date":"2025-09-09T09:40:02","date_gmt":"2025-09-09T09:40:02","guid":{"rendered":"https:\/\/orotech.lt\/mobilus-oro-vesintuvas-eco-fresh-air-fre40000\/"},"modified":"2025-09-10T06:50:17","modified_gmt":"2025-09-10T06:50:17","slug":"mobilus-oro-vesintuvas-eco-fresh-air-fre40000","status":"publish","type":"product","link":"https:\/\/orotech.lt\/en\/mobilus-oro-vesintuvas-eco-fresh-air-fre40000\/","title":{"rendered":"Mobilus oro v\u0117sintuvas ECO FRESH AIR FRE40000"},"content":{"rendered":"<p>&lt;p style=&quot;text-align: justify;&quot;&gt;Vanden\u012f i&amp;scaron;garinantis v\u0117sintuvas arba kitaip mobilus&lt;strong&gt; air cooler &lt;\/strong&gt;ECO FRESH AIR FR40000 pu\u010dia malon\u0173, v\u0117s\u0173 or\u0105 &amp;ndash; tarsi &amp;scaron;velnus v\u0117jelis p\u016bst\u0173 nuo e\u017eero. Tokiuose \u012frenginiuose &amp;scaron;iltas oras yra \u012fsiurbiamas per &amp;scaron;lapius v\u0117sinimo filtrus, kurie absorbuoja &amp;scaron;ilum\u0105 ir nat\u016braliai j\u012f atv\u0117sina bei sudr\u0117kina or\u0105 patalpoje. D\u0117ka integruot\u0173 ratuk\u0173, &amp;scaron;is \u012frenginys nereikalauja specialaus montavimo bei pasi\u017eymi patogiu naudojimu, tod\u0117l galite naudoti i&amp;scaron; karto ten, kur labiausiai to reikia.&amp;nbsp;Kompakti&amp;scaron;ko dyd\u017eio &lt;strong&gt;air cooler&lt;\/strong&gt; ECO FRESH AIR FRE40000 idealiai tinka tiek lauko, tiek vidaus aplinkai &amp;ndash; d\u0117l 40000 m&amp;sup3; per valand\u0105 oro na&amp;scaron;umo bei 200 litr\u0173 vandens rezervuaro, &amp;scaron;is \u012frenginys atv\u0117sins tiek lauko, tiek vidaus patalpas iki 700-900 m&amp;sup2; dyd\u017eio.&amp;nbsp;&lt;\/p&gt;<br \/>\n&lt;p style=&quot;text-align: justify;&quot;&gt;Galingas ventiliatorius i&amp;scaron;stumia v\u0117s\u0173 or\u0105 i&amp;scaron; v\u0117sintuvo \u012f aplink\u0105. &amp;Scaron;ioje technologijoje n\u0117ra naudojamas kompresorius, o oras atv\u0117sinamas nat\u016braliai, efektyviai ir svarbiausia nebrangiai.&lt;\/p&gt;<br \/>\n&lt;p style=&quot;text-align: justify;&quot;&gt;&lt;strong&gt;Air cooler&lt;\/strong&gt; ECO FRESH AIR FRE40000 puikiai tinka namuose, biuruose ar visuomenin\u0117se patalpose. ECO FRESH AIR FRE40000 idealiai tinka pramon\u0117s &amp;scaron;akoms, sand\u0117liams, darbo zonoms ir kt. Prie&amp;scaron;ingai nei kompresori\u0173 naudojan\u010diuose prietaisuose, &amp;scaron;iuose v\u0117sintuvuose n\u0117ra daug galios naudojan\u010di\u0173 komponent\u0173. Ma\u017ea galia leid\u017eia sutaupyti daug elektros energijos ir pinig\u0173. Tai kur kas ekonomi&amp;scaron;kesnis patalp\u0173 v\u0117sinimo b\u016bdas nei naudojant oro kondicionieri\u0173. Tereikia i&amp;scaron;pakuoti, pripildyti vandens, pastatyti &amp;scaron;alia atvir\u0173 dur\u0173 ar lango, \u012fjungti \u012f elektros tinkl\u0105 ir m\u0117gautis gaiviu ir v\u0117siu oru! Visas funkcijas galima valdyti skaitmeniniame ekrane arba su nuotolinio valdymo pultu, kuris \u012feina \u012f komplektacij\u0105. &amp;nbsp;&lt;\/p&gt;<br \/>\n&lt;p style=&quot;text-align: justify;&quot;&gt;Taip pat svarbu pamin\u0117ti, kad norint, jog &amp;scaron;ie prietaisai veikt\u0173 efektyviai, reik\u0117t\u0173 palikti atvir\u0105 lang\u0105 &amp;ndash; tod\u0117l j\u016bs\u0173 patalpa bus nuolat v\u0117dinama. Tai dar vienas \u017eenklus &amp;scaron;i\u0173 \u012frengini\u0173 prana&amp;scaron;umas prie&amp;scaron; \u012fprastus kondicionierius, kurie n\u0117ra efektyv\u016bs esant atviriems langams.&amp;nbsp;&lt;\/p&gt;<br \/>\n&lt;p style=&quot;text-align: justify;&quot;&gt;&lt;strong&gt;Antibacterial action&lt;br \/&gt;&lt;\/strong&gt;&lt;\/p&gt;<br \/>\n&lt;p style=&quot;text-align: justify;&quot;&gt;Eco Fresh Air oro v\u0117sintuv\u0173 vandens bakelyje sumontuota UV lempa sterilizuoja vanden\u012f ir neleid\u017eia susidaryti bakterijoms bei pel\u0117siams, tod\u0117l galite b\u016bti u\u017etikrinti, kad patalp\u0173 oras bus maksimaliai i&amp;scaron;valytas ir idealiai tiks alergij\u0105 turintiems.&lt;\/p&gt;<br \/>\n&lt;p style=&quot;text-align: justify;&quot;&gt;&lt;strong&gt;Operating principle&lt;br \/&gt;&lt;\/strong&gt;&lt;\/p&gt;<br \/>\n&lt;p style=&quot;text-align: justify;&quot;&gt;Mobile &lt;strong&gt;air cooler&lt;\/strong&gt; ECO FRESH AIR FRE40000 turi specialios celiulioz\u0117s plok&amp;scaron;tes, kurios v\u0117sinimo ciklo metu yra sudr\u0117kinamos bake esan\u010dio vandens. Ventiliatorius pritraukia kar&amp;scaron;t\u0105 aplinkos or\u0105 nukreipdamas j\u012f \u012f plok&amp;scaron;tes. Vandens i&amp;scaron;garinimo procese oras atnaujinamas, o \u012f aplink\u0105 i&amp;scaron;leid\u017eiamas jau atv\u0117sintas gaivus oras, suma\u017eindamas jutimin\u0119 temperat\u016br\u0105 iki 5 &amp;deg;C \/ 7 &amp;deg;C.&lt;\/p&gt;<br \/>\n&lt;p style=&quot;text-align: center;&quot;&gt;&lt;img style=&quot;width: 250px; height: 250px;&quot; src=&quot;\/images\/Userfiles\/www.rubisolis.lt_mobilus_oro_vesintuvas_breeze_fre_70.jpg&quot; alt=&quot;&quot; \/&gt;&lt;\/p&gt;<br \/>\n&lt;p&gt;&lt;strong&gt;Technical information:&lt;\/strong&gt;&lt;\/p&gt;<br \/>\n&lt;ul&gt;<br \/>\n&lt;li&gt;Maksimalus oro srautas: 40000 m&amp;sup3;\/h;&lt;\/li&gt;<br \/>\n&lt;li&gt;\u012etampa: 220-240 V;&lt;\/li&gt;<br \/>\n&lt;li&gt;Maitinimo laido ilgis 2.4 m;&lt;\/li&gt;<br \/>\n&lt;li&gt;Ventiliatoriaus tipas: a&amp;scaron;inis \/ 12 lygi\u0173;&lt;\/li&gt;<br \/>\n&lt;li&gt;Elektros s\u0105naudos: 850 W;&lt;\/li&gt;<br \/>\n&lt;li&gt;Tinkamas patalp\u0173 dydis: 700-900 m&amp;sup2;;&lt;\/li&gt;<br \/>\n&lt;li&gt;Vandens s\u0105naudos: 20-50 l\/h;&lt;\/li&gt;<br \/>\n&lt;li&gt;Garso&amp;nbsp;lygiai: 68 &amp;le; dB;&lt;\/li&gt;<br \/>\n&lt;li&gt;Vandens talpa: 200 l;&lt;\/li&gt;<br \/>\n&lt;li&gt;\u012erenginio matmenys: 1380 x 498 x 1800 mm;&lt;\/li&gt;<br \/>\n&lt;li&gt;\u012erenginio svoris: 99 kg.&lt;\/li&gt;<br \/>\n&lt;\/ul&gt;<br \/>\n&lt;p&gt;&lt;strong&gt;Advantages:&amp;nbsp;&lt;\/strong&gt;&lt;\/p&gt;<br \/>\n&lt;ul&gt;<br \/>\n&lt;li&gt;Ner\u016bdijan\u010dio plieno konstrukcija;&lt;\/li&gt;<br \/>\n&lt;li&gt;Antibakterinis vandens valymas UV spinduliais;&lt;\/li&gt;<br \/>\n&lt;li&gt;Jungtis prie vandens tiekimo sistemos;&amp;nbsp;&lt;\/li&gt;<br \/>\n&lt;li&gt;Vandens lygio indikatorius;&lt;\/li&gt;<br \/>\n&lt;li&gt;Dvigubas filtr\u0173 sluoksnis;&lt;\/li&gt;<br \/>\n&lt;li&gt;Didelis 7-men\u010di\u0173 ventiliatorius, 130 cm skersmens &amp;ndash; galingesniam v\u0117dinimui;&lt;\/li&gt;<br \/>\n&lt;li&gt;LCD ekranas;&lt;\/li&gt;<br \/>\n&lt;li&gt;Mobilumui u\u017etikrinti ratukai ir stabd\u017eiai;&lt;\/li&gt;<br \/>\n&lt;li&gt;Laikmatis;&lt;\/li&gt;<br \/>\n&lt;li&gt;Nuotolinis pultelis;&lt;\/li&gt;<br \/>\n&lt;li&gt;\u017dieminis apklotas.&amp;nbsp;&lt;\/li&gt;<br \/>\n&lt;\/ul&gt;<\/p>","protected":false},"excerpt":{"rendered":"<p>&lt;p style=&quot;text-align: justify;&quot;&gt;Vanden\u012f i&amp;scaron;garinantis v\u0117sintuvas arba kitaip mobilus&lt;strong&gt; air cooler &lt;\/strong&gt;ECO FRESH AIR FR40000 pu\u010dia malon\u0173, v\u0117s\u0173 or\u0105 &amp;ndash; tarsi<\/p>","protected":false},"featured_media":28892,"comment_status":"closed","ping_status":"open","template":"","meta":[],"product_brand":[],"product_cat":[23],"product_tag":[535],"class_list":{"0":"post-28890","1":"product","2":"type-product","3":"status-publish","4":"has-post-thumbnail","6":"product_cat-be-kategorijos","7":"product_tag-naujiena","9":"first","10":"onbackorder","11":"taxable","12":"shipping-taxable","13":"product-type-variable"},"_links":{"self":[{"href":"https:\/\/orotech.lt\/en\/wp-json\/wp\/v2\/product\/28890","targetHints":{"allow":["GET"]}}],"collection":[{"href":"https:\/\/orotech.lt\/en\/wp-json\/wp\/v2\/product"}],"about":[{"href":"https:\/\/orotech.lt\/en\/wp-json\/wp\/v2\/types\/product"}],"replies":[{"embeddable":true,"href":"https:\/\/orotech.lt\/en\/wp-json\/wp\/v2\/comments?post=28890"}],"version-history":[{"count":1,"href":"https:\/\/orotech.lt\/en\/wp-json\/wp\/v2\/product\/28890\/revisions"}],"predecessor-version":[{"id":28891,"href":"https:\/\/orotech.lt\/en\/wp-json\/wp\/v2\/product\/28890\/revisions\/28891"}],"wp:featuredmedia":[{"embeddable":true,"href":"https:\/\/orotech.lt\/en\/wp-json\/wp\/v2\/media\/28892"}],"wp:attachment":[{"href":"https:\/\/orotech.lt\/en\/wp-json\/wp\/v2\/media?parent=28890"}],"wp:term":[{"taxonomy":"product_brand","embeddable":true,"href":"https:\/\/orotech.lt\/en\/wp-json\/wp\/v2\/product_brand?post=28890"},{"taxonomy":"product_cat","embeddable":true,"href":"https:\/\/orotech.lt\/en\/wp-json\/wp\/v2\/product_cat?post=28890"},{"taxonomy":"product_tag","embeddable":true,"href":"https:\/\/orotech.lt\/en\/wp-json\/wp\/v2\/product_tag?post=28890"}],"curies":[{"name":"wp","href":"https:\/\/api.w.org\/{rel}","templated":true}]}}