{"id":28897,"date":"2025-09-09T09:40:02","date_gmt":"2025-09-09T09:40:02","guid":{"rendered":"https:\/\/orotech.lt\/mobilus-oro-kondicionierius-olimpia-splendid-dolceclima-10-hp-wifi-2\/"},"modified":"2025-09-10T06:50:18","modified_gmt":"2025-09-10T06:50:18","slug":"mobilus-oro-kondicionierius-olimpia-splendid-dolceclima-10-hp-wifi-2","status":"publish","type":"product","link":"https:\/\/orotech.lt\/en\/mobilus-oro-kondicionierius-olimpia-splendid-dolceclima-10-hp-wifi-2\/","title":{"rendered":"Mobilus oro kondicionierius Olimpia Splendid Dolceclima 10 HP WiFi"},"content":{"rendered":"<p>&lt;p&gt;&lt;strong&gt;Mobilus oro kondicionierius Dolceclima 10 HP WiFi &amp;ndash; v\u0117sinimas ir &amp;scaron;ildymas i&amp;scaron;tisus metus&lt;br \/&gt;&lt;\/strong&gt;&lt;\/p&gt;<br \/>\n&lt;p&gt;&lt;strong&gt;Mobile air conditioner Dolceclima 10 HP WiFi&lt;\/strong&gt;&lt;span&gt;&amp;nbsp;&lt;\/span&gt;&amp;ndash; tai i&amp;scaron;manus sprendimas j\u016bs\u0173 nam\u0173 mikroklimatui, veikiantis tiek vasar\u0105, tiek pereinamuoju laikotarpiu, kai reikia papildomo &amp;scaron;ilumos &amp;scaron;altinio. Integruota &amp;scaron;ilumos siurblio funkcija leid\u017eia naudoti &amp;scaron;\u012f \u012frengin\u012f ne tik v\u0117sinimui, bet ir &amp;scaron;ildymui, o integruotas WiFi modulis suteikia galimyb\u0119 visk\u0105 valdyti per i&amp;scaron;man\u0173j\u012f telefon\u0105 &amp;ndash; net ir b\u016bnant ne namuose.&amp;nbsp;&lt;\/p&gt;<br \/>\n&lt;p&gt;&lt;strong&gt;Technical information:&lt;\/strong&gt;&lt;\/p&gt;<br \/>\n&lt;ul&gt;<br \/>\n&lt;li&gt;Tinka patalpoms iki: 20-25 m&amp;sup2;;&lt;\/li&gt;<br \/>\n&lt;li&gt;Maksimali v\u0117sinimo galia (kW) \/ energijos efektyvumo klas\u0117: A;&lt;\/li&gt;<br \/>\n&lt;li&gt;&amp;Scaron;aldymo galia: 10.000 BTU;&amp;nbsp;&lt;\/li&gt;<br \/>\n&lt;li&gt;Nom. v\u0117sinimo galia: 2,6 kW;&lt;\/li&gt;<br \/>\n&lt;li&gt;&amp;Scaron;aldymo efektyvumo koeficientas: 2,6&amp;nbsp;EER;&lt;\/li&gt;<br \/>\n&lt;li&gt;Nom. &amp;scaron;ildymo galia: 2,0 kW;&amp;nbsp;&lt;\/li&gt;<br \/>\n&lt;li&gt;&amp;Scaron;aldymo efektyvumo koeficientas: 2,3 COP;&amp;nbsp;&lt;\/li&gt;<br \/>\n&lt;li&gt;Maks. sausinimo galia: 0,71 l\/h;&lt;\/li&gt;<br \/>\n&lt;li&gt;Triuk&amp;scaron;mo lygis: 65 dB(A);&lt;\/li&gt;<br \/>\n&lt;li&gt;Maitinimas: 220-240 \/ 50&amp;nbsp;V | Hz;&lt;\/li&gt;<br \/>\n&lt;li&gt;Au&amp;scaron;inimo med\u017eiaga: &amp;scaron;altne&amp;scaron;is R290 (0,195 kg)&lt;\/li&gt;<br \/>\n&lt;li&gt;Oro srautas: 350 \/ &#8211; \/ 290&amp;nbsp;m&amp;sup3;\/h;&lt;\/li&gt;<br \/>\n&lt;li&gt;Apsaugos klas\u0117:&amp;nbsp;IPX0;&lt;\/li&gt;<br \/>\n&lt;li&gt;Darb. temp. v\u0117sinimo metu (maks.): 35-24&amp;deg;C;&lt;\/li&gt;<br \/>\n&lt;li&gt;Darb. temp.&amp;nbsp;&amp;scaron;ildymo metu (maks.): 27-21,2&amp;deg;C;&lt;\/li&gt;<br \/>\n&lt;li&gt;Ortakis:&amp;nbsp;&amp;oslash; 150 mm \/ 1.5 m;&lt;\/li&gt;<br \/>\n&lt;li&gt;Matmenys:&amp;nbsp;350 x 705 x 353&amp;nbsp;mm&amp;nbsp;(be pakuot\u0117s);&lt;\/li&gt;<br \/>\n&lt;li&gt;Svoris: 23 kg (be pakuot\u0117s).&lt;\/li&gt;<br \/>\n&lt;\/ul&gt;<br \/>\n&lt;p&gt;&lt;a class=&quot;catalogue&quot; href=&quot;\/en\/images\/Userfiles\/Mobilus_kondicionierius_DOLCECLIMA_10_HP_WIFI_instrukcija.pdf\/&quot; target=&quot;blank&quot;&gt;Atsisi\u0173sti produkto bro&amp;scaron;i\u016br\u0105 &lt;\/a&gt;&lt;\/p&gt;<\/p>","protected":false},"excerpt":{"rendered":"<p>&lt;p&gt;&lt;strong&gt;Mobilus oro kondicionierius Dolceclima 10 HP WiFi &amp;ndash; v\u0117sinimas ir &amp;scaron;ildymas i&amp;scaron;tisus metus&lt;br \/&gt;&lt;\/strong&gt;&lt;\/p&gt; &lt;p&gt;&lt;strong&gt;Mobilus oro kondicionierius Dolceclima 10 HP<\/p>","protected":false},"featured_media":28899,"comment_status":"closed","ping_status":"open","template":"","meta":[],"product_brand":[],"product_cat":[23],"product_tag":[535],"class_list":{"0":"post-28897","1":"product","2":"type-product","3":"status-publish","4":"has-post-thumbnail","6":"product_cat-be-kategorijos","7":"product_tag-naujiena","9":"first","10":"onbackorder","11":"taxable","12":"shipping-taxable","13":"product-type-variable"},"_links":{"self":[{"href":"https:\/\/orotech.lt\/en\/wp-json\/wp\/v2\/product\/28897","targetHints":{"allow":["GET"]}}],"collection":[{"href":"https:\/\/orotech.lt\/en\/wp-json\/wp\/v2\/product"}],"about":[{"href":"https:\/\/orotech.lt\/en\/wp-json\/wp\/v2\/types\/product"}],"replies":[{"embeddable":true,"href":"https:\/\/orotech.lt\/en\/wp-json\/wp\/v2\/comments?post=28897"}],"version-history":[{"count":1,"href":"https:\/\/orotech.lt\/en\/wp-json\/wp\/v2\/product\/28897\/revisions"}],"predecessor-version":[{"id":28898,"href":"https:\/\/orotech.lt\/en\/wp-json\/wp\/v2\/product\/28897\/revisions\/28898"}],"wp:featuredmedia":[{"embeddable":true,"href":"https:\/\/orotech.lt\/en\/wp-json\/wp\/v2\/media\/28899"}],"wp:attachment":[{"href":"https:\/\/orotech.lt\/en\/wp-json\/wp\/v2\/media?parent=28897"}],"wp:term":[{"taxonomy":"product_brand","embeddable":true,"href":"https:\/\/orotech.lt\/en\/wp-json\/wp\/v2\/product_brand?post=28897"},{"taxonomy":"product_cat","embeddable":true,"href":"https:\/\/orotech.lt\/en\/wp-json\/wp\/v2\/product_cat?post=28897"},{"taxonomy":"product_tag","embeddable":true,"href":"https:\/\/orotech.lt\/en\/wp-json\/wp\/v2\/product_tag?post=28897"}],"curies":[{"name":"wp","href":"https:\/\/api.w.org\/{rel}","templated":true}]}}