{"id":28906,"date":"2025-09-09T09:40:02","date_gmt":"2025-09-09T09:40:02","guid":{"rendered":"https:\/\/orotech.lt\/hepa-filtras-oro-sausintuvui-valytuvui-trotec-ttk-64-hepa\/"},"modified":"2025-09-10T06:50:19","modified_gmt":"2025-09-10T06:50:19","slug":"hepa-filtras-oro-sausintuvui-valytuvui-trotec-ttk-64-hepa","status":"publish","type":"product","link":"https:\/\/orotech.lt\/en\/hepa-filtras-oro-sausintuvui-valytuvui-trotec-ttk-64-hepa\/","title":{"rendered":"HEPA filtras oro sausintuvui &#8211; valytuvui Trotec TTK 64 HEPA"},"content":{"rendered":"<p>&lt;p data-start=&quot;412&quot; data-end=&quot;707&quot;&gt;&lt;strong data-start=&quot;412&quot; data-end=&quot;428&quot;&gt;HEPA filter&lt;\/strong&gt;&lt;span&gt;&amp;nbsp;&lt;\/span&gt;yra vienas svarbiausi\u0173 oro sausintuvo&amp;ndash;valytuvo&lt;span&gt;&amp;nbsp;&lt;\/span&gt;&lt;strong data-start=&quot;476&quot; data-end=&quot;498&quot;&gt;Trotec TTK 64 HEPA&lt;\/strong&gt;&lt;span&gt;&amp;nbsp;&lt;\/span&gt;komponent\u0173. Jis u\u017etikrina, kad \u012frenginys ne tik ma\u017eint\u0173 dr\u0117gm\u0119 patalpoje, bet ir&lt;span&gt;&amp;nbsp;&lt;\/span&gt;&lt;strong data-start=&quot;580&quot; data-end=&quot;629&quot;&gt;valyt\u0173 or\u0105 nuo smulkiausi\u0173 kenksming\u0173 daleli\u0173&lt;\/strong&gt;. Naudojant &amp;scaron;\u012f filtr\u0105, oras tampa gaivesnis, &amp;scaron;varesnis ir sveikesnis kv\u0117puoti.&lt;\/p&gt;<br \/>\n&lt;p data-start=&quot;714&quot; data-end=&quot;756&quot;&gt;Efektyvus smulki\u0173j\u0173 daleli\u0173 sulaikymas&lt;\/p&gt;<br \/>\n&lt;p data-start=&quot;758&quot; data-end=&quot;853&quot;&gt;HEPA technologija pasi\u017eymi tuo, kad sulaiko net iki&lt;span&gt;&amp;nbsp;&lt;\/span&gt;&lt;strong data-start=&quot;810&quot; data-end=&quot;818&quot;&gt;99 %&lt;\/strong&gt;&lt;span&gt;&amp;nbsp;&lt;\/span&gt;ore esan\u010di\u0173 ter&amp;scaron;al\u0173, toki\u0173 kaip:&lt;\/p&gt;<br \/>\n&lt;ul&gt;<br \/>\n&lt;li data-start=&quot;758&quot; data-end=&quot;853&quot;&gt;smulkios dulki\u0173 dalel\u0117s;&lt;\/li&gt;<br \/>\n&lt;li data-start=&quot;758&quot; data-end=&quot;853&quot;&gt;\u017eiedadulk\u0117s;&lt;\/li&gt;<br \/>\n&lt;li data-start=&quot;908&quot; data-end=&quot;928&quot;&gt;pel\u0117sio sporos;&lt;\/li&gt;<br \/>\n&lt;li data-start=&quot;931&quot; data-end=&quot;965&quot;&gt;gyv\u016bn\u0173 plaukai ir pleiskanos;&lt;\/li&gt;<br \/>\n&lt;li data-start=&quot;968&quot; data-end=&quot;1004&quot;&gt;bakterijos ir kiti mikroorganizmai.&lt;\/li&gt;<br \/>\n&lt;\/ul&gt;<br \/>\n&lt;p data-start=&quot;1006&quot; data-end=&quot;1125&quot;&gt;Tai ypa\u010d naudinga&lt;span&gt;&amp;nbsp;&lt;\/span&gt;&lt;strong data-start=&quot;1024&quot; data-end=&quot;1068&quot;&gt;alergi&amp;scaron;kiems \u017emon\u0117ms, &amp;scaron;eimoms su vaikais&lt;\/strong&gt;&lt;span&gt;&amp;nbsp;&lt;\/span&gt;ar tiems, kurie r\u016bpinasi kokybi&amp;scaron;ku patalp\u0173 mikroklimatu.&lt;\/p&gt;<br \/>\n&lt;p data-start=&quot;1132&quot; data-end=&quot;1180&quot;&gt;Kod\u0117l svarbu reguliariai keisti HEPA filtr\u0105?&lt;\/p&gt;<br \/>\n&lt;p data-start=&quot;1182&quot; data-end=&quot;1387&quot;&gt;Laikui b\u0117gant, filtras u\u017esikem&amp;scaron;a ir jo efektyvumas ma\u017e\u0117ja. Rekomenduojama filtr\u0105 keisti kas&lt;span&gt;&amp;nbsp;&lt;\/span&gt;&lt;strong data-start=&quot;1274&quot; data-end=&quot;1290&quot;&gt;6&amp;ndash;12 m\u0117nesi\u0173&lt;\/strong&gt;, priklausomai nuo naudojimo intensyvumo ir aplinkos s\u0105lyg\u0173. Laiku pakeistas filtras u\u017etikrina:&lt;\/p&gt;<br \/>\n&lt;ul&gt;<br \/>\n&lt;li data-start=&quot;1390&quot; data-end=&quot;1430&quot;&gt;maksimali\u0105 \u012frenginio oro valymo gali\u0105;&lt;\/li&gt;<br \/>\n&lt;li data-start=&quot;1433&quot; data-end=&quot;1469&quot;&gt;stabil\u0173 sausintuvo&amp;ndash;valytuvo darb\u0105;&lt;\/li&gt;<br \/>\n&lt;li data-start=&quot;1472&quot; data-end=&quot;1508&quot;&gt;&amp;scaron;varesn\u012f ir sveikesn\u012f patalp\u0173 or\u0105.&lt;\/li&gt;<br \/>\n&lt;\/ul&gt;<br \/>\n&lt;p&gt;&lt;strong&gt;Technical characteristics:&lt;\/strong&gt;&lt;\/p&gt;<br \/>\n&lt;ul&gt;<br \/>\n&lt;li&gt;Tinkamas \u012frenginiui: oro sausintuvas&amp;ndash;valytuvas Trotec TTK 64 HEPA;&lt;\/li&gt;<br \/>\n&lt;li&gt;Ilgis: &lt;span&gt;245&lt;\/span&gt; mm;&lt;\/li&gt;<br \/>\n&lt;li&gt;Plotis:233 mm&lt;\/li&gt;<br \/>\n&lt;li&gt;Auk&amp;scaron;tis: 11 mm;&lt;\/li&gt;<br \/>\n&lt;li&gt;Tipas: HEPA.&lt;\/li&gt;<br \/>\n&lt;\/ul&gt;<\/p>","protected":false},"excerpt":{"rendered":"<p>&lt;p data-start=&quot;412&quot; data-end=&quot;707&quot;&gt;&lt;strong data-start=&quot;412&quot; data-end=&quot;428&quot;&gt;HEPA filter&lt;\/strong&gt;&lt;span&gt;&amp;nbsp;&lt;\/span&gt;yra vienas svarbiausi\u0173 oro sausintuvo&amp;ndash;valytuvo&lt;span&gt;&amp;nbsp;&lt;\/span&gt;&lt;strong data-start=&quot;476&quot; data-end=&quot;498&quot;&gt;Trotec TTK 64 HEPA&lt;\/strong&gt;&lt;span&gt;&amp;nbsp;&lt;\/span&gt;komponent\u0173. Jis u\u017etikrina, kad \u012frenginys ne<\/p>","protected":false},"featured_media":28908,"comment_status":"closed","ping_status":"open","template":"","meta":[],"product_brand":[],"product_cat":[23],"product_tag":[535],"class_list":{"0":"post-28906","1":"product","2":"type-product","3":"status-publish","4":"has-post-thumbnail","6":"product_cat-be-kategorijos","7":"product_tag-naujiena","9":"first","10":"onbackorder","11":"taxable","12":"shipping-taxable","13":"product-type-variable"},"_links":{"self":[{"href":"https:\/\/orotech.lt\/en\/wp-json\/wp\/v2\/product\/28906","targetHints":{"allow":["GET"]}}],"collection":[{"href":"https:\/\/orotech.lt\/en\/wp-json\/wp\/v2\/product"}],"about":[{"href":"https:\/\/orotech.lt\/en\/wp-json\/wp\/v2\/types\/product"}],"replies":[{"embeddable":true,"href":"https:\/\/orotech.lt\/en\/wp-json\/wp\/v2\/comments?post=28906"}],"version-history":[{"count":1,"href":"https:\/\/orotech.lt\/en\/wp-json\/wp\/v2\/product\/28906\/revisions"}],"predecessor-version":[{"id":28907,"href":"https:\/\/orotech.lt\/en\/wp-json\/wp\/v2\/product\/28906\/revisions\/28907"}],"wp:featuredmedia":[{"embeddable":true,"href":"https:\/\/orotech.lt\/en\/wp-json\/wp\/v2\/media\/28908"}],"wp:attachment":[{"href":"https:\/\/orotech.lt\/en\/wp-json\/wp\/v2\/media?parent=28906"}],"wp:term":[{"taxonomy":"product_brand","embeddable":true,"href":"https:\/\/orotech.lt\/en\/wp-json\/wp\/v2\/product_brand?post=28906"},{"taxonomy":"product_cat","embeddable":true,"href":"https:\/\/orotech.lt\/en\/wp-json\/wp\/v2\/product_cat?post=28906"},{"taxonomy":"product_tag","embeddable":true,"href":"https:\/\/orotech.lt\/en\/wp-json\/wp\/v2\/product_tag?post=28906"}],"curies":[{"name":"wp","href":"https:\/\/api.w.org\/{rel}","templated":true}]}}