{"id":28912,"date":"2025-09-09T09:40:02","date_gmt":"2025-09-09T09:40:02","guid":{"rendered":"https:\/\/orotech.lt\/hepa-filtras-oro-sausintuvui-valytuvui-trotec-ttk-99-hepa\/"},"modified":"2025-09-10T06:50:21","modified_gmt":"2025-09-10T06:50:21","slug":"hepa-filtras-oro-sausintuvui-valytuvui-trotec-ttk-99-hepa","status":"publish","type":"product","link":"https:\/\/orotech.lt\/en\/hepa-filtras-oro-sausintuvui-valytuvui-trotec-ttk-99-hepa\/","title":{"rendered":"HEPA filtras oro sausintuvui &#8211; valytuvui Trotec TTK 99 HEPA"},"content":{"rendered":"<p>&lt;p data-start=&quot;300&quot; data-end=&quot;352&quot;&gt;Patikima apsauga nuo dulki\u0173, alergen\u0173 ir ter&amp;scaron;al\u0173&lt;\/p&gt;<br \/>\n&lt;p data-start=&quot;354&quot; data-end=&quot;663&quot;&gt;&amp;Scaron;is originalus &lt;strong data-start=&quot;369&quot; data-end=&quot;404&quot;&gt;HEPA filtras Trotec TTK 99 HEPA&lt;\/strong&gt; oro sausintuvui &amp;ndash; valytuvui u\u017etikrina, kad prietaisas efektyviai ma\u017eint\u0173 dr\u0117gm\u0119 ir tuo pa\u010diu &lt;strong data-start=&quot;496&quot; data-end=&quot;541&quot;&gt;valyt\u0173 patalp\u0173 or\u0105 nuo kenksming\u0173 daleli\u0173&lt;\/strong&gt;. D\u0117l auk&amp;scaron;tos kokyb\u0117s filtravimo technologijos u\u017etikrinamas sveikesnis ir gaivesnis mikroklimatas J\u016bs\u0173 namuose ar biure.&lt;\/p&gt;<br \/>\n&lt;p data-start=&quot;670&quot; data-end=&quot;711&quot;&gt;Filtravimas, kuriuo galite pasitik\u0117ti&lt;\/p&gt;<br \/>\n&lt;p data-start=&quot;713&quot; data-end=&quot;853&quot;&gt;&lt;strong data-start=&quot;713&quot; data-end=&quot;734&quot;&gt;HEPA technologija&lt;\/strong&gt; geba sulaikyti itin smulkias ore esan\u010dias daleles &amp;ndash; net iki &lt;strong data-start=&quot;795&quot; data-end=&quot;803&quot;&gt;99 %&lt;\/strong&gt;. Tai rei&amp;scaron;kia, kad &amp;scaron;is filtras padeda pa&amp;scaron;alinti:&lt;\/p&gt;<br \/>\n&lt;ul&gt;<br \/>\n&lt;li&gt;ore sklandan\u010dias dulkes;&lt;\/li&gt;<br \/>\n&lt;li&gt;\u017eiedadulkes ir kitus alergenus;&lt;\/li&gt;<br \/>\n&lt;li&gt;pel\u0117sio sporas;&lt;\/li&gt;<br \/>\n&lt;li&gt;gyv\u016bn\u0173 plaukus bei pleiskanas;&lt;\/li&gt;<br \/>\n&lt;li&gt;tam tikras bakterijas ir mikroorganizmus.&lt;\/li&gt;<br \/>\n&lt;\/ul&gt;<br \/>\n&lt;p data-start=&quot;1038&quot; data-end=&quot;1069&quot;&gt;Kada reik\u0117t\u0173 keisti filtr\u0105?&lt;\/p&gt;<br \/>\n&lt;p data-start=&quot;1071&quot; data-end=&quot;1258&quot;&gt;Kad Trotec TTK 99 HEPA veikt\u0173 maksimaliu paj\u0117gumu, rekomenduojama filtr\u0105 keisti kas &lt;strong data-start=&quot;1155&quot; data-end=&quot;1171&quot;&gt;6&amp;ndash;12 m\u0117nesi\u0173&lt;\/strong&gt;, atsi\u017evelgiant \u012f naudojimo intensyvum\u0105 ir aplinkos s\u0105lygas. Laiku pakeistas filtras:&lt;\/p&gt;<br \/>\n&lt;ul&gt;<br \/>\n&lt;li&gt;palaiko auk&amp;scaron;t\u0105 oro valymo kokyb\u0119,&lt;\/li&gt;<br \/>\n&lt;li&gt;prailgina \u012frenginio tarnavimo laik\u0105,&lt;\/li&gt;<br \/>\n&lt;li&gt;u\u017etikrina &amp;scaron;var\u0173 ir sveik\u0105 mikroklimat\u0105 kasdien.&lt;\/li&gt;<br \/>\n&lt;\/ul&gt;<br \/>\n&lt;p&gt;&lt;strong&gt;Technical characteristics:&lt;\/strong&gt;&lt;\/p&gt;<br \/>\n&lt;ul&gt;<br \/>\n&lt;li&gt;Tinkamas \u012frenginiui: oro sausintuvas&amp;ndash;valytuvas Trotec TTK 99 HEPA;&lt;\/li&gt;<br \/>\n&lt;li&gt;Ilgis: &lt;span&gt;260&lt;\/span&gt;&amp;nbsp;mm;&lt;\/li&gt;<br \/>\n&lt;li&gt;Plotis: 185 mm&lt;\/li&gt;<br \/>\n&lt;li&gt;Auk&amp;scaron;tis: 10 mm;&lt;\/li&gt;<br \/>\n&lt;li&gt;Tipas: HEPA.&lt;\/li&gt;<br \/>\n&lt;\/ul&gt;<\/p>","protected":false},"excerpt":{"rendered":"<p>&lt;p data-start=&quot;300&quot; data-end=&quot;352&quot;&gt;Patikima apsauga nuo dulki\u0173, alergen\u0173 ir ter&amp;scaron;al\u0173&lt;\/p&gt; &lt;p data-start=&quot;354&quot; data-end=&quot;663&quot;&gt;&amp;Scaron;is originalus &lt;strong data-start=&quot;369&quot; data-end=&quot;404&quot;&gt;HEPA filtras Trotec TTK 99<\/p>","protected":false},"featured_media":28914,"comment_status":"closed","ping_status":"open","template":"","meta":[],"product_brand":[],"product_cat":[23],"product_tag":[535],"class_list":{"0":"post-28912","1":"product","2":"type-product","3":"status-publish","4":"has-post-thumbnail","6":"product_cat-be-kategorijos","7":"product_tag-naujiena","9":"first","10":"onbackorder","11":"taxable","12":"shipping-taxable","13":"product-type-variable"},"_links":{"self":[{"href":"https:\/\/orotech.lt\/en\/wp-json\/wp\/v2\/product\/28912","targetHints":{"allow":["GET"]}}],"collection":[{"href":"https:\/\/orotech.lt\/en\/wp-json\/wp\/v2\/product"}],"about":[{"href":"https:\/\/orotech.lt\/en\/wp-json\/wp\/v2\/types\/product"}],"replies":[{"embeddable":true,"href":"https:\/\/orotech.lt\/en\/wp-json\/wp\/v2\/comments?post=28912"}],"version-history":[{"count":1,"href":"https:\/\/orotech.lt\/en\/wp-json\/wp\/v2\/product\/28912\/revisions"}],"predecessor-version":[{"id":28913,"href":"https:\/\/orotech.lt\/en\/wp-json\/wp\/v2\/product\/28912\/revisions\/28913"}],"wp:featuredmedia":[{"embeddable":true,"href":"https:\/\/orotech.lt\/en\/wp-json\/wp\/v2\/media\/28914"}],"wp:attachment":[{"href":"https:\/\/orotech.lt\/en\/wp-json\/wp\/v2\/media?parent=28912"}],"wp:term":[{"taxonomy":"product_brand","embeddable":true,"href":"https:\/\/orotech.lt\/en\/wp-json\/wp\/v2\/product_brand?post=28912"},{"taxonomy":"product_cat","embeddable":true,"href":"https:\/\/orotech.lt\/en\/wp-json\/wp\/v2\/product_cat?post=28912"},{"taxonomy":"product_tag","embeddable":true,"href":"https:\/\/orotech.lt\/en\/wp-json\/wp\/v2\/product_tag?post=28912"}],"curies":[{"name":"wp","href":"https:\/\/api.w.org\/{rel}","templated":true}]}}