{"id":28915,"date":"2025-09-09T09:45:02","date_gmt":"2025-09-09T09:45:02","guid":{"rendered":"https:\/\/orotech.lt\/mobilus-oro-kondicionierius-trotec-pac-3501-s-wifi-2\/"},"modified":"2025-09-10T06:50:22","modified_gmt":"2025-09-10T06:50:22","slug":"mobilus-oro-kondicionierius-trotec-pac-3501-s-wifi-2","status":"publish","type":"product","link":"https:\/\/orotech.lt\/en\/mobilus-oro-kondicionierius-trotec-pac-3501-s-wifi-2\/","title":{"rendered":"Mobile air conditioner Trotec PAC 3501 S WiFi"},"content":{"rendered":"<p>&lt;p&gt;&lt;img style=&quot;width: 1000px; height: 234px;&quot; src=&quot;\/images\/Userfiles\/pac_3500_s_pailgas_baneris.jpg&quot; alt=&quot;&quot; \/&gt;&lt;\/p&gt;<br \/>\n&lt;p style=&quot;text-align: justify;&quot;&gt;Jei nenorite kent\u0117ti nuo vasaros kar&amp;scaron;\u010di\u0173, pasikliaukite greitu ir efektyviu mobiliu oro kondicionieriumi &lt;strong&gt;Trotec PAC 3501 S WiFi&lt;\/strong&gt;. &lt;strong&gt;Mobile air conditioner Trotec PAC 3501 S WiFi&amp;nbsp;&lt;\/strong&gt;idealiai tinka patalpoms iki 46 m&amp;sup2; arba 115 m&amp;sup3;. Su 3,5 kW (12 000 BTU\/h) v\u0117sinimo galia jis u\u017etikrina optimali\u0105 temperat\u016br\u0105 tiek namuose, tiek biure, vie&amp;scaron;bu\u010dio kambaryje, jogos studijoje ar parduotuv\u0117je. WiFi valdymas, nuotolinio valdymo pultas, 24 valand\u0173 laikmatis ir naktinis re\u017eimas suteikia maksimal\u0173 komfort\u0105 kasdieniam naudojimui. Trotec PAC 3501 S WiFi leid\u017eia nustatyti norim\u0105 temperat\u016br\u0105 nuo 16&amp;deg;C iki 31&amp;deg;C. Pasiekus pageidaujam\u0105 lyg\u012f, \u012frenginys automati&amp;scaron;kai i&amp;scaron;sijungia, taupydamas energij\u0105. Swing funkcija u\u017etikrina tolyg\u0173 oro pasiskirstym\u0105 visoje patalpoje.&amp;nbsp;&lt;\/p&gt;<br \/>\n&lt;p style=&quot;text-align: justify;&quot;&gt;&lt;strong&gt;Advantages:&lt;\/strong&gt;&lt;\/p&gt;<br \/>\n&lt;ul&gt;<br \/>\n&lt;li&gt;Efektyvus v\u0117sinimas &amp;ndash; 3,5 kW galia u\u017etikrina greit\u0105 patalpos atv\u0117sinim\u0105;&lt;\/li&gt;<br \/>\n&lt;li&gt;Pla\u010dios pritaikymo galimyb\u0117s &amp;ndash; tinka patalpoms iki 46 m&amp;sup2; \/ 115 m&amp;sup3;;&lt;\/li&gt;<br \/>\n&lt;li&gt;3-in-1 funkcionalumas &amp;ndash; v\u0117sinimas, v\u0117dinimas, oro sausinimas;&lt;\/li&gt;<br \/>\n&lt;li&gt;I&amp;scaron;manus valdymas &amp;ndash; WiFi funkcija, LED ekranas ir nuotolinio valdymo pultas;&lt;\/li&gt;<br \/>\n&lt;li&gt;Ekologi&amp;scaron;kas sprendimas &amp;ndash; R290 &amp;scaron;altne&amp;scaron;is, ma\u017einantis poveik\u012f aplinkai;&lt;\/li&gt;<br \/>\n&lt;li&gt;Tylus veikimas &amp;ndash; komforti&amp;scaron;kam poilsiui ir darbui;&lt;\/li&gt;<br \/>\n&lt;li&gt;Mobilumas &amp;ndash; lengvai perkeliamas, nereikia sud\u0117tingo montavimo;&lt;\/li&gt;<br \/>\n&lt;li&gt;&lt;span style=&quot;text-align: justify;&quot;&gt;Nuotolinis valdymas &amp;ndash; reguliuokite temperat\u016br\u0105 per program\u0117l\u0119 ar pultel\u012f;&lt;\/span&gt;&lt;\/li&gt;<br \/>\n&lt;li&gt;24 valand\u0173 laikmatis &amp;ndash; programuokite \u012fjungim\u0105\/i&amp;scaron;jungim\u0105 pagal savo dienotvark\u0119;&lt;\/li&gt;<br \/>\n&lt;li&gt;Naktinis re\u017eimas &amp;ndash; optimalus temperat\u016bros reguliavimas ramiam miegui;&lt;\/li&gt;<br \/>\n&lt;li&gt;Lengvai valomas filtras &amp;ndash; apsaugo nuo dulki\u0173 ir alergen\u0173.&lt;\/li&gt;<br \/>\n&lt;\/ul&gt;<br \/>\n&lt;p style=&quot;text-align: justify;&quot;&gt;&lt;strong&gt;3 operating modes:&lt;\/strong&gt;&lt;\/p&gt;<br \/>\n&lt;ul&gt;<br \/>\n&lt;li&gt;V\u0117sinimas &amp;ndash; greitas ir efektyvus patalpos atv\u0117sinimas;&lt;\/li&gt;<br \/>\n&lt;li&gt;&lt;span style=&quot;text-align: justify;&quot;&gt;V\u0117dinimas &amp;ndash; oro cirkuliacija be papildomo v\u0117sinimo;&lt;\/span&gt;&lt;\/li&gt;<br \/>\n&lt;li&gt;&lt;span style=&quot;text-align: justify;&quot;&gt;Oh&lt;\/span&gt;ro sausinimas &amp;ndash; pa&amp;scaron;alina perteklin\u0119 dr\u0117gm\u0119, neleid\u017eia susidaryti pel\u0117siui.&lt;\/li&gt;<br \/>\n&lt;\/ul&gt;<br \/>\n&lt;p style=&quot;text-align: justify;&quot;&gt;T&lt;strong&gt;Technical data:&amp;nbsp;&lt;\/strong&gt;&lt;\/p&gt;<br \/>\n&lt;ul&gt;<br \/>\n&lt;li&gt;Tinkamas patalpoms: iki 46 m&amp;sup2; \/ 115 m&amp;sup3;;&lt;\/li&gt;<br \/>\n&lt;li&gt;Maks. oro srautas: 340 m&amp;sup3;\/h;&lt;\/li&gt;<br \/>\n&lt;li&gt;Max. oro sausinimas:&amp;nbsp;1.3&amp;nbsp;l\/val.;&amp;nbsp;&lt;\/li&gt;<br \/>\n&lt;li&gt;Maks. v\u0117sinimo galia: 3.5 kW;&lt;\/li&gt;<br \/>\n&lt;li&gt;\u012evesties galia: 1.4 kW;&lt;\/li&gt;<br \/>\n&lt;li&gt;Energijos suvartojimas: 5.9 A;&amp;nbsp;&lt;\/li&gt;<br \/>\n&lt;li&gt;Efektyvaus veikimo temp.: 16-35&amp;deg;C;&lt;\/li&gt;<br \/>\n&lt;li&gt;Au&amp;scaron;inimo med\u017eiaga: R290:&lt;\/li&gt;<br \/>\n&lt;li&gt;Au&amp;scaron;inimo med\u017eiagos kiekis:&amp;nbsp;0.226 kg;&lt;\/li&gt;<br \/>\n&lt;li&gt;\u012etampa: 220 &#8211; 240 \/ 50 V\/Hz;&amp;nbsp;&lt;\/li&gt;<br \/>\n&lt;li&gt;Garso lygis 1 m atstumu: 54 dB(A);&amp;nbsp;&lt;\/li&gt;<br \/>\n&lt;li&gt;\u012erenginio matmenys: 335 x 410 x 715 mm;&lt;\/li&gt;<br \/>\n&lt;li&gt;\u012erenginio svoris: 30 kg;&lt;\/li&gt;<br \/>\n&lt;li&gt;Maitinimo kabelio tipas, ilgas:&amp;nbsp;CEE 7\/7, 1.8 m.&lt;\/li&gt;<br \/>\n&lt;\/ul&gt;<br \/>\n&lt;p style=&quot;text-align: justify;&quot;&gt;&lt;a class=&quot;catalogue&quot; href=&quot;\/en\/images\/Userfiles\/www.rubisolis.lt_mobilus_oro_kondicionierius_Trotec_Local_air_conditioner_PAC_3501_S_WiFi_Local_air_conditioner_PAC_3501_S_WiFi.pdf\/&quot; target=&quot;blank&quot;&gt;Download product manual&lt;\/a&gt;&lt;\/p&gt;<\/p>","protected":false},"excerpt":{"rendered":"<p>&lt;p&gt;&lt;img style=&quot;width: 1000px; height: 234px;&quot; src=&quot;\/images\/Userfiles\/pac_3500_s_pailgas_baneris.jpg&quot; alt=&quot;&quot; \/&gt;&lt;\/p&gt; &lt;p style=&quot;text-align: justify;&quot;&gt;Jei nenorite kent\u0117ti nuo vasaros kar&amp;scaron;\u010di\u0173, pasikliaukite greitu ir efektyviu<\/p>","protected":false},"featured_media":28917,"comment_status":"closed","ping_status":"open","template":"","meta":[],"product_brand":[],"product_cat":[23],"product_tag":[535],"class_list":{"0":"post-28915","1":"product","2":"type-product","3":"status-publish","4":"has-post-thumbnail","6":"product_cat-be-kategorijos","7":"product_tag-naujiena","9":"first","10":"onbackorder","11":"taxable","12":"shipping-taxable","13":"product-type-variable"},"_links":{"self":[{"href":"https:\/\/orotech.lt\/en\/wp-json\/wp\/v2\/product\/28915","targetHints":{"allow":["GET"]}}],"collection":[{"href":"https:\/\/orotech.lt\/en\/wp-json\/wp\/v2\/product"}],"about":[{"href":"https:\/\/orotech.lt\/en\/wp-json\/wp\/v2\/types\/product"}],"replies":[{"embeddable":true,"href":"https:\/\/orotech.lt\/en\/wp-json\/wp\/v2\/comments?post=28915"}],"version-history":[{"count":1,"href":"https:\/\/orotech.lt\/en\/wp-json\/wp\/v2\/product\/28915\/revisions"}],"predecessor-version":[{"id":28916,"href":"https:\/\/orotech.lt\/en\/wp-json\/wp\/v2\/product\/28915\/revisions\/28916"}],"wp:featuredmedia":[{"embeddable":true,"href":"https:\/\/orotech.lt\/en\/wp-json\/wp\/v2\/media\/28917"}],"wp:attachment":[{"href":"https:\/\/orotech.lt\/en\/wp-json\/wp\/v2\/media?parent=28915"}],"wp:term":[{"taxonomy":"product_brand","embeddable":true,"href":"https:\/\/orotech.lt\/en\/wp-json\/wp\/v2\/product_brand?post=28915"},{"taxonomy":"product_cat","embeddable":true,"href":"https:\/\/orotech.lt\/en\/wp-json\/wp\/v2\/product_cat?post=28915"},{"taxonomy":"product_tag","embeddable":true,"href":"https:\/\/orotech.lt\/en\/wp-json\/wp\/v2\/product_tag?post=28915"}],"curies":[{"name":"wp","href":"https:\/\/api.w.org\/{rel}","templated":true}]}}