{"id":28952,"date":"2025-09-09T09:45:02","date_gmt":"2025-09-09T09:45:02","guid":{"rendered":"https:\/\/orotech.lt\/keturvietis-vienpolis-sensorinis-jungiklio-dangtelis-feelspot-baltas\/"},"modified":"2025-09-10T06:50:27","modified_gmt":"2025-09-10T06:50:27","slug":"keturvietis-vienpolis-sensorinis-jungiklio-dangtelis-feelspot-baltas","status":"publish","type":"product","link":"https:\/\/orotech.lt\/en\/keturvietis-vienpolis-sensorinis-jungiklio-dangtelis-feelspot-baltas\/","title":{"rendered":"Keturvietis vienpolis sensorinis jungiklio dangtelis Feelspot, baltas"},"content":{"rendered":"<p>&lt;p style=&quot;text-align: justify;&quot;&gt;Baltos spalvos stiklinis &lt;strong&gt;sensorinis keturvietis vienpolis jungiklio dangtelis&lt;\/strong&gt; Feelspot FSSD41111W&amp;nbsp;(be lizdo). Baltos spalvos stiklinis &lt;strong&gt;sensorinis keturvietis vienpolis jungiklio dangtelis&lt;\/strong&gt; pagamintas i&amp;scaron; gr\u016bdinto stiklo, yra atsparus vandeniui ir ugniai. Auk&amp;scaron;tos kokyb\u0117s prietaisas leis m\u0117gautis patogiu valdymu bei paprasta prie\u017ei\u016bra. Su modernaus dizaino jungikliu vienu prisilietimu gal\u0117site valdyti keturi\u0173 zon\u0173 ap&amp;scaron;vietim\u0105 patalpoje tada, kada labiausiai to reikia. &lt;strong&gt;Keturvietis vienpolis sensorinis jungiklis&lt;\/strong&gt; Feelspot turi \u012fmontuot\u0105 LED indikatori\u0173, kuris rodo kada &amp;scaron;viesa yra \u012fjungta\/i&amp;scaron;jungta, o tai pad\u0117s lengvai rasti jungikl\u012f tamsoje. Paprasto valdymo ir patikimo veikimo&lt;strong&gt;&amp;nbsp;sensorinis jungiklis&amp;nbsp;&lt;\/strong&gt;Feelspot \u012fgyvendins \u012fvairiausius techninius ir interjero dizaino sprendimus, atitinkan\u010dius i&amp;scaron;rankiausio kliento poreikius.&lt;\/p&gt;<br \/>\n&lt;p style=&quot;text-align: justify;&quot;&gt;Gr\u016bdinto stiklo &lt;strong&gt;sensorinis keturvietis vienpolis jungiklio dangtelis Feelspot FSSD41111W&lt;\/strong&gt;&amp;nbsp;gali b\u016bti komplektuojamas su bet kuriuo jungikliu, rozete ir kitais lizdais.&amp;nbsp;&lt;\/p&gt;<br \/>\n&lt;p style=&quot;text-align: justify;&quot;&gt;&lt;strong&gt;Advantages:&lt;\/strong&gt;&lt;\/p&gt;<br \/>\n&lt;ul&gt;<br \/>\n&lt;li&gt;Eleganti&amp;scaron;kas, minimalistinis jungiklio dizainas puikiai tiks tiek klasikini\u0173, tiek moderni\u0173 nam\u0173, but\u0173, vie&amp;scaron;bu\u010di\u0173 ir biur\u0173 interjere;&lt;\/li&gt;<br \/>\n&lt;li&gt;Tobulai plok&amp;scaron;\u010di\u0105 skydel\u012f lengva valyti ir pri\u017ei\u016br\u0117ti;&lt;\/li&gt;<br \/>\n&lt;li&gt;Pagaminta i&amp;scaron; patvaraus gr\u016bdinto stiklo, pasi\u017eymin\u010dio dideliu atsparumu \u012fbr\u0117\u017eimams ir blukimui;&lt;\/li&gt;<br \/>\n&lt;li&gt;Auk&amp;scaron;tos kokyb\u0117s jutiklinis jungiklis, kurio veikimo trukm\u0117 didesn\u0117 nei standartiniuose mechaniniuose jungikliuose &#8211; iki 100 000 cikl\u0173;&lt;\/li&gt;<br \/>\n&lt;li&gt;&amp;Scaron;velniai m\u0117lynas foninis ap&amp;scaron;vietimas tu&amp;scaron;\u010di\u0105ja eiga leid\u017eia daug lengviau rasti jungikl\u012f tamsoje;&lt;\/li&gt;<br \/>\n&lt;li&gt;Individualius jungiklius lengva naudoti ir lengva prijungti;&lt;\/li&gt;<br \/>\n&lt;li&gt;Skirta vis\u0173 tip\u0173 lemput\u0117ms, \u012fskaitant tradicines lemputes, LED ap&amp;scaron;vietim\u0105, liuminescencin\u0117s lempas ir energij\u0105 taupan\u010dias lemputes.&amp;nbsp;&lt;\/li&gt;<br \/>\n&lt;\/ul&gt;<br \/>\n&lt;p style=&quot;text-align: justify;&quot;&gt;&lt;strong&gt;Technical information:&lt;\/strong&gt;&lt;\/p&gt;<br \/>\n&lt;ul&gt;<br \/>\n&lt;li&gt;Tipas:&lt;strong&gt; keturvietis vienpolis sensorinis jungiklis&lt;\/strong&gt;&amp;nbsp;(keturi\u0173 grandini\u0173);&lt;\/li&gt;<br \/>\n&lt;li&gt;Med\u017eiagos: gr\u016bdintas stiklas (4 mm, atsparus \u012fbr\u0117\u017eimams), plastikas, plienas;&lt;\/li&gt;<br \/>\n&lt;li&gt;Jungiklio matmenys: 299 x 86 x 35 mm;&lt;\/li&gt;<br \/>\n&lt;li&gt;LED ap&amp;scaron;vietimas: m\u0117lynas &amp;scaron;viesos diodas (&amp;scaron;velnus tu&amp;scaron;\u010di\u0105ja eiga ir intensyvus \u012fjungus);&lt;\/li&gt;<br \/>\n&lt;li&gt;Darbin\u0117 \u012ftampa: 110-240V AC 50 \/ 60Hz;&lt;\/li&gt;<br \/>\n&lt;li&gt;Energijos s\u0105naudos: ~ 0,02W;&lt;\/li&gt;<br \/>\n&lt;li&gt;Darbin\u0117 temperat\u016bra: -20 &amp;deg; C iki + 70 &amp;deg; C;&lt;\/li&gt;<br \/>\n&lt;li&gt;Valdymo grandin\u0117s apkrova: nuo 4W iki 300W;&lt;\/li&gt;<br \/>\n&lt;li&gt;Lietimo jutiklio veikimo laikas: 100 000 paspaudim\u0173;&lt;\/li&gt;<br \/>\n&lt;li&gt;Sertifikatai: CE, RoHS.&amp;nbsp;&lt;\/li&gt;<br \/>\n&lt;\/ul&gt;<br \/>\n&lt;p style=&quot;text-align: justify;&quot;&gt;&lt;strong&gt;Installation:&lt;\/strong&gt;&lt;\/p&gt;<br \/>\n&lt;ul&gt;<br \/>\n&lt;li&gt;Prie&amp;scaron; prad\u0117dami surinkim\u0105, atjunkite atitinkamos grandin\u0117s maitinim\u0105. Tai labai svarbu ir b\u016btina, norint sukalibruoti jungikl\u012f. Jungiklio montavimas \u012fjungus maitinimo &amp;scaron;altin\u012f gali j\u012f sugadinti!&lt;\/li&gt;<br \/>\n&lt;li&gt;\u012esitikinkite, kad lemput\u0117s\/lempu\u010di\u0173 sukuriama apkrova atitinka diapazon\u0105, apra&amp;scaron;yt\u0105 ant lipduko modulio gale.&lt;\/li&gt;<br \/>\n&lt;li&gt;Atidarykite skydel\u012f sukdami plok&amp;scaron;\u010di\u0105 atsuktuv\u0105 pagal laikrod\u017eio rodykl\u0119 tam skirtoje vietoje.&lt;\/li&gt;<br \/>\n&lt;li&gt;Jungiklio mechanizm\u0105 prijunkite pagal nurodyt\u0105 schem\u0105.&lt;\/li&gt;<br \/>\n&lt;li&gt;Pritvirtinkite jungikl\u012f prie d\u0117\u017eut\u0117s. Nenupl\u0117&amp;scaron;kite balto lipduko nuo jungiklio jutiklio.&lt;\/li&gt;<br \/>\n&lt;li&gt;U\u017ed\u0117kite stiklin\u0119 plok&amp;scaron;t\u0119 ant korpuso ir \u012fjunkite maitinim\u0105. Ne\u012fjunkite maitinimo neprid\u0117j\u0119 stiklo plok&amp;scaron;t\u0117s, nes jungiklis bus sukalibruotas neteisingai.&lt;\/li&gt;<br \/>\n&lt;li&gt;Per kitas dvi minutes prisilietimas sukalibruojamas. &amp;Scaron;viesa gali \u012fsijungti ir i&amp;scaron;sijungti savaime.&lt;\/li&gt;<br \/>\n&lt;li&gt;Po kalibravimo jungiklis yra paruo&amp;scaron;tas naudoti.&amp;nbsp;&lt;\/li&gt;<br \/>\n&lt;\/ul&gt;<\/p>","protected":false},"excerpt":{"rendered":"<p>&lt;p style=&quot;text-align: justify;&quot;&gt;Baltos spalvos stiklinis &lt;strong&gt;sensorinis keturvietis vienpolis jungiklio dangtelis&lt;\/strong&gt; Feelspot FSSD41111W&amp;nbsp;(be lizdo). Baltos spalvos stiklinis &lt;strong&gt;sensorinis keturvietis vienpolis jungiklio<\/p>","protected":false},"featured_media":28954,"comment_status":"closed","ping_status":"open","template":"","meta":[],"product_brand":[],"product_cat":[23],"product_tag":[535],"class_list":{"0":"post-28952","1":"product","2":"type-product","3":"status-publish","4":"has-post-thumbnail","6":"product_cat-be-kategorijos","7":"product_tag-naujiena","9":"first","10":"onbackorder","11":"taxable","12":"shipping-taxable","13":"product-type-variable"},"_links":{"self":[{"href":"https:\/\/orotech.lt\/en\/wp-json\/wp\/v2\/product\/28952","targetHints":{"allow":["GET"]}}],"collection":[{"href":"https:\/\/orotech.lt\/en\/wp-json\/wp\/v2\/product"}],"about":[{"href":"https:\/\/orotech.lt\/en\/wp-json\/wp\/v2\/types\/product"}],"replies":[{"embeddable":true,"href":"https:\/\/orotech.lt\/en\/wp-json\/wp\/v2\/comments?post=28952"}],"version-history":[{"count":1,"href":"https:\/\/orotech.lt\/en\/wp-json\/wp\/v2\/product\/28952\/revisions"}],"predecessor-version":[{"id":28953,"href":"https:\/\/orotech.lt\/en\/wp-json\/wp\/v2\/product\/28952\/revisions\/28953"}],"wp:featuredmedia":[{"embeddable":true,"href":"https:\/\/orotech.lt\/en\/wp-json\/wp\/v2\/media\/28954"}],"wp:attachment":[{"href":"https:\/\/orotech.lt\/en\/wp-json\/wp\/v2\/media?parent=28952"}],"wp:term":[{"taxonomy":"product_brand","embeddable":true,"href":"https:\/\/orotech.lt\/en\/wp-json\/wp\/v2\/product_brand?post=28952"},{"taxonomy":"product_cat","embeddable":true,"href":"https:\/\/orotech.lt\/en\/wp-json\/wp\/v2\/product_cat?post=28952"},{"taxonomy":"product_tag","embeddable":true,"href":"https:\/\/orotech.lt\/en\/wp-json\/wp\/v2\/product_tag?post=28952"}],"curies":[{"name":"wp","href":"https:\/\/api.w.org\/{rel}","templated":true}]}}