{"id":28961,"date":"2025-09-09T09:45:02","date_gmt":"2025-09-09T09:45:02","guid":{"rendered":"https:\/\/orotech.lt\/oro-drekintuvas-clean-air-ca-606w\/"},"modified":"2025-09-10T06:50:29","modified_gmt":"2025-09-10T06:50:29","slug":"oro-drekintuvas-clean-air-ca-606w","status":"publish","type":"product","link":"https:\/\/orotech.lt\/en\/oro-drekintuvas-clean-air-ca-606w\/","title":{"rendered":"Oro dr\u0117kintuvas Clean Air CA-606W"},"content":{"rendered":"<p>&lt;p style=&quot;text-align: justify;&quot;&gt;&lt;strong&gt;Modern humidifier for dry indoor air&lt;\/strong&gt;&lt;\/p&gt;<br \/>\n&lt;p style=&quot;text-align: justify;&quot;&gt;Clean Air&amp;nbsp;CA-606W&amp;nbsp;&lt;strong&gt;humidifier&lt;\/strong&gt; yra auk&amp;scaron;tos kokyb\u0117s prietaisas, kuris skirtas pagerinti patalpose esan\u010dio oro dr\u0117gm\u0117s lyg\u012f. &amp;Scaron;is dr\u0117kintuvas yra kompakti&amp;scaron;kas ir efektyvus, tod\u0117l puikiai tinka namams, biurams, miegamiesiems, darbo patalpoms ir kt.&lt;\/p&gt;<br \/>\n&lt;p style=&quot;text-align: justify;&quot;&gt;Pagrindin\u0117 &amp;scaron;io oro dr\u0117kintuvo savyb\u0117 yra galimyb\u0117 padidinti dr\u0117gm\u0117s lyg\u012f patalpose, kur jis yra reikalingas. Tai svarbu tiems, kurie gyvena ar dirba sausoje aplinkoje arba turi kv\u0117pavimo tak\u0173 problem\u0173 d\u0117l per ma\u017eo oro dr\u0117gnumo. Didinant dr\u0117gm\u0119, &amp;scaron;is prietaisas padeda i&amp;scaron;laikyti patalp\u0173 oro kokyb\u0119, suma\u017einant dulk\u0117tum\u0105 ir palengvindamas kv\u0117pavim\u0105.&lt;\/p&gt;<br \/>\n&lt;p style=&quot;text-align: justify;&quot;&gt;&lt;strong&gt;Ultrasonic technology&lt;\/strong&gt;&lt;\/p&gt;<br \/>\n&lt;p style=&quot;text-align: justify;&quot;&gt;Clean Air&amp;nbsp;CA-606W oro dr\u0117kintuvas naudoja ultragarsin\u0119 garo technologij\u0105. Jis turi vandens talpykl\u0105, kurioje galite \u012fpilti &amp;scaron;varaus vandens. Oro dr\u0117kintuvas gauna vanden\u012f i&amp;scaron; talpyklos, o ultragarsinio generatoriaus pagalba jis verda vanden\u012f ir i&amp;scaron;skiria gar\u0105. &amp;Scaron;is garas yra i&amp;scaron;skleid\u017eiamas \u012f patalp\u0105, padidindamas dr\u0117gm\u0117s lyg\u012f.&lt;\/p&gt;<br \/>\n&lt;p style=&quot;text-align: justify;&quot;&gt;&lt;strong&gt;According to everyone&amp;#039;s needs&lt;\/strong&gt;&lt;\/p&gt;<br \/>\n&lt;p style=&quot;text-align: justify;&quot;&gt;Clean Air&amp;nbsp;CA-606W oro dr\u0117kintuvas turi kelias funkcijas ir nustatymus, kurie leid\u017eia jums pritaikyti dr\u0117kintuvo veikim\u0105 pagal j\u016bs\u0173 poreikius. Jis gali tur\u0117ti \u012fvairias garso ir dr\u0117gm\u0117s i&amp;scaron;leidimo grei\u010dio parinktis, tod\u0117l galite reguliuoti dr\u0117kinimo intensyvum\u0105. Taip pat, turi integruot\u0105 laikma\u010dio funkcij\u0105, kuri leid\u017eia nustatyti dr\u0117kintuvo veikimo laik\u0105. Be to, &amp;scaron;is \u012frenginys turi \u012fvairias papildomas funkcijas, pvz., automatin\u012f i&amp;scaron;jungim\u0105, kai talpykla yra tu&amp;scaron;\u010dia arba kai pasiekiama norima dr\u0117gm\u0117s lygio vert\u0117. Tai padeda sutaupyti energij\u0105 ir u\u017etikrina saugum\u0105 naudotojams.&amp;nbsp;&lt;\/p&gt;<br \/>\n&lt;p style=&quot;text-align: justify;&quot;&gt;Norint pri\u017ei\u016br\u0117ti &amp;scaron;\u012f oro dr\u0117kintuv\u0105, svarbu reguliariai valyti j\u012f ir keisti vanden\u012f. Taip pat b\u016btina laikytis gamintojo apra&amp;scaron;yt\u0173 prie\u017ei\u016bros nurodym\u0173.&lt;\/p&gt;<br \/>\n&lt;p style=&quot;text-align: justify;&quot;&gt;&lt;strong&gt;Ionization air purification&lt;\/strong&gt;&lt;\/p&gt;<br \/>\n&lt;p style=&quot;text-align: justify;&quot;&gt;Integruotas jonizatorius gamina neigiamus deguonies jonus, kurie ne tik dr\u0117kina, bet ir valo bei gaivina patalp\u0173 or\u0105. Neigiami jonai prisitvirtina prie dulki\u0173 daleli\u0173, mikroorganizm\u0173 ir kit\u0173 nepageidaujam\u0173 ore esan\u010di\u0173 med\u017eiag\u0173 ir jas sujungia. &amp;Scaron;ios dalel\u0117s tampa sunkesn\u0117s u\u017e or\u0105, nukrenta \u017eemyn ir taip i&amp;scaron;filtruojamos i&amp;scaron; oro.&amp;nbsp;&lt;\/p&gt;<br \/>\n&lt;p style=&quot;text-align: center;&quot;&gt;&lt;iframe src=&quot;https:\/\/www.youtube.com\/embed\/Ig-nyRBkVn8?si=6dJEMZcNg5fx2j1t&quot; frameborder=&quot;0&quot; width=&quot;560&quot; height=&quot;315&quot;&gt;&lt;\/iframe&gt;&lt;\/p&gt;<br \/>\n&lt;p style=&quot;text-align: justify;&quot;&gt;&lt;strong&gt;&amp;Scaron;ildymo elementas &amp;scaron;iltam dr\u0117kinimui&lt;\/strong&gt;&lt;\/p&gt;<br \/>\n&lt;p style=&quot;text-align: justify;&quot;&gt;Dr\u0117kintuvas CA-606W turi kaitinimo element\u0105 &amp;scaron;iltam dr\u0117kinimui. \u012ejungus kaitinimo element\u0105 susidaro r\u016bkas ir spar\u010diai daug\u0117ja dr\u0117gm\u0117s. &amp;Scaron;is funkcionalumas sudaro palankias s\u0105lygas kovoti su bakterij\u0173 dauginimusi vandenyje ir palaiko pageidaujam\u0105 kambario temperat\u016br\u0105 \u017eiem\u0105.&amp;nbsp;&lt;\/p&gt;<br \/>\n&lt;p style=&quot;text-align: justify;&quot;&gt;&lt;strong&gt;Aromatherapy function&lt;\/strong&gt;&lt;\/p&gt;<br \/>\n&lt;p style=&quot;text-align: justify;&quot;&gt;&amp;Scaron;is oro dr\u0117kintuvas gali atlikti ir aromaterapin\u0119 funkcij\u0105. Aromaterapija skirta sveikatai palaikyti ir stiprinti bei sutrikimams gydyti. Aromaterapija turi oro valymo poveik\u012f ir pa&amp;scaron;alina nemalonius kvapus. \u012erenginyje yra \u012fmontuotas specialus eteriniams aliejams la&amp;scaron;inti skirtas stal\u010diukas, tod\u0117l galite susikurti jauki\u0105, maloni\u0105 aplink\u0105 m\u0117giamais aromatais.&amp;nbsp;&lt;\/p&gt;<br \/>\n&lt;p style=&quot;text-align: justify;&quot;&gt;&lt;strong&gt;Convenient control&lt;\/strong&gt;&lt;\/p&gt;<br \/>\n&lt;p style=&quot;text-align: justify;&quot;&gt;Oro dr\u0117kintuvo CleanAir CA-606W priekyje esan\u010diame ai&amp;scaron;kiai i&amp;scaron;d\u0117stytame skaitmeniniame valdymo skydelyje yra &amp;scaron;e&amp;scaron;i lietimui jautr\u016bs mygtukai, kuriais lengva pasirinkti norimus nustatymus. Be to, dr\u0117kintuve CA-606W yra nuotolinio valdymo pultas.&amp;nbsp;&lt;\/p&gt;<br \/>\n&lt;p style=&quot;text-align: justify;&quot;&gt;&lt;strong&gt;Modes:&lt;\/strong&gt;&lt;\/p&gt;<br \/>\n&lt;ul&gt;<br \/>\n&lt;li&gt;Automatinis re\u017eimas;&lt;\/li&gt;<br \/>\n&lt;li&gt;Miego re\u017eimas.&lt;\/li&gt;<br \/>\n&lt;\/ul&gt;<br \/>\n&lt;p&gt;&lt;strong&gt;Advantages:&lt;\/strong&gt;&lt;\/p&gt;<br \/>\n&lt;ul&gt;<br \/>\n&lt;li&gt;Reguliuojamas 40-80 % dr\u0117gm\u0117s lygis;&lt;\/li&gt;<br \/>\n&lt;li&gt;3 dr\u0117kinimo lygiai;&lt;\/li&gt;<br \/>\n&lt;li&gt;2 veikimo re\u017eimai;&lt;\/li&gt;<br \/>\n&lt;li&gt;Jonizatorius (galima \u012fjungti ir i&amp;scaron;jungti);&lt;\/li&gt;<br \/>\n&lt;li&gt;&amp;Scaron;ildymo elementas (galima \u012fjungti ir i&amp;scaron;jungti);&lt;\/li&gt;<br \/>\n&lt;li&gt;I&amp;scaron;jungimo laiko laikma\u010dio funkcija (1-12 val.);&lt;\/li&gt;<br \/>\n&lt;li&gt;U\u017eraktas nuo vaik\u0173;&lt;\/li&gt;<br \/>\n&lt;li&gt;Aromaterapija.&lt;\/li&gt;<br \/>\n&lt;\/ul&gt;<br \/>\n&lt;p style=&quot;text-align: justify;&quot;&gt;&lt;strong&gt;Technical characteristics&lt;\/strong&gt;:&lt;\/p&gt;<br \/>\n&lt;ul&gt;<br \/>\n&lt;li&gt;Iki 65 m&amp;sup2; dyd\u017eio patalpoms;&lt;\/li&gt;<br \/>\n&lt;li&gt;Neigiam\u0173 jon\u0173 talpa:&amp;nbsp;&amp;gt; 3 000 000 neigiam\u0173 jon\u0173 \/ cm&amp;sup3;;&lt;\/li&gt;<br \/>\n&lt;li&gt;Su &amp;scaron;ildymo elementu;&lt;\/li&gt;<br \/>\n&lt;li&gt;Pritaikytas aromaterapijai;&lt;\/li&gt;<br \/>\n&lt;li&gt;Miego re\u017eimas;&lt;\/li&gt;<br \/>\n&lt;li&gt;Dr\u0117gm\u0117s i&amp;scaron;garinimas: 120-480 ml\/h;&amp;nbsp;&lt;\/li&gt;<br \/>\n&lt;li&gt;Vandens bakas: 5,5 l;&lt;\/li&gt;<br \/>\n&lt;li&gt;Maitinimas:&amp;nbsp;220 &#8211; 240V, 50 \/ 60Hz;&lt;\/li&gt;<br \/>\n&lt;li&gt;Svoris:&amp;nbsp;3.4 kg;&lt;\/li&gt;<br \/>\n&lt;li&gt;Matmenys:&amp;nbsp; 23 x 15 x 37 cm.&amp;nbsp;&amp;nbsp;&lt;\/li&gt;<br \/>\n&lt;\/ul&gt;<br \/>\n&lt;p style=&quot;text-align: justify;&quot;&gt;&lt;a class=&quot;catalogue&quot; href=&quot;\/en\/images\/Userfiles\/www.rubisolis.lt_Oro_drkintuvas_Clean_Air_CA-606W.pdf\/&quot; target=&quot;blank&quot;&gt;Download product manual&lt;\/a&gt;&lt;\/p&gt;<\/p>","protected":false},"excerpt":{"rendered":"<p>&lt;p style=&quot;text-align: justify;&quot;&gt;&lt;strong&gt;Modern humidifier for dry indoor air&lt;\/strong&gt;&lt;\/p&gt; &lt;p style=&quot;text-align: justify;&quot;&gt;Clean Air&amp;nbsp;CA-606W&amp;nbsp;&lt;strong&gt;humidifier&lt;\/strong&gt; yra auk&amp;scaron;tos kokyb\u0117s prietaisas, kuris skirtas<\/p>","protected":false},"featured_media":28963,"comment_status":"closed","ping_status":"open","template":"","meta":[],"product_brand":[],"product_cat":[23],"product_tag":[535],"class_list":{"0":"post-28961","1":"product","2":"type-product","3":"status-publish","4":"has-post-thumbnail","6":"product_cat-be-kategorijos","7":"product_tag-naujiena","9":"first","10":"onbackorder","11":"taxable","12":"shipping-taxable","13":"product-type-variable"},"_links":{"self":[{"href":"https:\/\/orotech.lt\/en\/wp-json\/wp\/v2\/product\/28961","targetHints":{"allow":["GET"]}}],"collection":[{"href":"https:\/\/orotech.lt\/en\/wp-json\/wp\/v2\/product"}],"about":[{"href":"https:\/\/orotech.lt\/en\/wp-json\/wp\/v2\/types\/product"}],"replies":[{"embeddable":true,"href":"https:\/\/orotech.lt\/en\/wp-json\/wp\/v2\/comments?post=28961"}],"version-history":[{"count":1,"href":"https:\/\/orotech.lt\/en\/wp-json\/wp\/v2\/product\/28961\/revisions"}],"predecessor-version":[{"id":28962,"href":"https:\/\/orotech.lt\/en\/wp-json\/wp\/v2\/product\/28961\/revisions\/28962"}],"wp:featuredmedia":[{"embeddable":true,"href":"https:\/\/orotech.lt\/en\/wp-json\/wp\/v2\/media\/28963"}],"wp:attachment":[{"href":"https:\/\/orotech.lt\/en\/wp-json\/wp\/v2\/media?parent=28961"}],"wp:term":[{"taxonomy":"product_brand","embeddable":true,"href":"https:\/\/orotech.lt\/en\/wp-json\/wp\/v2\/product_brand?post=28961"},{"taxonomy":"product_cat","embeddable":true,"href":"https:\/\/orotech.lt\/en\/wp-json\/wp\/v2\/product_cat?post=28961"},{"taxonomy":"product_tag","embeddable":true,"href":"https:\/\/orotech.lt\/en\/wp-json\/wp\/v2\/product_tag?post=28961"}],"curies":[{"name":"wp","href":"https:\/\/api.w.org\/{rel}","templated":true}]}}