{"id":28970,"date":"2025-09-09T09:45:02","date_gmt":"2025-09-09T09:45:02","guid":{"rendered":"https:\/\/orotech.lt\/halogeninis-infraraudonuju-spinduliu-sildytuvas-varma-wr2000-4\/"},"modified":"2025-09-10T06:50:30","modified_gmt":"2025-09-10T06:50:30","slug":"halogeninis-infraraudonuju-spinduliu-sildytuvas-varma-wr2000-4","status":"publish","type":"product","link":"https:\/\/orotech.lt\/en\/halogeninis-infraraudonuju-spinduliu-sildytuvas-varma-wr2000-4\/","title":{"rendered":"Halogen infrared heater Varma WR2000"},"content":{"rendered":"<p>&lt;p style=&quot;text-align: justify;&quot;&gt;Lauko &amp;scaron;ildytuvus VARMA WR2000 galima naudoti paj\u016brio kavin\u0117se, restoranuose, vie&amp;scaron;bu\u010di\u0173 lauko terasose.&amp;nbsp;Halogeninis kaitinimo elementas yra apsaugotas specialiu stiklu. &lt;strong&gt;&amp;Scaron;ildytuvo apsaugos klas\u0117 &ndash; IP23.&lt;\/strong&gt;&lt;\/p&gt;<br \/>\n&lt;p style=&quot;text-align: center;&quot;&gt;&lt;iframe src=&quot;https:\/\/www.youtube.com\/embed\/51svsdPLMvE&quot; frameborder=&quot;0&quot; width=&quot;560&quot; height=&quot;315&quot;&gt;&lt;\/iframe&gt;&lt;br \/&gt;&amp;nbsp;&lt;\/p&gt;<\/p>","protected":false},"excerpt":{"rendered":"<p>&lt;p style=&quot;text-align: justify;&quot;&gt;Lauko &amp;scaron;ildytuvus VARMA WR2000 galima naudoti paj\u016brio kavin\u0117se, restoranuose, vie&amp;scaron;bu\u010di\u0173 lauko terasose.&amp;nbsp;Halogeninis kaitinimo elementas yra apsaugotas specialiu stiklu.<\/p>","protected":false},"featured_media":28972,"comment_status":"closed","ping_status":"open","template":"","meta":[],"product_brand":[],"product_cat":[23],"product_tag":[535],"class_list":{"0":"post-28970","1":"product","2":"type-product","3":"status-publish","4":"has-post-thumbnail","6":"product_cat-be-kategorijos","7":"product_tag-naujiena","9":"first","10":"onbackorder","11":"taxable","12":"shipping-taxable","13":"product-type-variable"},"_links":{"self":[{"href":"https:\/\/orotech.lt\/en\/wp-json\/wp\/v2\/product\/28970","targetHints":{"allow":["GET"]}}],"collection":[{"href":"https:\/\/orotech.lt\/en\/wp-json\/wp\/v2\/product"}],"about":[{"href":"https:\/\/orotech.lt\/en\/wp-json\/wp\/v2\/types\/product"}],"replies":[{"embeddable":true,"href":"https:\/\/orotech.lt\/en\/wp-json\/wp\/v2\/comments?post=28970"}],"version-history":[{"count":1,"href":"https:\/\/orotech.lt\/en\/wp-json\/wp\/v2\/product\/28970\/revisions"}],"predecessor-version":[{"id":28971,"href":"https:\/\/orotech.lt\/en\/wp-json\/wp\/v2\/product\/28970\/revisions\/28971"}],"wp:featuredmedia":[{"embeddable":true,"href":"https:\/\/orotech.lt\/en\/wp-json\/wp\/v2\/media\/28972"}],"wp:attachment":[{"href":"https:\/\/orotech.lt\/en\/wp-json\/wp\/v2\/media?parent=28970"}],"wp:term":[{"taxonomy":"product_brand","embeddable":true,"href":"https:\/\/orotech.lt\/en\/wp-json\/wp\/v2\/product_brand?post=28970"},{"taxonomy":"product_cat","embeddable":true,"href":"https:\/\/orotech.lt\/en\/wp-json\/wp\/v2\/product_cat?post=28970"},{"taxonomy":"product_tag","embeddable":true,"href":"https:\/\/orotech.lt\/en\/wp-json\/wp\/v2\/product_tag?post=28970"}],"curies":[{"name":"wp","href":"https:\/\/api.w.org\/{rel}","templated":true}]}}