{"id":28988,"date":"2025-09-09T09:50:02","date_gmt":"2025-09-09T09:50:02","guid":{"rendered":"https:\/\/orotech.lt\/halogeninis-infraraudonuju-spinduliu-sildytuvas-varma-ecowrg-7-2\/"},"modified":"2025-09-10T06:50:34","modified_gmt":"2025-09-10T06:50:34","slug":"halogeninis-infraraudonuju-spinduliu-sildytuvas-varma-ecowrg-7-2","status":"publish","type":"product","link":"https:\/\/orotech.lt\/en\/halogeninis-infraraudonuju-spinduliu-sildytuvas-varma-ecowrg-7-2\/","title":{"rendered":"Halogen infrared heater Varma ECOWRG\/7"},"content":{"rendered":"<p>&lt;p style=&quot;text-align: justify;&quot;&gt;Pastatomi ant \u017eem\u0117s elektriniai infraraudon\u0173j\u0173 spinduli\u0173 &amp;scaron;ildytuvai ECOWRG\/7 skirti \u012fvairiems atviriems plotams ap&amp;scaron;ildyti: sand\u0117liams, arklid\u0117ms, dirbtuv\u0117ms ir kt. &amp;Scaron;ie infraraudon\u0173j\u0173 spinduli\u0173 &amp;scaron;ildytuvai atspar\u016bs vandeniui ir dulk\u0117ms (IP54 apsaugos klas\u0117), tod\u0117l juos galima naudoti ypa\u010d sud\u0117tingomis s\u0105lygomis. &amp;Scaron;ildytuvas yra ne&amp;scaron;iojamas, tod\u0117l yra labai patogu j\u012f pastatyti ten, kur labiausiai reikia &amp;scaron;ilumos.&amp;nbsp;&lt;\/p&gt;<br \/>\n&lt;p style=&quot;text-align: center;&quot;&gt;&lt;iframe src=&quot;https:\/\/www.youtube.com\/embed\/eUj-9i3Zsv8&quot; frameborder=&quot;0&quot; width=&quot;560&quot; height=&quot;315&quot;&gt;&lt;\/iframe&gt;&lt;\/p&gt;<\/p>","protected":false},"excerpt":{"rendered":"<p>&lt;p style=&quot;text-align: justify;&quot;&gt;Pastatomi ant \u017eem\u0117s elektriniai infraraudon\u0173j\u0173 spinduli\u0173 &amp;scaron;ildytuvai ECOWRG\/7 skirti \u012fvairiems atviriems plotams ap&amp;scaron;ildyti: sand\u0117liams, arklid\u0117ms, dirbtuv\u0117ms ir kt.<\/p>","protected":false},"featured_media":28990,"comment_status":"closed","ping_status":"open","template":"","meta":[],"product_brand":[],"product_cat":[23],"product_tag":[535],"class_list":{"0":"post-28988","1":"product","2":"type-product","3":"status-publish","4":"has-post-thumbnail","6":"product_cat-be-kategorijos","7":"product_tag-naujiena","9":"first","10":"onbackorder","11":"taxable","12":"shipping-taxable","13":"product-type-variable"},"_links":{"self":[{"href":"https:\/\/orotech.lt\/en\/wp-json\/wp\/v2\/product\/28988","targetHints":{"allow":["GET"]}}],"collection":[{"href":"https:\/\/orotech.lt\/en\/wp-json\/wp\/v2\/product"}],"about":[{"href":"https:\/\/orotech.lt\/en\/wp-json\/wp\/v2\/types\/product"}],"replies":[{"embeddable":true,"href":"https:\/\/orotech.lt\/en\/wp-json\/wp\/v2\/comments?post=28988"}],"version-history":[{"count":1,"href":"https:\/\/orotech.lt\/en\/wp-json\/wp\/v2\/product\/28988\/revisions"}],"predecessor-version":[{"id":28989,"href":"https:\/\/orotech.lt\/en\/wp-json\/wp\/v2\/product\/28988\/revisions\/28989"}],"wp:featuredmedia":[{"embeddable":true,"href":"https:\/\/orotech.lt\/en\/wp-json\/wp\/v2\/media\/28990"}],"wp:attachment":[{"href":"https:\/\/orotech.lt\/en\/wp-json\/wp\/v2\/media?parent=28988"}],"wp:term":[{"taxonomy":"product_brand","embeddable":true,"href":"https:\/\/orotech.lt\/en\/wp-json\/wp\/v2\/product_brand?post=28988"},{"taxonomy":"product_cat","embeddable":true,"href":"https:\/\/orotech.lt\/en\/wp-json\/wp\/v2\/product_cat?post=28988"},{"taxonomy":"product_tag","embeddable":true,"href":"https:\/\/orotech.lt\/en\/wp-json\/wp\/v2\/product_tag?post=28988"}],"curies":[{"name":"wp","href":"https:\/\/api.w.org\/{rel}","templated":true}]}}