{"id":28995,"date":"2025-09-09T09:50:02","date_gmt":"2025-09-09T09:50:02","guid":{"rendered":"https:\/\/orotech.lt\/grindinio-sildymo-tinklelis-wellmo-mat-150-w-programuojamas-termostatas-feelspot-wth-51-36-new-black\/"},"modified":"2025-09-10T06:50:36","modified_gmt":"2025-09-10T06:50:36","slug":"grindinio-sildymo-tinklelis-wellmo-mat-150-w-programuojamas-termostatas-feelspot-wth-51-36-new-black","status":"publish","type":"product","link":"https:\/\/orotech.lt\/en\/grindinio-sildymo-tinklelis-wellmo-mat-150-w-programuojamas-termostatas-feelspot-wth-51-36-new-black\/","title":{"rendered":"Grindinio \u0161ildymo tinklelis Wellmo MAT, 150 W + programuojamas termostatas Feelspot WTH-51.36 NEW Black"},"content":{"rendered":"<p style=\"text-align: justify;\">&bdquo;Wellmo MAT&ldquo; &ndash; auk\u0161tos klas\u0117s grindinio \u0161ildymo tinklelis, skirtas \u012frengimui i\u0161 karto po keramini\u0173 plyteli\u0173 sluoksniu, parketu ar plastikine danga.<\/p>\n<p style=\"text-align: justify;\"><strong>Inovatyvumas ir patogumas<br \/>\n\t<\/strong><\/p>\n<p style=\"text-align: justify;\">&bdquo;Wellmo&ldquo; \u0161ildymo tinklelis yra valdomas grind\u0173 termostatu, kurio maksimali temperat\u016bros reguliavimo riba yra +35 \u2103. D\u0117l inovatyvaus valdymo, temperat\u016bros reguliavimas tampa labai paprastas ir patogus.<\/p>\n<p style=\"text-align: justify;\"><strong>Prakti\u0161kas<br \/>\n\t<\/strong><\/p>\n<p style=\"text-align: justify;\">\u0160is \u0161ildymo tinklelis yra labai prakti\u0161kas, nes gali b\u016bti pjaustomas pagal poreik\u012f (svarbiausia, pjaukite atsargiai, kad nepa\u017eeistum\u0117te \u0161ildymo kabelio). D\u0117l \u0161ios ypatyb\u0117s, tinklelisi nesunkiai pritaikomas skirtingos kvadrat\u016bros patalpose.<\/p>\n<p style=\"text-align: justify;\"><strong>Labai plonas<br \/>\n\t<\/strong><\/p>\n<p style=\"text-align: justify;\">&bdquo;Wellmo&ldquo; \u0161ildymo kilim\u0117lis yra labai plonas &ndash; 3,0-3,8 mm, tod\u0117l montavimas yra paprastesnis, reikalauja ma\u017eiau grind\u0173 pak\u0117limo. Tai ypa\u010d aktualu renovuojamose patalpose, kur grind\u0173 i\u0161k\u0117limo auk\u0161tis gali b\u016bti labai minimalus.<\/p>\n<p style=\"text-align: justify;\"><strong>Universal<br \/>\n\t<\/strong><\/p>\n<p style=\"text-align: justify;\">&bdquo;Wellmo&ldquo; tinklelis yra universalaus panaudojimo, nes tinkamas tiesti po daugelio tipo grind\u0173 dangomis, pvz., laminatu, plytel\u0117mis, parketu, vinilin\u0117mis grindimis, plonomis betono grindimis, marmuru ir pan.<\/p>\n<p style=\"text-align: justify;\"><strong>Efficient operation<br \/>\n\t<\/strong><\/p>\n<p style=\"text-align: justify;\">D\u0117l ma\u017eo &bdquo;Wellmo&ldquo; tinklelio storio, \u0161iluma grei\u010diau pasiekia pavir\u0161i\u0173, tod\u0117l galima grei\u010diau pajusti patalpose \u0161ildymo efekt\u0105.<\/p>\n<p style=\"text-align: justify;\"><strong>Paprastas montavimas<br \/>\n\t<\/strong><\/p>\n<p style=\"text-align: justify;\">Tinklelio montavimas yra paprastas, nereikalaujantis specialaus pasiruo\u0161imo. Tereikia nuimti dvipus\u0117s lipnios juostos apsaugin\u012f sluoksn\u012f ir lengvais rank\u0173 paspaudimais prispausti prie pagrindo. Tai atlikus, yra u\u017epilamas i\u0161lyginamasis mi\u0161inys arba u\u017etepami plyteli\u0173 klijai. Svarbiausia &ndash; laikytis vis\u0173 saugumo nurodym\u0173, esan\u010di\u0173 instrukcijoje.<\/p>\n<p style=\"text-align: justify;\"><strong>Ypatyb\u0117s<\/strong>:<\/p>\n<ul>\n<li>\n\t\tLabai plonas &#8211; 3,0 mm (tinklelio dydis nuo 0.5 m2 iki 7 m2 ) &#8211; 3,8 mm (tinklelio dydis nuo 8 m2 iki 12 m2 ).<\/li>\n<li>\n\t\t\u0160alt\u0173 laid\u0173 ilgis 3 m.<\/li>\n<li>\n\t\tTinklelio \u012ftampa &ndash; 230 V.<\/li>\n<li>\n\t\tETFE\/ teflono izoliacija.<\/li>\n<li>\n\t\tDaugiagyslis varinis laidininkas.<\/li>\n<li>\n\t\tAluminio folija.<\/li>\n<li>\n\t\tTarpas tarp laidinink\u0173 &lt;-&gt; 9 cm.<\/li>\n<li>\n\t\tLipnus kilim\u0117lis.<\/li>\n<li>\n\t\tDviguba lipni juosta.<\/li>\n<li>\n\t\tGofros x 2 (po 2 m).<\/li>\n<li>\n\t\tInstrukcija lietuvi\u0173 kalba.&nbsp;&nbsp;<\/li>\n<\/ul>\n<p style=\"text-align: justify;\">Feelspot WTH51.36 Black NEW yra elektroninis programuojamas termostatas (termoreguliatorius), skirtas valdyti elektrinio grindinio \u0161ildymo prietaisus. Yra galimyb\u0117 prijungti 2.5 m ilgio i\u0161orin\u012f&nbsp;temperat\u016bros jutikl\u012f.<\/p>\n<p style=\"text-align: justify;\"><strong>Advantages:<\/strong><\/p>\n<ul>\n<li>\n\t\tModernus dizainas;<\/li>\n<li>\n\t\tLie\u010diamas ekranas;<\/li>\n<li>\n\t\tPaprastas sumontavimas;<\/li>\n<li>\n\t\tVidini\u0173 ir i\u0161orini\u0173 jutikli\u0173 pagalba galima valdyti tiek oro, tiek grind\u0173 temperat\u016br\u0105;<\/li>\n<li>\n\t\t\u0160e\u0161i programuojami laiko tarpai maksimaliam komfortui ir ekonomi\u0161kumui.<\/li>\n<\/ul>\n<p><strong>Technical information:<\/strong><\/p>\n<ul>\n<li>\n\t\tProtection class: IP20;<\/li>\n<li>\n\t\tJutiklis: NTC;<\/li>\n<li>\n\t\tTikslumas: &plusmn;1 &deg;C;<\/li>\n<li>\n\t\tNustatomos temp. diapazonas;<\/li>\n<li>\n\t\tEnergijos sunaudojimas: &lt; 1.5 W;<\/li>\n<li>\n\t\tLaiko klaida: &lt;1%;<\/li>\n<li>\n\t\tMaitinimas: 95-240 V AC, 50-60 Hz;<\/li>\n<li>\n\t\tElektros srov\u0117 (elektriniam \u0161ildymui): 16 A;<\/li>\n<li>\n\t\tKorpuso med\u017eiaga: PC + ABS;<\/li>\n<li>\n\t\tI\u0161matavimai: 86 x 86 x 13.3 mm;<\/li>\n<li>\n\t\tAplinkos temp.\/dr\u0117gm.&nbsp;ribos: 0-45&deg;C \/ 5-95% RH;<\/li>\n<li>\n\t\tSkyl\u0117s sienoje gylis (montavimui): 60 mm.<\/li>\n<\/ul>\n<p><strong>Warranty:<\/strong><\/p>\n<p>Wellmo Mat tinkleliai &#8211; gyvenimo garantija;<\/p>\n<p>Termostatai &#8211; 2 metai.&nbsp;<\/p>\n<p><a class=\"catalogue\" href=\"\/en\/images\/Userfiles\/My_folder\/Feelspot_WTH51.36_NEW_BLACK.pdf\/\" target=\"blank\">Atsisi\u0173sti termostato instrukcij\u0105<\/a>&nbsp; &nbsp; &nbsp; &nbsp; <a class=\"catalogue\" href=\"\/en\/images\/Userfiles\/My_folder\/Wellmo_tinklelio_instrukcija.pdf\/\" target=\"blank\">Atsisi\u0173sti tinklelio instrukcij\u0105<\/a><\/p>","protected":false},"excerpt":{"rendered":"<p>&bdquo;Wellmo MAT&ldquo; &ndash; auk\u0161tos klas\u0117s grindinio \u0161ildymo tinklelis, skirtas \u012frengimui i\u0161 karto po keramini\u0173 plyteli\u0173 sluoksniu, parketu ar plastikine danga.<\/p>","protected":false},"featured_media":28997,"comment_status":"closed","ping_status":"open","template":"","meta":[],"product_brand":[],"product_cat":[23],"product_tag":[535],"class_list":{"0":"post-28995","1":"product","2":"type-product","3":"status-publish","4":"has-post-thumbnail","6":"product_cat-be-kategorijos","7":"product_tag-naujiena","9":"first","10":"onbackorder","11":"taxable","12":"shipping-taxable","13":"product-type-variable"},"_links":{"self":[{"href":"https:\/\/orotech.lt\/en\/wp-json\/wp\/v2\/product\/28995","targetHints":{"allow":["GET"]}}],"collection":[{"href":"https:\/\/orotech.lt\/en\/wp-json\/wp\/v2\/product"}],"about":[{"href":"https:\/\/orotech.lt\/en\/wp-json\/wp\/v2\/types\/product"}],"replies":[{"embeddable":true,"href":"https:\/\/orotech.lt\/en\/wp-json\/wp\/v2\/comments?post=28995"}],"version-history":[{"count":1,"href":"https:\/\/orotech.lt\/en\/wp-json\/wp\/v2\/product\/28995\/revisions"}],"predecessor-version":[{"id":28996,"href":"https:\/\/orotech.lt\/en\/wp-json\/wp\/v2\/product\/28995\/revisions\/28996"}],"wp:featuredmedia":[{"embeddable":true,"href":"https:\/\/orotech.lt\/en\/wp-json\/wp\/v2\/media\/28997"}],"wp:attachment":[{"href":"https:\/\/orotech.lt\/en\/wp-json\/wp\/v2\/media?parent=28995"}],"wp:term":[{"taxonomy":"product_brand","embeddable":true,"href":"https:\/\/orotech.lt\/en\/wp-json\/wp\/v2\/product_brand?post=28995"},{"taxonomy":"product_cat","embeddable":true,"href":"https:\/\/orotech.lt\/en\/wp-json\/wp\/v2\/product_cat?post=28995"},{"taxonomy":"product_tag","embeddable":true,"href":"https:\/\/orotech.lt\/en\/wp-json\/wp\/v2\/product_tag?post=28995"}],"curies":[{"name":"wp","href":"https:\/\/api.w.org\/{rel}","templated":true}]}}