{"id":28999,"date":"2025-09-09T09:50:02","date_gmt":"2025-09-09T09:50:02","guid":{"rendered":"https:\/\/orotech.lt\/halogeninis-infraraudonuju-spinduliu-sildytuvas-heliosa-9-2-2\/"},"modified":"2025-09-10T06:50:37","modified_gmt":"2025-09-10T06:50:37","slug":"halogeninis-infraraudonuju-spinduliu-sildytuvas-heliosa-9-2-2","status":"publish","type":"product","link":"https:\/\/orotech.lt\/en\/halogeninis-infraraudonuju-spinduliu-sildytuvas-heliosa-9-2-2\/","title":{"rendered":"Halogen infrared heater HELIOSA 9.2"},"content":{"rendered":"<p style=\"text-align: justify;\"><span style=\"text-align: justify;\">Heliosa 9 \u0161ildytuvai &ndash; tai tarsi saul\u0117, skleid\u017eianti tiesiogin\u0119 ir ekologi\u0161k\u0105 \u0161ilum\u0105, nesukelianti oro jud\u0117jimo ir \u0161ilumos nutek\u0117jimo, tod\u0117l galima <\/span><strong style=\"text-align: justify;\">heat only the necessary areas and only when necessary<\/strong><span style=\"text-align: justify;\">Such targeted use helps save up to 70% of heating costs compared to traditional heating systems.<\/span><\/p>\n<p style=\"text-align: justify;\">Speciali gintaro spalvos&nbsp; elektros lemput\u0117 suma\u017eina net 80% \u0161ildytuvo sunaudojam\u0173 energijos s\u0105naud\u0173. WATERPROOF technologija apsaugo nuo lietaus ir vandens srov\u0117s. \u0160ildytuvas skirtas montuoti ant sienos, lub\u0173 arba mobilaus stovo.<\/p>\n<p style=\"text-align: justify;\">\u0160\u012f prietais\u0105 galima valdyti \u012fjungimo\/i\u0161jungimo mygtuku, nuotoliniu pulteliu arba naudoti belaid\u012f i\u0161man\u0173j\u012f valdym\u0105. Tam reik\u0117s&nbsp; atsisi\u0173sti&nbsp;<strong>BlueApp<\/strong> program\u0117l\u0119&nbsp;i\u0161 <a href=\"https:\/\/itunes.apple.com\/US\/app\/id1303076155?mt=8\" target=\"_blank\" rel=\"nofollow noopener\"><span>App Store<\/span><\/a> or <a href=\"https:\/\/play.google.com\/store\/apps\/details?id=com.spm14.heater&amp;hl=en\" target=\"_blank\" rel=\"nofollow noopener\"><span>Google Play<\/span><\/a> and pairing the device with your smart device <strong>the heater can be controlled remotely via Bluetooth,<\/strong> thus ensuring a comfortable temperature in restaurants, hotels, outdoor terraces, winter gardens, summer houses, and more.<\/p>\n<p style=\"text-align: justify;\"><strong>ADVANTAGES:<\/strong><\/p>\n<ul>\n<li>\n\t\tProfessional IR heaters, the quality, efficiency and functionality of which have been appreciated by hundreds of industrial and private customers in Lithuania;<\/li>\n<li>\n\t\tIntegrated special halogen heating elements are maintenance-free and heat efficiently for more than 7,000 hours;<\/li>\n<li>\n\t\tThe heating element is replaceable, so you won&#039;t have to buy a new heater if the element stops heating;<\/li>\n<li>\n\t\tReflectors that effectively direct heat at the right angle are made of the highest quality materials;<\/li>\n<li>\n\t\tUsing heaters to heat individual zones can save up to 70% in heating energy and costs.&nbsp;<\/li>\n<\/ul>\n<p style=\"text-align: justify;\"><strong>Technical information:<\/strong><\/p>\n<ul>\n<li style=\"text-align: justify;\">\n\t\tDimensions (mm): 540 x 195 x 113;<\/li>\n<li style=\"text-align: justify;\">\n\t\tWeight (kg): 3.17;<\/li>\n<li style=\"text-align: justify;\">\n\t\tPower (W): 2200;<\/li>\n<li style=\"text-align: justify;\">\n\t\tHeated area (m<sup>2<\/sup>): 20-25;<\/li>\n<li style=\"text-align: justify;\">\n\t\tRecommended height (m): 2.7-3.0;<\/li>\n<li style=\"text-align: justify;\">\n\t\tCable length (m): 5;<\/li>\n<li style=\"text-align: justify;\">\n\t\t<strong>Protection class: IPX5<\/strong>;<\/li>\n<li style=\"text-align: justify;\">\n\t\tHousing: aluminum;<\/li>\n<li style=\"text-align: justify;\">\n\t\tBody color: silver.<\/li>\n<\/ul>\n<p style=\"text-align: justify;\">With the app&nbsp; <strong>BluAapp <\/strong>you will be able to:<\/p>\n<ul>\n<li style=\"text-align: justify;\">\n\t\tturn the heater on\/off;<\/li>\n<li style=\"text-align: justify;\">\n\t\tvaldyti iki 15&nbsp;\u0161ildytuv\u0173;<\/li>\n<li style=\"text-align: justify;\">\n\t\tgradually adjust the power from 0 to 100% for each heater separately or simultaneously for all heaters connected to the transmitter&#039;s operating area;<\/li>\n<li style=\"text-align: justify;\">\n\t\tadjust heater profiles and set a security password;<\/li>\n<li style=\"text-align: justify;\">\n\t\tnustatyti &ldquo;miego&rdquo; laikmat\u012f.<\/li>\n<\/ul>\n<p style=\"text-align: justify;\"><a class=\"catalogue\" href=\"https:\/\/www.rubisolis.lt\/failai\/files\/produktu%20pdf\/HELIOSA%209B%20instrukcija.pdf\" target=\"blank\" rel=\"nofollow noopener\">Download product manual<\/a><\/p>","protected":false},"excerpt":{"rendered":"<p>Heliosa 9 \u0161ildytuvai &ndash; tai tarsi saul\u0117, skleid\u017eianti tiesiogin\u0119 ir ekologi\u0161k\u0105 \u0161ilum\u0105, nesukelianti oro jud\u0117jimo ir \u0161ilumos nutek\u0117jimo, tod\u0117l galima<\/p>","protected":false},"featured_media":29001,"comment_status":"closed","ping_status":"open","template":"","meta":[],"product_brand":[],"product_cat":[23],"product_tag":[535],"class_list":{"0":"post-28999","1":"product","2":"type-product","3":"status-publish","4":"has-post-thumbnail","6":"product_cat-be-kategorijos","7":"product_tag-naujiena","9":"first","10":"onbackorder","11":"taxable","12":"shipping-taxable","13":"product-type-variable"},"_links":{"self":[{"href":"https:\/\/orotech.lt\/en\/wp-json\/wp\/v2\/product\/28999","targetHints":{"allow":["GET"]}}],"collection":[{"href":"https:\/\/orotech.lt\/en\/wp-json\/wp\/v2\/product"}],"about":[{"href":"https:\/\/orotech.lt\/en\/wp-json\/wp\/v2\/types\/product"}],"replies":[{"embeddable":true,"href":"https:\/\/orotech.lt\/en\/wp-json\/wp\/v2\/comments?post=28999"}],"version-history":[{"count":1,"href":"https:\/\/orotech.lt\/en\/wp-json\/wp\/v2\/product\/28999\/revisions"}],"predecessor-version":[{"id":29000,"href":"https:\/\/orotech.lt\/en\/wp-json\/wp\/v2\/product\/28999\/revisions\/29000"}],"wp:featuredmedia":[{"embeddable":true,"href":"https:\/\/orotech.lt\/en\/wp-json\/wp\/v2\/media\/29001"}],"wp:attachment":[{"href":"https:\/\/orotech.lt\/en\/wp-json\/wp\/v2\/media?parent=28999"}],"wp:term":[{"taxonomy":"product_brand","embeddable":true,"href":"https:\/\/orotech.lt\/en\/wp-json\/wp\/v2\/product_brand?post=28999"},{"taxonomy":"product_cat","embeddable":true,"href":"https:\/\/orotech.lt\/en\/wp-json\/wp\/v2\/product_cat?post=28999"},{"taxonomy":"product_tag","embeddable":true,"href":"https:\/\/orotech.lt\/en\/wp-json\/wp\/v2\/product_tag?post=28999"}],"curies":[{"name":"wp","href":"https:\/\/api.w.org\/{rel}","templated":true}]}}