{"id":29002,"date":"2025-09-09T09:50:02","date_gmt":"2025-09-09T09:50:02","guid":{"rendered":"https:\/\/orotech.lt\/grindinio-sildymo-tinklelis-warmset-black-150w-programuojamas-termostatas-feelspot-wth51-36-new\/"},"modified":"2025-09-10T06:50:38","modified_gmt":"2025-09-10T06:50:38","slug":"grindinio-sildymo-tinklelis-warmset-black-150w-programuojamas-termostatas-feelspot-wth51-36-new","status":"publish","type":"product","link":"https:\/\/orotech.lt\/en\/grindinio-sildymo-tinklelis-warmset-black-150w-programuojamas-termostatas-feelspot-wth51-36-new\/","title":{"rendered":"Grindinio \u0161ildymo tinklelis Warmset BLACK, 150W + programuojamas termostatas Feelspot WTH51.36 NEW"},"content":{"rendered":"<p style=\"text-align: justify;\"><strong style=\"text-align: justify;\">Warmset BLACK grindinio \u0161ildymo tinklelis <\/strong><span style=\"text-align: justify;\">pasi\u017eymi nauja infraraudon\u0173j\u0173 spinduli\u0173 technologija. \u0160i\u0105 \u0161ildymo sistem\u0105 lengva sumontuoti po plytel\u0117mis. Paprastai jis klojamas \u012f klij\u0173 ar i\u0161lyginam\u0105j\u012f sluoksnius. Priklausomai nuo patalpos dyd\u017eio, galima \u0161ildyti vienu ar keliais tinklelio WARMSET Black ritiniais.<\/span><\/p>\n<p style=\"text-align: justify;\"><strong>Features:<\/strong><br \/>\n\t&bull;&nbsp;&nbsp; &nbsp;Galia: 150 W\/m<sup>2<\/sup>. Pagal atskir\u0105 u\u017esakym\u0105 galima u\u017esisakyti nuo 30 iki 300 W\/m<sup>2<\/sup>;<br \/>\n\t&bull;&nbsp;&nbsp; &nbsp;Izoliacijos atsparumas iki 80 &deg;C;<br \/>\n\t&bull;&nbsp;&nbsp; &nbsp;Garantija: 10 met\u0173.&nbsp;Garantija taikoma u\u017epild\u017eius technin\u012f pas\u0105, esant\u012f prek\u0117s instrukcijoje;<br \/>\n\t&bull;&nbsp;&nbsp; &nbsp;Atitinka elektros instaliacijos direktyvos (BS7671:2008) standart\u0105 EN60335-2-96;<br \/>\n\t&bull;&nbsp;&nbsp; &nbsp;D\u0117l patogios strukt\u016bros instaliuoti tinklel\u012f galima greitai ir paprastai;<br \/>\n\t&bull;&nbsp;&nbsp; &nbsp;Ypatingai plonas (tik 3 mm);<br \/>\n\t&bull;&nbsp;&nbsp; &nbsp;Idealiai tinka montuoti i\u0161lyginamajame arba klij\u0173 sluoksniuose;<br \/>\n\t&bull;&nbsp;&nbsp; &nbsp;Tinka \u0161lapiam montavimui po plytel\u0117mis, akmens, keramikos ar klijuotos medienos grindimis;<br \/>\n\t<strong>&bull;&nbsp;&nbsp;&nbsp; Apsaugos klas\u0117: IPX7.<\/strong><br \/>\n\t&nbsp;<\/p>\n<p style=\"text-align: justify;\"><strong>Warmset grind\u0173 \u0161ildymo sistem\u0105<\/strong> sudaro 17 mm plo\u010dio juostel\u0117, i\u0161d\u0117styta ant stiklo pluo\u0161to tinklelio, kurio standartinis plotis &#8211; 500 mm. Juostel\u0117s viduje esantys laidai yra daugiausia pagaminti i\u0161 aliuminio ir kit\u0173 metal\u0173 lydini\u0173, padengt\u0173 polipropileno pl\u0117vele. Tinklelio vidutinis storis yra 3-4 mm su maksimalia 6 mm priekin\u0117s ir galin\u0117s dalies jungtimi. Tinklelio ritinio ilgis ir galingumas gali b\u016bti \u012fvair\u016bs: 1 &#8211; 40 m ilgio ir nuo 30 iki 300 W\/m2. Standarti\u0161kai galite \u012fsigyti 150 W\/m2 galios tinklel\u012f.<br \/>\n\tTarpas tarp \u0161ildan\u010di\u0173 juosteli\u0173 svyruoja nuo 25 iki 70 mm (priklausomai nuo W\/m2 galios).&nbsp; Standartinis elektros kabelio ilgis yra 2 m.<br \/>\n\tD\u0117l savo dvilaid\u0117s strukt\u016bros <strong>Warmset BLACK tinklelis <\/strong>does not emit electromagnetic radiation.<\/p>\n<p style=\"text-align: justify;\">\u0160i\u0173 grindinio \u0161ildymo kilim\u0117li\u0173 pakuot\u0117s gaminamos i\u0161 ne ma\u017eiau nei 40 % perdirbam\u0173 med\u017eiag\u0173 ir yra draugi\u0161kos aplinkai!\u200b\u200b&nbsp;<\/p>\n<p style=\"text-align: center;\"><iframe allow=\"accelerometer; autoplay; clipboard-write; encrypted-media; gyroscope; picture-in-picture\" allowfullscreen=\"\" frameborder=\"0\" height=\"315\" src=\"https:\/\/www.youtube.com\/embed\/dg2LHS0pLho\" title=\"YouTube video player\" width=\"560\"><\/iframe><\/p>\n<p style=\"text-align: center;\"><img decoding=\"async\" alt=\"\" src=\"\/failai\/files\/FOTO\/\u012erengimas black.JPG\" style=\"width: 700px; height: 309px;\" title=\"\"><\/p>\n<p style=\"text-align: center;\">&nbsp;<\/p>\n<p style=\"text-align: justify;\">Elektroninis programuojamas termostatas (termoreguliatorius) Feelspot WTH51.36 NEW&nbsp;<\/p>\n<p style=\"text-align: justify;\">Feelspot WTH51.36 NEW yra elektroninis programuojamas termostatas (termoreguliatorius), skirtas valdyti elektrinio grindinio \u0161ildymo prietaisus.<\/p>\n<p style=\"text-align: justify;\"><strong>Advantages:<br \/>\n\t<\/strong><\/p>\n<ul>\n<li>\n\t\tModernus dizainas;<\/li>\n<li>\n\t\tLie\u010diamas ekranas;<\/li>\n<li>\n\t\tPaprastas sumontavimas;<\/li>\n<li>\n\t\tVidini\u0173 ir i\u0161orini\u0173 jutikli\u0173 pagalba galima valdyti tiek oro, tiek grind\u0173 temperat\u016br\u0105;<\/li>\n<li>\n\t\t\u0160e\u0161i programuojami laiko tarpai maksimaliam komfortui ir ekonomi\u0161kumui.<\/li>\n<\/ul>\n<p><strong>Technical information:<br \/>\n\t<\/strong><\/p>\n<ul>\n<li>\n\t\tProtection class: IP20;<\/li>\n<li>\n\t\tJutiklis: NTC;<\/li>\n<li>\n\t\tTikslumas: &plusmn;1 &deg;C;<\/li>\n<li>\n\t\tNustatomos temp. diapazonas;<\/li>\n<li>\n\t\tEnergijos sunaudojimas: &lt; 1.5 W;<\/li>\n<li>\n\t\tLaiko paklaida: &lt;1%;<\/li>\n<li>\n\t\tMaitinimas: 95-240 V AC, 50-60 Hz;<\/li>\n<li>\n\t\tElektros srov\u0117 (elektriniam \u0161ildymui): 16 A;<\/li>\n<li>\n\t\tKorpuso med\u017eiaga: PC + ABS;<\/li>\n<li>\n\t\tI\u0161matavimai: 86 x 86 x 13.3 mm;<\/li>\n<li>\n\t\tAplinkos temp.\/dr\u0117gm. ribos: 0-45&deg;C \/ 5-95% RH;<\/li>\n<li>\n\t\tSkyl\u0117s sienoje gylis (montavimui): 60 mm.<\/li>\n<\/ul>\n<p style=\"text-align: justify;\"><strong>Komplekt\u0105 sudaro:<br \/>\n\t<\/strong><\/p>\n<ul>\n<li>\n\t\tTermostatas &#8211; 1 vnt.;<\/li>\n<li>\n\t\tVar\u017etai &#8211; 1 vnt.;<\/li>\n<li>\n\t\tMontavimo\/programavimo instrukcijos &#8211; 1 vnt.;<\/li>\n<li>\n\t\tSienin\u0117 plok\u0161t\u0117 &#8211; 1 vnt.;<\/li>\n<li>\n\t\t2.5 m i\u0161orinis jutiklis &#8211; 1 vnt.&nbsp;&nbsp;<\/li>\n<\/ul>\n<p><em><strong>Important! The 10-year warranty applies after completing the technical passport, which you can find by downloading the warranty magazine.&nbsp;<\/strong><\/em><\/p>\n<p style=\"text-align: justify;\"><a class=\"catalogue\" href=\"\/en\/images\/Userfiles\/Warmset_etikeci_zurnalas_2022.pdf\/\" target=\"blank\">Atsisi\u0173sti garantin\u012f \u017eurnal\u0105<\/a><br \/>\n\t<a class=\"catalogue\" href=\"\/en\/images\/Userfiles\/Warmset_montavimo_vadovas_20222.pdf\/\" target=\"blank\">Download product manual<br \/>\n\t<\/a><a class=\"catalogue\" href=\"\/en\/images\/Userfiles\/WTH_51.36NEW_WTH_51.36NEW_black_and_white_LT.pdf\/\" target=\"blank\">Atsisi\u0173sti termostato instrukcij\u0105<\/a><\/p>","protected":false},"excerpt":{"rendered":"<p>Warmset BLACK grindinio \u0161ildymo tinklelis pasi\u017eymi nauja infraraudon\u0173j\u0173 spinduli\u0173 technologija. \u0160i\u0105 \u0161ildymo sistem\u0105 lengva sumontuoti po plytel\u0117mis. Paprastai jis klojamas<\/p>","protected":false},"featured_media":29004,"comment_status":"closed","ping_status":"open","template":"","meta":[],"product_brand":[],"product_cat":[23],"product_tag":[535],"class_list":{"0":"post-29002","1":"product","2":"type-product","3":"status-publish","4":"has-post-thumbnail","6":"product_cat-be-kategorijos","7":"product_tag-naujiena","9":"first","10":"onbackorder","11":"taxable","12":"shipping-taxable","13":"product-type-variable"},"_links":{"self":[{"href":"https:\/\/orotech.lt\/en\/wp-json\/wp\/v2\/product\/29002","targetHints":{"allow":["GET"]}}],"collection":[{"href":"https:\/\/orotech.lt\/en\/wp-json\/wp\/v2\/product"}],"about":[{"href":"https:\/\/orotech.lt\/en\/wp-json\/wp\/v2\/types\/product"}],"replies":[{"embeddable":true,"href":"https:\/\/orotech.lt\/en\/wp-json\/wp\/v2\/comments?post=29002"}],"version-history":[{"count":1,"href":"https:\/\/orotech.lt\/en\/wp-json\/wp\/v2\/product\/29002\/revisions"}],"predecessor-version":[{"id":29003,"href":"https:\/\/orotech.lt\/en\/wp-json\/wp\/v2\/product\/29002\/revisions\/29003"}],"wp:featuredmedia":[{"embeddable":true,"href":"https:\/\/orotech.lt\/en\/wp-json\/wp\/v2\/media\/29004"}],"wp:attachment":[{"href":"https:\/\/orotech.lt\/en\/wp-json\/wp\/v2\/media?parent=29002"}],"wp:term":[{"taxonomy":"product_brand","embeddable":true,"href":"https:\/\/orotech.lt\/en\/wp-json\/wp\/v2\/product_brand?post=29002"},{"taxonomy":"product_cat","embeddable":true,"href":"https:\/\/orotech.lt\/en\/wp-json\/wp\/v2\/product_cat?post=29002"},{"taxonomy":"product_tag","embeddable":true,"href":"https:\/\/orotech.lt\/en\/wp-json\/wp\/v2\/product_tag?post=29002"}],"curies":[{"name":"wp","href":"https:\/\/api.w.org\/{rel}","templated":true}]}}