{"id":29019,"date":"2025-09-09T09:50:26","date_gmt":"2025-09-09T09:50:26","guid":{"rendered":"https:\/\/orotech.lt\/grindinio-sildymo-tinklelis-wellmo-mat-150-w-programuojamas-termostatas-feelspot-wth22-16-new-wifi\/"},"modified":"2025-09-10T06:50:41","modified_gmt":"2025-09-10T06:50:41","slug":"grindinio-sildymo-tinklelis-wellmo-mat-150-w-programuojamas-termostatas-feelspot-wth22-16-new-wifi","status":"publish","type":"product","link":"https:\/\/orotech.lt\/en\/grindinio-sildymo-tinklelis-wellmo-mat-150-w-programuojamas-termostatas-feelspot-wth22-16-new-wifi\/","title":{"rendered":"Grindinio \u0161ildymo tinklelis Wellmo MAT, 150 W + programuojamas termostatas Feelspot WTH22.16 NEW WiFi"},"content":{"rendered":"<p style=\"text-align: justify;\">Wellmo Mat&nbsp;dviej\u0173 laidinink\u0173 \u0161ildymo kabeli\u0173 tinkleliai WMSM 150 W\/m&sup2; su lipniu pagrindu ir ETFE\/ teflono izoliacija, 230 V.<\/p>\n<p style=\"text-align: justify;\"><strong>Ypatyb\u0117s:<\/strong><\/p>\n<ul>\n<li>\n\t\tLabai plonas &#8211; 3,0 mm (tinklelio dydis nuo 0.5 m2 iki 7 m2 ) &#8211; 3.8 mm (tinklelio dydis nuo 8 m2 iki 12 m2 ) .<\/li>\n<li>\n\t\t\u0160alt\u0173 laid\u0173 ilgis 3m.<\/li>\n<li>\n\t\tTinka plonoms betono grindims, klojamas tiesiai po plytel\u0117mis, marmuru, akmens ar kilimine danga \u012f plyteli\u0173 klij\u0173 sluoksn\u012f.<\/li>\n<li>\n\t\tETFE\/ teflono izoliacija.<\/li>\n<li>\n\t\tDaugegyslis varinis laidininkas.<\/li>\n<li>\n\t\tAluminio folija.<\/li>\n<li>\n\t\tTarpas tarp laidinink\u0173 &lt;-&gt; 9 cm.<\/li>\n<li>\n\t\tLipnus kilim\u0117lis.<\/li>\n<li>\n\t\tDviguba lipni juosta.<\/li>\n<li>\n\t\tGofros x 2 (po 2 m).<\/li>\n<li>\n\t\tInstrukcija lietuvi\u0173 kalba.&nbsp;<\/li>\n<\/ul>\n<p style=\"text-align: justify;\">Modernus programuojamas termostatas &ndash; termoreguliatorius Feelspot WTH 22.16 NEW kartu su WiFi funkcija leid\u017eia patogiai valdyti elektros, vandens bei dujinio \u0161ildymo sistem\u0173 veikim\u0105, palaikant optimaliausi\u0105 temperat\u016br\u0105 patalpose. Programuojamas termostatas Feelspot WTH22.16 NEW valdomas nuotoliniu b\u016bdu su program\u0117le &quot;Tuya&quot; arba &bdquo;Smart Life&ldquo;. Mobilioje program\u0117l\u0117je galima susieti kelis termostatus kaip grup\u0119 ir valdyti juos tuo pa\u010diu metu! Programuojamas termostatas Feelspot WTH 22.16 NEW turi 7 veikimo grafikus, kas leid\u017eia sukurti maksimal\u0173 komfort\u0105 ir taip suma\u017einti elektros s\u0105naudas. IP20 apsaugos klas\u0117s elektroninis programuojamas termostatas (termoreguliatorius) Feelspot WTH 22.16 NEW tinkamas naudoti komercin\u0117se, pramonin\u0117se, vie\u0161ose ir gyvenamosiose patalpose.<\/p>\n<p style=\"text-align: justify;\"><strong>Technical characteristics:<br \/>\n\t<\/strong><\/p>\n<ul>\n<li>\n\t\t\u012etampa: 90-240 V AC;<\/li>\n<li>\n\t\tNustatytos temperat\u016bros paklaida: 0,5&deg;C;<\/li>\n<li>\n\t\tGrind\u0173 jutiklis: NTC (10k) 1%;<\/li>\n<li>\n\t\tMaksimali apkrova: 16A (3600W);<\/li>\n<li>\n\t\tRibin\u0117s temperat\u016bros diapazonas: 1 &#8211; 70&deg;C;<\/li>\n<li>\n\t\tTemperat\u016bros reguliavimo diapazonas: 5 &#8211; 35&deg;C;<\/li>\n<li>\n\t\tMatmenys (mm): 86 x 86 x 10;<\/li>\n<li>\n\t\tProgramuojamas;<\/li>\n<li>\n\t\tMontavimas: \u012fleid\u017eiamas \u012f sien\u0105;<\/li>\n<li>\n\t\tProtection class: IP20;<\/li>\n<\/ul>\n<p style=\"text-align: justify;\"><strong>Advantages:<\/strong><\/p>\n<ul>\n<li>\n\t\tModernus dizainas;<\/li>\n<li>\n\t\tVidinis ir i\u0161orinis jutikliai;<\/li>\n<li>\n\t\tApsaugantis u\u017eraktas nuo vaik\u0173;<\/li>\n<li>\n\t\tAtostog\u0173 r\u0117\u017eimas (galima suprogramuoti \u0161ilumos palaikym\u0105 iki 30d);<\/li>\n<li>\n\t\tNustatyta temperat\u016bra palaikoma 0,5&deg;C tikslumu;<\/li>\n<li>\n\t\tDuomen\u0173 i\u0161saugojimas i\u0161jungus maitinim\u0105;<\/li>\n<li>\n\t\tI\u0161orinio jutiklio temperat\u016bros duomenys;<\/li>\n<li>\n\t\tGalimyb\u0117 termostat\u0105 susieti bei valdyti i\u0161maniuoju \u012frenginiu, suderinamas su Android ir iOS operacin\u0117mis sistemomis;<\/li>\n<li>\n\t\tGalimyb\u0117 susieti kelis termostatus kaip grup\u0119 ir valdyti juos tuo pa\u010diu metu;<\/li>\n<li>\n\t\tGalimyb\u0117 prid\u0117ti kitus \u017emones prie savo \u0161eimos rato ir leisti jiems valdyti j\u016bs\u0173 susietus \u012frenginius.<\/li>\n<\/ul>\n<p style=\"text-align: justify;\"><strong>Programavimo re\u017eimai:<br \/>\n\t<\/strong><\/p>\n<ul>\n<li>\n\t\tAutomatic mode;<\/li>\n<li>\n\t\tLaikinas rankinis re\u017eimas;<\/li>\n<li>\n\t\t24val. re\u017eimas (6 period\u0173 programa);<\/li>\n<li>\n\t\t5\/2 dien\u0173 programavimo re\u017eimas (gamyklinis numatytasis) ;<\/li>\n<li>\n\t\t6\/1 dien\u0173 programavimo re\u017eimas;<\/li>\n<li>\n\t\t7 dien\u0173 programavimo re\u017eimas;<\/li>\n<li>\n\t\tAtostog\u0173 re\u017eimas (iki 30d.).<\/li>\n<\/ul>\n<p style=\"text-align: justify;\"><strong>Warranty:<\/strong><\/p>\n<p>Wellmo Mat tinkleliai &#8211; gyvenimo garantija;<br \/>\n\tTermostatui &#8211; 36 m\u0117n.&nbsp;<\/p>\n<p><a class=\"catalogue\" href=\"https:\/\/rubisolis.lt\/images\/Userfiles\/My_folder\/WTH22.16_NEW_Wifi_instrukcija_LT.pdf\" target=\"blank\" rel=\"nofollow noopener\">Atsisi\u0173sti termostato instrukcij\u0105 <\/a><\/p>","protected":false},"excerpt":{"rendered":"<p>Wellmo Mat&nbsp;dviej\u0173 laidinink\u0173 \u0161ildymo kabeli\u0173 tinkleliai WMSM 150 W\/m&sup2; su lipniu pagrindu ir ETFE\/ teflono izoliacija, 230 V. Ypatyb\u0117s: Labai<\/p>","protected":false},"featured_media":29021,"comment_status":"closed","ping_status":"open","template":"","meta":[],"product_brand":[],"product_cat":[23],"product_tag":[535],"class_list":{"0":"post-29019","1":"product","2":"type-product","3":"status-publish","4":"has-post-thumbnail","6":"product_cat-be-kategorijos","7":"product_tag-naujiena","9":"first","10":"onbackorder","11":"taxable","12":"shipping-taxable","13":"product-type-variable"},"_links":{"self":[{"href":"https:\/\/orotech.lt\/en\/wp-json\/wp\/v2\/product\/29019","targetHints":{"allow":["GET"]}}],"collection":[{"href":"https:\/\/orotech.lt\/en\/wp-json\/wp\/v2\/product"}],"about":[{"href":"https:\/\/orotech.lt\/en\/wp-json\/wp\/v2\/types\/product"}],"replies":[{"embeddable":true,"href":"https:\/\/orotech.lt\/en\/wp-json\/wp\/v2\/comments?post=29019"}],"version-history":[{"count":1,"href":"https:\/\/orotech.lt\/en\/wp-json\/wp\/v2\/product\/29019\/revisions"}],"predecessor-version":[{"id":29020,"href":"https:\/\/orotech.lt\/en\/wp-json\/wp\/v2\/product\/29019\/revisions\/29020"}],"wp:featuredmedia":[{"embeddable":true,"href":"https:\/\/orotech.lt\/en\/wp-json\/wp\/v2\/media\/29021"}],"wp:attachment":[{"href":"https:\/\/orotech.lt\/en\/wp-json\/wp\/v2\/media?parent=29019"}],"wp:term":[{"taxonomy":"product_brand","embeddable":true,"href":"https:\/\/orotech.lt\/en\/wp-json\/wp\/v2\/product_brand?post=29019"},{"taxonomy":"product_cat","embeddable":true,"href":"https:\/\/orotech.lt\/en\/wp-json\/wp\/v2\/product_cat?post=29019"},{"taxonomy":"product_tag","embeddable":true,"href":"https:\/\/orotech.lt\/en\/wp-json\/wp\/v2\/product_tag?post=29019"}],"curies":[{"name":"wp","href":"https:\/\/api.w.org\/{rel}","templated":true}]}}