{"id":29027,"date":"2025-09-09T09:50:26","date_gmt":"2025-09-09T09:50:26","guid":{"rendered":"https:\/\/orotech.lt\/kvarcinis-infraraudonuju-spinduliu-sildytuvas-trotec-ir-1200-s-2\/"},"modified":"2025-09-10T06:50:42","modified_gmt":"2025-09-10T06:50:42","slug":"quartz-infrared-heater-trotec-ir-1200-s-2","status":"publish","type":"product","link":"https:\/\/orotech.lt\/en\/quartz-infrared-heater-trotec-ir-1200-s-2\/","title":{"rendered":"Quartz infrared heater Trotec IR 1200 S"},"content":{"rendered":"<p><strong style=\"text-align: justify;\">\u0160ildytuvo IR 1200 S&nbsp;privalumai:<\/strong><\/p>\n<ul>\n<li style=\"text-align: justify;\">\n\t\t\u0160ildymas infraraudonaisiais spinduliais&nbsp;be i\u0161ankstinio pa\u0161ildymo;<\/li>\n<li style=\"text-align: justify;\">\n\t\tPrecise and even heat distribution;<\/li>\n<li style=\"text-align: justify;\">\n\t\tWeatherproof, energy-saving, condensation-free, odorless and silent;<\/li>\n<li style=\"text-align: justify;\">\n\t\tDoes not raise dust, therefore suitable for people with allergies;<\/li>\n<li style=\"text-align: justify;\">\n\t\tHigh quality and modern design;<\/li>\n<li style=\"text-align: justify;\">\n\t\t<strong>Protection class IP 24 \u2013 protection against the ingress of solid objects larger than 12.5 mm and splashes of water;<\/strong><\/li>\n<li style=\"text-align: justify;\">\n\t\tAdjustable inclination angle;<\/li>\n<li style=\"text-align: justify;\">\n\t\tSuitable for wall mounting and is most often used on balconies and terraces.<\/li>\n<\/ul>\n<p style=\"text-align: justify;\"><strong>Technical information:<\/strong><\/p>\n<ul>\n<li style=\"text-align: justify;\">\n\t\tAp\u0161ildomas plotas: iki 8 m&sup2;;<\/li>\n<li style=\"text-align: justify;\">\n\t\tPower: 600 W and 1200 W;<\/li>\n<li style=\"text-align: justify;\">\n\t\t2 Quartz incandescent lamps;<\/li>\n<li style=\"text-align: justify;\">\n\t\t60&deg; polinkio kampas;<\/li>\n<li style=\"text-align: justify;\">\n\t\tPower supply: 220-240 V; 50-60 Hz;&nbsp;<\/li>\n<li style=\"text-align: justify;\">\n\t\tRated current: 5.2 A;<\/li>\n<li style=\"text-align: justify;\">\n\t\tCable length: 1.2 m;<\/li>\n<li style=\"text-align: justify;\">\n\t\tDimensions (LxWxH): 113 x 538 x 135 mm;<\/li>\n<li style=\"text-align: justify;\">\n\t\tWeight: 1.5 kg.<\/li>\n<\/ul>\n<p style=\"text-align: justify;\"><a class=\"catalogue\" href=\"https:\/\/www.rubisolis.lt\/failai\/files\/produktu%20pdf\/Trotec\/%C5%A0ildytuvai\/Trotec%20IR%201200%20S%20naudojimo%20instrukcija.pdf\" target=\"blank\" rel=\"nofollow noopener\">Download product manual <\/a><\/p>","protected":false},"excerpt":{"rendered":"<p>\u0160ildytuvo IR 1200 S&nbsp;privalumai: \u0160ildymas infraraudonaisiais spinduliais&nbsp;be i\u0161ankstinio pa\u0161ildymo; Tikslus ir tolygus \u0161ilumos pasiskirstymas; Atsparus or\u0173 poveikiui, taupantis energij\u0105, be<\/p>","protected":false},"featured_media":29029,"comment_status":"closed","ping_status":"open","template":"","meta":[],"product_brand":[],"product_cat":[23],"product_tag":[535],"class_list":{"0":"post-29027","1":"product","2":"type-product","3":"status-publish","4":"has-post-thumbnail","6":"product_cat-be-kategorijos","7":"product_tag-naujiena","9":"first","10":"onbackorder","11":"taxable","12":"shipping-taxable","13":"product-type-variable"},"_links":{"self":[{"href":"https:\/\/orotech.lt\/en\/wp-json\/wp\/v2\/product\/29027","targetHints":{"allow":["GET"]}}],"collection":[{"href":"https:\/\/orotech.lt\/en\/wp-json\/wp\/v2\/product"}],"about":[{"href":"https:\/\/orotech.lt\/en\/wp-json\/wp\/v2\/types\/product"}],"replies":[{"embeddable":true,"href":"https:\/\/orotech.lt\/en\/wp-json\/wp\/v2\/comments?post=29027"}],"version-history":[{"count":1,"href":"https:\/\/orotech.lt\/en\/wp-json\/wp\/v2\/product\/29027\/revisions"}],"predecessor-version":[{"id":29028,"href":"https:\/\/orotech.lt\/en\/wp-json\/wp\/v2\/product\/29027\/revisions\/29028"}],"wp:featuredmedia":[{"embeddable":true,"href":"https:\/\/orotech.lt\/en\/wp-json\/wp\/v2\/media\/29029"}],"wp:attachment":[{"href":"https:\/\/orotech.lt\/en\/wp-json\/wp\/v2\/media?parent=29027"}],"wp:term":[{"taxonomy":"product_brand","embeddable":true,"href":"https:\/\/orotech.lt\/en\/wp-json\/wp\/v2\/product_brand?post=29027"},{"taxonomy":"product_cat","embeddable":true,"href":"https:\/\/orotech.lt\/en\/wp-json\/wp\/v2\/product_cat?post=29027"},{"taxonomy":"product_tag","embeddable":true,"href":"https:\/\/orotech.lt\/en\/wp-json\/wp\/v2\/product_tag?post=29027"}],"curies":[{"name":"wp","href":"https:\/\/api.w.org\/{rel}","templated":true}]}}