{"id":29037,"date":"2025-09-09T09:50:26","date_gmt":"2025-09-09T09:50:26","guid":{"rendered":"https:\/\/orotech.lt\/grindinio-sildymo-tinklelis-warmset-black-150w-programuojamas-termostatas-feelspot-wth22-16-new-wifi\/"},"modified":"2025-09-10T06:50:43","modified_gmt":"2025-09-10T06:50:43","slug":"grindinio-sildymo-tinklelis-warmset-black-150w-programuojamas-termostatas-feelspot-wth22-16-new-wifi","status":"publish","type":"product","link":"https:\/\/orotech.lt\/en\/grindinio-sildymo-tinklelis-warmset-black-150w-programuojamas-termostatas-feelspot-wth22-16-new-wifi\/","title":{"rendered":"Grindinio \u0161ildymo tinklelis Warmset BLACK, 150W + programuojamas termostatas Feelspot WTH22.16 NEW WiFi"},"content":{"rendered":"<p style=\"text-align: justify;\"><strong style=\"text-align: justify;\">Warmset BLACK grindinio \u0161ildymo tinklelis <\/strong><span style=\"text-align: justify;\">pasi\u017eymi nauja infraraudon\u0173j\u0173 spinduli\u0173 technologija. \u0160i\u0105 \u0161ildymo sistem\u0105 lengva sumontuoti po plytel\u0117mis. Paprastai jis klojamas \u012f klij\u0173 ar i\u0161lyginam\u0105j\u012f sluoksnius. Priklausomai nuo patalpos dyd\u017eio, galima \u0161ildyti vienu ar keliais tinklelio WARMSET Black ritiniais.<\/span><\/p>\n<p style=\"text-align: justify;\"><strong>Features:<\/strong><br \/>\n\t&bull;&nbsp;&nbsp; &nbsp;Galia: 150 W\/m<sup>2<\/sup>. Pagal atskir\u0105 u\u017esakym\u0105 galima u\u017esisakyti nuo 30 iki 300 W\/m<sup>2<\/sup>;<br \/>\n\t&bull;&nbsp;&nbsp; &nbsp;Izoliacijos atsparumas iki 80 &deg;C;<br \/>\n\t&bull;&nbsp;&nbsp; &nbsp;Garantija: 10 met\u0173.&nbsp;Garantija taikoma u\u017epild\u017eius technin\u012f pas\u0105, esant\u012f prek\u0117s instrukcijoje;<br \/>\n\t&bull;&nbsp;&nbsp; &nbsp;Atitinka elektros instaliacijos direktyvos (BS7671:2008) standart\u0105 EN60335-2-96;<br \/>\n\t&bull;&nbsp;&nbsp; &nbsp;D\u0117l patogios strukt\u016bros instaliuoti tinklel\u012f galima greitai ir paprastai;<br \/>\n\t&bull;&nbsp;&nbsp; &nbsp;Ypatingai plonas (tik 3 mm);<br \/>\n\t&bull;&nbsp;&nbsp; &nbsp;Idealiai tinka montuoti i\u0161lyginamajame arba klij\u0173 sluoksniuose;<br \/>\n\t&bull;&nbsp;&nbsp; &nbsp;Tinka \u0161lapiam montavimui po plytel\u0117mis, akmens, keramikos ar klijuotos medienos grindimis;<br \/>\n\t<strong>&bull;&nbsp;&nbsp;&nbsp; Apsaugos klas\u0117: IPX7.<\/strong><\/p>\n<p style=\"text-align: justify;\"><strong>Warmset grind\u0173 \u0161ildymo sistem\u0105<\/strong> sudaro 17 mm plo\u010dio juostel\u0117, i\u0161d\u0117styta ant stiklo pluo\u0161to tinklelio, kurio standartinis plotis &#8211; 500 mm. Juostel\u0117s viduje esantys laidai yra daugiausia pagaminti i\u0161 aliuminio ir kit\u0173 metal\u0173 lydini\u0173, padengt\u0173 polipropileno pl\u0117vele. Tinklelio vidutinis storis yra 3-4 mm su maksimalia 6 mm priekin\u0117s ir galin\u0117s dalies jungtimi. Tinklelio ritinio ilgis ir galingumas gali b\u016bti \u012fvair\u016bs: 1 &#8211; 40 m ilgio ir nuo 30 iki 300 W\/m2. Standarti\u0161kai galite \u012fsigyti 150 W\/m2 galios tinklel\u012f.<br \/>\n\tTarpas tarp \u0161ildan\u010di\u0173 juosteli\u0173 svyruoja nuo 25 iki 70 mm (priklausomai nuo W\/m2 galios).&nbsp; Standartinis elektros kabelio ilgis yra 2 m.<br \/>\n\tD\u0117l savo dvilaid\u0117s strukt\u016bros <strong>Warmset BLACK tinklelis <\/strong>does not emit electromagnetic radiation.<\/p>\n<p style=\"text-align: justify;\">\u0160i\u0173 grindinio \u0161ildymo kilim\u0117li\u0173 pakuot\u0117s gaminamos i\u0161 ne ma\u017eiau nei 40 % perdirbam\u0173 med\u017eiag\u0173 ir yra draugi\u0161kos aplinkai!\u200b\u200b&nbsp;<\/p>\n<p style=\"text-align: center;\"><iframe allow=\"accelerometer; autoplay; clipboard-write; encrypted-media; gyroscope; picture-in-picture\" allowfullscreen=\"\" frameborder=\"0\" height=\"315\" src=\"https:\/\/www.youtube.com\/embed\/dg2LHS0pLho\" title=\"YouTube video player\" width=\"560\"><\/iframe><\/p>\n<p style=\"text-align: center;\"><img decoding=\"async\" alt=\"\" src=\"\/failai\/files\/FOTO\/\u012erengimas black.JPG\" style=\"width: 700px; height: 309px;\" title=\"\"><\/p>\n<p style=\"text-align: justify;\"><strong>Programuojamas termostatas Feelspot WTH22.16 NEW WiFi&nbsp;<\/strong><\/p>\n<p style=\"text-align: justify;\">Modernus programuojamas termostatas &ndash; termoreguliatorius Feelspot WTH 22.16 NEW kartu su WiFi funkcija leid\u017eia patogiai valdyti elektros, vandens bei dujinio \u0161ildymo sistem\u0173 veikim\u0105, palaikant optimaliausi\u0105 temperat\u016br\u0105 patalpose. Programuojamas termostatas Feelspot WTH22.16 NEW valdomas nuotoliniu b\u016bdu su program\u0117le &quot;Tuya&quot; arba &bdquo;Smart Life&ldquo;. Mobilioje program\u0117l\u0117je galima susieti kelis termostatus kaip grup\u0119 ir valdyti juos tuo pa\u010diu metu! Programuojamas termostatas Feelspot WTH 22.16 NEW turi 7 veikimo grafikus, kas leid\u017eia sukurti maksimal\u0173 komfort\u0105 ir taip suma\u017einti elektros s\u0105naudas. IP20 apsaugos klas\u0117s elektroninis programuojamas termostatas (termoreguliatorius) Feelspot WTH 22.16 NEW tinkamas naudoti komercin\u0117se, pramonin\u0117se, vie\u0161ose ir gyvenamosiose patalpose.<\/p>\n<p style=\"text-align: justify;\"><strong>Technical characteristics:<br \/>\n\t<\/strong><\/p>\n<ul>\n<li>\n\t\t\u012etampa: 90-240 V AC;<\/li>\n<li>\n\t\tNustatytos temperat\u016bros paklaida: 0,5&deg;C;<\/li>\n<li>\n\t\tGrind\u0173 jutiklis: NTC (10k) 1%;<\/li>\n<li>\n\t\tMaksimali apkrova: 16A (3600W);<\/li>\n<li>\n\t\tRibin\u0117s temperat\u016bros diapazonas: 1 &#8211; 70&deg;C;<\/li>\n<li>\n\t\tTemperat\u016bros reguliavimo diapazonas: 5 &#8211; 35&deg;C;<\/li>\n<li>\n\t\tMatmenys (mm): 86 x 86 x 10;<\/li>\n<li>\n\t\tProgramuojamas;<\/li>\n<li>\n\t\tMontavimas: \u012fleid\u017eiamas \u012f sien\u0105;<\/li>\n<li>\n\t\tProtection class: IP20;<\/li>\n<\/ul>\n<p style=\"text-align: justify;\"><strong>Advantages:<\/strong><\/p>\n<ul>\n<li>\n\t\tModernus dizainas;<\/li>\n<li>\n\t\tVidinis ir i\u0161orinis jutikliai;<\/li>\n<li>\n\t\tApsaugantis u\u017eraktas nuo vaik\u0173;<\/li>\n<li>\n\t\tAtostog\u0173 r\u0117\u017eimas (galima suprogramuoti \u0161ilumos palaikym\u0105 iki 30d);<\/li>\n<li>\n\t\tNustatyta temperat\u016bra palaikoma 0,5&deg;C tikslumu;<\/li>\n<li>\n\t\tDuomen\u0173 i\u0161saugojimas i\u0161jungus maitinim\u0105;<\/li>\n<li>\n\t\tI\u0161orinio jutiklio temperat\u016bros duomenys;<\/li>\n<li>\n\t\tGalimyb\u0117 termostat\u0105 susieti bei valdyti i\u0161maniuoju \u012frenginiu, suderinamas su Android ir iOS operacin\u0117mis sistemomis;<\/li>\n<li>\n\t\tGalimyb\u0117 susieti kelis termostatus kaip grup\u0119 ir valdyti juos tuo pa\u010diu metu;<\/li>\n<li>\n\t\tGalimyb\u0117 prid\u0117ti kitus \u017emones prie savo \u0161eimos rato ir leisti jiems valdyti j\u016bs\u0173 susietus \u012frenginius.<\/li>\n<\/ul>\n<p style=\"text-align: justify;\"><strong>Programavimo re\u017eimai:<br \/>\n\t<\/strong><\/p>\n<ul>\n<li>\n\t\tAutomatic mode;<\/li>\n<li>\n\t\tLaikinas rankinis re\u017eimas;<\/li>\n<li>\n\t\t24val. re\u017eimas (6 period\u0173 programa);<\/li>\n<li>\n\t\t5\/2 dien\u0173 programavimo re\u017eimas (gamyklinis numatytasis) ;<\/li>\n<li>\n\t\t6\/1 dien\u0173 programavimo re\u017eimas;<\/li>\n<li>\n\t\t7 dien\u0173 programavimo re\u017eimas;<\/li>\n<li>\n\t\tAtostog\u0173 re\u017eimas (iki 30d.).<\/li>\n<\/ul>\n<p style=\"text-align: justify;\"><strong>Warranty:<\/strong><\/p>\n<p>Termostatui &#8211; 36 m\u0117n.&nbsp;<br \/>\n\tSvarbu! 10 met\u0173 garantija grindinio \u0161ildymo tinkleliui taikoma u\u017epild\u017eius technin\u012f pas\u0105, kur\u012f rasite atsisiuntus garantin\u012f \u017eurnal\u0105.&nbsp; &nbsp;&nbsp;<\/p>\n<p><a class=\"catalogue\" href=\"https:\/\/rubisolis.lt\/images\/Userfiles\/My_folder\/WTH22.16_NEW_Wifi_instrukcija_LT.pdf\" target=\"blank\" rel=\"nofollow noopener\">Atsisi\u0173sti termostato instrukcij\u0105<\/a><br \/>\n\t<a class=\"catalogue\" href=\"\/en\/images\/Userfiles\/Warmset_etikeci_zurnalas_2022.pdf\/\" style=\"text-align: justify;\" target=\"blank\">Atsisi\u0173sti garantin\u012f \u017eurnal\u0105<br \/>\n\t<\/a><a class=\"catalogue\" href=\"\/en\/images\/Userfiles\/Warmset_montavimo_vadovas_20222.pdf\/\" style=\"text-align: justify;\" target=\"blank\">Atsisi\u0173sti tinklelio instrukcij\u0105<\/a><\/p>","protected":false},"excerpt":{"rendered":"<p>Warmset BLACK grindinio \u0161ildymo tinklelis pasi\u017eymi nauja infraraudon\u0173j\u0173 spinduli\u0173 technologija. \u0160i\u0105 \u0161ildymo sistem\u0105 lengva sumontuoti po plytel\u0117mis. Paprastai jis klojamas<\/p>","protected":false},"featured_media":29039,"comment_status":"closed","ping_status":"open","template":"","meta":[],"product_brand":[],"product_cat":[23],"product_tag":[535],"class_list":{"0":"post-29037","1":"product","2":"type-product","3":"status-publish","4":"has-post-thumbnail","6":"product_cat-be-kategorijos","7":"product_tag-naujiena","9":"first","10":"onbackorder","11":"taxable","12":"shipping-taxable","13":"product-type-variable"},"_links":{"self":[{"href":"https:\/\/orotech.lt\/en\/wp-json\/wp\/v2\/product\/29037","targetHints":{"allow":["GET"]}}],"collection":[{"href":"https:\/\/orotech.lt\/en\/wp-json\/wp\/v2\/product"}],"about":[{"href":"https:\/\/orotech.lt\/en\/wp-json\/wp\/v2\/types\/product"}],"replies":[{"embeddable":true,"href":"https:\/\/orotech.lt\/en\/wp-json\/wp\/v2\/comments?post=29037"}],"version-history":[{"count":1,"href":"https:\/\/orotech.lt\/en\/wp-json\/wp\/v2\/product\/29037\/revisions"}],"predecessor-version":[{"id":29038,"href":"https:\/\/orotech.lt\/en\/wp-json\/wp\/v2\/product\/29037\/revisions\/29038"}],"wp:featuredmedia":[{"embeddable":true,"href":"https:\/\/orotech.lt\/en\/wp-json\/wp\/v2\/media\/29039"}],"wp:attachment":[{"href":"https:\/\/orotech.lt\/en\/wp-json\/wp\/v2\/media?parent=29037"}],"wp:term":[{"taxonomy":"product_brand","embeddable":true,"href":"https:\/\/orotech.lt\/en\/wp-json\/wp\/v2\/product_brand?post=29037"},{"taxonomy":"product_cat","embeddable":true,"href":"https:\/\/orotech.lt\/en\/wp-json\/wp\/v2\/product_cat?post=29037"},{"taxonomy":"product_tag","embeddable":true,"href":"https:\/\/orotech.lt\/en\/wp-json\/wp\/v2\/product_tag?post=29037"}],"curies":[{"name":"wp","href":"https:\/\/api.w.org\/{rel}","templated":true}]}}