{"id":29056,"date":"2025-09-09T09:50:26","date_gmt":"2025-09-09T09:50:26","guid":{"rendered":"https:\/\/orotech.lt\/wellmo-grindinio-sildymo-pleveles-05-m-plotis-komplektas-su-termostatu\/"},"modified":"2025-09-10T06:50:45","modified_gmt":"2025-09-10T06:50:45","slug":"wellmo-grindinio-sildymo-pleveles-05-m-plotis-komplektas-su-termostatu","status":"publish","type":"product","link":"https:\/\/orotech.lt\/en\/wellmo-grindinio-sildymo-pleveles-05-m-plotis-komplektas-su-termostatu\/","title":{"rendered":"Wellmo grindinio \u0161ildymo pl\u0117vel\u0117s (0,5 m plotis) komplektas su termostatu"},"content":{"rendered":"<p style=\"text-align: justify;\">Anglies pluo\u0161to 0,5 metro plo\u010dio&nbsp;<strong>grindinio \u0161ildymo pl\u0117vel\u0117s Wellmo komplektas,<\/strong>&nbsp;skirtas elektrinio grind\u0173 \u0161ildymo sistemai. Komplekt\u0105 sudaro po grindimis klojama specialios technologijos itin plona (0,3 mm) anglies pluo\u0161to <strong>grindinio \u0161ildymo pl\u0117vel\u0117<\/strong>&nbsp;Wellmo, baltas <strong>termostatas Feelspot WTH51.36 NEW<\/strong>, rudas ir m\u0117lynas jungiamieji kabeliai, jungtys ir butilo juosta. Sumontavus \u0161i\u0105 sistem\u0105, patalpoje sukuriamas infraraudon\u0173j\u0173 spinduli\u0173 grindinis \u0161ildymas, tad papildomam \u0161ildymui nebereikia \u0161ildytuv\u0173, katil\u0173 ar radiatori\u0173. Pagrindinis <strong>grindinio \u0161ildymo pl\u0117vel\u0117s<\/strong> Wellmo privalumas tas, kad ji \u0161ildo ne or\u0105, kaip tai daro dauguma kit\u0173 \u0161ildymo sistem\u0173, o daikt\u0173 pavir\u0161ius ir \u017emog\u0173. Taipogi, tai puikus sprendimas kombinuojant su \u0161iuo metu stipriai populiar\u0117jan\u010dia atsinaujinan\u010dia energija &ndash; saul\u0117s elektrine.<\/p>\n<p style=\"text-align: justify;\"><strong>Grindinio \u0161ildymo pl\u0117vel\u0117 Wellmo. Kod\u0117l verta rinktis?<\/strong><\/p>\n<ul>\n<li style=\"text-align: justify;\">\n\t\tMa\u017ea pradin\u0117 investicija. Lyginant su kitomis \u0161ildymo sistemomis, 2&ndash;4 kartus ma\u017eesn\u0117.<\/li>\n<li style=\"text-align: justify;\">\n\t\tPigus ir greitas montavimas. Nereikalingi sud\u0117tingi in\u017eineriniai sprendimai.<\/li>\n<li style=\"text-align: justify;\">\n\t\tEnergijos taupymas.&nbsp;<\/li>\n<li style=\"text-align: justify;\">\n\t\tSafe use.<\/li>\n<li style=\"text-align: justify;\">\n\t\tEkonomi\u0161kumas. \u0160ildo pavir\u0161ius, kurie ilgiau akumuliuoja \u0161ilum\u0105 atsijungus sistemai.<\/li>\n<li style=\"text-align: justify;\">\n\t\tNereikalinga prie\u017ei\u016bra ir aptarnavimas. Sistema suprogramuojama prie\u0161 sezon\u0105 ir automati\u0161kai palaiko reikiam\u0105 temperat\u016br\u0105, reikiamu laiku.<\/li>\n<li style=\"text-align: justify;\">\n\t\tPuikus mikroklimatas. Sistema nesausina oro, nekelia dulki\u0173. \u0160ildo tiesiogiai sienas, tod\u0117l padeda i\u0161vengti pel\u0117sio.<\/li>\n<li style=\"text-align: justify;\">\n\t\tPriderintas temperat\u016bros valdymas. Grindinio \u0161ildymo sistem\u0105 galima greitai ir patogia valdyti termostatu, taip sutaupant patiriamas elektros energijos s\u0105naudas bei u\u017etikriant ekonomi\u0161k\u0105 vartojim\u0105.<\/li>\n<li style=\"text-align: justify;\">\n\t\tPl\u0117vel\u0117 gali b\u016bti karpoma kas 20 cm ilgio at\u017evilgiu ir sujungiama tarpusavyje per tam skirtas vietas laidu.&nbsp;<\/li>\n<\/ul>\n<p style=\"text-align: center;\"><iframe allow=\"accelerometer; autoplay; clipboard-write; encrypted-media; gyroscope; picture-in-picture\" allowfullscreen=\"\" frameborder=\"0\" height=\"315\" src=\"https:\/\/www.youtube.com\/embed\/_tTohp5qLqQ\" title=\"YouTube video player\" width=\"560\"><\/iframe><\/p>\n<p style=\"text-align: justify;\"><strong>Grindinio \u0161ildymo pl\u0117vel\u0117 ir jos pritaikymas<br \/>\n\t<\/strong><\/p>\n<p style=\"text-align: justify;\"><strong>Grindinio \u0161ildymo pl\u0117vel\u0117<\/strong> Wellmo tinkama \u012fvairiausios paskirties patalp\u0173 \u0161ildymui: butai, privat\u016bs gyvenamieji namai, biurai, sodybos, vie\u0161bu\u010diai, maitinimo, gydymo \u012fstaigos, vaik\u0173 dar\u017eeliai ir kt. Infraraudon\u0173j\u0173 spinduli\u0173 pl\u0117vel\u0117 gali b\u016bti naudojama ir kaip pagrindinis patalp\u0173 \u0161ildymo b\u016bdas, ir kaip papildomas, kai tr\u016bksta \u0161ilumos ar norima \u0161ildyti tik tam tikras patalpas. Itin patogu naudoti su i\u0161maniuoju Wi-Fi termostatu &ndash; tuomet \u0161ilumos kiek\u012f reguliuosite tiesiog mobiliajame telefone, kas leis komfortabiliai pa\u0161ildyti sodyb\u0105 prie\u0161 Jums atvykstant.<\/p>\n<p style=\"text-align: justify;\"><strong>Montavimas ir prie\u017ei\u016bra<br \/>\n\t<\/strong><\/p>\n<p style=\"text-align: justify;\"><strong>Grindinio \u0161ildymo pl\u0117vel\u0117 Wellmo<\/strong> pasi\u017eymi paprastu montavimu &ndash; galima kloti tiesiog po laminatu, parketu ar vinilin\u0117mis grindimis. Taupi bei moderni \u0161ildymo sistema valdoma termostatu. <strong>Grindinio \u0161ildymo pl\u0117vel\u0117 Wellmo<\/strong> nesukels nepatogum\u0173, jai n\u0117ra reikalingi papildomi prie\u017ei\u016bros darbai, tod\u0117l einant metams nesukels papildom\u0173 r\u016bpes\u010di\u0173 ar gedim\u0173.<\/p>\n<p style=\"text-align: justify;\"><strong>Technical characteristics:<\/strong><\/p>\n<ul>\n<li>\n\t\tGalia: 80 W\/m&sup2;;<\/li>\n<li>\n\t\tPlotis: 0.5 m;<\/li>\n<li>\n\t\tIlgis: 3 \/ 3.5 \/ 4 \/ 4.5 \/ 5 metrai;<\/li>\n<li>\n\t\tTermostatas: Feelspot WTH51.36 NEW, baltas;<\/li>\n<li>\n\t\tJungiamasis kabelis (rudas): AV 1.5mm; 5 metrai;<\/li>\n<li>\n\t\tJungiamasis kabelis (m\u0117lynas): AV 1.5mm, 5 metrai;<\/li>\n<li>\n\t\tKabeli\u0173 jungtys: 2 \/ 4 \/ 6;<\/li>\n<li>\n\t\tButilo juosta: 10 \/ 20 \/ 30 cm.<\/li>\n<\/ul>\n<p><strong>Elektroninis programuojamas termostatas (termoreguliatorius) Feelspot WTH51.36 NEW&nbsp;<\/strong><\/p>\n<p style=\"text-align: justify;\">Elektroninis programuojamas termostatas (termoreguliatorius) Feelspot WTH51.36 NEW yra elektroninis programuojamas termostatas skirtas valdyti grindinio \u0161ildymo prietaisus. Lie\u010diamas ekranas leid\u017eia greitai ir patogiai valdyti \u0161ildymo sistem\u0105, o \u0161e\u0161i programuojami veikimo laikai u\u017etikrina maksimal\u0173 komfort\u0105 ir suma\u017eina elektros s\u0105naudas. Elektroninis programuojamas termostatas (termoreguliatorius) Feelspot WTH51.36 NEW tinkamas naudoti komercin\u0117se, pramonin\u0117se, civilin\u0117se ir gyvenamosiose patalpose.<\/p>\n<p><strong>Advantages:<br \/>\n\t<\/strong><\/p>\n<ul>\n<li>\n\t\tModernus dizainas;<\/li>\n<li>\n\t\tLie\u010diamas ekranas;<\/li>\n<li>\n\t\tPaprastas sumontavimas;<\/li>\n<li>\n\t\tVidini\u0173 ir i\u0161orini\u0173 jutikli\u0173 pagalba galima valdyti tiek oro, tiek grind\u0173 temperat\u016br\u0105;<\/li>\n<li>\n\t\t\u0160e\u0161i programuojami laiko tarpai maksimaliam komfortui ir ekonomi\u0161kumui.&nbsp;&nbsp;<\/li>\n<\/ul>\n<p><strong>Termostato technin\u0117s savyb\u0117s:<\/strong><\/p>\n<ul>\n<li>\n\t\tProtection class: IP20;<\/li>\n<li>\n\t\tJutiklis: NTC;<\/li>\n<li>\n\t\tTikslumas: &plusmn;1 &deg;C;<\/li>\n<li>\n\t\tNustatomos temp. diapazonas;<\/li>\n<li>\n\t\tEnergijos sunaudojimas: &lt; 1.5 W;<\/li>\n<li>\n\t\tLaiko paklaida: &lt;1%;<\/li>\n<li>\n\t\tMaitinimas: 95-240 V AC, 50-60 Hz;<\/li>\n<li>\n\t\tElektros srov\u0117 (elektriniam \u0161ildymui): 16 A;<\/li>\n<li>\n\t\tKorpuso med\u017eiaga: PC + ABS;<\/li>\n<li>\n\t\tI\u0161matavimai: 86 x 86 x 13.3 mm;<\/li>\n<li>\n\t\tAplinkos temp.\/dr\u0117gm. ribos: 0-45&deg;C \/ 5-95% RH;<\/li>\n<li>\n\t\tSkyl\u0117s sienoje gylis (montavimui): 60 mm.&nbsp;<\/li>\n<\/ul>\n<p><strong>The package includes:<\/strong><\/p>\n<ul>\n<li>\n\t\tWellmo grind\u0173 \u0161ildymo pl\u0117vel\u0117;<\/li>\n<li>\n\t\tFeelspot WTH51.36 NEW, baltas;<\/li>\n<li>\n\t\tTermostato montavimo dalys;<\/li>\n<li>\n\t\tJungiamasis kabelis (rudas) 5 metrai;&nbsp;<\/li>\n<li>\n\t\tJungiamasis kabelis (m\u0117lynas) 5 metrai;&nbsp;<\/li>\n<li>\n\t\tButilo juosta.<\/li>\n<\/ul>\n<p><a class=\"catalogue\" href=\"\/en\/images\/Userfiles\/www.rubisolis.lt_Sildymo_plevele_Wellmo.pdf\/\" target=\"blank\">Download product manual<br \/>\n\t<\/a><a class=\"catalogue\" href=\"\/en\/images\/Userfiles\/WTH_51.36NEW_WTH_51.36NEW_black_and_white_LT.pdf\/\" style=\"text-align: justify;\" target=\"blank\">Atsisi\u0173sti termostato instrukcij\u0105<\/a><\/p>","protected":false},"excerpt":{"rendered":"<p>Anglies pluo\u0161to 0,5 metro plo\u010dio&nbsp;grindinio \u0161ildymo pl\u0117vel\u0117s Wellmo komplektas,&nbsp;skirtas elektrinio grind\u0173 \u0161ildymo sistemai. Komplekt\u0105 sudaro po grindimis klojama specialios technologijos<\/p>","protected":false},"featured_media":29058,"comment_status":"closed","ping_status":"open","template":"","meta":[],"product_brand":[],"product_cat":[23],"product_tag":[535],"class_list":{"0":"post-29056","1":"product","2":"type-product","3":"status-publish","4":"has-post-thumbnail","6":"product_cat-be-kategorijos","7":"product_tag-naujiena","9":"first","10":"onbackorder","11":"taxable","12":"shipping-taxable","13":"product-type-variable"},"_links":{"self":[{"href":"https:\/\/orotech.lt\/en\/wp-json\/wp\/v2\/product\/29056","targetHints":{"allow":["GET"]}}],"collection":[{"href":"https:\/\/orotech.lt\/en\/wp-json\/wp\/v2\/product"}],"about":[{"href":"https:\/\/orotech.lt\/en\/wp-json\/wp\/v2\/types\/product"}],"replies":[{"embeddable":true,"href":"https:\/\/orotech.lt\/en\/wp-json\/wp\/v2\/comments?post=29056"}],"version-history":[{"count":1,"href":"https:\/\/orotech.lt\/en\/wp-json\/wp\/v2\/product\/29056\/revisions"}],"predecessor-version":[{"id":29057,"href":"https:\/\/orotech.lt\/en\/wp-json\/wp\/v2\/product\/29056\/revisions\/29057"}],"wp:featuredmedia":[{"embeddable":true,"href":"https:\/\/orotech.lt\/en\/wp-json\/wp\/v2\/media\/29058"}],"wp:attachment":[{"href":"https:\/\/orotech.lt\/en\/wp-json\/wp\/v2\/media?parent=29056"}],"wp:term":[{"taxonomy":"product_brand","embeddable":true,"href":"https:\/\/orotech.lt\/en\/wp-json\/wp\/v2\/product_brand?post=29056"},{"taxonomy":"product_cat","embeddable":true,"href":"https:\/\/orotech.lt\/en\/wp-json\/wp\/v2\/product_cat?post=29056"},{"taxonomy":"product_tag","embeddable":true,"href":"https:\/\/orotech.lt\/en\/wp-json\/wp\/v2\/product_tag?post=29056"}],"curies":[{"name":"wp","href":"https:\/\/api.w.org\/{rel}","templated":true}]}}