{"id":29062,"date":"2025-09-09T09:50:26","date_gmt":"2025-09-09T09:50:26","guid":{"rendered":"https:\/\/orotech.lt\/wellmo-grindinio-sildymo-pleveles-1-m-plotis-komplektas-su-termostatu\/"},"modified":"2025-09-10T06:50:46","modified_gmt":"2025-09-10T06:50:46","slug":"wellmo-grindinio-sildymo-pleveles-1-m-plotis-komplektas-su-termostatu","status":"publish","type":"product","link":"https:\/\/orotech.lt\/en\/wellmo-grindinio-sildymo-pleveles-1-m-plotis-komplektas-su-termostatu\/","title":{"rendered":"Wellmo grindinio \u0161ildymo pl\u0117vel\u0117s (1 m plotis) komplektas su termostatu"},"content":{"rendered":"<p>&lt;p style=&quot;text-align: justify;&quot;&gt;Anglies pluo&amp;scaron;to 1 metro plo\u010dio&amp;nbsp;&lt;strong&gt;grindinio &amp;scaron;ildymo pl\u0117vel\u0117s Wellmo komplektas,&lt;\/strong&gt;&amp;nbsp;skirtas elektrinio grind\u0173 &amp;scaron;ildymo sistemai. Komplekt\u0105 sudaro po grindimis klojama specialios technologijos itin plona (0,3 mm) anglies pluo&amp;scaron;to &lt;strong&gt;grindinio &amp;scaron;ildymo pl\u0117vel\u0117&lt;\/strong&gt;&amp;nbsp;Wellmo, baltas &lt;strong&gt;termostatas Feelspot WTH51.36 NEW&lt;\/strong&gt;, rudas ir m\u0117lynas jungiamieji kabeliai, jungtys ir butilo juosta. Sumontavus &amp;scaron;i\u0105 sistem\u0105, patalpoje sukuriamas infraraudon\u0173j\u0173 spinduli\u0173 grindinis &amp;scaron;ildymas, tad papildomam &amp;scaron;ildymui nebereikia &amp;scaron;ildytuv\u0173, katil\u0173 ar radiatori\u0173. Pagrindinis &lt;strong&gt;grindinio &amp;scaron;ildymo pl\u0117vel\u0117s&lt;\/strong&gt; Wellmo privalumas tas, kad ji &amp;scaron;ildo ne or\u0105, kaip tai daro dauguma kit\u0173 &amp;scaron;ildymo sistem\u0173, o daikt\u0173 pavir&amp;scaron;ius ir \u017emog\u0173. Taipogi, tai puikus sprendimas kombinuojant su &amp;scaron;iuo metu stipriai populiar\u0117jan\u010dia atsinaujinan\u010dia energija &amp;ndash; saul\u0117s elektrine.&lt;\/p&gt;<br \/>\n&lt;p style=&quot;text-align: justify;&quot;&gt;&lt;strong&gt;Grindinio &amp;scaron;ildymo pl\u0117vel\u0117 Wellmo. Kod\u0117l verta rinktis?&lt;\/strong&gt;&lt;\/p&gt;<br \/>\n&lt;ul&gt;<br \/>\n&lt;li style=&quot;text-align: justify;&quot;&gt;Ma\u017ea pradin\u0117 investicija. Lyginant su kitomis &amp;scaron;ildymo sistemomis, 2&amp;ndash;4 kartus ma\u017eesn\u0117.&lt;\/li&gt;<br \/>\n&lt;li style=&quot;text-align: justify;&quot;&gt;Pigus ir greitas montavimas. Nereikalingi sud\u0117tingi in\u017eineriniai sprendimai.&lt;\/li&gt;<br \/>\n&lt;li style=&quot;text-align: justify;&quot;&gt;Energijos taupymas.&amp;nbsp;&lt;\/li&gt;<br \/>\n&lt;li style=&quot;text-align: justify;&quot;&gt;Saugus naudojimas.&lt;\/li&gt;<br \/>\n&lt;li style=&quot;text-align: justify;&quot;&gt;Ekonomi&amp;scaron;kumas. &amp;Scaron;ildo pavir&amp;scaron;ius, kurie ilgiau akumuliuoja &amp;scaron;ilum\u0105 atsijungus sistemai.&lt;\/li&gt;<br \/>\n&lt;li style=&quot;text-align: justify;&quot;&gt;Nereikalinga prie\u017ei\u016bra ir aptarnavimas. Sistema suprogramuojama prie&amp;scaron; sezon\u0105 ir automati&amp;scaron;kai palaiko reikiam\u0105 temperat\u016br\u0105, reikiamu laiku.&lt;\/li&gt;<br \/>\n&lt;li style=&quot;text-align: justify;&quot;&gt;Puikus mikroklimatas. Sistema nesausina oro, nekelia dulki\u0173. &amp;Scaron;ildo tiesiogiai sienas, tod\u0117l padeda i&amp;scaron;vengti pel\u0117sio.&lt;\/li&gt;<br \/>\n&lt;li style=&quot;text-align: justify;&quot;&gt;Priderintas temperat\u016bros valdymas. Grindinio &amp;scaron;ildymo sistem\u0105 galima greitai ir patogia valdyti termostatu, taip sutaupant patiriamas elektros energijos s\u0105naudas bei u\u017etikriant ekonomi&amp;scaron;k\u0105 vartojim\u0105.&lt;\/li&gt;<br \/>\n&lt;li style=&quot;text-align: justify;&quot;&gt;Pl\u0117vel\u0117 gali b\u016bti karpoma kas 20 cm ilgio at\u017evilgiu ir sujungiama tarpusavyje per tam skirtas vietas laidu.&amp;nbsp;&lt;\/li&gt;<br \/>\n&lt;\/ul&gt;<br \/>\n&lt;p style=&quot;text-align: center;&quot;&gt;&lt;iframe src=&quot;https:\/\/www.youtube.com\/embed\/_tTohp5qLqQ&quot; frameborder=&quot;0&quot; width=&quot;560&quot; height=&quot;315&quot;&gt;&lt;\/iframe&gt;&lt;\/p&gt;<br \/>\n&lt;p style=&quot;text-align: justify;&quot;&gt;&lt;strong&gt;Grindinio &amp;scaron;ildymo pl\u0117vel\u0117 ir jos pritaikymas&lt;br \/&gt;&lt;\/strong&gt;&lt;\/p&gt;<br \/>\n&lt;p style=&quot;text-align: justify;&quot;&gt;&lt;strong&gt;Grindinio &amp;scaron;ildymo pl\u0117vel\u0117&lt;\/strong&gt; Wellmo tinkama \u012fvairiausios paskirties patalp\u0173 &amp;scaron;ildymui: butai, privat\u016bs gyvenamieji namai, biurai, sodybos, vie&amp;scaron;bu\u010diai, maitinimo, gydymo \u012fstaigos, vaik\u0173 dar\u017eeliai ir kt. Infraraudon\u0173j\u0173 spinduli\u0173 pl\u0117vel\u0117 gali b\u016bti naudojama ir kaip pagrindinis patalp\u0173 &amp;scaron;ildymo b\u016bdas, ir kaip papildomas, kai tr\u016bksta &amp;scaron;ilumos ar norima &amp;scaron;ildyti tik tam tikras patalpas. Itin patogu naudoti su i&amp;scaron;maniuoju Wi-Fi termostatu &amp;ndash; tuomet &amp;scaron;ilumos kiek\u012f reguliuosite tiesiog mobiliajame telefone, kas leis komfortabiliai pa&amp;scaron;ildyti sodyb\u0105 prie&amp;scaron; Jums atvykstant.&lt;\/p&gt;<br \/>\n&lt;p style=&quot;text-align: justify;&quot;&gt;&lt;strong&gt;Montavimas ir prie\u017ei\u016bra&lt;br \/&gt;&lt;\/strong&gt;&lt;\/p&gt;<br \/>\n&lt;p style=&quot;text-align: justify;&quot;&gt;&lt;strong&gt;Grindinio &amp;scaron;ildymo pl\u0117vel\u0117 Wellmo&lt;\/strong&gt; pasi\u017eymi paprastu montavimu &amp;ndash; galima kloti tiesiog po laminatu, parketu ar vinilin\u0117mis grindimis. Taupi bei moderni &amp;scaron;ildymo sistema valdoma termostatu. &lt;strong&gt;Grindinio &amp;scaron;ildymo pl\u0117vel\u0117 Wellmo&lt;\/strong&gt; nesukels nepatogum\u0173, jai n\u0117ra reikalingi papildomi prie\u017ei\u016bros darbai, tod\u0117l einant metams nesukels papildom\u0173 r\u016bpes\u010di\u0173 ar gedim\u0173.&lt;\/p&gt;<br \/>\n&lt;p style=&quot;text-align: justify;&quot;&gt;&lt;strong&gt;Technical characteristics:&lt;\/strong&gt;&lt;\/p&gt;<br \/>\n&lt;ul&gt;<br \/>\n&lt;li&gt;Galia: 80 W\/m&amp;sup2;;&lt;\/li&gt;<br \/>\n&lt;li&gt;Plotis: 1 m;&lt;\/li&gt;<br \/>\n&lt;li&gt;Ilgis: 3 \/ 3.5 \/ 4 \/ 4.5 \/ 5 metrai;&lt;\/li&gt;<br \/>\n&lt;li&gt;Termostatas: Feelspot WTH51.36 NEW, baltas;&lt;\/li&gt;<br \/>\n&lt;li&gt;Jungiamasis kabelis (rudas): AV 1.5mm; 5 metrai;&lt;\/li&gt;<br \/>\n&lt;li&gt;Jungiamasis kabelis (m\u0117lynas): AV 1.5mm, 5 metrai;&lt;\/li&gt;<br \/>\n&lt;li&gt;Kabeli\u0173 jungtys: 2 \/ 4 \/ 6;&lt;\/li&gt;<br \/>\n&lt;li&gt;Butilo juosta: 10 \/ 20 \/ 30 cm.&lt;\/li&gt;<br \/>\n&lt;\/ul&gt;<br \/>\n&lt;p&gt;&lt;strong&gt;Elektroninis programuojamas termostatas (termoreguliatorius) Feelspot WTH51.36 NEW&amp;nbsp;&lt;\/strong&gt;&lt;\/p&gt;<br \/>\n&lt;p style=&quot;text-align: justify;&quot;&gt;Elektroninis programuojamas termostatas (termoreguliatorius) Feelspot WTH51.36 NEW yra elektroninis programuojamas termostatas skirtas valdyti grindinio &amp;scaron;ildymo prietaisus. Lie\u010diamas ekranas leid\u017eia greitai ir patogiai valdyti &amp;scaron;ildymo sistem\u0105, o &amp;scaron;e&amp;scaron;i programuojami veikimo laikai u\u017etikrina maksimal\u0173 komfort\u0105 ir suma\u017eina elektros s\u0105naudas. Elektroninis programuojamas termostatas (termoreguliatorius) Feelspot WTH51.36 NEW tinkamas naudoti komercin\u0117se, pramonin\u0117se, civilin\u0117se ir gyvenamosiose patalpose.&lt;\/p&gt;<br \/>\n&lt;p&gt;&lt;strong&gt;Advantages:&lt;br \/&gt;&lt;\/strong&gt;&lt;\/p&gt;<br \/>\n&lt;ul&gt;<br \/>\n&lt;li&gt;Modernus dizainas;&lt;\/li&gt;<br \/>\n&lt;li&gt;Lie\u010diamas ekranas;&lt;\/li&gt;<br \/>\n&lt;li&gt;Paprastas sumontavimas;&lt;\/li&gt;<br \/>\n&lt;li&gt;Vidini\u0173 ir i&amp;scaron;orini\u0173 jutikli\u0173 pagalba galima valdyti tiek oro, tiek grind\u0173 temperat\u016br\u0105;&lt;\/li&gt;<br \/>\n&lt;li&gt;&amp;Scaron;e&amp;scaron;i programuojami laiko tarpai maksimaliam komfortui ir ekonomi&amp;scaron;kumui.&amp;nbsp;&amp;nbsp;&lt;\/li&gt;<br \/>\n&lt;\/ul&gt;<br \/>\n&lt;p&gt;&lt;strong&gt;Termostato technin\u0117s savyb\u0117s:&lt;\/strong&gt;&lt;\/p&gt;<br \/>\n&lt;ul&gt;<br \/>\n&lt;li&gt;Apsaugos klas\u0117: IP20;&lt;\/li&gt;<br \/>\n&lt;li&gt;Jutiklis: NTC;&lt;\/li&gt;<br \/>\n&lt;li&gt;Tikslumas: &amp;plusmn;1 &amp;deg;C;&lt;\/li&gt;<br \/>\n&lt;li&gt;Nustatomos temp. diapazonas;&lt;\/li&gt;<br \/>\n&lt;li&gt;Energijos sunaudojimas: &amp;lt; 1.5 W;&lt;\/li&gt;<br \/>\n&lt;li&gt;Laiko paklaida: &amp;lt;1%;&lt;\/li&gt;<br \/>\n&lt;li&gt;Maitinimas: 95-240 V AC, 50-60 Hz;&lt;\/li&gt;<br \/>\n&lt;li&gt;Elektros srov\u0117 (elektriniam &amp;scaron;ildymui): 16 A;&lt;\/li&gt;<br \/>\n&lt;li&gt;Korpuso med\u017eiaga: PC + ABS;&lt;\/li&gt;<br \/>\n&lt;li&gt;I&amp;scaron;matavimai: 86 x 86 x 13.3 mm;&lt;\/li&gt;<br \/>\n&lt;li&gt;Aplinkos temp.\/dr\u0117gm. ribos: 0-45&amp;deg;C \/ 5-95% RH;&lt;\/li&gt;<br \/>\n&lt;li&gt;Skyl\u0117s sienoje gylis (montavimui): 60 mm.&amp;nbsp;&lt;\/li&gt;<br \/>\n&lt;\/ul&gt;<br \/>\n&lt;p&gt;&lt;strong&gt;The package includes:&lt;\/strong&gt;&lt;\/p&gt;<br \/>\n&lt;ul&gt;<br \/>\n&lt;li&gt;Wellmo grind\u0173 &amp;scaron;ildymo pl\u0117vel\u0117;&lt;\/li&gt;<br \/>\n&lt;li&gt;Feelspot WTH51.36 NEW, baltas;&lt;\/li&gt;<br \/>\n&lt;li&gt;Termostato montavimo dalys;&lt;\/li&gt;<br \/>\n&lt;li&gt;Jungiamasis kabelis (rudas) 5 metrai;&amp;nbsp;&lt;\/li&gt;<br \/>\n&lt;li&gt;Jungiamasis kabelis (m\u0117lynas) 5 metrai;&amp;nbsp;&lt;\/li&gt;<br \/>\n&lt;li&gt;Butilo juosta.&lt;\/li&gt;<br \/>\n&lt;\/ul&gt;<br \/>\n&lt;p&gt;&lt;a class=&quot;catalogue&quot; href=&quot;\/en\/images\/Userfiles\/www.rubisolis.lt_Sildymo_plevele_Wellmo.pdf\/&quot; target=&quot;blank&quot;&gt;Download product manual&lt;br \/&gt;&lt;\/a&gt;&lt;a class=&quot;catalogue&quot; style=&quot;text-align: justify;&quot; href=&quot;\/en\/images\/Userfiles\/WTH_51.36NEW_WTH_51.36NEW_black_and_white_LT.pdf\/&quot; target=&quot;blank&quot;&gt;Atsisi\u0173sti termostato instrukcij\u0105&lt;\/a&gt;&lt;\/p&gt;<\/p>","protected":false},"excerpt":{"rendered":"<p>&lt;p style=&quot;text-align: justify;&quot;&gt;Anglies pluo&amp;scaron;to 1 metro plo\u010dio&amp;nbsp;&lt;strong&gt;grindinio &amp;scaron;ildymo pl\u0117vel\u0117s Wellmo komplektas,&lt;\/strong&gt;&amp;nbsp;skirtas elektrinio grind\u0173 &amp;scaron;ildymo sistemai. Komplekt\u0105 sudaro po grindimis klojama<\/p>","protected":false},"featured_media":29064,"comment_status":"closed","ping_status":"open","template":"","meta":[],"product_brand":[],"product_cat":[23],"product_tag":[535],"class_list":{"0":"post-29062","1":"product","2":"type-product","3":"status-publish","4":"has-post-thumbnail","6":"product_cat-be-kategorijos","7":"product_tag-naujiena","9":"first","10":"onbackorder","11":"taxable","12":"shipping-taxable","13":"product-type-variable"},"_links":{"self":[{"href":"https:\/\/orotech.lt\/en\/wp-json\/wp\/v2\/product\/29062","targetHints":{"allow":["GET"]}}],"collection":[{"href":"https:\/\/orotech.lt\/en\/wp-json\/wp\/v2\/product"}],"about":[{"href":"https:\/\/orotech.lt\/en\/wp-json\/wp\/v2\/types\/product"}],"replies":[{"embeddable":true,"href":"https:\/\/orotech.lt\/en\/wp-json\/wp\/v2\/comments?post=29062"}],"version-history":[{"count":1,"href":"https:\/\/orotech.lt\/en\/wp-json\/wp\/v2\/product\/29062\/revisions"}],"predecessor-version":[{"id":29063,"href":"https:\/\/orotech.lt\/en\/wp-json\/wp\/v2\/product\/29062\/revisions\/29063"}],"wp:featuredmedia":[{"embeddable":true,"href":"https:\/\/orotech.lt\/en\/wp-json\/wp\/v2\/media\/29064"}],"wp:attachment":[{"href":"https:\/\/orotech.lt\/en\/wp-json\/wp\/v2\/media?parent=29062"}],"wp:term":[{"taxonomy":"product_brand","embeddable":true,"href":"https:\/\/orotech.lt\/en\/wp-json\/wp\/v2\/product_brand?post=29062"},{"taxonomy":"product_cat","embeddable":true,"href":"https:\/\/orotech.lt\/en\/wp-json\/wp\/v2\/product_cat?post=29062"},{"taxonomy":"product_tag","embeddable":true,"href":"https:\/\/orotech.lt\/en\/wp-json\/wp\/v2\/product_tag?post=29062"}],"curies":[{"name":"wp","href":"https:\/\/api.w.org\/{rel}","templated":true}]}}