{"id":29077,"date":"2025-09-09T09:50:26","date_gmt":"2025-09-09T09:50:26","guid":{"rendered":"https:\/\/orotech.lt\/grindinio-sildymo-tinklelis-warmset-black-85w-neprogram-termostatas-feelspot-wth71-36\/"},"modified":"2025-09-10T06:50:49","modified_gmt":"2025-09-10T06:50:49","slug":"grindinio-sildymo-tinklelis-warmset-black-85w-neprogram-termostatas-feelspot-wth71-36","status":"publish","type":"product","link":"https:\/\/orotech.lt\/en\/grindinio-sildymo-tinklelis-warmset-black-85w-neprogram-termostatas-feelspot-wth71-36\/","title":{"rendered":"Grindinio \u0161ildymo tinklelis Warmset BLACK, 85W + neprogram. termostatas Feelspot WTH71.36"},"content":{"rendered":"<p style=\"text-align: justify;\"><strong style=\"text-align: justify;\">Warmset BLACK grindinio \u0161ildymo tinklelis <\/strong><span style=\"text-align: justify;\">pasi\u017eymi nauja infraraudon\u0173j\u0173 spinduli\u0173 technologija. \u0160i\u0105 \u0161ildymo sistem\u0105 lengva sumontuoti po plytel\u0117mis. Paprastai jis klojamas \u012f klij\u0173 ar i\u0161lyginam\u0105j\u012f sluoksnius. Priklausomai nuo patalpos dyd\u017eio, galima \u0161ildyti vienu ar keliais tinklelio WARMSET Black ritiniais.<\/span><\/p>\n<p style=\"text-align: justify;\"><strong>Technical characteristics:<\/strong><\/p>\n<ul>\n<li>\n\t\tGalia: 85 W\/m<sup>2<\/sup>;<\/li>\n<li>\n\t\tIzoliacijos atsparumas: iki 80 &deg;C;<\/li>\n<li>\n\t\tGarantija: 10 met\u0173. Garantija taikoma u\u017epild\u017eius technin\u012f pas\u0105, esant\u012f garantiniame \u017eurnale;&nbsp;&nbsp;<\/li>\n<li>\n\t\tComplies with the Electrical Installation Directive (BS7671:2008) standard EN60335-2-96;<\/li>\n<li>\n\t\tThanks to its convenient structure, the installation of the mesh is quick and easy;<\/li>\n<li>\n\t\tExtremely thin (only 3 mm);<\/li>\n<li>\n\t\tIdealiai tinka montuoti i\u0161lyginamajame arba klij\u0173 sluoksniuose;<\/li>\n<li>\n\t\tTinka \u0161lapiam montavimui po plytel\u0117mis, akmens, keramikos ar klijuotos medienos grindimis;<\/li>\n<li>\n\t\tProtection class: IPX7.<\/li>\n<\/ul>\n<p style=\"text-align: justify;\"><strong style=\"text-align: justify;\">Warmset grind\u0173 \u0161ildymo sistem\u0105<\/strong><span style=\"text-align: justify;\"> sudaro 17 mm plo\u010dio juostel\u0117, i\u0161d\u0117styta ant stiklo pluo\u0161to tinklelio, kurio standartinis plotis &#8211; 500 mm. Juostel\u0117s viduje esantys laidai yra daugiausia pagaminti i\u0161 aliuminio ir kit\u0173 metal\u0173 lydini\u0173, padengt\u0173 polipropileno pl\u0117vele. Tinklelio vidutinis storis yra 3-4 mm su maksimalia 6 mm priekin\u0117s ir galin\u0117s dalies jungtimi. Tinklelio ritinio ilgis ir galingumas gali b\u016bti \u012fvair\u016bs: 1 &#8211; 40 m ilgio ir nuo 30 iki 300 W\/m2. Standarti\u0161kai galite \u012fsigyti 85 arba 150 W\/m<\/span><sup style=\"text-align: justify;\">2&nbsp;<\/sup><span style=\"text-align: justify;\">galios tinklel\u012f. Tarpas tarp \u0161ildan\u010di\u0173 juosteli\u0173 svyruoja nuo 25 iki 70 mm (priklausomai nuo W\/m2 galios). Standartinis elektros kabelio ilgis yra 2 m.&nbsp;D\u0117l savo dvilaid\u0117s strukt\u016bros <\/span><strong style=\"text-align: justify;\">Warmset BLACK tinklelis <\/strong><span style=\"text-align: justify;\">does not emit electromagnetic radiation.<\/span><\/p>\n<p style=\"text-align: justify;\">\u0160i\u0173 grindinio \u0161ildymo kilim\u0117li\u0173 pakuot\u0117s gaminamos i\u0161 ne ma\u017eiau nei 40 % perdirbam\u0173 med\u017eiag\u0173 ir yra draugi\u0161kos aplinkai!\u200b\u200b&nbsp;<\/p>\n<p style=\"text-align: justify;\"><em><strong>Svarbu!&nbsp;10 met\u0173 garantija taikoma u\u017epild\u017eius technin\u012f pas\u0105, kur\u012f rasite atsisiuntus garantin\u012f \u017eurnal\u0105.&nbsp;<\/strong><\/em><\/p>\n<p style=\"text-align: center;\"><iframe allow=\"accelerometer; autoplay; clipboard-write; encrypted-media; gyroscope; picture-in-picture\" allowfullscreen=\"\" frameborder=\"0\" height=\"315\" src=\"https:\/\/www.youtube.com\/embed\/dg2LHS0pLho\" title=\"YouTube video player\" width=\"560\"><\/iframe><\/p>\n<p style=\"text-align: center;\"><img decoding=\"async\" alt=\"\" src=\"\/failai\/files\/FOTO\/\u012erengimas black.JPG\" style=\"height: 265px; width: 600px;\" title=\"\"><\/p>\n<p style=\"text-align: justify;\">&nbsp;<\/p>\n<p style=\"text-align: justify;\"><strong>Elektroninis neprogramuojamas termostatas (termoreguliatorius) Feelspot&nbsp;Feelspot WTH71.36&nbsp;<\/strong><\/p>\n<p style=\"text-align: justify;\">Elektromechaninis patalpos termostatas skirtas \u0161ildom\u0173 grind\u0173 ir patalp\u0173 temperat\u016bros reguliavimui. Patogus valdymas &ndash; pageidaujam\u0105 temperat\u016br\u0105 galite nusistatyti rankiniu b\u016bdu. Galima montuoti ant sienos ar po tinku, priklausomai nuo interjero. Nedegaus plastiko pavir\u0161ius garantuoja termostato ilgalaiki\u0161kum\u0105. Termostatas Feelspot WTH71.36 &ndash; ie\u0161kantiems kokyb\u0117s ir paprastumo.<\/p>\n<p style=\"text-align: justify;\"><strong>Komplekt\u0105 sudaro:<br \/>\n\t<\/strong><\/p>\n<ul>\n<li>\n\t\tTermostatas &#8211; 1 vnt.;<\/li>\n<li>\n\t\tVar\u017etai &#8211; 1 vnt.;<\/li>\n<li>\n\t\tMontavimo\/programavimo instrukcijos &#8211; 1 vnt.;<\/li>\n<li>\n\t\tSienin\u0117 plok\u0161t\u0117 &#8211; 1 vnt.;<\/li>\n<li>\n\t\t2.5 m i\u0161orinis jutiklis &#8211; 1 vnt. &nbsp;&nbsp;<\/li>\n<\/ul>\n<p style=\"text-align: justify;\"><a class=\"catalogue\" href=\"\/en\/images\/Userfiles\/Warmset_etikeci_zurnalas_2022.pdf\/\" target=\"blank\">Atsisi\u0173sti garantin\u012f \u017eurnal\u0105<\/a><br \/>\n\t<a class=\"catalogue\" href=\"\/en\/images\/Userfiles\/Warmset_montavimo_vadovas_20222.pdf\/\" target=\"blank\">Download product manual<br \/>\n\t<\/a><a class=\"catalogue\" href=\"\/en\/images\/Userfiles\/www.rubisolis.lt_WTH_71.36_WTH71.36_ELEKTRONINIS_TERMOSTATAS_NAUDOJIMOSI_INSTRUKCIJA_.pdf\/\" target=\"blank\">Atsisi\u0173sti termostato instrukcij\u0105<\/a><\/p>","protected":false},"excerpt":{"rendered":"<p>Warmset BLACK grindinio \u0161ildymo tinklelis pasi\u017eymi nauja infraraudon\u0173j\u0173 spinduli\u0173 technologija. \u0160i\u0105 \u0161ildymo sistem\u0105 lengva sumontuoti po plytel\u0117mis. Paprastai jis klojamas<\/p>","protected":false},"featured_media":29079,"comment_status":"closed","ping_status":"open","template":"","meta":[],"product_brand":[],"product_cat":[23],"product_tag":[535],"class_list":{"0":"post-29077","1":"product","2":"type-product","3":"status-publish","4":"has-post-thumbnail","6":"product_cat-be-kategorijos","7":"product_tag-naujiena","9":"first","10":"onbackorder","11":"taxable","12":"shipping-taxable","13":"product-type-variable"},"_links":{"self":[{"href":"https:\/\/orotech.lt\/en\/wp-json\/wp\/v2\/product\/29077","targetHints":{"allow":["GET"]}}],"collection":[{"href":"https:\/\/orotech.lt\/en\/wp-json\/wp\/v2\/product"}],"about":[{"href":"https:\/\/orotech.lt\/en\/wp-json\/wp\/v2\/types\/product"}],"replies":[{"embeddable":true,"href":"https:\/\/orotech.lt\/en\/wp-json\/wp\/v2\/comments?post=29077"}],"version-history":[{"count":1,"href":"https:\/\/orotech.lt\/en\/wp-json\/wp\/v2\/product\/29077\/revisions"}],"predecessor-version":[{"id":29078,"href":"https:\/\/orotech.lt\/en\/wp-json\/wp\/v2\/product\/29077\/revisions\/29078"}],"wp:featuredmedia":[{"embeddable":true,"href":"https:\/\/orotech.lt\/en\/wp-json\/wp\/v2\/media\/29079"}],"wp:attachment":[{"href":"https:\/\/orotech.lt\/en\/wp-json\/wp\/v2\/media?parent=29077"}],"wp:term":[{"taxonomy":"product_brand","embeddable":true,"href":"https:\/\/orotech.lt\/en\/wp-json\/wp\/v2\/product_brand?post=29077"},{"taxonomy":"product_cat","embeddable":true,"href":"https:\/\/orotech.lt\/en\/wp-json\/wp\/v2\/product_cat?post=29077"},{"taxonomy":"product_tag","embeddable":true,"href":"https:\/\/orotech.lt\/en\/wp-json\/wp\/v2\/product_tag?post=29077"}],"curies":[{"name":"wp","href":"https:\/\/api.w.org\/{rel}","templated":true}]}}