{"id":29099,"date":"2025-09-09T09:55:03","date_gmt":"2025-09-09T09:55:03","guid":{"rendered":"https:\/\/orotech.lt\/elektrinis-ranksluosciu-dziovintuvas-2\/"},"modified":"2025-09-10T06:50:53","modified_gmt":"2025-09-10T06:50:53","slug":"electric-towel-dryer-2","status":"publish","type":"product","link":"https:\/\/orotech.lt\/en\/electric-towel-dryer-2\/","title":{"rendered":"Electric towel dryer"},"content":{"rendered":"<p style=\"text-align: justify;\">Low-power (40W) electric towel dryer is made of steel pipe, coated with decorative chrome coating (Ni-Cu-Ni-Cr), or painted with white (RAL 9016) polymer paint. The towel dryer has an integrated heating cable, and for convenience, a button with a signal light is installed in the plug. Left and right models are produced. Electrical safety class IP44 allows this electrical device to be installed in damp rooms.<\/p>\n<p>\n\t<a class=\"catalogue\" href=\"https:\/\/www.rubisolis.lt\/\/failai\/files\/produktu%20pdf\/Elonika\/EE_montavimo_instrukcija_2013.pdf\" target=\"blank\" rel=\"nofollow noopener\">Download product catalog<\/a><br \/>\n\t<a class=\"catalogue\" href=\"https:\/\/www.rubisolis.lt\/\/failai\/files\/produktu%20pdf\/Elonika\/Pasas_elektriniiam_2018_naujas_jungiklis.pdf\" target=\"blank\" rel=\"nofollow noopener\">Download product manual <\/a><\/p>","protected":false},"excerpt":{"rendered":"<p>Ma\u017eo galingumo (40W) elektrinis rank\u0161luos\u010di\u0173 d\u017eiovintuvas gaminamas i\u0161 plieninio vamzd\u017eio, padengto dekoratyvine chromo danga (Ni-Cu-Ni-Cr), arba da\u017eyto baltos spalvos (RAL<\/p>","protected":false},"featured_media":29101,"comment_status":"closed","ping_status":"open","template":"","meta":[],"product_brand":[],"product_cat":[23],"product_tag":[535],"class_list":{"0":"post-29099","1":"product","2":"type-product","3":"status-publish","4":"has-post-thumbnail","6":"product_cat-be-kategorijos","7":"product_tag-naujiena","9":"first","10":"onbackorder","11":"taxable","12":"shipping-taxable","13":"product-type-variable"},"_links":{"self":[{"href":"https:\/\/orotech.lt\/en\/wp-json\/wp\/v2\/product\/29099","targetHints":{"allow":["GET"]}}],"collection":[{"href":"https:\/\/orotech.lt\/en\/wp-json\/wp\/v2\/product"}],"about":[{"href":"https:\/\/orotech.lt\/en\/wp-json\/wp\/v2\/types\/product"}],"replies":[{"embeddable":true,"href":"https:\/\/orotech.lt\/en\/wp-json\/wp\/v2\/comments?post=29099"}],"version-history":[{"count":1,"href":"https:\/\/orotech.lt\/en\/wp-json\/wp\/v2\/product\/29099\/revisions"}],"predecessor-version":[{"id":29100,"href":"https:\/\/orotech.lt\/en\/wp-json\/wp\/v2\/product\/29099\/revisions\/29100"}],"wp:featuredmedia":[{"embeddable":true,"href":"https:\/\/orotech.lt\/en\/wp-json\/wp\/v2\/media\/29101"}],"wp:attachment":[{"href":"https:\/\/orotech.lt\/en\/wp-json\/wp\/v2\/media?parent=29099"}],"wp:term":[{"taxonomy":"product_brand","embeddable":true,"href":"https:\/\/orotech.lt\/en\/wp-json\/wp\/v2\/product_brand?post=29099"},{"taxonomy":"product_cat","embeddable":true,"href":"https:\/\/orotech.lt\/en\/wp-json\/wp\/v2\/product_cat?post=29099"},{"taxonomy":"product_tag","embeddable":true,"href":"https:\/\/orotech.lt\/en\/wp-json\/wp\/v2\/product_tag?post=29099"}],"curies":[{"name":"wp","href":"https:\/\/api.w.org\/{rel}","templated":true}]}}