{"id":29105,"date":"2025-09-09T09:55:03","date_gmt":"2025-09-09T09:55:03","guid":{"rendered":"https:\/\/orotech.lt\/kilimelis-nuo-veidrodziu-rasojimo-wellmo-2\/"},"modified":"2025-09-10T06:50:54","modified_gmt":"2025-09-10T06:50:54","slug":"kilimelis-nuo-veidrodziu-rasojimo-wellmo-2","status":"publish","type":"product","link":"https:\/\/orotech.lt\/en\/kilimelis-nuo-veidrodziu-rasojimo-wellmo-2\/","title":{"rendered":"Wellmo mirror demisting mat"},"content":{"rendered":"<p>&lt;p style=&quot;text-align: justify;&quot;&gt;&lt;span style=&quot;text-align: justify;&quot;&gt;Mirror demisting mats&lt;\/span&gt;&lt;strong style=&quot;text-align: justify;&quot;&gt; Wellmo&lt;\/strong&gt;&lt;span style=&quot;text-align: justify;&quot;&gt;&amp;nbsp;skirti i&amp;scaron;vengti veidrod\u017ei\u0173 rasojimo vonioje. Lengvai pritaikomi kiekvienam veidrod\u017eio tipui, naudoja ma\u017eai elektros energijos ir yra 100% saug\u016bs net vaikams.&amp;nbsp;&lt;\/span&gt;&lt;strong style=&quot;text-align: justify;&quot;&gt;Nerasojimo plotas &ndash; ovalo formos&lt;\/strong&gt;&lt;span style=&quot;text-align: justify;&quot;&gt;. Pats kilim\u0117lis &ndash; sta\u010diakampio formos, d\u0117l paprastesnio lygiavimo.&amp;nbsp;&lt;\/span&gt;&lt;\/p&gt;<br \/>\n&lt;p style=&quot;text-align: justify;&quot;&gt;&lt;strong&gt;Warranty period 5 years&lt;\/strong&gt; u\u017etikrina auk&amp;scaron;t\u0105 produkto kokyb\u0119. &amp;Scaron;iam &amp;scaron;ildytuvui nereikia jokios technin\u0117s prie\u017ei\u016bros. Wellmo veidrod\u017ei\u0173 &amp;scaron;ildytuvas&amp;nbsp;atitinka CE reikalavimus, taip pat Europos standart\u0105 EN60335-1. Apsaugos klas\u0117&amp;nbsp;IP65.&amp;nbsp;&lt;\/p&gt;<br \/>\n&lt;p style=&quot;text-align: justify;&quot;&gt;&amp;Scaron;ie kilim\u0117liai gaminami standartini\u0173 dyd\u017ei\u0173, &lt;strong&gt;however, it is also possible to order mats of non-standard dimensions.&lt;\/strong&gt;&lt;\/p&gt;<br \/>\n&lt;ul&gt;<br \/>\n&lt;li style=&quot;text-align: justify;&quot;&gt;&lt;strong&gt;Voltage: 220-240V;&lt;\/strong&gt;&lt;\/li&gt;<br \/>\n&lt;li style=&quot;text-align: justify;&quot;&gt;Galingumas:&amp;nbsp;1.8-2.5W\/d m&amp;sup2;;&lt;\/li&gt;<br \/>\n&lt;li style=&quot;text-align: justify;&quot;&gt;Kilim\u0117lio storis: 0.4 mm;&lt;\/li&gt;<br \/>\n&lt;li style=&quot;text-align: justify;&quot;&gt;Darbin\u0117 temperat\u016bra: 12-25 &amp;deg;C.&lt;\/li&gt;<br \/>\n&lt;\/ul&gt;<br \/>\n&lt;p style=&quot;text-align: justify;&quot;&gt;&lt;a class=&quot;catalogue&quot; href=&quot;https:\/\/www.rubisolis.lt\/failai\/files\/produktu%20pdf\/Wellmo\/Veidrod%C5%BEi%C5%B3%20%C5%A1ildymo%20kilim%C4%97lio%20Wellmo%20instrukcija%20LT.pdf&quot; target=&quot;blank&quot;&gt;Download product manual &lt;\/a&gt;&lt;\/p&gt;<\/p>","protected":false},"excerpt":{"rendered":"<p>&lt;p style=&quot;text-align: justify;&quot;&gt;&lt;span style=&quot;text-align: justify;&quot;&gt;Mirror demisting mats&lt;\/span&gt;&lt;strong style=&quot;text-align: justify;&quot;&gt; Wellmo&lt;\/strong&gt;&lt;span style=&quot;text-align: justify;&quot;&gt;&amp;nbsp;skirti i&amp;scaron;vengti veidrod\u017ei\u0173 rasojimo vonioje. Lengvai pritaikomi kiekvienam<\/p>","protected":false},"featured_media":29107,"comment_status":"closed","ping_status":"open","template":"","meta":[],"product_brand":[],"product_cat":[23],"product_tag":[535],"class_list":{"0":"post-29105","1":"product","2":"type-product","3":"status-publish","4":"has-post-thumbnail","6":"product_cat-be-kategorijos","7":"product_tag-naujiena","9":"first","10":"onbackorder","11":"taxable","12":"shipping-taxable","13":"product-type-variable"},"_links":{"self":[{"href":"https:\/\/orotech.lt\/en\/wp-json\/wp\/v2\/product\/29105","targetHints":{"allow":["GET"]}}],"collection":[{"href":"https:\/\/orotech.lt\/en\/wp-json\/wp\/v2\/product"}],"about":[{"href":"https:\/\/orotech.lt\/en\/wp-json\/wp\/v2\/types\/product"}],"replies":[{"embeddable":true,"href":"https:\/\/orotech.lt\/en\/wp-json\/wp\/v2\/comments?post=29105"}],"version-history":[{"count":1,"href":"https:\/\/orotech.lt\/en\/wp-json\/wp\/v2\/product\/29105\/revisions"}],"predecessor-version":[{"id":29106,"href":"https:\/\/orotech.lt\/en\/wp-json\/wp\/v2\/product\/29105\/revisions\/29106"}],"wp:featuredmedia":[{"embeddable":true,"href":"https:\/\/orotech.lt\/en\/wp-json\/wp\/v2\/media\/29107"}],"wp:attachment":[{"href":"https:\/\/orotech.lt\/en\/wp-json\/wp\/v2\/media?parent=29105"}],"wp:term":[{"taxonomy":"product_brand","embeddable":true,"href":"https:\/\/orotech.lt\/en\/wp-json\/wp\/v2\/product_brand?post=29105"},{"taxonomy":"product_cat","embeddable":true,"href":"https:\/\/orotech.lt\/en\/wp-json\/wp\/v2\/product_cat?post=29105"},{"taxonomy":"product_tag","embeddable":true,"href":"https:\/\/orotech.lt\/en\/wp-json\/wp\/v2\/product_tag?post=29105"}],"curies":[{"name":"wp","href":"https:\/\/api.w.org\/{rel}","templated":true}]}}