{"id":29110,"date":"2025-09-09T09:55:03","date_gmt":"2025-09-09T09:55:03","guid":{"rendered":"https:\/\/orotech.lt\/skaitmeninis-vonios-sildytuvas-dziovintuvas-touch-2\/"},"modified":"2025-09-10T06:50:57","modified_gmt":"2025-09-10T06:50:57","slug":"digital-bathroom-heater-dryer-touch-2","status":"publish","type":"product","link":"https:\/\/orotech.lt\/en\/digital-bathroom-heater-dryer-touch-2\/","title":{"rendered":"Digital bathroom heater - dryer TOUCH"},"content":{"rendered":"<ul>\n<li>\n\t\t<span><span>Protection class \u2013 IP24<\/span><\/span><\/li>\n<li>\n\t\t<span><span>Rank\u0161luos\u010di\u0173 laikiklis &ndash; veiksmingam rank\u0161luos\u010di\u0173 d\u017eiovinimui<\/span><\/span><span><span>.<\/span><\/span><\/li>\n<li>\n\t\tMounted on the wall.<\/li>\n<li>\n\t\t<span><span>Judesio jutiklis, kuris automati\u0161kai persijungia i\u0161 &ldquo;comfort&rdquo; \u012f ECO re\u017eim\u0105, taip taupydamas energij\u0105.<\/span><\/span><\/li>\n<li>\n\t\t<span><span>Programmable timer and touch screen control.<\/span><\/span><\/li>\n<li>\n\t\t<span><span>Anti-freeze function.<\/span><\/span><\/li>\n<li>\n\t\t<span><span>Ypatingai plonas&nbsp;ir tylus.<\/span><\/span><\/li>\n<li>\n\t\t<span><span>Removable and washable dust air filter.<\/span><\/span><\/li>\n<li>\n\t\t<span><span>Dimensions (cm) \u2013 50 x 30 x 11<\/span><\/span><\/li>\n<\/ul>\n<p style=\"text-align: center;\"><iframe allow=\"accelerometer; autoplay; clipboard-write; encrypted-media; gyroscope; picture-in-picture\" allowfullscreen=\"\" frameborder=\"0\" height=\"315\" src=\"https:\/\/www.youtube.com\/embed\/SCHE41jl7zk\" title=\"YouTube video player\" width=\"560\"><\/iframe><\/p>\n<p><a class=\"catalogue\" href=\"https:\/\/rubisolis.lt\/images\/Userfiles\/My_folder\/Touch_vonios_sildytuvas.pdf\" target=\"blank\" rel=\"nofollow noopener\">Download product manual<\/a><\/p>","protected":false},"excerpt":{"rendered":"<p>Apsaugos klas\u0117 &#8211; IP24 Rank\u0161luos\u010di\u0173 laikiklis &ndash; veiksmingam rank\u0161luos\u010di\u0173 d\u017eiovinimui. Montuojamas prie sienos. Judesio jutiklis, kuris automati\u0161kai persijungia i\u0161 &ldquo;comfort&rdquo;<\/p>","protected":false},"featured_media":29112,"comment_status":"closed","ping_status":"open","template":"","meta":[],"product_brand":[],"product_cat":[23],"product_tag":[535],"class_list":{"0":"post-29110","1":"product","2":"type-product","3":"status-publish","4":"has-post-thumbnail","6":"product_cat-be-kategorijos","7":"product_tag-naujiena","9":"first","10":"onbackorder","11":"taxable","12":"shipping-taxable","13":"product-type-variable"},"_links":{"self":[{"href":"https:\/\/orotech.lt\/en\/wp-json\/wp\/v2\/product\/29110","targetHints":{"allow":["GET"]}}],"collection":[{"href":"https:\/\/orotech.lt\/en\/wp-json\/wp\/v2\/product"}],"about":[{"href":"https:\/\/orotech.lt\/en\/wp-json\/wp\/v2\/types\/product"}],"replies":[{"embeddable":true,"href":"https:\/\/orotech.lt\/en\/wp-json\/wp\/v2\/comments?post=29110"}],"version-history":[{"count":1,"href":"https:\/\/orotech.lt\/en\/wp-json\/wp\/v2\/product\/29110\/revisions"}],"predecessor-version":[{"id":29111,"href":"https:\/\/orotech.lt\/en\/wp-json\/wp\/v2\/product\/29110\/revisions\/29111"}],"wp:featuredmedia":[{"embeddable":true,"href":"https:\/\/orotech.lt\/en\/wp-json\/wp\/v2\/media\/29112"}],"wp:attachment":[{"href":"https:\/\/orotech.lt\/en\/wp-json\/wp\/v2\/media?parent=29110"}],"wp:term":[{"taxonomy":"product_brand","embeddable":true,"href":"https:\/\/orotech.lt\/en\/wp-json\/wp\/v2\/product_brand?post=29110"},{"taxonomy":"product_cat","embeddable":true,"href":"https:\/\/orotech.lt\/en\/wp-json\/wp\/v2\/product_cat?post=29110"},{"taxonomy":"product_tag","embeddable":true,"href":"https:\/\/orotech.lt\/en\/wp-json\/wp\/v2\/product_tag?post=29110"}],"curies":[{"name":"wp","href":"https:\/\/api.w.org\/{rel}","templated":true}]}}