{"id":29115,"date":"2025-09-09T09:55:03","date_gmt":"2025-09-09T09:55:03","guid":{"rendered":"https:\/\/orotech.lt\/sieninio-sildymo-tinklelis-warmwall-black-2\/"},"modified":"2025-09-10T06:50:58","modified_gmt":"2025-09-10T06:50:58","slug":"wall-heating-grid-warmwall-black-2","status":"publish","type":"product","link":"https:\/\/orotech.lt\/en\/wall-heating-grid-warmwall-black-2\/","title":{"rendered":"Wall heating grid Warmwall BLACK"},"content":{"rendered":"<p style=\"text-align: justify;\"><strong>WARMWALL BLACK is a modern and great alternative to a towel dryer.<\/strong><\/p>\n<p style=\"text-align: justify;\"><strong style=\"text-align: justify;\">Warmwall BLACK wall heating grid <\/strong><span style=\"text-align: justify;\">features new infrared technology. This heating system is easy to install on the wall, under tiles. It is usually laid in adhesive or screed layers. Depending on the size of the room, it is possible to heat with one or more rolls of WARMWALL Black mesh.<\/span><\/p>\n<p style=\"text-align: justify;\"><strong>Features:<\/strong><\/p>\n<ul>\n<li>\n\t\tPower: 300 W\/m<sup>2;<\/sup><\/li>\n<li>\n\t\tInsulation resistance up to 80 \u00b0C;&nbsp;<\/li>\n<li>\n\t\tComplies with the Electrical Installation Directive (BS7671:2008) standard EN60335-2-96;<\/li>\n<li>\n\t\tThanks to its convenient structure, the installation of the mesh is quick and easy;<\/li>\n<li>\n\t\tExtremely thin (only 3 mm);<\/li>\n<li>\n\t\tSuitable for wet installation under tiles;<\/li>\n<li>\n\t\t<strong>Protection class: IPX7.<\/strong><\/li>\n<\/ul>\n<p style=\"text-align: justify;\"><strong>Warmwall wall heating system<\/strong> consists of a 17 mm wide strip laid on a fiberglass mesh with a standard width of 500 mm. The wires inside the strip are mainly made of aluminum and other metal alloys covered with polypropylene film. The average thickness of the mesh is 3-4 mm with a maximum front-to-back joint of 6 mm. The spacing between the heating strips varies from 25 to 70 mm (depending on the W\/m2 power). The standard length of the electric cable is 2 m. Due to its two-wire structure <strong>Warmwall BLACK mesh <\/strong>does not emit electromagnetic radiation.<\/p>\n<p style=\"text-align: justify;\">The packaging of these wall heating mats is made from no less than 40 % recyclable materials and is environmentally friendly!&nbsp;<\/p>\n<p style=\"text-align: justify;\">We can also produce a non-standard size mesh. If necessary, please contact us using the contacts listed in the contact section.<\/p>\n<p style=\"text-align: justify;\"><strong>Important! The 10-year warranty applies after completing the technical passport, which you can find by downloading the warranty magazine.<br \/>\n\t<\/strong><\/p>\n<p style=\"text-align: justify;\"><a class=\"catalogue\" href=\"\/en\/images\/Userfiles\/Katalogas_sieninis_kilimlis.pdf\/\" target=\"blank\">Download product catalog<\/a><\/p>\n<p style=\"text-align: justify;\"><a class=\"catalogue\" href=\"https:\/\/rubisolis.lt\/images\/Userfiles\/My_folder\/Garantinis_zurnalas_Warmwall.pdf\" target=\"blank\" rel=\"nofollow noopener\">Download the product warranty journal<\/a><\/p>","protected":false},"excerpt":{"rendered":"<p>WARMWALL BLACK &#8211; tai \u0161iuolaiki\u0161ka ir puiki alternatyva rank\u0161luo\u0161\u010di\u0173 d\u017eiovintuvui. Warmwall BLACK sieninio \u0161ildymo tinklelis pasi\u017eymi nauja infraraudon\u0173j\u0173 spinduli\u0173 technologija.<\/p>","protected":false},"featured_media":29117,"comment_status":"closed","ping_status":"open","template":"","meta":[],"product_brand":[],"product_cat":[23],"product_tag":[535],"class_list":{"0":"post-29115","1":"product","2":"type-product","3":"status-publish","4":"has-post-thumbnail","6":"product_cat-be-kategorijos","7":"product_tag-naujiena","9":"first","10":"onbackorder","11":"taxable","12":"shipping-taxable","13":"product-type-variable"},"_links":{"self":[{"href":"https:\/\/orotech.lt\/en\/wp-json\/wp\/v2\/product\/29115","targetHints":{"allow":["GET"]}}],"collection":[{"href":"https:\/\/orotech.lt\/en\/wp-json\/wp\/v2\/product"}],"about":[{"href":"https:\/\/orotech.lt\/en\/wp-json\/wp\/v2\/types\/product"}],"replies":[{"embeddable":true,"href":"https:\/\/orotech.lt\/en\/wp-json\/wp\/v2\/comments?post=29115"}],"version-history":[{"count":1,"href":"https:\/\/orotech.lt\/en\/wp-json\/wp\/v2\/product\/29115\/revisions"}],"predecessor-version":[{"id":29116,"href":"https:\/\/orotech.lt\/en\/wp-json\/wp\/v2\/product\/29115\/revisions\/29116"}],"wp:featuredmedia":[{"embeddable":true,"href":"https:\/\/orotech.lt\/en\/wp-json\/wp\/v2\/media\/29117"}],"wp:attachment":[{"href":"https:\/\/orotech.lt\/en\/wp-json\/wp\/v2\/media?parent=29115"}],"wp:term":[{"taxonomy":"product_brand","embeddable":true,"href":"https:\/\/orotech.lt\/en\/wp-json\/wp\/v2\/product_brand?post=29115"},{"taxonomy":"product_cat","embeddable":true,"href":"https:\/\/orotech.lt\/en\/wp-json\/wp\/v2\/product_cat?post=29115"},{"taxonomy":"product_tag","embeddable":true,"href":"https:\/\/orotech.lt\/en\/wp-json\/wp\/v2\/product_tag?post=29115"}],"curies":[{"name":"wp","href":"https:\/\/api.w.org\/{rel}","templated":true}]}}