{"id":29133,"date":"2025-09-09T09:55:03","date_gmt":"2025-09-09T09:55:03","guid":{"rendered":"https:\/\/orotech.lt\/ranksluosciu-dziovintuvas-onsen-baltas-2\/"},"modified":"2025-09-10T06:51:00","modified_gmt":"2025-09-10T06:51:00","slug":"towel-dryer-onsen-white-2","status":"publish","type":"product","link":"https:\/\/orotech.lt\/en\/towel-dryer-onsen-white-2\/","title":{"rendered":"Towel dryer ONSEN, white"},"content":{"rendered":"<p style=\"text-align: justify;\">The Onsen towel dryer is design, well-being and practicality all in one! Even in the smallest spaces.&nbsp;<\/p>\n<p style=\"text-align: justify;\">Onsen rank\u0161luos\u010di\u0173 d\u017eiovintuvas&nbsp;yra kompakti\u0161kas ir tik 40 cm plo\u010dio ir 10 cm storio, tod\u0117l j\u012f galima lengvai \u012fmontuoti net ma\u017eiausiose patalpose.&nbsp;Jis &#8211; prakti\u0161kas ir efektyvus, kadangi Onsen rank\u0161luos\u010di\u0173 d\u017eiovintuvas pasi\u017eymi 750 W galia ir specializuoto \u0161ildymo technologija, kuri gali b\u016bti naudojama kaip pagrindin\u0117 \u0161ildymo sistema j\u016bs\u0173 vonios kambaryje arba kaip papildoma \u0161ildymo priemon\u0117. \u0160\u012f rank\u0161luos\u010di\u0173 d\u017eiovintuv\u0105&nbsp;lengva valdyti, nes valdikliai visada yra po ranka &ndash; paprasta ir patogu!<\/p>\n<p style=\"text-align: justify;\"><strong>Technical characteristics:<\/strong><\/p>\n<ul>\n<li style=\"text-align: justify;\">\n\t\tIP 24 splash water protection: safe even in the wettest locations;&nbsp;<\/li>\n<li style=\"text-align: justify;\">\n\t\tMoisture-resistant, powder-coated metal construction;<\/li>\n<li style=\"text-align: justify;\">\n\t\tDual heating system: radiant heat ensures all-round comfort and convection for rapid heating;<\/li>\n<li style=\"text-align: justify;\">\n\t\tSuitable as both main and additional heating;<\/li>\n<li style=\"text-align: justify;\">\n\t\tEasy-to-use touch controls with LCD display;<\/li>\n<li style=\"text-align: justify;\">\n\t\tElectronic thermostat with automatic heat control to avoid energy waste;<\/li>\n<li style=\"text-align: justify;\">\n\t\tVarious operating modes: automatic, programmable, timer;<\/li>\n<li style=\"text-align: justify;\">\n\t\tWith 2 towel racks;<\/li>\n<\/ul>","protected":false},"excerpt":{"rendered":"<p>Rank\u0161luos\u010di\u0173 d\u017eiovintuvas Onsen &#8211; tai dizainas, gerov\u0117 ir prakti\u0161kumas viename! Net ir pa\u010diose ank\u0161\u010diausiose erdv\u0117se.&nbsp; Onsen rank\u0161luos\u010di\u0173 d\u017eiovintuvas&nbsp;yra kompakti\u0161kas ir<\/p>","protected":false},"featured_media":29135,"comment_status":"closed","ping_status":"open","template":"","meta":[],"product_brand":[],"product_cat":[23],"product_tag":[535],"class_list":{"0":"post-29133","1":"product","2":"type-product","3":"status-publish","4":"has-post-thumbnail","6":"product_cat-be-kategorijos","7":"product_tag-naujiena","9":"first","10":"onbackorder","11":"taxable","12":"shipping-taxable","13":"product-type-variable"},"_links":{"self":[{"href":"https:\/\/orotech.lt\/en\/wp-json\/wp\/v2\/product\/29133","targetHints":{"allow":["GET"]}}],"collection":[{"href":"https:\/\/orotech.lt\/en\/wp-json\/wp\/v2\/product"}],"about":[{"href":"https:\/\/orotech.lt\/en\/wp-json\/wp\/v2\/types\/product"}],"replies":[{"embeddable":true,"href":"https:\/\/orotech.lt\/en\/wp-json\/wp\/v2\/comments?post=29133"}],"version-history":[{"count":1,"href":"https:\/\/orotech.lt\/en\/wp-json\/wp\/v2\/product\/29133\/revisions"}],"predecessor-version":[{"id":29134,"href":"https:\/\/orotech.lt\/en\/wp-json\/wp\/v2\/product\/29133\/revisions\/29134"}],"wp:featuredmedia":[{"embeddable":true,"href":"https:\/\/orotech.lt\/en\/wp-json\/wp\/v2\/media\/29135"}],"wp:attachment":[{"href":"https:\/\/orotech.lt\/en\/wp-json\/wp\/v2\/media?parent=29133"}],"wp:term":[{"taxonomy":"product_brand","embeddable":true,"href":"https:\/\/orotech.lt\/en\/wp-json\/wp\/v2\/product_brand?post=29133"},{"taxonomy":"product_cat","embeddable":true,"href":"https:\/\/orotech.lt\/en\/wp-json\/wp\/v2\/product_cat?post=29133"},{"taxonomy":"product_tag","embeddable":true,"href":"https:\/\/orotech.lt\/en\/wp-json\/wp\/v2\/product_tag?post=29133"}],"curies":[{"name":"wp","href":"https:\/\/api.w.org\/{rel}","templated":true}]}}