{"id":29141,"date":"2025-09-09T09:55:37","date_gmt":"2025-09-09T09:55:37","guid":{"rendered":"https:\/\/orotech.lt\/ranksluosciu-dziovintuvas-onsen-tamsiai-pilkas-2\/"},"modified":"2025-09-10T06:51:00","modified_gmt":"2025-09-10T06:51:00","slug":"ranksluosciu-dziovintuvas-onsen-tamsiai-pilkas-2","status":"publish","type":"product","link":"https:\/\/orotech.lt\/en\/ranksluosciu-dziovintuvas-onsen-tamsiai-pilkas-2\/","title":{"rendered":"Towel dryer ONSEN, dark gray"},"content":{"rendered":"<p style=\"text-align: justify;\">The Onsen towel dryer is design, well-being and practicality all in one! Even in the smallest spaces.&nbsp;<\/p>\n<p style=\"text-align: justify;\">The Onsen towel warmer is compact and only 40 cm wide and 10 cm thick, so it can be easily installed even in the smallest rooms. It is practical and efficient, as the Onsen towel warmer has 750 W of power and specialized heating technology, which can be used as the main heating system in your bathroom or as an additional heating means. This towel warmer is easy to operate, as the control is always at hand - simple and convenient!<\/p>\n<p style=\"text-align: justify;\"><strong>Technical characteristics:<\/strong><\/p>\n<ul>\n<li style=\"text-align: justify;\">\n\t\tIP 24 splash water protection: safe even in the wettest locations;&nbsp;<\/li>\n<li style=\"text-align: justify;\">\n\t\tMoisture-resistant, powder-coated metal construction;<\/li>\n<li style=\"text-align: justify;\">\n\t\tDual heating system: radiant heat ensures all-round comfort and convection for rapid heating;<\/li>\n<li style=\"text-align: justify;\">\n\t\tSuitable as both main and additional heating;<\/li>\n<li style=\"text-align: justify;\">\n\t\tEasy-to-use touch controls with LCD display;<\/li>\n<li style=\"text-align: justify;\">\n\t\tElectronic thermostat with automatic heat control to avoid energy waste;<\/li>\n<li style=\"text-align: justify;\">\n\t\tVarious operating modes: automatic, programmable, timer;<\/li>\n<li style=\"text-align: justify;\">\n\t\tWith 2 towel racks;<\/li>\n<\/ul>","protected":false},"excerpt":{"rendered":"<p>Rank\u0161luos\u010di\u0173 d\u017eiovintuvas Onsen &#8211; tai dizainas, gerov\u0117 ir prakti\u0161kumas viename! Net ir pa\u010diose ank\u0161\u010diausiose erdv\u0117se.&nbsp; Onsen rank\u0161luos\u010di\u0173 d\u017eiovintuvas&nbsp;yra kompakti\u0161kas ir<\/p>","protected":false},"featured_media":29143,"comment_status":"closed","ping_status":"open","template":"","meta":[],"product_brand":[],"product_cat":[23],"product_tag":[535],"class_list":{"0":"post-29141","1":"product","2":"type-product","3":"status-publish","4":"has-post-thumbnail","6":"product_cat-be-kategorijos","7":"product_tag-naujiena","9":"first","10":"onbackorder","11":"taxable","12":"shipping-taxable","13":"product-type-variable"},"_links":{"self":[{"href":"https:\/\/orotech.lt\/en\/wp-json\/wp\/v2\/product\/29141","targetHints":{"allow":["GET"]}}],"collection":[{"href":"https:\/\/orotech.lt\/en\/wp-json\/wp\/v2\/product"}],"about":[{"href":"https:\/\/orotech.lt\/en\/wp-json\/wp\/v2\/types\/product"}],"replies":[{"embeddable":true,"href":"https:\/\/orotech.lt\/en\/wp-json\/wp\/v2\/comments?post=29141"}],"version-history":[{"count":1,"href":"https:\/\/orotech.lt\/en\/wp-json\/wp\/v2\/product\/29141\/revisions"}],"predecessor-version":[{"id":29142,"href":"https:\/\/orotech.lt\/en\/wp-json\/wp\/v2\/product\/29141\/revisions\/29142"}],"wp:featuredmedia":[{"embeddable":true,"href":"https:\/\/orotech.lt\/en\/wp-json\/wp\/v2\/media\/29143"}],"wp:attachment":[{"href":"https:\/\/orotech.lt\/en\/wp-json\/wp\/v2\/media?parent=29141"}],"wp:term":[{"taxonomy":"product_brand","embeddable":true,"href":"https:\/\/orotech.lt\/en\/wp-json\/wp\/v2\/product_brand?post=29141"},{"taxonomy":"product_cat","embeddable":true,"href":"https:\/\/orotech.lt\/en\/wp-json\/wp\/v2\/product_cat?post=29141"},{"taxonomy":"product_tag","embeddable":true,"href":"https:\/\/orotech.lt\/en\/wp-json\/wp\/v2\/product_tag?post=29141"}],"curies":[{"name":"wp","href":"https:\/\/api.w.org\/{rel}","templated":true}]}}