{"id":29150,"date":"2025-09-09T09:55:37","date_gmt":"2025-09-09T09:55:37","guid":{"rendered":"https:\/\/orotech.lt\/elektrinis-ranksluosciu-dziovintuvas-radyal-lily-baltas-2\/"},"modified":"2025-09-10T06:51:01","modified_gmt":"2025-09-10T06:51:01","slug":"elektrinis-ranksluosciu-dziovintuvas-radyal-lily-baltas-2","status":"publish","type":"product","link":"https:\/\/orotech.lt\/en\/elektrinis-ranksluosciu-dziovintuvas-radyal-lily-baltas-2\/","title":{"rendered":"Electric towel dryer RADYAL LILY, white"},"content":{"rendered":"<p>&lt;p style=&quot;text-align: justify;&quot;&gt;&lt;img style=&quot;width: 1000px; height: 250px;&quot; src=&quot;\/images\/Userfiles\/www.rubisolis.lt_Elektrinis_ranksluosci_dziovintuvas_RADYAL_LILY_1.jpg&quot; alt=&quot;&quot; \/&gt;&lt;\/p&gt;<br \/>\n&lt;p style=&quot;text-align: justify;&quot;&gt;Sukurkite itin komforti&amp;scaron;k\u0105 aplink\u0105 vonios kambaryje su elektriniu rank&amp;scaron;luos\u010di\u0173 d\u017eiovintuvu RADYAL LILY! Baltos spalvos &lt;strong&gt;elektrinis rank&amp;scaron;luos\u010di\u0173 d\u017eiovintuvas&lt;\/strong&gt; su kvadratiniais skersiniais ne tik pasi\u017eymi elegantisku dizainu, bet ir greitai i&amp;scaron;d\u017eiovina j\u016bs\u0173 rank&amp;scaron;luos\u010dius.&lt;\/p&gt;<br \/>\n&lt;p style=&quot;text-align: justify;&quot;&gt;Modernaus dizaino rank&amp;scaron;luos\u010di\u0173 d\u017eiovintuvus Radyal Lily galite rinktis i&amp;scaron; 5 skirting\u0173 dyd\u017ei\u0173 (0,6-1,4m) ir galingum\u0173 (100-250W). Paprasto valdymo ir lengvos prie\u017ei\u016bros \u012franga pasi\u017eymi efektyviu &amp;scaron;ildymu d\u0117l aliuminio med\u017eiagos strukt\u016bros.&amp;nbsp;&lt;\/p&gt;<br \/>\n&lt;p&gt;&lt;strong&gt;Advantages:&lt;\/strong&gt;&lt;\/p&gt;<br \/>\n&lt;ul&gt;<br \/>\n&lt;li&gt;Paprasta valdyti;&lt;\/li&gt;<br \/>\n&lt;li&gt;Lengva valyti, pri\u017ei\u016br\u0117ti;&lt;\/li&gt;<br \/>\n&lt;li&gt;Efektyvus &amp;scaron;ildymas d\u0117l aliuminio med\u017eiagos strukt\u016bros;&lt;\/li&gt;<br \/>\n&lt;li&gt;Galima saugiai naudoti vonios kambaryje d\u0117l ner\u016bdijan\u010dios med\u017eiagos strukt\u016bros;&lt;\/li&gt;<br \/>\n&lt;li&gt;D\u0117l nedidelio svorio suteikia didel\u012f prana&amp;scaron;um\u0105 transportuojant ir montuojant;&lt;\/li&gt;<br \/>\n&lt;li&gt;Galite saugiai naudoti vonios kambaryje, nes jo apsaugos klas\u0117 yra IPX5;&lt;\/li&gt;<br \/>\n&lt;li&gt;D\u0117l savo lygi\u0173 ir tiesi\u0173 linij\u0173 jis sukuria tinkamiausi\u0105 sprendim\u0105 rank&amp;scaron;luos\u010diams d\u017eiovinti;&lt;\/li&gt;<br \/>\n&lt;li&gt;D\u0117ka greito aliuminio \u012f&amp;scaron;ilimo laiko d\u017eiovintuvas greitai d\u017eiovina rank&amp;scaron;luo\u010dius;&amp;nbsp;&lt;\/li&gt;<br \/>\n&lt;li&gt;100 % perdirbamas, draugi&amp;scaron;kas aplinkai.&lt;\/li&gt;<br \/>\n&lt;\/ul&gt;<br \/>\n&lt;p&gt;&lt;strong&gt;Technical characteristics:&lt;\/strong&gt;&lt;\/p&gt;<br \/>\n&lt;ul&gt;<br \/>\n&lt;li&gt;Modelis: LILY 600 \/&amp;nbsp;LILY 800 \/ LILY 1000 \/ LILY 1200 \/&amp;nbsp;LILY 1400;&lt;\/li&gt;<br \/>\n&lt;li&gt;Galingumas: 100 \/ 125 \/ 175 \/ 200 \/ 250 W;&lt;\/li&gt;<br \/>\n&lt;li&gt;\u012etampa: 110-220V, 50\/60Hz;&lt;\/li&gt;<br \/>\n&lt;li&gt;I&amp;scaron;matavimai: 500x600x90 \/&amp;nbsp;500x800x90 \/&amp;nbsp;500x1000x90 \/&amp;nbsp;500x1200x90 \/&amp;nbsp;500x1400x90 mm;&lt;\/li&gt;<br \/>\n&lt;li&gt;Dizainas: kvadratiniai skersiniai;&lt;\/li&gt;<br \/>\n&lt;li&gt;Skersini\u0173 kiekis: 8 \/ 8 \/ 12 \/ 14 \/ 16;&lt;\/li&gt;<br \/>\n&lt;li&gt;Svoris: 1,45 \/ 2,9 \/ 4,7 \/ 5,85 \/ 6,5 kg;&lt;\/li&gt;<br \/>\n&lt;li&gt;Darbo re\u017eimai: nuolatinis &amp;scaron;ildymas, 2 ar 4 valand\u0173 &amp;scaron;ildymo trukm\u0117;&amp;nbsp;&amp;nbsp;&lt;\/li&gt;<br \/>\n&lt;li&gt;Med\u017eiaga: aliuminis;&amp;nbsp;&lt;\/li&gt;<br \/>\n&lt;li&gt;Spalva: balta;&amp;nbsp;&lt;\/li&gt;<br \/>\n&lt;li&gt;&amp;Scaron;ildymo tipas: sausas;&lt;\/li&gt;<br \/>\n&lt;li&gt;Laikmatis: taip;&lt;\/li&gt;<br \/>\n&lt;li&gt;Su laidu ir ki&amp;scaron;tuku \u012f rozet\u0119: taip;&lt;\/li&gt;<br \/>\n&lt;li&gt;Paj. laidas yra de&amp;scaron;in\u0117je: taip;&lt;\/li&gt;<br \/>\n&lt;li&gt;Pakabinamas ant sienos: taip;&lt;\/li&gt;<br \/>\n&lt;li&gt;Tvirtinimo elementai: taip;&lt;\/li&gt;<br \/>\n&lt;li&gt;Apsaugos klas\u0117: IPX5;&lt;\/li&gt;<br \/>\n&lt;li&gt;Pavir&amp;scaron;iaus temperat\u016bra: 50 &amp;ndash; 55 &amp;deg;C.&lt;\/li&gt;<br \/>\n&lt;\/ul&gt;<br \/>\n&lt;p style=&quot;text-align: justify;&quot;&gt;&lt;a class=&quot;catalogue&quot; href=&quot;\/en\/images\/Userfiles\/www.rubisolis.lt_Elektrinis_ranksluosci_dziovintuvas_RADYAL_LILY.pdf\/&quot; target=&quot;blank&quot;&gt;Download product manual &lt;\/a&gt;&lt;\/p&gt;<\/p>","protected":false},"excerpt":{"rendered":"<p>&lt;p style=&quot;text-align: justify;&quot;&gt;&lt;img style=&quot;width: 1000px; height: 250px;&quot; src=&quot;\/images\/Userfiles\/www.rubisolis.lt_Elektrinis_ranksluosci_dziovintuvas_RADYAL_LILY_1.jpg&quot; alt=&quot;&quot; \/&gt;&lt;\/p&gt; &lt;p style=&quot;text-align: justify;&quot;&gt;Sukurkite itin komforti&amp;scaron;k\u0105 aplink\u0105 vonios kambaryje su elektriniu<\/p>","protected":false},"featured_media":29152,"comment_status":"closed","ping_status":"open","template":"","meta":[],"product_brand":[],"product_cat":[23],"product_tag":[535],"class_list":{"0":"post-29150","1":"product","2":"type-product","3":"status-publish","4":"has-post-thumbnail","6":"product_cat-be-kategorijos","7":"product_tag-naujiena","9":"first","10":"onbackorder","11":"taxable","12":"shipping-taxable","13":"product-type-variable"},"_links":{"self":[{"href":"https:\/\/orotech.lt\/en\/wp-json\/wp\/v2\/product\/29150","targetHints":{"allow":["GET"]}}],"collection":[{"href":"https:\/\/orotech.lt\/en\/wp-json\/wp\/v2\/product"}],"about":[{"href":"https:\/\/orotech.lt\/en\/wp-json\/wp\/v2\/types\/product"}],"replies":[{"embeddable":true,"href":"https:\/\/orotech.lt\/en\/wp-json\/wp\/v2\/comments?post=29150"}],"version-history":[{"count":1,"href":"https:\/\/orotech.lt\/en\/wp-json\/wp\/v2\/product\/29150\/revisions"}],"predecessor-version":[{"id":29151,"href":"https:\/\/orotech.lt\/en\/wp-json\/wp\/v2\/product\/29150\/revisions\/29151"}],"wp:featuredmedia":[{"embeddable":true,"href":"https:\/\/orotech.lt\/en\/wp-json\/wp\/v2\/media\/29152"}],"wp:attachment":[{"href":"https:\/\/orotech.lt\/en\/wp-json\/wp\/v2\/media?parent=29150"}],"wp:term":[{"taxonomy":"product_brand","embeddable":true,"href":"https:\/\/orotech.lt\/en\/wp-json\/wp\/v2\/product_brand?post=29150"},{"taxonomy":"product_cat","embeddable":true,"href":"https:\/\/orotech.lt\/en\/wp-json\/wp\/v2\/product_cat?post=29150"},{"taxonomy":"product_tag","embeddable":true,"href":"https:\/\/orotech.lt\/en\/wp-json\/wp\/v2\/product_tag?post=29150"}],"curies":[{"name":"wp","href":"https:\/\/api.w.org\/{rel}","templated":true}]}}