{"id":29173,"date":"2025-09-09T09:55:37","date_gmt":"2025-09-09T09:55:37","guid":{"rendered":"https:\/\/orotech.lt\/momentinis-vandens-sildytuvas-veito-flow\/"},"modified":"2025-09-10T06:51:06","modified_gmt":"2025-09-10T06:51:06","slug":"momentinis-vandens-sildytuvas-veito-flow","status":"publish","type":"product","link":"https:\/\/orotech.lt\/en\/momentinis-vandens-sildytuvas-veito-flow\/","title":{"rendered":"Momentinis vandens \u0161ildytuvas Veito Flow"},"content":{"rendered":"<p style=\"text-align: justify;\"><strong>Momentiniai vandens \u0161ildytuvai Veito Flow \u0161ildo vanden\u012f, kai to reikia. Tiesiog atsukite vandens \u010diaup\u0105 ir m\u0117gaukit\u0117s kar\u0161tu vandeniu. Tai ypa\u010d efektyvu ir ekonomi\u0161ka.&nbsp;<\/strong><\/p>\n<p style=\"text-align: center;\"><iframe allow=\"accelerometer; autoplay; clipboard-write; encrypted-media; gyroscope; picture-in-picture; web-share\" allowfullscreen=\"\" frameborder=\"0\" height=\"315\" src=\"https:\/\/www.youtube.com\/embed\/rIr3OWD4l38\" title=\"Veito Flow Instant water heater\" width=\"560\"><\/iframe><\/p>\n<p style=\"text-align: justify;\">\u0160ie \u0161ildytuvai su\u0161ildo vanden\u012f iki norimos temperat\u016bros tiesiogiai ir b\u016btent tada, kada to reikia. Prietaisai naudoja elektros enegij\u0105 tik tuo metu. \u0160ildymo procesas prasideda i\u0161kart, vos tik atsukus vandens \u010diaup\u0105 ir baigiasi j\u012f u\u017esukus. Tod\u0117l energija n\u0117ra \u0161vaistoma veltui!<\/p>\n<p style=\"text-align: justify;\">Nano technologij\u0173 chromuotas ner\u016bdijan\u010dio plieno kaitinimo elementas suma\u017eina kalki\u0173 kaupim\u0105si.<br \/>\n\tJei temperat\u016bra pakyla per auk\u0161tai, prietaisas automati\u0161kai atjungia kaitinimo elementus. Kai temperat\u016bra nukrenta, \u0161ildytuvas \u012fsijungia automati\u0161kai.<\/p>\n<p style=\"text-align: justify;\">Jei netik\u0117tai vandens sl\u0117gis nukrenta \u017eemiau minimalaus lygio, kaitinimo elementas yra i\u0161jungiams, kad i\u0161vengti staigaus temperat\u016bros padid\u0117jimo. \u0160ildymas v\u0117l \u012fjungiamas, kai sl\u0117gis normalizuojasi.<br \/>\n\t&nbsp;<\/p>\n<p style=\"text-align: justify;\"><strong>Advantages:<br \/>\n\t<\/strong><\/p>\n<ul>\n<li>\n\t\tKar\u0161tas vanduo per kelias sekundes;<\/li>\n<li>\n\t\tTyliai veikia;<\/li>\n<li>\n\t\t7500 W;<\/li>\n<li>\n\t\tThree heating levels;<\/li>\n<li>\n\t\tEnergij\u0105 taupantis;<\/li>\n<li>\n\t\tViet\u0105 taupantis dizainas;<\/li>\n<li>\n\t\tLengva naudoti;<\/li>\n<li>\n\t\tOverheating protection;<\/li>\n<li>\n\t\tGarantija &ndash; dveji metai.&nbsp;<\/li>\n<\/ul>\n<p><strong>Tai daugiafunkcinis vandens \u0161ildytuvas, kuris gali b\u016bti naudojamas vonios kambaryje arba virtuv\u0117je. \u0160ildymo galingumas gali b\u016bti nustatomas trimis skirtingais lygiais, nuo 2500W iki 7500W.&nbsp;<\/strong><\/p>\n<p>&nbsp;<\/p>\n<p><a class=\"catalogue\" href=\"https:\/\/www.rubisolis.lt\/\/failai\/files\/FLOW%20-%20FLOW%20S%20EN_Instrukcija.pdf\" target=\"blank\" rel=\"nofollow noopener\">Download product manual <\/a><\/p>","protected":false},"excerpt":{"rendered":"<p>Momentiniai vandens \u0161ildytuvai Veito Flow \u0161ildo vanden\u012f, kai to reikia. Tiesiog atsukite vandens \u010diaup\u0105 ir m\u0117gaukit\u0117s kar\u0161tu vandeniu. Tai ypa\u010d<\/p>","protected":false},"featured_media":29175,"comment_status":"closed","ping_status":"open","template":"","meta":[],"product_brand":[],"product_cat":[23],"product_tag":[535],"class_list":{"0":"post-29173","1":"product","2":"type-product","3":"status-publish","4":"has-post-thumbnail","6":"product_cat-be-kategorijos","7":"product_tag-naujiena","9":"first","10":"onbackorder","11":"taxable","12":"shipping-taxable","13":"product-type-variable"},"_links":{"self":[{"href":"https:\/\/orotech.lt\/en\/wp-json\/wp\/v2\/product\/29173","targetHints":{"allow":["GET"]}}],"collection":[{"href":"https:\/\/orotech.lt\/en\/wp-json\/wp\/v2\/product"}],"about":[{"href":"https:\/\/orotech.lt\/en\/wp-json\/wp\/v2\/types\/product"}],"replies":[{"embeddable":true,"href":"https:\/\/orotech.lt\/en\/wp-json\/wp\/v2\/comments?post=29173"}],"version-history":[{"count":1,"href":"https:\/\/orotech.lt\/en\/wp-json\/wp\/v2\/product\/29173\/revisions"}],"predecessor-version":[{"id":29174,"href":"https:\/\/orotech.lt\/en\/wp-json\/wp\/v2\/product\/29173\/revisions\/29174"}],"wp:featuredmedia":[{"embeddable":true,"href":"https:\/\/orotech.lt\/en\/wp-json\/wp\/v2\/media\/29175"}],"wp:attachment":[{"href":"https:\/\/orotech.lt\/en\/wp-json\/wp\/v2\/media?parent=29173"}],"wp:term":[{"taxonomy":"product_brand","embeddable":true,"href":"https:\/\/orotech.lt\/en\/wp-json\/wp\/v2\/product_brand?post=29173"},{"taxonomy":"product_cat","embeddable":true,"href":"https:\/\/orotech.lt\/en\/wp-json\/wp\/v2\/product_cat?post=29173"},{"taxonomy":"product_tag","embeddable":true,"href":"https:\/\/orotech.lt\/en\/wp-json\/wp\/v2\/product_tag?post=29173"}],"curies":[{"name":"wp","href":"https:\/\/api.w.org\/{rel}","templated":true}]}}