{"id":29187,"date":"2025-09-09T09:55:37","date_gmt":"2025-09-09T09:55:37","guid":{"rendered":"https:\/\/orotech.lt\/stalinis-ventiliatorius-trotec-tve-9-2\/"},"modified":"2025-09-10T06:51:07","modified_gmt":"2025-09-10T06:51:07","slug":"table-fan-trotec-tve-9-2","status":"publish","type":"product","link":"https:\/\/orotech.lt\/en\/table-fan-trotec-tve-9-2\/","title":{"rendered":"Table fan TROTEC TVE 9"},"content":{"rendered":"<p style=\"text-align: justify;\"><em>Quietly refreshing both in the office and at home. Safe and easy to maintain.<\/em><\/p>\n<p style=\"text-align: justify;\">Maximum freshness with minimal energy consumption.<\/p>\n<p style=\"text-align: justify;\">Only 25W electric power, 2 wind speeds, automatic horizontal rotation 90<sup>oh<\/sup> angle and vertical tilt up to 30<sup>oh<\/sup>.<\/p>\n<p style=\"text-align: justify;\">When cooling rooms with this fan, you will consume much less electricity than using a mobile air conditioner.<\/p>\n<p style=\"text-align: justify;\">Thanks to advanced technology, a perfectly calibrated impeller and smooth operation, the TROTEC TVE 9 operates very quietly at the slowest speed and is suitable for use in sound-sensitive rooms, such as bedrooms.<\/p>\n<p style=\"text-align: justify;\">A stable stand, removable metal impeller guard make this device easy to maintain, and overheating protection ensures automatic shutdown of the device.<\/p>\n<p><strong>Advantages:<\/strong><\/p>\n<ul>\n<li>\n\t\tLow ventilation costs;<\/li>\n<li>\n\t\tAutomatic, 90-degree rotation of the fan impeller with a shut-off function;<\/li>\n<li>\n\t\tReguliuojamas vertikalus ventiliatoriaus sparnuot\u0117s&nbsp; posvyris iki 30 laipsni\u0173 kampo;<\/li>\n<li>\n\t\tProtective metal grille around the impeller;<\/li>\n<li>\n\t\tStable and non-slip stand;<\/li>\n<li>\n\t\tQuiet operation of the device.<\/li>\n<\/ul>\n<p><strong>Technical parameters:<\/strong><\/p>\n<ul>\n<li>\n\t\tNumber of fan blades: 3;<\/li>\n<li>\n\t\tImpeller diameter (cm): 23;<\/li>\n<li>\n\t\tVoltage: 220-240V \/ 50Hz;<\/li>\n<li>\n\t\tCable length (m): 1.5;<\/li>\n<li>\n\t\tSound level at maximum capacity, 1 m distance (dB(A)): 56.5;<\/li>\n<li>\n\t\tDimensions (mm) 210x270x370;<\/li>\n<li>\n\t\tWeight (kg): 1.1.<\/li>\n<\/ul>\n<p>\n\t<a class=\"catalogue\" href=\"https:\/\/www.rubisolis.lt\/\/failai\/files\/TVE9_instrukcija_LT.pdf\" target=\"blank\" rel=\"nofollow noopener\">Download product manual<\/a><\/p>","protected":false},"excerpt":{"rendered":"<p>Tyliai atgaivins tiek biure, tiek namuose. Saugus ir lengvai pri\u017ei\u016brimas. Maksimali gaiva minimaliomis energijos s\u0105naudomis. Tik 25W elektrin\u0117 galia, 2<\/p>","protected":false},"featured_media":29189,"comment_status":"closed","ping_status":"open","template":"","meta":[],"product_brand":[],"product_cat":[23],"product_tag":[535],"class_list":{"0":"post-29187","1":"product","2":"type-product","3":"status-publish","4":"has-post-thumbnail","6":"product_cat-be-kategorijos","7":"product_tag-naujiena","9":"first","10":"onbackorder","11":"taxable","12":"shipping-taxable","13":"product-type-variable"},"_links":{"self":[{"href":"https:\/\/orotech.lt\/en\/wp-json\/wp\/v2\/product\/29187","targetHints":{"allow":["GET"]}}],"collection":[{"href":"https:\/\/orotech.lt\/en\/wp-json\/wp\/v2\/product"}],"about":[{"href":"https:\/\/orotech.lt\/en\/wp-json\/wp\/v2\/types\/product"}],"replies":[{"embeddable":true,"href":"https:\/\/orotech.lt\/en\/wp-json\/wp\/v2\/comments?post=29187"}],"version-history":[{"count":1,"href":"https:\/\/orotech.lt\/en\/wp-json\/wp\/v2\/product\/29187\/revisions"}],"predecessor-version":[{"id":29188,"href":"https:\/\/orotech.lt\/en\/wp-json\/wp\/v2\/product\/29187\/revisions\/29188"}],"wp:featuredmedia":[{"embeddable":true,"href":"https:\/\/orotech.lt\/en\/wp-json\/wp\/v2\/media\/29189"}],"wp:attachment":[{"href":"https:\/\/orotech.lt\/en\/wp-json\/wp\/v2\/media?parent=29187"}],"wp:term":[{"taxonomy":"product_brand","embeddable":true,"href":"https:\/\/orotech.lt\/en\/wp-json\/wp\/v2\/product_brand?post=29187"},{"taxonomy":"product_cat","embeddable":true,"href":"https:\/\/orotech.lt\/en\/wp-json\/wp\/v2\/product_cat?post=29187"},{"taxonomy":"product_tag","embeddable":true,"href":"https:\/\/orotech.lt\/en\/wp-json\/wp\/v2\/product_tag?post=29187"}],"curies":[{"name":"wp","href":"https:\/\/api.w.org\/{rel}","templated":true}]}}