{"id":29196,"date":"2025-09-09T09:55:37","date_gmt":"2025-09-09T09:55:37","guid":{"rendered":"https:\/\/orotech.lt\/ventiliatorius-su-teleskopiniu-stovu-trotec-tve-16-2\/"},"modified":"2025-09-10T06:51:08","modified_gmt":"2025-09-10T06:51:08","slug":"fan-with-telescopic-stand-trotec-tve-16-2","status":"publish","type":"product","link":"https:\/\/orotech.lt\/en\/fan-with-telescopic-stand-trotec-tve-16-2\/","title":{"rendered":"Fan with telescopic stand TROTEC TVE 16"},"content":{"rendered":"<p style=\"text-align: justify;\">The TROTEC TVE 16 fan can cool both at home and in the office. Use it wherever you need freshness.<\/p>\n<p style=\"text-align: justify;\"><em>Maximum freshness with minimal energy consumption.<\/em><\/p>\n<p style=\"text-align: justify;\">Only 50W electric power, 3 wind speeds, automatic horizontal rotation 90<sup>oh<\/sup> at an angle, vertical tilt up to 30<sup>oh<\/sup> and adjustable stand height ensures effective, economical and comfortable cooling.<\/p>\n<p style=\"text-align: justify;\">When cooling rooms with this fan, you will consume much less electricity than using a mobile air conditioner.<\/p>\n<p style=\"text-align: justify;\">Patalpai su\u0161ilus \u0161iek tiek labiau nei \u012fprastai, TROTEC TVE 16 galite naudoti 1 grei\u010diu &ndash; atsigaivinsite sunaudodami labai ma\u017eai energijos. Temperat\u016brai pakilus iki 30<sup>oh<\/sup>C or more, wind level 2 provides powerful cooling. And at level 3, you can quickly remove the room air that has warmed up during the day in the evening by opening the window.<\/p>\n<p style=\"text-align: justify;\">Thanks to advanced technology, a perfectly calibrated impeller and smooth operation, the TROTEC TVE 16 operates very quietly and is suitable for use in sound-sensitive rooms, such as bedrooms.<\/p>\n<p style=\"text-align: justify;\">The star-shaped stand ensures stability. The removable metal impeller guard makes this device easy to clean, and the overheating protection ensures safe operation at the highest temperatures.<\/p>\n<p><strong>Advantages:<\/strong><\/p>\n<ul>\n<li>\n\t\tLow ventilation costs;<\/li>\n<li>\n\t\tAutomatic, 90<sup>oh<\/sup> fan impeller rotation in degrees with a switch-off function;<\/li>\n<li>\n\t\tReguliuojamas vertikalus ventiliatoriaus sparnuot\u0117s&nbsp; posvyris iki 30 laipsni\u0173 kampo;<\/li>\n<li>\n\t\tAdjustable stand height 110-129 cm;<\/li>\n<li>\n\t\tProtective metal grille around the impeller;<\/li>\n<li>\n\t\tStable and wide stand;<\/li>\n<li>\n\t\tQuiet operation of the device.<\/li>\n<\/ul>\n<p><strong>Technical parameters:<\/strong><\/p>\n<ul>\n<li>\n\t\tNumber of fan blades: 3;<\/li>\n<li>\n\t\tImpeller diameter (cm): 40;<\/li>\n<li>\n\t\tMaks. oro srautas:&nbsp;2.342,4 m&sup3;\/h;<\/li>\n<li>\n\t\tVoltage: 220-240V \/ 50Hz;<\/li>\n<li>\n\t\tCable length (m): 1.5;<\/li>\n<li>\n\t\tSound level at maximum capacity, 1 m distance (dB(A)): 52.5;<\/li>\n<li>\n\t\tDimensions (mm) 520x520x1290;<\/li>\n<li>\n\t\tWeight (kg): 2.5.<\/li>\n<\/ul>\n<p>\n\t<a class=\"catalogue\" href=\"https:\/\/www.rubisolis.lt\/\/failai\/files\/TRT-BA-TVE16-TVE18S-TC-005-LT.pdf\" target=\"blank\" rel=\"nofollow noopener\">Download product manual<\/a><\/p>","protected":false},"excerpt":{"rendered":"<p>Ventiliatorius TROTEC TVE 16 gali atv\u0117sinti tiek namuose, tiek biure. Naudokite j\u012f ten, kur reikalinga gaiva. Maksimali gaiva minimaliomis energijos<\/p>","protected":false},"featured_media":29198,"comment_status":"closed","ping_status":"open","template":"","meta":[],"product_brand":[],"product_cat":[23],"product_tag":[535],"class_list":{"0":"post-29196","1":"product","2":"type-product","3":"status-publish","4":"has-post-thumbnail","6":"product_cat-be-kategorijos","7":"product_tag-naujiena","9":"first","10":"onbackorder","11":"taxable","12":"shipping-taxable","13":"product-type-variable"},"_links":{"self":[{"href":"https:\/\/orotech.lt\/en\/wp-json\/wp\/v2\/product\/29196","targetHints":{"allow":["GET"]}}],"collection":[{"href":"https:\/\/orotech.lt\/en\/wp-json\/wp\/v2\/product"}],"about":[{"href":"https:\/\/orotech.lt\/en\/wp-json\/wp\/v2\/types\/product"}],"replies":[{"embeddable":true,"href":"https:\/\/orotech.lt\/en\/wp-json\/wp\/v2\/comments?post=29196"}],"version-history":[{"count":1,"href":"https:\/\/orotech.lt\/en\/wp-json\/wp\/v2\/product\/29196\/revisions"}],"predecessor-version":[{"id":29197,"href":"https:\/\/orotech.lt\/en\/wp-json\/wp\/v2\/product\/29196\/revisions\/29197"}],"wp:featuredmedia":[{"embeddable":true,"href":"https:\/\/orotech.lt\/en\/wp-json\/wp\/v2\/media\/29198"}],"wp:attachment":[{"href":"https:\/\/orotech.lt\/en\/wp-json\/wp\/v2\/media?parent=29196"}],"wp:term":[{"taxonomy":"product_brand","embeddable":true,"href":"https:\/\/orotech.lt\/en\/wp-json\/wp\/v2\/product_brand?post=29196"},{"taxonomy":"product_cat","embeddable":true,"href":"https:\/\/orotech.lt\/en\/wp-json\/wp\/v2\/product_cat?post=29196"},{"taxonomy":"product_tag","embeddable":true,"href":"https:\/\/orotech.lt\/en\/wp-json\/wp\/v2\/product_tag?post=29196"}],"curies":[{"name":"wp","href":"https:\/\/api.w.org\/{rel}","templated":true}]}}