{"id":29205,"date":"2025-09-09T10:00:05","date_gmt":"2025-09-09T10:00:05","guid":{"rendered":"https:\/\/orotech.lt\/grindinis-ventiliatorius-trotec-tvm-18-2\/"},"modified":"2025-09-10T06:55:03","modified_gmt":"2025-09-10T06:55:03","slug":"floor-fan-trotec-tvm-18-2","status":"publish","type":"product","link":"https:\/\/orotech.lt\/en\/floor-fan-trotec-tvm-18-2\/","title":{"rendered":"Floor fan Trotec TVM 18"},"content":{"rendered":"<p style=\"text-align: justify;\">TVM 18 grindinis ventiliatorius &#8211; tai puikus sprendimas norint v\u0117dinti patalpas ar net atlikti d\u017eiovinimo funkcij\u0105. \u0160is &nbsp;prietaisas puikiai tiks namuose, biure ar net kavin\u0117se. Laikymo ir eksploatavimo s\u0105lygos: \u012frenginys turi b\u016bti sta\u010dias, apsaugotas nuo tiesiogini\u0173 saul\u0117s spinduli\u0173 ir laikomas sausoje, nuo kar\u0161\u010dio ir \u0161al\u010dio apsaugotoje vietoje.<\/p>\n<p style=\"text-align: justify;\"><strong>Advantages:<\/strong><\/p>\n<ul>\n<li style=\"text-align: justify;\">\n\t\tStable and non-slip stand;<\/li>\n<li style=\"text-align: justify;\">\n\t\tProtective metal grille around the impeller;<\/li>\n<li style=\"text-align: justify;\">\n\t\tQuiet operation of the device;<\/li>\n<li style=\"text-align: justify;\">\n\t\tPatogi rankena ventiliatoriaus&nbsp;ne\u0161iojimui;<\/li>\n<li style=\"text-align: justify;\">\n\t\tIntegrated cable reel.<\/li>\n<\/ul>\n<p style=\"text-align: justify;\"><strong>Technical information:<\/strong><\/p>\n<ul>\n<li style=\"text-align: justify;\">\n\t\t<strong>Protection class: IP20;<\/strong><\/li>\n<li style=\"text-align: justify;\">\n\t\tThree ventilation speeds;<\/li>\n<li style=\"text-align: justify;\">\n\t\tAir flow speed: 3.95 m\/s;<\/li>\n<li style=\"text-align: justify;\">\n\t\tPower supply voltage: 220-240 V\/ 50 Hz;<\/li>\n<li style=\"text-align: justify;\">\n\t\tPower consumption: 100 W;<\/li>\n<li style=\"text-align: justify;\">\n\t\tNetwork cable length 1.5 m;<\/li>\n<li style=\"text-align: justify;\">\n\t\tKei\u010diamas posvyrio kampas: 110&deg;;<\/li>\n<li style=\"text-align: justify;\">\n\t\tSound pressure level (max): 65 dB(A);<\/li>\n<li style=\"text-align: justify;\">\n\t\tFan blade diameter: 450 mm;<\/li>\n<li style=\"text-align: justify;\">\n\t\tDimensions (LxWxH): 190 x 545 x 560 mm;<\/li>\n<li style=\"text-align: justify;\">\n\t\tWeight: 4.5 kg;<\/li>\n<li style=\"text-align: justify;\">\n\t\tMinimum distance to walls and objects: 300 mm.<\/li>\n<\/ul>\n<p><a class=\"catalogue\" href=\"https:\/\/www.rubisolis.lt\/\/failai\/files\/produktu%20pdf\/Trotec\/Ventiliatoriai\/Trotec%20TVM%2018%20naudojimo%20instrukcija.pdf\" target=\"blank\" rel=\"nofollow noopener\">Download product manual<\/a><\/p>","protected":false},"excerpt":{"rendered":"<p>TVM 18 grindinis ventiliatorius &#8211; tai puikus sprendimas norint v\u0117dinti patalpas ar net atlikti d\u017eiovinimo funkcij\u0105. \u0160is &nbsp;prietaisas puikiai tiks<\/p>","protected":false},"featured_media":29207,"comment_status":"closed","ping_status":"open","template":"","meta":[],"product_brand":[],"product_cat":[23],"product_tag":[535],"class_list":{"0":"post-29205","1":"product","2":"type-product","3":"status-publish","4":"has-post-thumbnail","6":"product_cat-be-kategorijos","7":"product_tag-naujiena","9":"first","10":"onbackorder","11":"taxable","12":"shipping-taxable","13":"product-type-variable"},"_links":{"self":[{"href":"https:\/\/orotech.lt\/en\/wp-json\/wp\/v2\/product\/29205","targetHints":{"allow":["GET"]}}],"collection":[{"href":"https:\/\/orotech.lt\/en\/wp-json\/wp\/v2\/product"}],"about":[{"href":"https:\/\/orotech.lt\/en\/wp-json\/wp\/v2\/types\/product"}],"replies":[{"embeddable":true,"href":"https:\/\/orotech.lt\/en\/wp-json\/wp\/v2\/comments?post=29205"}],"version-history":[{"count":1,"href":"https:\/\/orotech.lt\/en\/wp-json\/wp\/v2\/product\/29205\/revisions"}],"predecessor-version":[{"id":29206,"href":"https:\/\/orotech.lt\/en\/wp-json\/wp\/v2\/product\/29205\/revisions\/29206"}],"wp:featuredmedia":[{"embeddable":true,"href":"https:\/\/orotech.lt\/en\/wp-json\/wp\/v2\/media\/29207"}],"wp:attachment":[{"href":"https:\/\/orotech.lt\/en\/wp-json\/wp\/v2\/media?parent=29205"}],"wp:term":[{"taxonomy":"product_brand","embeddable":true,"href":"https:\/\/orotech.lt\/en\/wp-json\/wp\/v2\/product_brand?post=29205"},{"taxonomy":"product_cat","embeddable":true,"href":"https:\/\/orotech.lt\/en\/wp-json\/wp\/v2\/product_cat?post=29205"},{"taxonomy":"product_tag","embeddable":true,"href":"https:\/\/orotech.lt\/en\/wp-json\/wp\/v2\/product_tag?post=29205"}],"curies":[{"name":"wp","href":"https:\/\/api.w.org\/{rel}","templated":true}]}}