{"id":29212,"date":"2025-09-09T10:00:05","date_gmt":"2025-09-09T10:00:05","guid":{"rendered":"https:\/\/orotech.lt\/bokstinis-ventiliatorius-su-jonizatoriumi-clean-air-ca-405-2\/"},"modified":"2025-09-10T06:55:04","modified_gmt":"2025-09-10T06:55:04","slug":"box-fan-with-ionizer-clean-air-ca-405-2","status":"publish","type":"product","link":"https:\/\/orotech.lt\/en\/box-fan-with-ionizer-clean-air-ca-405-2\/","title":{"rendered":"Tower fan with ionizer Clean Air CA-405"},"content":{"rendered":"<p style=\"text-align: justify;\"><strong>Uniquely designed fan for cooling air on hot days<\/strong><\/p>\n<p style=\"text-align: justify;\">The luxurious CA-405 fan has a slim tower shape, thanks to such a great design, this compact device does not take up much space and works effectively in any interior. The device is conveniently controlled by a remote control and has a timer function. Thanks to the horizontal 80\u00b0 angle of rotation, the dynamic air flow can be adjusted from 7 m\/s to a light, refreshing breeze. In addition, the fan has a built-in ionizer, so it will not only refresh, but also continuously purify the air!<br \/>\n\tClean Air Optima tower fan CA-405 with ionizer cools the air in your home, improves air quality, reduces health problems and improves overall well-being.<\/p>\n<p>\t<strong>Application examples<\/strong><br \/>\n\tThis convenient, elegantly designed, pearlescent tower fan fits into any interior: living room, bedroom, work, office, reception areas, waiting rooms, etc.<\/p>\n<p>\t<strong>Dynamic airflow<\/strong><br \/>\n\tThe luxurious CA-405 tower fan is bladeless and equipped with a smart ventilation system with a vertical rotor and three operating speeds: adjustable normal and natural airflow, sleep mode and vertical grille adjustment. Airflow speed up to 7 m\/s and air flow up to 520 m<sup>3<\/sup>\/hour<\/p>\n<p>\t<strong>Air purification thanks to integrated ionizer<\/strong><br \/>\n\tThe integrated ionizer produces negative ions that purify and refresh the air. So, while cooling the air, the fan also purifies and refreshes it. Negative ions attract dust particles, microorganisms and other unwanted microparticles in the air. These collected particles become heavier, fall to the ground and are filtered out of the air. Various odors are also neutralized during the ionization process.<\/p>\n<p>\t<strong>Convenient operation<\/strong><br \/>\n\tThe convenient control panel on the top of the device has icons that allow you to select the desired setting. You can also adjust these settings with the infrared remote control, which you can store in a special pocket on the back of the device. With the help of the timer, you can program the desired time when the device will turn off.<\/p>\n<p>\t<strong>LED signals:<\/strong><\/p>\n<ul>\n<li>\n\t\tThe 12 arranged LED lights on the front of the CA-405 fan display the settings:<\/li>\n<li>\n\t\t3 fan speed levels<\/li>\n<li>\n\t\tDynamic natural air flow or light breeze<\/li>\n<li>\n\t\tAirflow sleep mode<\/li>\n<li>\n\t\tTimer settings: 1, 2, 4 or 8 hours<\/li>\n<li>\n\t\tRotation angle 80\u00b0<\/li>\n<li>\n\t\tIonizer<\/li>\n<li>\n\t\tOn\/Off<\/li>\n<\/ul>\n<p style=\"text-align: justify;\"><strong>Beautiful design with sophisticated functionality<\/strong><br \/>\n\tThe swivel function allows the fan to rotate by approximately 80\u00b0. In this way, the space-saving CA-405 air ventilation system from Clean Air Optima ensures optimal air flow distribution in the room and effective cooling.<\/p>\n<p>\t<strong>Silent ventilation system <\/strong><br \/>\n\tThe CA-405 ventilation system has 3 ventilation levels, including interval and sleep mode.<\/p>\n<p>\t<strong>Energy-saving ventilation system<\/strong><br \/>\n\tMaximum energy consumption when set to strong ventilation mode is only 65 W.<br \/>\n\tEnergy consumption when set to medium ventilation mode \u2013 50 W.<br \/>\n\tEnergy consumption when set to low ventilation mode \u2013 40 W.<\/p>\n<p style=\"text-align: center;\"><iframe allow=\"accelerometer; autoplay; clipboard-write; encrypted-media; gyroscope; picture-in-picture; web-share\" allowfullscreen=\"\" frameborder=\"0\" height=\"315\" referrerpolicy=\"strict-origin-when-cross-origin\" src=\"https:\/\/www.youtube.com\/embed\/Ed4lS7UcB-U?si=jPPjsNUzs0bfBbb1\" title=\"YouTube video player\" width=\"560\"><\/iframe><\/p>","protected":false},"excerpt":{"rendered":"<p>Unikalaus dizaino ventiliatorius, skirtas oro v\u0117sinimui kar\u0161tomis dienomis Prabangus ventiliatorius CA-405 yra plono bok\u0161to formos, tokio puikaus dizaino d\u0117ka, \u0161is<\/p>","protected":false},"featured_media":29214,"comment_status":"closed","ping_status":"open","template":"","meta":[],"product_brand":[],"product_cat":[23],"product_tag":[535],"class_list":{"0":"post-29212","1":"product","2":"type-product","3":"status-publish","4":"has-post-thumbnail","6":"product_cat-be-kategorijos","7":"product_tag-naujiena","9":"first","10":"onbackorder","11":"taxable","12":"shipping-taxable","13":"product-type-variable"},"_links":{"self":[{"href":"https:\/\/orotech.lt\/en\/wp-json\/wp\/v2\/product\/29212","targetHints":{"allow":["GET"]}}],"collection":[{"href":"https:\/\/orotech.lt\/en\/wp-json\/wp\/v2\/product"}],"about":[{"href":"https:\/\/orotech.lt\/en\/wp-json\/wp\/v2\/types\/product"}],"replies":[{"embeddable":true,"href":"https:\/\/orotech.lt\/en\/wp-json\/wp\/v2\/comments?post=29212"}],"version-history":[{"count":1,"href":"https:\/\/orotech.lt\/en\/wp-json\/wp\/v2\/product\/29212\/revisions"}],"predecessor-version":[{"id":29213,"href":"https:\/\/orotech.lt\/en\/wp-json\/wp\/v2\/product\/29212\/revisions\/29213"}],"wp:featuredmedia":[{"embeddable":true,"href":"https:\/\/orotech.lt\/en\/wp-json\/wp\/v2\/media\/29214"}],"wp:attachment":[{"href":"https:\/\/orotech.lt\/en\/wp-json\/wp\/v2\/media?parent=29212"}],"wp:term":[{"taxonomy":"product_brand","embeddable":true,"href":"https:\/\/orotech.lt\/en\/wp-json\/wp\/v2\/product_brand?post=29212"},{"taxonomy":"product_cat","embeddable":true,"href":"https:\/\/orotech.lt\/en\/wp-json\/wp\/v2\/product_cat?post=29212"},{"taxonomy":"product_tag","embeddable":true,"href":"https:\/\/orotech.lt\/en\/wp-json\/wp\/v2\/product_tag?post=29212"}],"curies":[{"name":"wp","href":"https:\/\/api.w.org\/{rel}","templated":true}]}}