{"id":29218,"date":"2025-09-09T10:00:05","date_gmt":"2025-09-09T10:00:05","guid":{"rendered":"https:\/\/orotech.lt\/bokstinis-ventiliatorius-trotec-tve-30-t-2\/"},"modified":"2025-09-10T06:55:05","modified_gmt":"2025-09-10T06:55:05","slug":"box-fan-trotec-tve-30-t-2","status":"publish","type":"product","link":"https:\/\/orotech.lt\/en\/box-fan-trotec-tve-30-t-2\/","title":{"rendered":"Tower fan Trotec TVE 30 T"},"content":{"rendered":"<p style=\"text-align: justify;\"><em>Smart cooling at an attractive price!<\/em><\/p>\n<p style=\"text-align: justify;\">With the TVE 30 T tower fan, summer, no matter how hot, becomes more enjoyable. When you need maximum performance and minimum size, trust the sleek and innovative design of this cooling device.<\/p>\n<p><strong>Advantages:<\/strong><\/p>\n<ul>\n<li>\n\t\t<strong>Ventilation levels: 3;<\/strong><\/li>\n<li>\n\t\t<strong>Quiet operation;<\/strong><\/li>\n<li>\n\t\tModern and compact design;<\/li>\n<li>\n\t\tLow energy consumption;<\/li>\n<li>\n\t\t<strong>Automatin\u0117 80&deg; pakreipimo su i\u0161jungimu funkcija;<\/strong><\/li>\n<li>\n\t\tTimer;<\/li>\n<li>\n\t\tIntegrated carrying handle;<\/li>\n<li>\n\t\tStable foundation.<\/li>\n<\/ul>\n<p><strong>Technical information:<\/strong><\/p>\n<ul>\n<li>\n\t\t<strong>Oro srautas: 1787 m&sup3;\/h;<\/strong><\/li>\n<li>\n\t\t<strong>Air flow speed: 3.77 m\/s;<\/strong><\/li>\n<li>\n\t\t<strong>Max. sound level (at 1 m): 60 dB(A);<\/strong><\/li>\n<li>\n\t\tPower consumption: 45 W;<\/li>\n<li>\n\t\tPower supply: 220-240V \/ 50Hz;<\/li>\n<li>\n\t\tPower cable length: 1.90 m;<\/li>\n<li>\n\t\tDevice dimensions: 240 x 240 x 760 mm.<\/li>\n<li>\n\t\t\u012erenginio svoris:&nbsp;3 kg.<\/li>\n<\/ul>\n<p style=\"text-align: justify;\"><strong>Fresh air and a cooling sensation.&nbsp;<\/strong>Kompakti\u0161kas TVE 30 T prietaisas pasi\u017eymi patraukliu dizainu ir stipria oro t\u0117kme bei itin kompakti\u0161kais matmenimis. Prie\u0161ingai nei \u012fprasti ventiliatoriai su rotorin\u0117mis ment\u0117mis, \u0161is bok\u0161tinis ventiliatorius veikia a\u0161ies, besisukan\u010dios aplink save, principu. V\u0117sinimo efektas i\u0161gaunamas kompakti\u0161ku b\u016bdu, besisukan\u010dios briaunos konstrukcijos prietaiso viduje d\u0117ka, kuomet oras yra i\u0161leid\u017eiamas \u012f patalp\u0105 per vis\u0105 prietaiso auk\u0161t\u012f. Tie laikai, kai popieriai nuo j\u016bs\u0173 stalo buvo nupu\u010diami, jau praeityje &ndash; TVE 30 T prietaiso auk\u0161tis visuomet bus \u017eemesnis u\u017e stalo auk\u0161t\u012f. D\u0117l savo kompakti\u0161ko dizaino TVE 30 T puikiai tinka beveik visose gyvenamosiose ir darbo aplinkose; jis u\u017etikrina gaiv\u0173 v\u0117jel\u012f nei\u0161siskirdamas i\u0161 aplinkos. Gali b\u016bti perkeliamas i\u0161 vienos patalpos \u012f kit\u0105 bei lengvai ir paprastai padedamas saugoti sienin\u0117je spintoje, kai yra nereikalingas.<\/p>\n<p style=\"text-align: justify;\"><strong>Security.<\/strong> TVE 30 T neturi rotorini\u0173 men\u010di\u0173, tod\u0117l su tuo susijusi\u0173 pavoj\u0173 n\u0117ra. Tai svarbu, jeigu namuose yra vaik\u0173 ir namini\u0173 gyv\u016bn\u0117li\u0173.&nbsp;Oro i\u0161leidimo greitis gali b\u016bti reguliuojamas trimis lygiais, priklausomai nuo patalpos temperat\u016bros ir norimos oro srov\u0117s. Automatin\u0117 80&deg; pakreipimo funkcija (automati\u0161kai pakreipiama oro srov\u0117) u\u017etikrina optimal\u0173 patalpos v\u0117dinim\u0105.<\/p>\n<p style=\"text-align: justify;\"><strong>Extremely quiet operation thanks to the latest technology. Also suitable for use in the bedroom.&nbsp;<\/strong>Even at the lowest speed, the tangential fan installed in the TVE 30 T guarantees sufficient cooling and operates pleasantly quietly. With its low noise level, the TVE 30 T can be used in bedrooms, as it does not disturb a night&#039;s sleep.<\/p>\n<p style=\"text-align: justify;\"><strong>Simple operation, mobile application, low costs.&nbsp;<\/strong>The TVE 30 T is delivered fully assembled and ready for use. The ventilation parameters can be easily adjusted using the controls on the top of the device, and the tilt angle is automatically adjusted to the selected speed level. The round base allows the device to be safely placed in the desired location and to operate smoothly. The built-in carrying handle allows for flexible changes in the location of use of the device.<\/p>\n<p><a class=\"catalogue\" href=\"https:\/\/www.rubisolis.lt\/\/failai\/files\/produktu%20pdf\/Trotec\/Ventiliatoriai\/TRT-BA-TVE30T-TC-004-LT.pdf\" target=\"blank\" rel=\"nofollow noopener\">Download product manual<\/a><\/p>","protected":false},"excerpt":{"rendered":"<p>Sumanus v\u0117sinimas u\u017e patraukli\u0105 kain\u0105! Naudojantis bok\u0161tiniu TVE 30 T ventiliatoriumi, vasara, kad ir kokia kar\u0161ta ji beb\u016bt\u0173, tampa malonesn\u0117.<\/p>","protected":false},"featured_media":29220,"comment_status":"closed","ping_status":"open","template":"","meta":[],"product_brand":[],"product_cat":[23],"product_tag":[535],"class_list":{"0":"post-29218","1":"product","2":"type-product","3":"status-publish","4":"has-post-thumbnail","6":"product_cat-be-kategorijos","7":"product_tag-naujiena","9":"first","10":"onbackorder","11":"taxable","12":"shipping-taxable","13":"product-type-variable"},"_links":{"self":[{"href":"https:\/\/orotech.lt\/en\/wp-json\/wp\/v2\/product\/29218","targetHints":{"allow":["GET"]}}],"collection":[{"href":"https:\/\/orotech.lt\/en\/wp-json\/wp\/v2\/product"}],"about":[{"href":"https:\/\/orotech.lt\/en\/wp-json\/wp\/v2\/types\/product"}],"replies":[{"embeddable":true,"href":"https:\/\/orotech.lt\/en\/wp-json\/wp\/v2\/comments?post=29218"}],"version-history":[{"count":1,"href":"https:\/\/orotech.lt\/en\/wp-json\/wp\/v2\/product\/29218\/revisions"}],"predecessor-version":[{"id":29219,"href":"https:\/\/orotech.lt\/en\/wp-json\/wp\/v2\/product\/29218\/revisions\/29219"}],"wp:featuredmedia":[{"embeddable":true,"href":"https:\/\/orotech.lt\/en\/wp-json\/wp\/v2\/media\/29220"}],"wp:attachment":[{"href":"https:\/\/orotech.lt\/en\/wp-json\/wp\/v2\/media?parent=29218"}],"wp:term":[{"taxonomy":"product_brand","embeddable":true,"href":"https:\/\/orotech.lt\/en\/wp-json\/wp\/v2\/product_brand?post=29218"},{"taxonomy":"product_cat","embeddable":true,"href":"https:\/\/orotech.lt\/en\/wp-json\/wp\/v2\/product_cat?post=29218"},{"taxonomy":"product_tag","embeddable":true,"href":"https:\/\/orotech.lt\/en\/wp-json\/wp\/v2\/product_tag?post=29218"}],"curies":[{"name":"wp","href":"https:\/\/api.w.org\/{rel}","templated":true}]}}