{"id":29252,"date":"2025-09-09T10:00:05","date_gmt":"2025-09-09T10:00:05","guid":{"rendered":"https:\/\/orotech.lt\/ventiliatorius-su-stovu-trotec-tve-23-s-2\/"},"modified":"2025-09-10T06:55:08","modified_gmt":"2025-09-10T06:55:08","slug":"ventiliatorius-su-stovu-trotec-tve-23-s-2","status":"publish","type":"product","link":"https:\/\/orotech.lt\/en\/ventiliatorius-su-stovu-trotec-tve-23-s-2\/","title":{"rendered":"Trotec TVE 23 S stand fan"},"content":{"rendered":"<p style=\"text-align: justify;\">Classically elegant white Trotec TVE 23 S <strong>fan<\/strong>&nbsp;has a stylish design and fits in any environment. Enjoy refreshment in the office, living room, kitchen, bedroom, basement, gym or conservatory. Use it wherever refreshment is needed.<\/p>\n<p style=\"text-align: justify;\">50 watts of power <strong>fan<\/strong> The Trotec TVE 23 S has 40 cm diameter wings, 3 operating speeds, automatic horizontal rotation at an angle of 80\u00b0 and the ability to change the height of the stand, which ensures effective, economical and comfortable cooling, or quick removal of warm room air through the window.<\/p>\n<p style=\"text-align: justify;\"><strong>Fan<\/strong> The TVE 23 S has a rotary switch with 3 air speed levels. For a particularly even distribution of the air flow throughout the room, the integrated 80-degree oscillation can be activated. The fan head automatically rotates from left to right and provides constant cooling - like a natural fresh breeze. In addition, the fan head can be tilted up to 30 degrees up or down. Simply direct the air flow at the angle that is most comfortable for you. <strong>Fan<\/strong> The Trotec TVE 23 E is imperceptibly quiet even when operating at the highest level.<\/p>\n<p style=\"text-align: justify;\"><strong>Advantages:<\/strong><\/p>\n<ul>\n<li>\n\t\tLow energy consumption<\/li>\n<li>\n\t\tQuiet operation;<\/li>\n<li>\n\t\tVentilation levels: 3;<\/li>\n<li>\n\t\tAutomatic, 80\u00b0 fan blade rotation with shut-off function;<\/li>\n<li>\n\t\tAdjustable vertical fan blade tilt up to 30\u00b0;<\/li>\n<li>\n\t\t2 stand heights available: 96 cm and 130 cm;<\/li>\n<li>\n\t\tWide and stable stand base;<\/li>\n<li>\n\t\tProtective metal grille around the impeller.<\/li>\n<\/ul>\n<p style=\"text-align: justify;\"><strong>Technical information:<\/strong><\/p>\n<ul>\n<li>\n\t\tNumber of fan blades: 3;<\/li>\n<li>\n\t\tImpeller diameter (cm): 40;<\/li>\n<li>\n\t\tVoltage: 220-240V\/50Hz;<\/li>\n<li>\n\t\tPower: 50 W;<\/li>\n<li>\n\t\tPower cable length: 1.8 m;<\/li>\n<li>\n\t\tSound level (at 1 m): 60 dB(A);<\/li>\n<li>\n\t\tDimensions (mm): 400x450x1300;<\/li>\n<li>\n\t\tWeight: 5.5 kg.<\/li>\n<\/ul>\n<p><a class=\"catalogue\" href=\"\/en\/images\/Userfiles\/www.rubisolis.lt_ventiliatorius_su_stovu_trotec_tve_23_s.PDF\/\" target=\"blank\">Download product manual <\/a><\/p>","protected":false},"excerpt":{"rendered":"<p>Klasi\u0161kai eleganti\u0161kas baltas Trotec TVE 23 S ventiliatorius&nbsp;yra stilingo dizaino bei dera bet kokioje aplinkoje. M\u0117gaukit\u0117s atgaiva biure, svetain\u0117je, virtuv\u0117je,<\/p>","protected":false},"featured_media":29254,"comment_status":"closed","ping_status":"open","template":"","meta":[],"product_brand":[],"product_cat":[23],"product_tag":[535],"class_list":{"0":"post-29252","1":"product","2":"type-product","3":"status-publish","4":"has-post-thumbnail","6":"product_cat-be-kategorijos","7":"product_tag-naujiena","9":"first","10":"onbackorder","11":"taxable","12":"shipping-taxable","13":"product-type-variable"},"_links":{"self":[{"href":"https:\/\/orotech.lt\/en\/wp-json\/wp\/v2\/product\/29252","targetHints":{"allow":["GET"]}}],"collection":[{"href":"https:\/\/orotech.lt\/en\/wp-json\/wp\/v2\/product"}],"about":[{"href":"https:\/\/orotech.lt\/en\/wp-json\/wp\/v2\/types\/product"}],"replies":[{"embeddable":true,"href":"https:\/\/orotech.lt\/en\/wp-json\/wp\/v2\/comments?post=29252"}],"version-history":[{"count":1,"href":"https:\/\/orotech.lt\/en\/wp-json\/wp\/v2\/product\/29252\/revisions"}],"predecessor-version":[{"id":29253,"href":"https:\/\/orotech.lt\/en\/wp-json\/wp\/v2\/product\/29252\/revisions\/29253"}],"wp:featuredmedia":[{"embeddable":true,"href":"https:\/\/orotech.lt\/en\/wp-json\/wp\/v2\/media\/29254"}],"wp:attachment":[{"href":"https:\/\/orotech.lt\/en\/wp-json\/wp\/v2\/media?parent=29252"}],"wp:term":[{"taxonomy":"product_brand","embeddable":true,"href":"https:\/\/orotech.lt\/en\/wp-json\/wp\/v2\/product_brand?post=29252"},{"taxonomy":"product_cat","embeddable":true,"href":"https:\/\/orotech.lt\/en\/wp-json\/wp\/v2\/product_cat?post=29252"},{"taxonomy":"product_tag","embeddable":true,"href":"https:\/\/orotech.lt\/en\/wp-json\/wp\/v2\/product_tag?post=29252"}],"curies":[{"name":"wp","href":"https:\/\/api.w.org\/{rel}","templated":true}]}}