{"id":29264,"date":"2025-09-09T10:00:05","date_gmt":"2025-09-09T10:00:05","guid":{"rendered":"https:\/\/orotech.lt\/grindinis-ventiliatorius-trotec-tvm-24-d-2\/"},"modified":"2025-09-10T06:55:08","modified_gmt":"2025-09-10T06:55:08","slug":"grindinis-ventiliatorius-trotec-tvm-24-d-2","status":"publish","type":"product","link":"https:\/\/orotech.lt\/en\/grindinis-ventiliatorius-trotec-tvm-24-d-2\/","title":{"rendered":"Floor fan Trotec TVM 24 D"},"content":{"rendered":"<p style=\"text-align: justify;\"><strong>Floor fan<\/strong> Trotec TVM 24 D \u2013 industrial style, matt black fan made of durable metal. With three speed settings <strong>floor fan<\/strong> is perfectly prepared for every conceivable ventilation scenario: it can be used for both a gentle cooling airflow and a strong wind setting. The fan can be tilted up to 135\u00b0 around its horizontal axis, so that the airflow always goes exactly where you want it.<\/p>\n<p style=\"text-align: justify;\">Thanks to the practical wall and ceiling suspension and the non-slip rubber feet attached to the underside of the holder, <strong>floor fan<\/strong> The Trotec TVM 24 D is extremely versatile and easy to use. This fan is perfect for home, office or even a caf\u00e9.<\/p>\n<p style=\"text-align: justify;\"><strong>Advantages:<\/strong><\/p>\n<ul>\n<li>\n\t\tStable and non-slip stand;<\/li>\n<li>\n\t\tProtective metal grille around the impeller;<\/li>\n<li>\n\t\tQuiet operation of the device;<\/li>\n<li>\n\t\tHandle for carrying the fan;<\/li>\n<li>\n\t\tIntegrated cord reel;<\/li>\n<li>\n\t\tLong service life due to motor with copper coil.<\/li>\n<\/ul>\n<p style=\"text-align: justify;\"><strong>Technical information:<\/strong><\/p>\n<ul>\n<li>\n\t\tNumber of fan blades: 3;<\/li>\n<li>\n\t\tVentilation levels: 3;<\/li>\n<li>\n\t\tAir flow rate (max): 9,178.2 (m\u00b3\/h);<\/li>\n<li>\n\t\tImpeller diameter (cm): 60;<\/li>\n<li>\n\t\tVoltage: 220-240V\/50Hz;<\/li>\n<li>\n\t\tPower: 124 W;<\/li>\n<li>\n\t\tPower cable length: 1.5 m;<\/li>\n<li>\n\t\tSound level (at 1 m): 72.4 dB(A);<\/li>\n<li>\n\t\tDimensions: 200x720x685 (mm);<\/li>\n<li>\n\t\tWeight: 9.34 kg.<\/li>\n<\/ul>\n<p><a class=\"catalogue\" href=\"\/en\/images\/Userfiles\/www.rubisolis.lt_grindinis_ventiliatorius_Trotec_TVM_24_D_instrukcija.PDF\/\" target=\"blank\">Download product manual <\/a><\/p>","protected":false},"excerpt":{"rendered":"<p>Grindinis ventiliatorius Trotec TVM 24 D &ndash; industrinio stiliaus, juodos matin\u0117s spalvos ventiliatorius, pagamintas i\u0161 patvaraus metalo. Su trimis grei\u010dio<\/p>","protected":false},"featured_media":29266,"comment_status":"closed","ping_status":"open","template":"","meta":[],"product_brand":[],"product_cat":[23],"product_tag":[535],"class_list":{"0":"post-29264","1":"product","2":"type-product","3":"status-publish","4":"has-post-thumbnail","6":"product_cat-be-kategorijos","7":"product_tag-naujiena","9":"first","10":"onbackorder","11":"taxable","12":"shipping-taxable","13":"product-type-variable"},"_links":{"self":[{"href":"https:\/\/orotech.lt\/en\/wp-json\/wp\/v2\/product\/29264","targetHints":{"allow":["GET"]}}],"collection":[{"href":"https:\/\/orotech.lt\/en\/wp-json\/wp\/v2\/product"}],"about":[{"href":"https:\/\/orotech.lt\/en\/wp-json\/wp\/v2\/types\/product"}],"replies":[{"embeddable":true,"href":"https:\/\/orotech.lt\/en\/wp-json\/wp\/v2\/comments?post=29264"}],"version-history":[{"count":1,"href":"https:\/\/orotech.lt\/en\/wp-json\/wp\/v2\/product\/29264\/revisions"}],"predecessor-version":[{"id":29265,"href":"https:\/\/orotech.lt\/en\/wp-json\/wp\/v2\/product\/29264\/revisions\/29265"}],"wp:featuredmedia":[{"embeddable":true,"href":"https:\/\/orotech.lt\/en\/wp-json\/wp\/v2\/media\/29266"}],"wp:attachment":[{"href":"https:\/\/orotech.lt\/en\/wp-json\/wp\/v2\/media?parent=29264"}],"wp:term":[{"taxonomy":"product_brand","embeddable":true,"href":"https:\/\/orotech.lt\/en\/wp-json\/wp\/v2\/product_brand?post=29264"},{"taxonomy":"product_cat","embeddable":true,"href":"https:\/\/orotech.lt\/en\/wp-json\/wp\/v2\/product_cat?post=29264"},{"taxonomy":"product_tag","embeddable":true,"href":"https:\/\/orotech.lt\/en\/wp-json\/wp\/v2\/product_tag?post=29264"}],"curies":[{"name":"wp","href":"https:\/\/api.w.org\/{rel}","templated":true}]}}